{"id":3167,"date":"2023-09-26T18:57:40","date_gmt":"2023-09-26T16:57:40","guid":{"rendered":"https:\/\/matris.eu\/politica-sulla-riservatezza\/"},"modified":"2025-06-24T09:55:57","modified_gmt":"2025-06-24T07:55:57","slug":"politica-sulla-riservatezza","status":"publish","type":"page","link":"https:\/\/matris.eu\/it\/politica-sulla-riservatezza\/","title":{"rendered":"Politica sulla riservatezza"},"content":{"rendered":"<div class=\"wpb-content-wrapper\"><p>[vc_row row_height_percent=&#8221;0&#8243; override_padding=&#8221;yes&#8221; h_padding=&#8221;2&#8243; top_padding=&#8221;3&#8243; bottom_padding=&#8221;3&#8243; back_color=&#8221;color-193339&#8243; overlay_alpha=&#8221;50&#8243; gutter_size=&#8221;3&#8243; column_width_use_pixel=&#8221;yes&#8221; shift_y=&#8221;0&#8243; z_index=&#8221;10&#8243; uncode_shortcode_id=&#8221;274921&#8243; back_color_type=&#8221;uncode-palette&#8221; css=&#8221;.vc_custom_1703155656632{padding-bottom: 0px !important;}&#8221; shape_dividers=&#8221;&#8221;][vc_column column_width_percent=&#8221;100&#8243; align_horizontal=&#8221;align_center&#8221; gutter_size=&#8221;3&#8243; overlay_alpha=&#8221;50&#8243; shift_x=&#8221;0&#8243; shift_y=&#8221;0&#8243; shift_y_down=&#8221;0&#8243; z_index=&#8221;0&#8243; medium_width=&#8221;0&#8243; mobile_width=&#8221;0&#8243; width=&#8221;1\/1&#8243; uncode_shortcode_id=&#8221;157212&#8243;][vc_custom_heading heading_semantic=&#8221;h1&#8243; text_size=&#8221;h1&#8243; separator=&#8221;under&#8221; separator_color=&#8221;yes&#8221; sub_lead=&#8221;yes&#8221; sub_reduced=&#8221;yes&#8221; uncode_shortcode_id=&#8221;614638&#8243; subheading=&#8221;La nostra informativa sulla privacy \u00e8 redatta in conformit\u00e0 con la Legge sulla tutela dei consumatori e la Legge sulla protezione dei dati personali. Essa stabilisce i termini di utilizzo del sito web www.matris.si, gestito da Matris d.o.o. (di seguito: il fornitore), nonch\u00e9 le condizioni di trattamento dei dati personali raccolti dal fornitore. &#8220;]Politica sulla riservatezza[\/vc_custom_heading][\/vc_column][\/vc_row][vc_row row_height_percent=&#8221;0&#8243; override_padding=&#8221;yes&#8221; h_padding=&#8221;2&#8243; top_padding=&#8221;3&#8243; bottom_padding=&#8221;3&#8243; overlay_alpha=&#8221;50&#8243; gutter_size=&#8221;3&#8243; column_width_percent=&#8221;100&#8243; shift_y=&#8221;0&#8243; z_index=&#8221;0&#8243; uncode_shortcode_id=&#8221;144037&#8243; shape_dividers=&#8221;&#8221;][vc_column column_width_percent=&#8221;100&#8243; gutter_size=&#8221;3&#8243; overlay_alpha=&#8221;50&#8243; shift_x=&#8221;0&#8243; shift_y=&#8221;0&#8243; shift_y_down=&#8221;0&#8243; z_index=&#8221;0&#8243; medium_width=&#8221;0&#8243; mobile_width=&#8221;0&#8243; width=&#8221;1\/1&#8243; uncode_shortcode_id=&#8221;144776&#8243;][vc_column_text uncode_shortcode_id=&#8221;157503&#8243; css=&#8221;.vc_custom_1703156400047{margin-right: 50px !important;}&#8221;]Nelle aziende moderne, il diritto alla privacy \u00e8 uno dei diritti umani pi\u00f9 importanti. Noi di Matris d.o.o. ne siamo consapevoli e rispettiamo la privacy dei nostri clienti, motivo per cui trattiamo i loro dati personali in modo responsabile, attento e in conformit\u00e0 con le normative vigenti nella Repubblica di Slovenia. L&#8217;accesso ai dati personali \u00e8 consentito solo ai dipendenti autorizzati di Matris d.o.o.  <\/p>\n<p>Matris d.o.o. utilizza i vostri dati personali esclusivamente per soddisfare la vostra richiesta (emissione di offerte, fatture, moduli d \u201cordine, invio di materiale informativo) e per altri scopi correlati all\u201d ordine e alla comunicazione necessaria, in conformit\u00e0 con le finalit\u00e0 per la corretta attuazione del servizio.[\/vc_column_text][vc_separator sep_color=&#8221;color-uydo&#8221; uncode_shortcode_id=&#8221;120273&#8243; sep_color_type=&#8221;uncode-palette&#8221;][vc_column_text uncode_shortcode_id=&#8221;132755&#8243;]<\/p>\n<h3>Protezione dei dati personali<\/h3>\n<p>Il fornitore raccoglie i dati personali dei clienti tramite il sito web www.matris.si. In qualit\u00e0 di titolare del trattamento dei dati personali, tratta i dati personali raccolti in conformit\u00e0 con la normativa vigente in materia di protezione dei dati personali. <\/p>\n<p>La nostra politica in materia di protezione dei dati personali:<\/p>\n<ul>\n<li>Non affittiamo, vendiamo o permettiamo mai a terzi di elaborare i tuoi dati personali.<\/li>\n<li>Conserviamo i dati personali per tutto il tempo strettamente necessario al conseguimento delle finalit\u00e0 per cui sono stati raccolti o finch\u00e9 l&#8217;interessato non revoca il proprio consenso.<\/li>\n<li>Ci impegniamo a proteggere in modo permanente tutti i dati personali dei nostri clienti.<\/li>\n<li>I dati personali vengono trattati esclusivamente da personale autorizzato del fornitore.<\/li>\n<li>In futuro modificheremo e integreremo le norme sulla protezione dei dati personali in base alle modifiche legislative nel campo della protezione dei dati personali.<\/li>\n<\/ul>\n<p>[\/vc_column_text][vc_separator sep_color=&#8221;color-uydo&#8221; uncode_shortcode_id=&#8221;120273&#8243; sep_color_type=&#8221;uncode-palette&#8221;][vc_column_text uncode_shortcode_id=&#8221;123103&#8243;]<\/p>\n<h3>Il processo di esercizio dei diritti individuali<\/h3>\n<ul>\n<li>Per qualsiasi informazione sul trattamento dei dati personali o sui diritti dell \u201cinteressato (diritto di accesso, rettifica, cancellazione, limitazione del trattamento, portabilit\u00e0 e opposizione), \u00e8 possibile rivolgersi al titolare del trattamento dei dati personali Matris d.o.o., Jelen\u010deva ulica 1, SI-4000 Kranj, per posta, e-mail all\u201d indirizzo info@matris.eu o telefonicamente al numero +386 4 29 26 900.<\/li>\n<li>Risponderemo alla tua richiesta di esercitare i tuoi diritti relativi ai dati personali senza indebito ritardo e comunque non oltre un mese dal ricevimento della richiesta.<\/li>\n<li>Ai fini di un&#8217;identificazione affidabile in caso di esercizio dei diritti relativi ai dati personali, potremmo richiederti ulteriori informazioni e potremmo rifiutarci di agire solo se dimostriamo di non poterti identificare in modo affidabile.<\/li>\n<\/ul>\n<p>[\/vc_column_text][vc_separator sep_color=&#8221;color-uydo&#8221; uncode_shortcode_id=&#8221;120273&#8243; sep_color_type=&#8221;uncode-palette&#8221;][vc_column_text uncode_shortcode_id=&#8221;375909&#8243;]<\/p>\n<h3>Annulla l&#8217;iscrizione alle notifiche<\/h3>\n<ul>\n<li>Puoi annullare l \u201ciscrizione alle notifiche email in qualsiasi momento cliccando sul link di annullamento dell\u201d iscrizione presente nell \u201cemail ricevuta. Puoi anche comunicarci le tue preferenze per iscritto all\u201d indirizzo aziendale. <\/li>\n<li>Se nonostante la cancellazione dell&#8217;iscrizione continui a ricevere notifiche, ci scusiamo sinceramente e ti chiediamo di segnalarcelo immediatamente.<\/li>\n<\/ul>\n<p>[\/vc_column_text][vc_separator sep_color=&#8221;color-uydo&#8221; uncode_shortcode_id=&#8221;120273&#8243; sep_color_type=&#8221;uncode-palette&#8221;][vc_column_text uncode_shortcode_id=&#8221;242075&#8243;]<\/p>\n<h3>Diritto di ricorso<\/h3>\n<p>Se ritieni che il nostro trattamento dei dati personali violi la normativa vigente in materia di protezione dei dati personali, hai il diritto di presentare un reclamo al Commissario per le informazioni all&#8217;indirizzo Information Commissioner, Dunajska cesta 22, 1000 Lubiana, telefono 01 230 97 30, e-mail gp.ip@ip-rs.si.<\/p>\n<p>Matris d.o.o., 2023[\/vc_column_text][\/vc_column][\/vc_row]<\/p>\n<\/div>","protected":false},"excerpt":{"rendered":"<p>[vc_row row_height_percent=&#8221;0&#8243; override_padding=&#8221;yes&#8221; h_padding=&#8221;2&#8243; top_padding=&#8221;3&#8243; bottom_padding=&#8221;3&#8243; back_color=&#8221;color-193339&#8243; overlay_alpha=&#8221;50&#8243; gutter_size=&#8221;3&#8243; column_width_use_pixel=&#8221;yes&#8221; shift_y=&#8221;0&#8243; z_index=&#8221;10&#8243; uncode_shortcode_id=&#8221;274921&#8243; back_color_type=&#8221;uncode-palette&#8221; css=&#8221;.vc_custom_1703155656632{padding-bottom: 0px !important;}&#8221; shape_dividers=&#8221;&#8221;][vc_column column_width_percent=&#8221;100&#8243; align_horizontal=&#8221;align_center&#8221; [&hellip;]<\/p>\n","protected":false},"author":1,"featured_media":79,"parent":0,"menu_order":20,"comment_status":"closed","ping_status":"closed","template":"","meta":{"footnotes":""},"class_list":["post-3167","page","type-page","status-publish","has-post-thumbnail","hentry"],"yoast_head":"<!-- This site is optimized with the Yoast SEO plugin v27.5 - https:\/\/yoast.com\/product\/yoast-seo-wordpress\/ -->\n<title>Politica sulla riservatezza | Matris<\/title>\n<meta name=\"robots\" content=\"index, follow, max-snippet:-1, max-image-preview:large, max-video-preview:-1\" \/>\n<link rel=\"canonical\" href=\"https:\/\/matris.eu\/it\/politica-sulla-riservatezza\/\" \/>\n<meta property=\"og:locale\" content=\"it_IT\" \/>\n<meta property=\"og:type\" content=\"article\" \/>\n<meta property=\"og:title\" content=\"Politica sulla riservatezza | Matris\" \/>\n<meta property=\"og:description\" content=\"[vc_row row_height_percent=&#8221;0&#8243; override_padding=&#8221;yes&#8221; h_padding=&#8221;2&#8243; top_padding=&#8221;3&#8243; bottom_padding=&#8221;3&#8243; back_color=&#8221;color-193339&#8243; overlay_alpha=&#8221;50&#8243; gutter_size=&#8221;3&#8243; column_width_use_pixel=&#8221;yes&#8221; shift_y=&#8221;0&#8243; z_index=&#8221;10&#8243; uncode_shortcode_id=&#8221;274921&#8243; back_color_type=&#8221;uncode-palette&#8221; css=&#8221;.vc_custom_1703155656632{padding-bottom: 0px !important;}&#8221; shape_dividers=&#8221;&#8221;][vc_column column_width_percent=&#8221;100&#8243; align_horizontal=&#8221;align_center&#8221; [&hellip;]\" \/>\n<meta property=\"og:url\" content=\"https:\/\/matris.eu\/it\/politica-sulla-riservatezza\/\" \/>\n<meta property=\"og:site_name\" content=\"Matris\" \/>\n<meta property=\"article:publisher\" content=\"https:\/\/www.facebook.com\/Matrisdoo\" \/>\n<meta property=\"article:modified_time\" content=\"2025-06-24T07:55:57+00:00\" \/>\n<meta property=\"og:image\" content=\"https:\/\/matris.eu\/wp-content\/uploads\/2023\/09\/matris_naslovna_slika_1500x1000px_2.jpg\" \/>\n\t<meta property=\"og:image:width\" content=\"1500\" \/>\n\t<meta property=\"og:image:height\" content=\"1000\" \/>\n\t<meta property=\"og:image:type\" content=\"image\/jpeg\" \/>\n<meta name=\"twitter:card\" content=\"summary_large_image\" \/>\n<meta name=\"twitter:label1\" content=\"Tempo di lettura stimato\" \/>\n\t<meta name=\"twitter:data1\" content=\"4 minuti\" \/>\n<script type=\"application\/ld+json\" class=\"yoast-schema-graph\">{\"@context\":\"https:\\\/\\\/schema.org\",\"@graph\":[{\"@type\":\"WebPage\",\"@id\":\"https:\\\/\\\/matris.eu\\\/it\\\/politica-sulla-riservatezza\\\/\",\"url\":\"https:\\\/\\\/matris.eu\\\/it\\\/politica-sulla-riservatezza\\\/\",\"name\":\"Politica sulla riservatezza | Matris\",\"isPartOf\":{\"@id\":\"https:\\\/\\\/matris.eu\\\/it\\\/#website\"},\"primaryImageOfPage\":{\"@id\":\"https:\\\/\\\/matris.eu\\\/it\\\/politica-sulla-riservatezza\\\/#primaryimage\"},\"image\":{\"@id\":\"https:\\\/\\\/matris.eu\\\/it\\\/politica-sulla-riservatezza\\\/#primaryimage\"},\"thumbnailUrl\":\"https:\\\/\\\/matris.eu\\\/wp-content\\\/uploads\\\/2023\\\/09\\\/matris_naslovna_slika_1500x1000px_2.jpg\",\"datePublished\":\"2023-09-26T16:57:40+00:00\",\"dateModified\":\"2025-06-24T07:55:57+00:00\",\"breadcrumb\":{\"@id\":\"https:\\\/\\\/matris.eu\\\/it\\\/politica-sulla-riservatezza\\\/#breadcrumb\"},\"inLanguage\":\"it-IT\",\"potentialAction\":[{\"@type\":\"ReadAction\",\"target\":[\"https:\\\/\\\/matris.eu\\\/it\\\/politica-sulla-riservatezza\\\/\"]}]},{\"@type\":\"ImageObject\",\"inLanguage\":\"it-IT\",\"@id\":\"https:\\\/\\\/matris.eu\\\/it\\\/politica-sulla-riservatezza\\\/#primaryimage\",\"url\":\"https:\\\/\\\/matris.eu\\\/wp-content\\\/uploads\\\/2023\\\/09\\\/matris_naslovna_slika_1500x1000px_2.jpg\",\"contentUrl\":\"https:\\\/\\\/matris.eu\\\/wp-content\\\/uploads\\\/2023\\\/09\\\/matris_naslovna_slika_1500x1000px_2.jpg\",\"width\":1500,\"height\":1000},{\"@type\":\"BreadcrumbList\",\"@id\":\"https:\\\/\\\/matris.eu\\\/it\\\/politica-sulla-riservatezza\\\/#breadcrumb\",\"itemListElement\":[{\"@type\":\"ListItem\",\"position\":1,\"name\":\"Home\",\"item\":\"https:\\\/\\\/matris.eu\\\/it\\\/\"},{\"@type\":\"ListItem\",\"position\":2,\"name\":\"Politica sulla riservatezza\"}]},{\"@type\":\"WebSite\",\"@id\":\"https:\\\/\\\/matris.eu\\\/it\\\/#website\",\"url\":\"https:\\\/\\\/matris.eu\\\/it\\\/\",\"name\":\"Servisni center Matris\",\"description\":\"Servis elektro, servo in vretenskih motorjev\",\"publisher\":{\"@id\":\"https:\\\/\\\/matris.eu\\\/it\\\/#organization\"},\"alternateName\":\"Matris\",\"potentialAction\":[{\"@type\":\"SearchAction\",\"target\":{\"@type\":\"EntryPoint\",\"urlTemplate\":\"https:\\\/\\\/matris.eu\\\/it\\\/?s={search_term_string}\"},\"query-input\":{\"@type\":\"PropertyValueSpecification\",\"valueRequired\":true,\"valueName\":\"search_term_string\"}}],\"inLanguage\":\"it-IT\"},{\"@type\":\"Organization\",\"@id\":\"https:\\\/\\\/matris.eu\\\/it\\\/#organization\",\"name\":\"Servisni center Matris\",\"alternateName\":\"Matris\",\"url\":\"https:\\\/\\\/matris.eu\\\/it\\\/\",\"logo\":{\"@type\":\"ImageObject\",\"inLanguage\":\"it-IT\",\"@id\":\"https:\\\/\\\/matris.eu\\\/it\\\/#\\\/schema\\\/logo\\\/image\\\/\",\"url\":\"\",\"contentUrl\":\"\",\"caption\":\"Servisni center Matris\"},\"image\":{\"@id\":\"https:\\\/\\\/matris.eu\\\/it\\\/#\\\/schema\\\/logo\\\/image\\\/\"},\"sameAs\":[\"https:\\\/\\\/www.facebook.com\\\/Matrisdoo\",\"https:\\\/\\\/www.linkedin.com\\\/company\\\/matris_doo\\\/\"]}]}<\/script>\n<!-- \/ Yoast SEO plugin. -->","yoast_head_json":{"title":"Politica sulla riservatezza | Matris","robots":{"index":"index","follow":"follow","max-snippet":"max-snippet:-1","max-image-preview":"max-image-preview:large","max-video-preview":"max-video-preview:-1"},"canonical":"https:\/\/matris.eu\/it\/politica-sulla-riservatezza\/","og_locale":"it_IT","og_type":"article","og_title":"Politica sulla riservatezza | Matris","og_description":"[vc_row row_height_percent=&#8221;0&#8243; override_padding=&#8221;yes&#8221; h_padding=&#8221;2&#8243; top_padding=&#8221;3&#8243; bottom_padding=&#8221;3&#8243; back_color=&#8221;color-193339&#8243; overlay_alpha=&#8221;50&#8243; gutter_size=&#8221;3&#8243; column_width_use_pixel=&#8221;yes&#8221; shift_y=&#8221;0&#8243; z_index=&#8221;10&#8243; uncode_shortcode_id=&#8221;274921&#8243; back_color_type=&#8221;uncode-palette&#8221; css=&#8221;.vc_custom_1703155656632{padding-bottom: 0px !important;}&#8221; shape_dividers=&#8221;&#8221;][vc_column column_width_percent=&#8221;100&#8243; align_horizontal=&#8221;align_center&#8221; [&hellip;]","og_url":"https:\/\/matris.eu\/it\/politica-sulla-riservatezza\/","og_site_name":"Matris","article_publisher":"https:\/\/www.facebook.com\/Matrisdoo","article_modified_time":"2025-06-24T07:55:57+00:00","og_image":[{"width":1500,"height":1000,"url":"https:\/\/matris.eu\/wp-content\/uploads\/2023\/09\/matris_naslovna_slika_1500x1000px_2.jpg","type":"image\/jpeg"}],"twitter_card":"summary_large_image","twitter_misc":{"Tempo di lettura stimato":"4 minuti"},"schema":{"@context":"https:\/\/schema.org","@graph":[{"@type":"WebPage","@id":"https:\/\/matris.eu\/it\/politica-sulla-riservatezza\/","url":"https:\/\/matris.eu\/it\/politica-sulla-riservatezza\/","name":"Politica sulla riservatezza | Matris","isPartOf":{"@id":"https:\/\/matris.eu\/it\/#website"},"primaryImageOfPage":{"@id":"https:\/\/matris.eu\/it\/politica-sulla-riservatezza\/#primaryimage"},"image":{"@id":"https:\/\/matris.eu\/it\/politica-sulla-riservatezza\/#primaryimage"},"thumbnailUrl":"https:\/\/matris.eu\/wp-content\/uploads\/2023\/09\/matris_naslovna_slika_1500x1000px_2.jpg","datePublished":"2023-09-26T16:57:40+00:00","dateModified":"2025-06-24T07:55:57+00:00","breadcrumb":{"@id":"https:\/\/matris.eu\/it\/politica-sulla-riservatezza\/#breadcrumb"},"inLanguage":"it-IT","potentialAction":[{"@type":"ReadAction","target":["https:\/\/matris.eu\/it\/politica-sulla-riservatezza\/"]}]},{"@type":"ImageObject","inLanguage":"it-IT","@id":"https:\/\/matris.eu\/it\/politica-sulla-riservatezza\/#primaryimage","url":"https:\/\/matris.eu\/wp-content\/uploads\/2023\/09\/matris_naslovna_slika_1500x1000px_2.jpg","contentUrl":"https:\/\/matris.eu\/wp-content\/uploads\/2023\/09\/matris_naslovna_slika_1500x1000px_2.jpg","width":1500,"height":1000},{"@type":"BreadcrumbList","@id":"https:\/\/matris.eu\/it\/politica-sulla-riservatezza\/#breadcrumb","itemListElement":[{"@type":"ListItem","position":1,"name":"Home","item":"https:\/\/matris.eu\/it\/"},{"@type":"ListItem","position":2,"name":"Politica sulla riservatezza"}]},{"@type":"WebSite","@id":"https:\/\/matris.eu\/it\/#website","url":"https:\/\/matris.eu\/it\/","name":"Servisni center Matris","description":"Servis elektro, servo in vretenskih motorjev","publisher":{"@id":"https:\/\/matris.eu\/it\/#organization"},"alternateName":"Matris","potentialAction":[{"@type":"SearchAction","target":{"@type":"EntryPoint","urlTemplate":"https:\/\/matris.eu\/it\/?s={search_term_string}"},"query-input":{"@type":"PropertyValueSpecification","valueRequired":true,"valueName":"search_term_string"}}],"inLanguage":"it-IT"},{"@type":"Organization","@id":"https:\/\/matris.eu\/it\/#organization","name":"Servisni center Matris","alternateName":"Matris","url":"https:\/\/matris.eu\/it\/","logo":{"@type":"ImageObject","inLanguage":"it-IT","@id":"https:\/\/matris.eu\/it\/#\/schema\/logo\/image\/","url":"","contentUrl":"","caption":"Servisni center Matris"},"image":{"@id":"https:\/\/matris.eu\/it\/#\/schema\/logo\/image\/"},"sameAs":["https:\/\/www.facebook.com\/Matrisdoo","https:\/\/www.linkedin.com\/company\/matris_doo\/"]}]}},"_links":{"self":[{"href":"https:\/\/matris.eu\/it\/wp-json\/wp\/v2\/pages\/3167","targetHints":{"allow":["GET"]}}],"collection":[{"href":"https:\/\/matris.eu\/it\/wp-json\/wp\/v2\/pages"}],"about":[{"href":"https:\/\/matris.eu\/it\/wp-json\/wp\/v2\/types\/page"}],"author":[{"embeddable":true,"href":"https:\/\/matris.eu\/it\/wp-json\/wp\/v2\/users\/1"}],"replies":[{"embeddable":true,"href":"https:\/\/matris.eu\/it\/wp-json\/wp\/v2\/comments?post=3167"}],"version-history":[{"count":7,"href":"https:\/\/matris.eu\/it\/wp-json\/wp\/v2\/pages\/3167\/revisions"}],"predecessor-version":[{"id":4128,"href":"https:\/\/matris.eu\/it\/wp-json\/wp\/v2\/pages\/3167\/revisions\/4128"}],"wp:featuredmedia":[{"embeddable":true,"href":"https:\/\/matris.eu\/it\/wp-json\/wp\/v2\/media\/79"}],"wp:attachment":[{"href":"https:\/\/matris.eu\/it\/wp-json\/wp\/v2\/media?parent=3167"}],"curies":[{"name":"wp","href":"https:\/\/api.w.org\/{rel}","templated":true}]}}