{"id":3026,"date":"2023-11-01T19:12:51","date_gmt":"2023-11-01T18:12:51","guid":{"rendered":"https:\/\/matris.eu\/servizio-di-motore-mandrino\/"},"modified":"2025-06-17T18:26:37","modified_gmt":"2025-06-17T16:26:37","slug":"servizio-di-motore-mandrino","status":"publish","type":"page","link":"https:\/\/matris.eu\/it\/servizi\/servizio-di-motore-mandrino\/","title":{"rendered":"Servizio di motore mandrino"},"content":{"rendered":"<div class=\"wpb-content-wrapper\"><p>[vc_row row_height_percent=&#8221;0&#8243; override_padding=&#8221;yes&#8221; h_padding=&#8221;2&#8243; top_padding=&#8221;0&#8243; bottom_padding=&#8221;2&#8243; overlay_alpha=&#8221;50&#8243; gutter_size=&#8221;4&#8243; column_width_percent=&#8221;100&#8243; shift_y=&#8221;0&#8243; z_index=&#8221;0&#8243; uncode_shortcode_id=&#8221;792719&#8243;][vc_column width=&#8221;1\/2&#8243;][vc_column_text uncode_shortcode_id=&#8221;211790&#8243;]Nella manutenzione dei motori mandrino, oltre a un \u201cottima conoscenza dei cuscinetti (funzionamento, rodaggio, precarico, lubrificazione, carichi termici, forze radiali e assiali, ecc.), \u00e8 essenziale anche la conoscenza dell\u201d equilibratura dinamica e di precisione del rotore del motore. La preparazione dei componenti del motore mandrino \u00e8 estremamente importante. <\/p>\n<p>Per tutti i tipi di motore, le tolleranze sono misurate in millesimi di millimetro. Il lavoro richiede quindi un trattamento pi\u00f9 preciso e impegnativo, nonch\u00e9 attrezzature speciali, poich\u00e9 i micrometri classici per la misurazione non sono sufficientemente accurati. Anche i dinamometri e i manometri per il precarico dei cuscinetti devono essere adeguati e calibrati, e richiedono un investimento finanziario significativo.  <\/p>\n<p>Presso Matris disponiamo di tutte le attrezzature necessarie e delle competenze necessarie per fornire un servizio di qualit\u00e0 nel pi\u00f9 breve tempo possibile.<\/p>\n<p>Per verificare il funzionamento dei cuscinetti, il comportamento termico del motore e degli avvolgimenti, testiamo anche ogni motore mandrino al termine dell \u201cintervento. Al termine dell\u201d intervento di manutenzione, forniamo sempre la documentazione in cui vengono registrate tutte le misurazioni, nonch\u00e9 i report di equilibratura fine e dinamica.[\/vc_column_text][\/vc_column][vc_column width=&#8221;1\/2&#8243;][vc_custom_heading heading_semantic=&#8221;h3&#8243; text_size=&#8221;h4&#8243; uncode_shortcode_id=&#8221;117917&#8243;]La manutenzione classica del motore a mandrino include:[\/vc_custom_heading][vc_row_inner][vc_column_inner width=&#8221;1\/2&#8243;][uncode_list icon=&#8221;fa fa-check&#8221; icon_color=&#8221;accent&#8221; uncode_shortcode_id=&#8221;180322&#8243; icon_color_type=&#8221;uncode-palette&#8221;]<\/p>\n<ul>\n<li>ispezione visiva,<\/li>\n<li>smontaggio del motore,<\/li>\n<li>identificazione dei guasti,<\/li>\n<li>misurando le tolleranze di tutte le superfici adiacenti e di contatto,<\/li>\n<li>controllo dei collegamenti elettrici di potenza,<\/li>\n<li>controllo dei collegamenti elettrici del segnale,<\/li>\n<li>test encoder\/sensore,<\/li>\n<li>impostazione encoder\/sensore,<\/li>\n<li>misurazione della resistenza con il dispositivo Schleich MTC2,<\/li>\n<\/ul>\n<p>[\/uncode_list][\/vc_column_inner][vc_column_inner width=&#8221;1\/2&#8243;][uncode_list icon=&#8221;fa fa-check&#8221; icon_color=&#8221;accent&#8221; uncode_shortcode_id=&#8221;974613&#8243; icon_color_type=&#8221;uncode-palette&#8221;]<\/p>\n<ul>\n<li>pulizia dei componenti,<\/li>\n<li>ispezione dei componenti,<\/li>\n<li>misurazione delle sedi dei cuscinetti,<\/li>\n<li>sostituzione dei cuscinetti,<\/li>\n<li>bilanciamento statico del rotore,<\/li>\n<li>precarico del cuscinetto,<\/li>\n<li>servizio di ventola di raffreddamento forzato,<\/li>\n<li>assemblea,<\/li>\n<li>bilanciamento fine del fuso,<\/li>\n<li>test del motore,<\/li>\n<li>rodaggio dei cuscinetti (5 ore),<\/li>\n<li>rapporto finale.<\/li>\n<\/ul>\n<p>[\/uncode_list][\/vc_column_inner][\/vc_row_inner][\/vc_column][\/vc_row]<\/p>\n<\/div>","protected":false},"excerpt":{"rendered":"<p>Matris doo \u00e8 un&#8217;azienda leader nella regione, specializzata nella manutenzione dei motori mandrino di rinomati produttori.   <\/p>\n","protected":false},"author":1,"featured_media":554,"parent":3160,"menu_order":14,"comment_status":"closed","ping_status":"closed","template":"","meta":{"footnotes":""},"class_list":["post-3026","page","type-page","status-publish","has-post-thumbnail","hentry"],"yoast_head":"<!-- This site is optimized with the Yoast SEO plugin v27.5 - https:\/\/yoast.com\/product\/yoast-seo-wordpress\/ -->\n<title>Servizio di motore mandrino | Matris<\/title>\n<meta name=\"robots\" content=\"index, follow, max-snippet:-1, max-image-preview:large, max-video-preview:-1\" \/>\n<link rel=\"canonical\" href=\"https:\/\/matris.eu\/it\/servizi\/servizio-di-motore-mandrino\/\" \/>\n<meta property=\"og:locale\" content=\"it_IT\" \/>\n<meta property=\"og:type\" content=\"article\" \/>\n<meta property=\"og:title\" content=\"Servizio di motore mandrino | Matris\" \/>\n<meta property=\"og:description\" content=\"Matris doo \u00e8 un&#039;azienda leader nella regione, specializzata nella manutenzione dei motori mandrino di rinomati produttori.\" \/>\n<meta property=\"og:url\" content=\"https:\/\/matris.eu\/it\/servizi\/servizio-di-motore-mandrino\/\" \/>\n<meta property=\"og:site_name\" content=\"Matris\" \/>\n<meta property=\"article:publisher\" content=\"https:\/\/www.facebook.com\/Matrisdoo\" \/>\n<meta property=\"article:modified_time\" content=\"2025-06-17T16:26:37+00:00\" \/>\n<meta property=\"og:image\" content=\"https:\/\/matris.eu\/wp-content\/uploads\/2024\/01\/header_spindle_motors2.jpg\" \/>\n\t<meta property=\"og:image:width\" content=\"1700\" \/>\n\t<meta property=\"og:image:height\" content=\"800\" \/>\n\t<meta property=\"og:image:type\" content=\"image\/jpeg\" \/>\n<meta name=\"twitter:card\" content=\"summary_large_image\" \/>\n<meta name=\"twitter:label1\" content=\"Tempo di lettura stimato\" \/>\n\t<meta name=\"twitter:data1\" content=\"2 minuti\" \/>\n<script type=\"application\/ld+json\" class=\"yoast-schema-graph\">{\"@context\":\"https:\\\/\\\/schema.org\",\"@graph\":[{\"@type\":\"WebPage\",\"@id\":\"https:\\\/\\\/matris.eu\\\/it\\\/servizi\\\/servizio-di-motore-mandrino\\\/\",\"url\":\"https:\\\/\\\/matris.eu\\\/it\\\/servizi\\\/servizio-di-motore-mandrino\\\/\",\"name\":\"Servizio di motore mandrino | Matris\",\"isPartOf\":{\"@id\":\"https:\\\/\\\/matris.eu\\\/it\\\/#website\"},\"primaryImageOfPage\":{\"@id\":\"https:\\\/\\\/matris.eu\\\/it\\\/servizi\\\/servizio-di-motore-mandrino\\\/#primaryimage\"},\"image\":{\"@id\":\"https:\\\/\\\/matris.eu\\\/it\\\/servizi\\\/servizio-di-motore-mandrino\\\/#primaryimage\"},\"thumbnailUrl\":\"https:\\\/\\\/matris.eu\\\/wp-content\\\/uploads\\\/2024\\\/01\\\/header_spindle_motors2.jpg\",\"datePublished\":\"2023-11-01T18:12:51+00:00\",\"dateModified\":\"2025-06-17T16:26:37+00:00\",\"breadcrumb\":{\"@id\":\"https:\\\/\\\/matris.eu\\\/it\\\/servizi\\\/servizio-di-motore-mandrino\\\/#breadcrumb\"},\"inLanguage\":\"it-IT\",\"potentialAction\":[{\"@type\":\"ReadAction\",\"target\":[\"https:\\\/\\\/matris.eu\\\/it\\\/servizi\\\/servizio-di-motore-mandrino\\\/\"]}]},{\"@type\":\"ImageObject\",\"inLanguage\":\"it-IT\",\"@id\":\"https:\\\/\\\/matris.eu\\\/it\\\/servizi\\\/servizio-di-motore-mandrino\\\/#primaryimage\",\"url\":\"https:\\\/\\\/matris.eu\\\/wp-content\\\/uploads\\\/2024\\\/01\\\/header_spindle_motors2.jpg\",\"contentUrl\":\"https:\\\/\\\/matris.eu\\\/wp-content\\\/uploads\\\/2024\\\/01\\\/header_spindle_motors2.jpg\",\"width\":1700,\"height\":800,\"caption\":\"Servis vretenskih motorjev\"},{\"@type\":\"BreadcrumbList\",\"@id\":\"https:\\\/\\\/matris.eu\\\/it\\\/servizi\\\/servizio-di-motore-mandrino\\\/#breadcrumb\",\"itemListElement\":[{\"@type\":\"ListItem\",\"position\":1,\"name\":\"Home\",\"item\":\"https:\\\/\\\/matris.eu\\\/it\\\/\"},{\"@type\":\"ListItem\",\"position\":2,\"name\":\"Servizi\",\"item\":\"https:\\\/\\\/matris.eu\\\/it\\\/servizi\\\/\"},{\"@type\":\"ListItem\",\"position\":3,\"name\":\"Servizio di motore mandrino\"}]},{\"@type\":\"WebSite\",\"@id\":\"https:\\\/\\\/matris.eu\\\/it\\\/#website\",\"url\":\"https:\\\/\\\/matris.eu\\\/it\\\/\",\"name\":\"Servisni center Matris\",\"description\":\"Servis elektro, servo in vretenskih motorjev\",\"publisher\":{\"@id\":\"https:\\\/\\\/matris.eu\\\/it\\\/#organization\"},\"alternateName\":\"Matris\",\"potentialAction\":[{\"@type\":\"SearchAction\",\"target\":{\"@type\":\"EntryPoint\",\"urlTemplate\":\"https:\\\/\\\/matris.eu\\\/it\\\/?s={search_term_string}\"},\"query-input\":{\"@type\":\"PropertyValueSpecification\",\"valueRequired\":true,\"valueName\":\"search_term_string\"}}],\"inLanguage\":\"it-IT\"},{\"@type\":\"Organization\",\"@id\":\"https:\\\/\\\/matris.eu\\\/it\\\/#organization\",\"name\":\"Servisni center Matris\",\"alternateName\":\"Matris\",\"url\":\"https:\\\/\\\/matris.eu\\\/it\\\/\",\"logo\":{\"@type\":\"ImageObject\",\"inLanguage\":\"it-IT\",\"@id\":\"https:\\\/\\\/matris.eu\\\/it\\\/#\\\/schema\\\/logo\\\/image\\\/\",\"url\":\"\",\"contentUrl\":\"\",\"caption\":\"Servisni center Matris\"},\"image\":{\"@id\":\"https:\\\/\\\/matris.eu\\\/it\\\/#\\\/schema\\\/logo\\\/image\\\/\"},\"sameAs\":[\"https:\\\/\\\/www.facebook.com\\\/Matrisdoo\",\"https:\\\/\\\/www.linkedin.com\\\/company\\\/matris_doo\\\/\"]}]}<\/script>\n<!-- \/ Yoast SEO plugin. -->","yoast_head_json":{"title":"Servizio di motore mandrino | Matris","robots":{"index":"index","follow":"follow","max-snippet":"max-snippet:-1","max-image-preview":"max-image-preview:large","max-video-preview":"max-video-preview:-1"},"canonical":"https:\/\/matris.eu\/it\/servizi\/servizio-di-motore-mandrino\/","og_locale":"it_IT","og_type":"article","og_title":"Servizio di motore mandrino | Matris","og_description":"Matris doo \u00e8 un'azienda leader nella regione, specializzata nella manutenzione dei motori mandrino di rinomati produttori.","og_url":"https:\/\/matris.eu\/it\/servizi\/servizio-di-motore-mandrino\/","og_site_name":"Matris","article_publisher":"https:\/\/www.facebook.com\/Matrisdoo","article_modified_time":"2025-06-17T16:26:37+00:00","og_image":[{"width":1700,"height":800,"url":"https:\/\/matris.eu\/wp-content\/uploads\/2024\/01\/header_spindle_motors2.jpg","type":"image\/jpeg"}],"twitter_card":"summary_large_image","twitter_misc":{"Tempo di lettura stimato":"2 minuti"},"schema":{"@context":"https:\/\/schema.org","@graph":[{"@type":"WebPage","@id":"https:\/\/matris.eu\/it\/servizi\/servizio-di-motore-mandrino\/","url":"https:\/\/matris.eu\/it\/servizi\/servizio-di-motore-mandrino\/","name":"Servizio di motore mandrino | Matris","isPartOf":{"@id":"https:\/\/matris.eu\/it\/#website"},"primaryImageOfPage":{"@id":"https:\/\/matris.eu\/it\/servizi\/servizio-di-motore-mandrino\/#primaryimage"},"image":{"@id":"https:\/\/matris.eu\/it\/servizi\/servizio-di-motore-mandrino\/#primaryimage"},"thumbnailUrl":"https:\/\/matris.eu\/wp-content\/uploads\/2024\/01\/header_spindle_motors2.jpg","datePublished":"2023-11-01T18:12:51+00:00","dateModified":"2025-06-17T16:26:37+00:00","breadcrumb":{"@id":"https:\/\/matris.eu\/it\/servizi\/servizio-di-motore-mandrino\/#breadcrumb"},"inLanguage":"it-IT","potentialAction":[{"@type":"ReadAction","target":["https:\/\/matris.eu\/it\/servizi\/servizio-di-motore-mandrino\/"]}]},{"@type":"ImageObject","inLanguage":"it-IT","@id":"https:\/\/matris.eu\/it\/servizi\/servizio-di-motore-mandrino\/#primaryimage","url":"https:\/\/matris.eu\/wp-content\/uploads\/2024\/01\/header_spindle_motors2.jpg","contentUrl":"https:\/\/matris.eu\/wp-content\/uploads\/2024\/01\/header_spindle_motors2.jpg","width":1700,"height":800,"caption":"Servis vretenskih motorjev"},{"@type":"BreadcrumbList","@id":"https:\/\/matris.eu\/it\/servizi\/servizio-di-motore-mandrino\/#breadcrumb","itemListElement":[{"@type":"ListItem","position":1,"name":"Home","item":"https:\/\/matris.eu\/it\/"},{"@type":"ListItem","position":2,"name":"Servizi","item":"https:\/\/matris.eu\/it\/servizi\/"},{"@type":"ListItem","position":3,"name":"Servizio di motore mandrino"}]},{"@type":"WebSite","@id":"https:\/\/matris.eu\/it\/#website","url":"https:\/\/matris.eu\/it\/","name":"Servisni center Matris","description":"Servis elektro, servo in vretenskih motorjev","publisher":{"@id":"https:\/\/matris.eu\/it\/#organization"},"alternateName":"Matris","potentialAction":[{"@type":"SearchAction","target":{"@type":"EntryPoint","urlTemplate":"https:\/\/matris.eu\/it\/?s={search_term_string}"},"query-input":{"@type":"PropertyValueSpecification","valueRequired":true,"valueName":"search_term_string"}}],"inLanguage":"it-IT"},{"@type":"Organization","@id":"https:\/\/matris.eu\/it\/#organization","name":"Servisni center Matris","alternateName":"Matris","url":"https:\/\/matris.eu\/it\/","logo":{"@type":"ImageObject","inLanguage":"it-IT","@id":"https:\/\/matris.eu\/it\/#\/schema\/logo\/image\/","url":"","contentUrl":"","caption":"Servisni center Matris"},"image":{"@id":"https:\/\/matris.eu\/it\/#\/schema\/logo\/image\/"},"sameAs":["https:\/\/www.facebook.com\/Matrisdoo","https:\/\/www.linkedin.com\/company\/matris_doo\/"]}]}},"_links":{"self":[{"href":"https:\/\/matris.eu\/it\/wp-json\/wp\/v2\/pages\/3026","targetHints":{"allow":["GET"]}}],"collection":[{"href":"https:\/\/matris.eu\/it\/wp-json\/wp\/v2\/pages"}],"about":[{"href":"https:\/\/matris.eu\/it\/wp-json\/wp\/v2\/types\/page"}],"author":[{"embeddable":true,"href":"https:\/\/matris.eu\/it\/wp-json\/wp\/v2\/users\/1"}],"replies":[{"embeddable":true,"href":"https:\/\/matris.eu\/it\/wp-json\/wp\/v2\/comments?post=3026"}],"version-history":[{"count":1,"href":"https:\/\/matris.eu\/it\/wp-json\/wp\/v2\/pages\/3026\/revisions"}],"predecessor-version":[{"id":3041,"href":"https:\/\/matris.eu\/it\/wp-json\/wp\/v2\/pages\/3026\/revisions\/3041"}],"up":[{"embeddable":true,"href":"https:\/\/matris.eu\/it\/wp-json\/wp\/v2\/pages\/3160"}],"wp:featuredmedia":[{"embeddable":true,"href":"https:\/\/matris.eu\/it\/wp-json\/wp\/v2\/media\/554"}],"wp:attachment":[{"href":"https:\/\/matris.eu\/it\/wp-json\/wp\/v2\/media?parent=3026"}],"curies":[{"name":"wp","href":"https:\/\/api.w.org\/{rel}","templated":true}]}}