{"id":2979,"date":"2023-12-20T16:20:15","date_gmt":"2023-12-20T15:20:15","guid":{"rendered":"https:\/\/matris.eu\/mappatura-del-campo-magnetico-del-rotore\/"},"modified":"2025-06-17T18:26:37","modified_gmt":"2025-06-17T16:26:37","slug":"mappatura-del-campo-magnetico-del-rotore","status":"publish","type":"page","link":"https:\/\/matris.eu\/it\/servizi\/mappatura-del-campo-magnetico-del-rotore\/","title":{"rendered":"Mappatura del campo magnetico del rotore"},"content":{"rendered":"<div class=\"wpb-content-wrapper\"><p>[vc_row row_height_percent=&#8221;0&#8243; override_padding=&#8221;yes&#8221; h_padding=&#8221;2&#8243; top_padding=&#8221;0&#8243; bottom_padding=&#8221;2&#8243; overlay_alpha=&#8221;50&#8243; gutter_size=&#8221;4&#8243; column_width_percent=&#8221;100&#8243; shift_y=&#8221;0&#8243; z_index=&#8221;0&#8243; uncode_shortcode_id=&#8221;792719&#8243;][vc_column width=&#8221;1\/2&#8243;][vc_column_text uncode_shortcode_id=&#8221;934981&#8243;]<!--StartFragment --><\/p>\n<p class=\"pf0\"><span class=\"cf0\">Nel processo di verifica, il controllo di qualit\u00e0 dei magneti giunge alla fine, ma il processo diagnostico in s\u00e9 \u00e8 molto semplice ed evita molti passaggi inutili. In circa il 20% dei casi, questa \u00e8 l&#8217;unica causa di guasto del motore. <\/span><\/p>\n<p class=\"pf0\"><span class=\"cf0\">Utilizzando il dispositivo e il sensore, scansioniamo le propriet\u00e0 magnetiche del rotore lungo l \u201cintera circonferenza e lunghezza del rotore, e tracciamo una rappresentazione grafica dell\u201d intensit\u00e0 del campo magnetico sul rotore. Fissiamo il rotore nelle ganasce rotanti, lo fissiamo con uno degli assi lineari, quindi avviciniamo il sensore al rotore con due assi lineari. <\/span><!--EndFragment --><\/p>\n<p>[\/vc_column_text][vc_column_text uncode_shortcode_id=&#8221;621184&#8243;]<!--StartFragment --><\/p>\n<p class=\"pf0\"><span class=\"cf0\">Durante la misurazione, ruotiamo il rotore e spostiamo il sensore lungo la sua lunghezza, misurando i valori del campo magnetico. Al termine, le propriet\u00e0 magnetiche vengono visualizzate tramite un \u201cimmagine in cui il rotore \u00e8 disteso e il colore rappresenta la polarit\u00e0 e l\u201d intensit\u00e0 del campo magnetico. Al termine, \u00e8 possibile generare un report per la misurazione eseguita. Adatto per testare rotori fino a 100 kg, fino a 800 mm di lunghezza e fino a 300 mm di diametro.   <\/span><!--EndFragment --><\/p>\n<p>[\/vc_column_text][\/vc_column][vc_column width=&#8221;1\/2&#8243;][vc_single_image media=&#8221;628&#8243; media_width_percent=&#8221;100&#8243; uncode_shortcode_id=&#8221;192568&#8243;][\/vc_column][\/vc_row][vc_row][vc_column width=&#8221;1\/1&#8243;][vc_separator sep_color=&#8221;color-uydo&#8221; uncode_shortcode_id=&#8221;149231&#8243; sep_color_type=&#8221;uncode-palette&#8221;][\/vc_column][\/vc_row][vc_row][vc_column width=&#8221;1\/2&#8243;][vc_custom_heading uncode_shortcode_id=&#8221;167348&#8243;]Ricostruzione o sostituzione dei magneti del rotore[\/vc_custom_heading][vc_column_text uncode_shortcode_id=&#8221;293536&#8243;]Offriamo l \u201canalisi dei magneti che sono parte integrante dei rotori dei motori elettrici sincroni. In caso di difetti, offriamo la rimozione della fasciatura (se presente), la rimozione dei vecchi magneti, la rimagnetizzazione dei vecchi magneti, la produzione di nuovi magneti in caso di magneti danneggiati, l\u201d incollaggio di magneti rinnovati o nuovi e la produzione di una nuova fasciatura.[\/vc_column_text][\/vc_column][vc_column width=&#8221;1\/2&#8243;][vc_custom_heading heading_semantic=&#8221;h3&#8243; text_size=&#8221;h4&#8243; uncode_shortcode_id=&#8221;834488&#8243;]La ricostruzione o la sostituzione dei magneti del rotore include:[\/vc_custom_heading][uncode_list icon=&#8221;fa fa-check&#8221; icon_color=&#8221;accent&#8221; uncode_shortcode_id=&#8221;122333&#8243; icon_color_type=&#8221;uncode-palette&#8221;]<\/p>\n<ul>\n<li>analisi dei magneti,<\/li>\n<li>rimozione della benda (se presente),<\/li>\n<li>rimozione dei vecchi magneti,<\/li>\n<li>rimagnetizzare vecchi magneti,<\/li>\n<li>produzione di nuovi magneti nel caso in cui i magneti originali siano danneggiati,<\/li>\n<li>incollaggio di magneti ricondizionati o nuovi,<\/li>\n<li>realizzare una nuova benda.<\/li>\n<\/ul>\n<p>[\/uncode_list][\/vc_column][\/vc_row]<\/p>\n<\/div>","protected":false},"excerpt":{"rendered":"<p>La mappatura del campo magnetico del rotore \u00e8 un servizio molto specifico, di cui Matris Service Center \u00e8 uno dei pochi fornitori sul mercato.<\/p>\n","protected":false},"author":1,"featured_media":627,"parent":3160,"menu_order":6,"comment_status":"closed","ping_status":"closed","template":"","meta":{"footnotes":""},"class_list":["post-2979","page","type-page","status-publish","has-post-thumbnail","hentry"],"yoast_head":"<!-- This site is optimized with the Yoast SEO plugin v27.3 - https:\/\/yoast.com\/product\/yoast-seo-wordpress\/ -->\n<title>Mappatura del campo magnetico del rotore | Matris<\/title>\n<meta name=\"robots\" content=\"index, follow, max-snippet:-1, max-image-preview:large, max-video-preview:-1\" \/>\n<link rel=\"canonical\" href=\"https:\/\/matris.eu\/it\/servizi\/mappatura-del-campo-magnetico-del-rotore\/\" \/>\n<meta property=\"og:locale\" content=\"it_IT\" \/>\n<meta property=\"og:type\" content=\"article\" \/>\n<meta property=\"og:title\" content=\"Mappatura del campo magnetico del rotore | Matris\" \/>\n<meta property=\"og:description\" content=\"La mappatura del campo magnetico del rotore \u00e8 un servizio molto specifico, di cui Matris Service Center \u00e8 uno dei pochi fornitori sul mercato.\" \/>\n<meta property=\"og:url\" content=\"https:\/\/matris.eu\/it\/servizi\/mappatura-del-campo-magnetico-del-rotore\/\" \/>\n<meta property=\"og:site_name\" content=\"Matris\" \/>\n<meta property=\"article:publisher\" content=\"https:\/\/www.facebook.com\/Matrisdoo\" \/>\n<meta property=\"article:modified_time\" content=\"2025-06-17T16:26:37+00:00\" \/>\n<meta property=\"og:image\" content=\"https:\/\/matris.eu\/wp-content\/uploads\/2024\/02\/header_magnetic_field3.png\" \/>\n\t<meta property=\"og:image:width\" content=\"1116\" \/>\n\t<meta property=\"og:image:height\" content=\"516\" \/>\n\t<meta property=\"og:image:type\" content=\"image\/png\" \/>\n<meta name=\"twitter:card\" content=\"summary_large_image\" \/>\n<meta name=\"twitter:label1\" content=\"Tempo di lettura stimato\" \/>\n\t<meta name=\"twitter:data1\" content=\"2 minuti\" \/>\n<script type=\"application\/ld+json\" class=\"yoast-schema-graph\">{\"@context\":\"https:\\\/\\\/schema.org\",\"@graph\":[{\"@type\":\"WebPage\",\"@id\":\"https:\\\/\\\/matris.eu\\\/it\\\/servizi\\\/mappatura-del-campo-magnetico-del-rotore\\\/\",\"url\":\"https:\\\/\\\/matris.eu\\\/it\\\/servizi\\\/mappatura-del-campo-magnetico-del-rotore\\\/\",\"name\":\"Mappatura del campo magnetico del rotore | Matris\",\"isPartOf\":{\"@id\":\"https:\\\/\\\/matris.eu\\\/it\\\/#website\"},\"primaryImageOfPage\":{\"@id\":\"https:\\\/\\\/matris.eu\\\/it\\\/servizi\\\/mappatura-del-campo-magnetico-del-rotore\\\/#primaryimage\"},\"image\":{\"@id\":\"https:\\\/\\\/matris.eu\\\/it\\\/servizi\\\/mappatura-del-campo-magnetico-del-rotore\\\/#primaryimage\"},\"thumbnailUrl\":\"https:\\\/\\\/matris.eu\\\/wp-content\\\/uploads\\\/2024\\\/02\\\/header_magnetic_field3.png\",\"datePublished\":\"2023-12-20T15:20:15+00:00\",\"dateModified\":\"2025-06-17T16:26:37+00:00\",\"breadcrumb\":{\"@id\":\"https:\\\/\\\/matris.eu\\\/it\\\/servizi\\\/mappatura-del-campo-magnetico-del-rotore\\\/#breadcrumb\"},\"inLanguage\":\"it-IT\",\"potentialAction\":[{\"@type\":\"ReadAction\",\"target\":[\"https:\\\/\\\/matris.eu\\\/it\\\/servizi\\\/mappatura-del-campo-magnetico-del-rotore\\\/\"]}]},{\"@type\":\"ImageObject\",\"inLanguage\":\"it-IT\",\"@id\":\"https:\\\/\\\/matris.eu\\\/it\\\/servizi\\\/mappatura-del-campo-magnetico-del-rotore\\\/#primaryimage\",\"url\":\"https:\\\/\\\/matris.eu\\\/wp-content\\\/uploads\\\/2024\\\/02\\\/header_magnetic_field3.png\",\"contentUrl\":\"https:\\\/\\\/matris.eu\\\/wp-content\\\/uploads\\\/2024\\\/02\\\/header_magnetic_field3.png\",\"width\":1116,\"height\":516,\"caption\":\"Mapiranje magnetnega polja rotorja\"},{\"@type\":\"BreadcrumbList\",\"@id\":\"https:\\\/\\\/matris.eu\\\/it\\\/servizi\\\/mappatura-del-campo-magnetico-del-rotore\\\/#breadcrumb\",\"itemListElement\":[{\"@type\":\"ListItem\",\"position\":1,\"name\":\"Home\",\"item\":\"https:\\\/\\\/matris.eu\\\/it\\\/\"},{\"@type\":\"ListItem\",\"position\":2,\"name\":\"Servizi\",\"item\":\"https:\\\/\\\/matris.eu\\\/it\\\/servizi\\\/\"},{\"@type\":\"ListItem\",\"position\":3,\"name\":\"Mappatura del campo magnetico del rotore\"}]},{\"@type\":\"WebSite\",\"@id\":\"https:\\\/\\\/matris.eu\\\/it\\\/#website\",\"url\":\"https:\\\/\\\/matris.eu\\\/it\\\/\",\"name\":\"Servisni center Matris\",\"description\":\"Servis elektro, servo in vretenskih motorjev\",\"publisher\":{\"@id\":\"https:\\\/\\\/matris.eu\\\/it\\\/#organization\"},\"alternateName\":\"Matris\",\"potentialAction\":[{\"@type\":\"SearchAction\",\"target\":{\"@type\":\"EntryPoint\",\"urlTemplate\":\"https:\\\/\\\/matris.eu\\\/it\\\/?s={search_term_string}\"},\"query-input\":{\"@type\":\"PropertyValueSpecification\",\"valueRequired\":true,\"valueName\":\"search_term_string\"}}],\"inLanguage\":\"it-IT\"},{\"@type\":\"Organization\",\"@id\":\"https:\\\/\\\/matris.eu\\\/it\\\/#organization\",\"name\":\"Servisni center Matris\",\"alternateName\":\"Matris\",\"url\":\"https:\\\/\\\/matris.eu\\\/it\\\/\",\"logo\":{\"@type\":\"ImageObject\",\"inLanguage\":\"it-IT\",\"@id\":\"https:\\\/\\\/matris.eu\\\/it\\\/#\\\/schema\\\/logo\\\/image\\\/\",\"url\":\"\",\"contentUrl\":\"\",\"caption\":\"Servisni center Matris\"},\"image\":{\"@id\":\"https:\\\/\\\/matris.eu\\\/it\\\/#\\\/schema\\\/logo\\\/image\\\/\"},\"sameAs\":[\"https:\\\/\\\/www.facebook.com\\\/Matrisdoo\",\"https:\\\/\\\/www.linkedin.com\\\/company\\\/matris_doo\\\/\"]}]}<\/script>\n<!-- \/ Yoast SEO plugin. -->","yoast_head_json":{"title":"Mappatura del campo magnetico del rotore | Matris","robots":{"index":"index","follow":"follow","max-snippet":"max-snippet:-1","max-image-preview":"max-image-preview:large","max-video-preview":"max-video-preview:-1"},"canonical":"https:\/\/matris.eu\/it\/servizi\/mappatura-del-campo-magnetico-del-rotore\/","og_locale":"it_IT","og_type":"article","og_title":"Mappatura del campo magnetico del rotore | Matris","og_description":"La mappatura del campo magnetico del rotore \u00e8 un servizio molto specifico, di cui Matris Service Center \u00e8 uno dei pochi fornitori sul mercato.","og_url":"https:\/\/matris.eu\/it\/servizi\/mappatura-del-campo-magnetico-del-rotore\/","og_site_name":"Matris","article_publisher":"https:\/\/www.facebook.com\/Matrisdoo","article_modified_time":"2025-06-17T16:26:37+00:00","og_image":[{"width":1116,"height":516,"url":"https:\/\/matris.eu\/wp-content\/uploads\/2024\/02\/header_magnetic_field3.png","type":"image\/png"}],"twitter_card":"summary_large_image","twitter_misc":{"Tempo di lettura stimato":"2 minuti"},"schema":{"@context":"https:\/\/schema.org","@graph":[{"@type":"WebPage","@id":"https:\/\/matris.eu\/it\/servizi\/mappatura-del-campo-magnetico-del-rotore\/","url":"https:\/\/matris.eu\/it\/servizi\/mappatura-del-campo-magnetico-del-rotore\/","name":"Mappatura del campo magnetico del rotore | Matris","isPartOf":{"@id":"https:\/\/matris.eu\/it\/#website"},"primaryImageOfPage":{"@id":"https:\/\/matris.eu\/it\/servizi\/mappatura-del-campo-magnetico-del-rotore\/#primaryimage"},"image":{"@id":"https:\/\/matris.eu\/it\/servizi\/mappatura-del-campo-magnetico-del-rotore\/#primaryimage"},"thumbnailUrl":"https:\/\/matris.eu\/wp-content\/uploads\/2024\/02\/header_magnetic_field3.png","datePublished":"2023-12-20T15:20:15+00:00","dateModified":"2025-06-17T16:26:37+00:00","breadcrumb":{"@id":"https:\/\/matris.eu\/it\/servizi\/mappatura-del-campo-magnetico-del-rotore\/#breadcrumb"},"inLanguage":"it-IT","potentialAction":[{"@type":"ReadAction","target":["https:\/\/matris.eu\/it\/servizi\/mappatura-del-campo-magnetico-del-rotore\/"]}]},{"@type":"ImageObject","inLanguage":"it-IT","@id":"https:\/\/matris.eu\/it\/servizi\/mappatura-del-campo-magnetico-del-rotore\/#primaryimage","url":"https:\/\/matris.eu\/wp-content\/uploads\/2024\/02\/header_magnetic_field3.png","contentUrl":"https:\/\/matris.eu\/wp-content\/uploads\/2024\/02\/header_magnetic_field3.png","width":1116,"height":516,"caption":"Mapiranje magnetnega polja rotorja"},{"@type":"BreadcrumbList","@id":"https:\/\/matris.eu\/it\/servizi\/mappatura-del-campo-magnetico-del-rotore\/#breadcrumb","itemListElement":[{"@type":"ListItem","position":1,"name":"Home","item":"https:\/\/matris.eu\/it\/"},{"@type":"ListItem","position":2,"name":"Servizi","item":"https:\/\/matris.eu\/it\/servizi\/"},{"@type":"ListItem","position":3,"name":"Mappatura del campo magnetico del rotore"}]},{"@type":"WebSite","@id":"https:\/\/matris.eu\/it\/#website","url":"https:\/\/matris.eu\/it\/","name":"Servisni center Matris","description":"Servis elektro, servo in vretenskih motorjev","publisher":{"@id":"https:\/\/matris.eu\/it\/#organization"},"alternateName":"Matris","potentialAction":[{"@type":"SearchAction","target":{"@type":"EntryPoint","urlTemplate":"https:\/\/matris.eu\/it\/?s={search_term_string}"},"query-input":{"@type":"PropertyValueSpecification","valueRequired":true,"valueName":"search_term_string"}}],"inLanguage":"it-IT"},{"@type":"Organization","@id":"https:\/\/matris.eu\/it\/#organization","name":"Servisni center Matris","alternateName":"Matris","url":"https:\/\/matris.eu\/it\/","logo":{"@type":"ImageObject","inLanguage":"it-IT","@id":"https:\/\/matris.eu\/it\/#\/schema\/logo\/image\/","url":"","contentUrl":"","caption":"Servisni center Matris"},"image":{"@id":"https:\/\/matris.eu\/it\/#\/schema\/logo\/image\/"},"sameAs":["https:\/\/www.facebook.com\/Matrisdoo","https:\/\/www.linkedin.com\/company\/matris_doo\/"]}]}},"_links":{"self":[{"href":"https:\/\/matris.eu\/it\/wp-json\/wp\/v2\/pages\/2979","targetHints":{"allow":["GET"]}}],"collection":[{"href":"https:\/\/matris.eu\/it\/wp-json\/wp\/v2\/pages"}],"about":[{"href":"https:\/\/matris.eu\/it\/wp-json\/wp\/v2\/types\/page"}],"author":[{"embeddable":true,"href":"https:\/\/matris.eu\/it\/wp-json\/wp\/v2\/users\/1"}],"replies":[{"embeddable":true,"href":"https:\/\/matris.eu\/it\/wp-json\/wp\/v2\/comments?post=2979"}],"version-history":[{"count":1,"href":"https:\/\/matris.eu\/it\/wp-json\/wp\/v2\/pages\/2979\/revisions"}],"predecessor-version":[{"id":2989,"href":"https:\/\/matris.eu\/it\/wp-json\/wp\/v2\/pages\/2979\/revisions\/2989"}],"up":[{"embeddable":true,"href":"https:\/\/matris.eu\/it\/wp-json\/wp\/v2\/pages\/3160"}],"wp:featuredmedia":[{"embeddable":true,"href":"https:\/\/matris.eu\/it\/wp-json\/wp\/v2\/media\/627"}],"wp:attachment":[{"href":"https:\/\/matris.eu\/it\/wp-json\/wp\/v2\/media?parent=2979"}],"curies":[{"name":"wp","href":"https:\/\/api.w.org\/{rel}","templated":true}]}}