{"id":2942,"date":"2023-12-20T16:20:39","date_gmt":"2023-12-20T15:20:39","guid":{"rendered":"https:\/\/matris.eu\/rettifica-del-cono-della-testa-del-mandrino-di-una-macchina-cnc\/"},"modified":"2025-06-17T18:26:37","modified_gmt":"2025-06-17T16:26:37","slug":"rettifica-del-cono-della-testa-del-mandrino-di-una-macchina-cnc","status":"publish","type":"page","link":"https:\/\/matris.eu\/it\/servizi\/rettifica-del-cono-della-testa-del-mandrino-di-una-macchina-cnc\/","title":{"rendered":"Rettifica del cono della testa del mandrino di una macchina CNC"},"content":{"rendered":"<div class=\"wpb-content-wrapper\"><p>[vc_row row_height_percent=&#8221;0&#8243; override_padding=&#8221;yes&#8221; h_padding=&#8221;2&#8243; top_padding=&#8221;0&#8243; bottom_padding=&#8221;2&#8243; overlay_alpha=&#8221;50&#8243; gutter_size=&#8221;4&#8243; column_width_percent=&#8221;100&#8243; shift_y=&#8221;0&#8243; z_index=&#8221;0&#8243; uncode_shortcode_id=&#8221;792719&#8243;][vc_column width=&#8221;1\/2&#8243;][vc_column_text uncode_shortcode_id=&#8221;489155&#8243;]Nel nostro dispositivo, l \u201cangolo di rettifica viene impostato automaticamente, garantendo un\u201d elevata ripetibilit\u00e0. Il dispositivo si basa su un encoder ottico con una precisione da \u00b11,5 \u201ca \u00b13\u201d.&gt; Con una ripetibilit\u00e0 di 0,001\u00b0. Il dispositivo \u00e8 controllato tramite lo schermo HMI (interfaccia uomo-macchina) e l \u201celaborazione \u00e8 gestita dal PLC (controllore logico programmabile). \u00c8 possibile regolare la lunghezza della corsa durante la rettifica, regolare diverse velocit\u00e0 di avanzamento e rotazione e, se necessario, apportare micro correzioni all\u201d angolo di rettifica.[\/vc_column_text][\/vc_column][vc_column width=&#8221;1\/2&#8243;][vc_column_text uncode_shortcode_id=&#8221;202650&#8243;]Dopo un periodo di formazione relativamente breve, l&#8217;operatore \u00e8 in grado di utilizzare il dispositivo in modo autonomo.<\/p>\n<p> La riparazione della geometria del cono di una macchina CNC pu\u00f2 essere effettuata in tempi estremamente rapidi, il che si traduce in enormi risparmi per il proprietario della macchina.[\/vc_column_text][\/vc_column][\/vc_row]<\/p>\n<\/div>","protected":false},"excerpt":{"rendered":"<p>Nel nostro dispositivo l \u201cangolo di rettifica viene impostato automaticamente, garantendo cos\u00ec un\u201d elevata ripetibilit\u00e0.<\/p>\n","protected":false},"author":1,"featured_media":493,"parent":3160,"menu_order":7,"comment_status":"closed","ping_status":"closed","template":"","meta":{"footnotes":""},"class_list":["post-2942","page","type-page","status-publish","has-post-thumbnail","hentry"],"yoast_head":"<!-- This site is optimized with the Yoast SEO plugin v27.3 - https:\/\/yoast.com\/product\/yoast-seo-wordpress\/ -->\n<title>Rettifica del cono della testa del mandrino di una macchina CNC | Matris<\/title>\n<meta name=\"robots\" content=\"index, follow, max-snippet:-1, max-image-preview:large, max-video-preview:-1\" \/>\n<link rel=\"canonical\" href=\"https:\/\/matris.eu\/it\/servizi\/rettifica-del-cono-della-testa-del-mandrino-di-una-macchina-cnc\/\" \/>\n<meta property=\"og:locale\" content=\"it_IT\" \/>\n<meta property=\"og:type\" content=\"article\" \/>\n<meta property=\"og:title\" content=\"Rettifica del cono della testa del mandrino di una macchina CNC | Matris\" \/>\n<meta property=\"og:description\" content=\"Nel nostro dispositivo l \u201cangolo di rettifica viene impostato automaticamente, garantendo cos\u00ec un\u201d elevata ripetibilit\u00e0.\" \/>\n<meta property=\"og:url\" content=\"https:\/\/matris.eu\/it\/servizi\/rettifica-del-cono-della-testa-del-mandrino-di-una-macchina-cnc\/\" \/>\n<meta property=\"og:site_name\" content=\"Matris\" \/>\n<meta property=\"article:publisher\" content=\"https:\/\/www.facebook.com\/Matrisdoo\" \/>\n<meta property=\"article:modified_time\" content=\"2025-06-17T16:26:37+00:00\" \/>\n<meta property=\"og:image\" content=\"https:\/\/matris.eu\/wp-content\/uploads\/2023\/12\/header_grinding.jpg\" \/>\n\t<meta property=\"og:image:width\" content=\"2048\" \/>\n\t<meta property=\"og:image:height\" content=\"800\" \/>\n\t<meta property=\"og:image:type\" content=\"image\/jpeg\" \/>\n<meta name=\"twitter:card\" content=\"summary_large_image\" \/>\n<meta name=\"twitter:label1\" content=\"Tempo di lettura stimato\" \/>\n\t<meta name=\"twitter:data1\" content=\"1 minuto\" \/>\n<script type=\"application\/ld+json\" class=\"yoast-schema-graph\">{\"@context\":\"https:\\\/\\\/schema.org\",\"@graph\":[{\"@type\":\"WebPage\",\"@id\":\"https:\\\/\\\/matris.eu\\\/it\\\/servizi\\\/rettifica-del-cono-della-testa-del-mandrino-di-una-macchina-cnc\\\/\",\"url\":\"https:\\\/\\\/matris.eu\\\/it\\\/servizi\\\/rettifica-del-cono-della-testa-del-mandrino-di-una-macchina-cnc\\\/\",\"name\":\"Rettifica del cono della testa del mandrino di una macchina CNC | Matris\",\"isPartOf\":{\"@id\":\"https:\\\/\\\/matris.eu\\\/it\\\/#website\"},\"primaryImageOfPage\":{\"@id\":\"https:\\\/\\\/matris.eu\\\/it\\\/servizi\\\/rettifica-del-cono-della-testa-del-mandrino-di-una-macchina-cnc\\\/#primaryimage\"},\"image\":{\"@id\":\"https:\\\/\\\/matris.eu\\\/it\\\/servizi\\\/rettifica-del-cono-della-testa-del-mandrino-di-una-macchina-cnc\\\/#primaryimage\"},\"thumbnailUrl\":\"https:\\\/\\\/matris.eu\\\/wp-content\\\/uploads\\\/2023\\\/12\\\/header_grinding.jpg\",\"datePublished\":\"2023-12-20T15:20:39+00:00\",\"dateModified\":\"2025-06-17T16:26:37+00:00\",\"breadcrumb\":{\"@id\":\"https:\\\/\\\/matris.eu\\\/it\\\/servizi\\\/rettifica-del-cono-della-testa-del-mandrino-di-una-macchina-cnc\\\/#breadcrumb\"},\"inLanguage\":\"it-IT\",\"potentialAction\":[{\"@type\":\"ReadAction\",\"target\":[\"https:\\\/\\\/matris.eu\\\/it\\\/servizi\\\/rettifica-del-cono-della-testa-del-mandrino-di-una-macchina-cnc\\\/\"]}]},{\"@type\":\"ImageObject\",\"inLanguage\":\"it-IT\",\"@id\":\"https:\\\/\\\/matris.eu\\\/it\\\/servizi\\\/rettifica-del-cono-della-testa-del-mandrino-di-una-macchina-cnc\\\/#primaryimage\",\"url\":\"https:\\\/\\\/matris.eu\\\/wp-content\\\/uploads\\\/2023\\\/12\\\/header_grinding.jpg\",\"contentUrl\":\"https:\\\/\\\/matris.eu\\\/wp-content\\\/uploads\\\/2023\\\/12\\\/header_grinding.jpg\",\"width\":2048,\"height\":800},{\"@type\":\"BreadcrumbList\",\"@id\":\"https:\\\/\\\/matris.eu\\\/it\\\/servizi\\\/rettifica-del-cono-della-testa-del-mandrino-di-una-macchina-cnc\\\/#breadcrumb\",\"itemListElement\":[{\"@type\":\"ListItem\",\"position\":1,\"name\":\"Home\",\"item\":\"https:\\\/\\\/matris.eu\\\/it\\\/\"},{\"@type\":\"ListItem\",\"position\":2,\"name\":\"Servizi\",\"item\":\"https:\\\/\\\/matris.eu\\\/it\\\/servizi\\\/\"},{\"@type\":\"ListItem\",\"position\":3,\"name\":\"Rettifica del cono della testa del mandrino di una macchina CNC\"}]},{\"@type\":\"WebSite\",\"@id\":\"https:\\\/\\\/matris.eu\\\/it\\\/#website\",\"url\":\"https:\\\/\\\/matris.eu\\\/it\\\/\",\"name\":\"Servisni center Matris\",\"description\":\"Servis elektro, servo in vretenskih motorjev\",\"publisher\":{\"@id\":\"https:\\\/\\\/matris.eu\\\/it\\\/#organization\"},\"alternateName\":\"Matris\",\"potentialAction\":[{\"@type\":\"SearchAction\",\"target\":{\"@type\":\"EntryPoint\",\"urlTemplate\":\"https:\\\/\\\/matris.eu\\\/it\\\/?s={search_term_string}\"},\"query-input\":{\"@type\":\"PropertyValueSpecification\",\"valueRequired\":true,\"valueName\":\"search_term_string\"}}],\"inLanguage\":\"it-IT\"},{\"@type\":\"Organization\",\"@id\":\"https:\\\/\\\/matris.eu\\\/it\\\/#organization\",\"name\":\"Servisni center Matris\",\"alternateName\":\"Matris\",\"url\":\"https:\\\/\\\/matris.eu\\\/it\\\/\",\"logo\":{\"@type\":\"ImageObject\",\"inLanguage\":\"it-IT\",\"@id\":\"https:\\\/\\\/matris.eu\\\/it\\\/#\\\/schema\\\/logo\\\/image\\\/\",\"url\":\"\",\"contentUrl\":\"\",\"caption\":\"Servisni center Matris\"},\"image\":{\"@id\":\"https:\\\/\\\/matris.eu\\\/it\\\/#\\\/schema\\\/logo\\\/image\\\/\"},\"sameAs\":[\"https:\\\/\\\/www.facebook.com\\\/Matrisdoo\",\"https:\\\/\\\/www.linkedin.com\\\/company\\\/matris_doo\\\/\"]}]}<\/script>\n<!-- \/ Yoast SEO plugin. -->","yoast_head_json":{"title":"Rettifica del cono della testa del mandrino di una macchina CNC | Matris","robots":{"index":"index","follow":"follow","max-snippet":"max-snippet:-1","max-image-preview":"max-image-preview:large","max-video-preview":"max-video-preview:-1"},"canonical":"https:\/\/matris.eu\/it\/servizi\/rettifica-del-cono-della-testa-del-mandrino-di-una-macchina-cnc\/","og_locale":"it_IT","og_type":"article","og_title":"Rettifica del cono della testa del mandrino di una macchina CNC | Matris","og_description":"Nel nostro dispositivo l \u201cangolo di rettifica viene impostato automaticamente, garantendo cos\u00ec un\u201d elevata ripetibilit\u00e0.","og_url":"https:\/\/matris.eu\/it\/servizi\/rettifica-del-cono-della-testa-del-mandrino-di-una-macchina-cnc\/","og_site_name":"Matris","article_publisher":"https:\/\/www.facebook.com\/Matrisdoo","article_modified_time":"2025-06-17T16:26:37+00:00","og_image":[{"width":2048,"height":800,"url":"https:\/\/matris.eu\/wp-content\/uploads\/2023\/12\/header_grinding.jpg","type":"image\/jpeg"}],"twitter_card":"summary_large_image","twitter_misc":{"Tempo di lettura stimato":"1 minuto"},"schema":{"@context":"https:\/\/schema.org","@graph":[{"@type":"WebPage","@id":"https:\/\/matris.eu\/it\/servizi\/rettifica-del-cono-della-testa-del-mandrino-di-una-macchina-cnc\/","url":"https:\/\/matris.eu\/it\/servizi\/rettifica-del-cono-della-testa-del-mandrino-di-una-macchina-cnc\/","name":"Rettifica del cono della testa del mandrino di una macchina CNC | Matris","isPartOf":{"@id":"https:\/\/matris.eu\/it\/#website"},"primaryImageOfPage":{"@id":"https:\/\/matris.eu\/it\/servizi\/rettifica-del-cono-della-testa-del-mandrino-di-una-macchina-cnc\/#primaryimage"},"image":{"@id":"https:\/\/matris.eu\/it\/servizi\/rettifica-del-cono-della-testa-del-mandrino-di-una-macchina-cnc\/#primaryimage"},"thumbnailUrl":"https:\/\/matris.eu\/wp-content\/uploads\/2023\/12\/header_grinding.jpg","datePublished":"2023-12-20T15:20:39+00:00","dateModified":"2025-06-17T16:26:37+00:00","breadcrumb":{"@id":"https:\/\/matris.eu\/it\/servizi\/rettifica-del-cono-della-testa-del-mandrino-di-una-macchina-cnc\/#breadcrumb"},"inLanguage":"it-IT","potentialAction":[{"@type":"ReadAction","target":["https:\/\/matris.eu\/it\/servizi\/rettifica-del-cono-della-testa-del-mandrino-di-una-macchina-cnc\/"]}]},{"@type":"ImageObject","inLanguage":"it-IT","@id":"https:\/\/matris.eu\/it\/servizi\/rettifica-del-cono-della-testa-del-mandrino-di-una-macchina-cnc\/#primaryimage","url":"https:\/\/matris.eu\/wp-content\/uploads\/2023\/12\/header_grinding.jpg","contentUrl":"https:\/\/matris.eu\/wp-content\/uploads\/2023\/12\/header_grinding.jpg","width":2048,"height":800},{"@type":"BreadcrumbList","@id":"https:\/\/matris.eu\/it\/servizi\/rettifica-del-cono-della-testa-del-mandrino-di-una-macchina-cnc\/#breadcrumb","itemListElement":[{"@type":"ListItem","position":1,"name":"Home","item":"https:\/\/matris.eu\/it\/"},{"@type":"ListItem","position":2,"name":"Servizi","item":"https:\/\/matris.eu\/it\/servizi\/"},{"@type":"ListItem","position":3,"name":"Rettifica del cono della testa del mandrino di una macchina CNC"}]},{"@type":"WebSite","@id":"https:\/\/matris.eu\/it\/#website","url":"https:\/\/matris.eu\/it\/","name":"Servisni center Matris","description":"Servis elektro, servo in vretenskih motorjev","publisher":{"@id":"https:\/\/matris.eu\/it\/#organization"},"alternateName":"Matris","potentialAction":[{"@type":"SearchAction","target":{"@type":"EntryPoint","urlTemplate":"https:\/\/matris.eu\/it\/?s={search_term_string}"},"query-input":{"@type":"PropertyValueSpecification","valueRequired":true,"valueName":"search_term_string"}}],"inLanguage":"it-IT"},{"@type":"Organization","@id":"https:\/\/matris.eu\/it\/#organization","name":"Servisni center Matris","alternateName":"Matris","url":"https:\/\/matris.eu\/it\/","logo":{"@type":"ImageObject","inLanguage":"it-IT","@id":"https:\/\/matris.eu\/it\/#\/schema\/logo\/image\/","url":"","contentUrl":"","caption":"Servisni center Matris"},"image":{"@id":"https:\/\/matris.eu\/it\/#\/schema\/logo\/image\/"},"sameAs":["https:\/\/www.facebook.com\/Matrisdoo","https:\/\/www.linkedin.com\/company\/matris_doo\/"]}]}},"_links":{"self":[{"href":"https:\/\/matris.eu\/it\/wp-json\/wp\/v2\/pages\/2942","targetHints":{"allow":["GET"]}}],"collection":[{"href":"https:\/\/matris.eu\/it\/wp-json\/wp\/v2\/pages"}],"about":[{"href":"https:\/\/matris.eu\/it\/wp-json\/wp\/v2\/types\/page"}],"author":[{"embeddable":true,"href":"https:\/\/matris.eu\/it\/wp-json\/wp\/v2\/users\/1"}],"replies":[{"embeddable":true,"href":"https:\/\/matris.eu\/it\/wp-json\/wp\/v2\/comments?post=2942"}],"version-history":[{"count":1,"href":"https:\/\/matris.eu\/it\/wp-json\/wp\/v2\/pages\/2942\/revisions"}],"predecessor-version":[{"id":2950,"href":"https:\/\/matris.eu\/it\/wp-json\/wp\/v2\/pages\/2942\/revisions\/2950"}],"up":[{"embeddable":true,"href":"https:\/\/matris.eu\/it\/wp-json\/wp\/v2\/pages\/3160"}],"wp:featuredmedia":[{"embeddable":true,"href":"https:\/\/matris.eu\/it\/wp-json\/wp\/v2\/media\/493"}],"wp:attachment":[{"href":"https:\/\/matris.eu\/it\/wp-json\/wp\/v2\/media?parent=2942"}],"curies":[{"name":"wp","href":"https:\/\/api.w.org\/{rel}","templated":true}]}}