{"id":2929,"date":"2023-12-20T16:23:35","date_gmt":"2023-12-20T15:23:35","guid":{"rendered":"https:\/\/matris.eu\/gruppi-propulsori-elettrici-per-autoveicoli\/"},"modified":"2025-06-17T18:26:08","modified_gmt":"2025-06-17T16:26:08","slug":"gruppi-propulsori-elettrici-per-autoveicoli","status":"publish","type":"page","link":"https:\/\/matris.eu\/it\/gruppi-propulsori-elettrici-per-autoveicoli\/","title":{"rendered":"Gruppi propulsori elettrici per autoveicoli"},"content":{"rendered":"<div class=\"wpb-content-wrapper\"><p>[vc_row unlock_row_content=&#8221;yes&#8221; row_height_percent=&#8221;0&#8243; override_padding=&#8221;yes&#8221; h_padding=&#8221;0&#8243; top_padding=&#8221;0&#8243; bottom_padding=&#8221;0&#8243; back_color=&#8221;color-193339&#8243; overlay_alpha=&#8221;50&#8243; equal_height=&#8221;yes&#8221; gutter_size=&#8221;0&#8243; column_width_percent=&#8221;100&#8243; shift_y=&#8221;0&#8243; z_index=&#8221;0&#8243; el_class=&#8221;inverted-device-order&#8221; uncode_shortcode_id=&#8221;135724&#8243; back_color_type=&#8221;uncode-palette&#8221;][vc_column column_width_use_pixel=&#8221;yes&#8221; gutter_size=&#8221;3&#8243; override_padding=&#8221;yes&#8221; column_padding=&#8221;5&#8243; style=&#8221;light&#8221; overlay_alpha=&#8221;50&#8243; shift_x=&#8221;0&#8243; shift_y=&#8221;0&#8243; shift_y_down=&#8221;0&#8243; z_index=&#8221;0&#8243; medium_width=&#8221;0&#8243; mobile_width=&#8221;0&#8243; width=&#8221;1\/2&#8243; column_width_pixel=&#8221;700&#8243; uncode_shortcode_id=&#8221;195885&#8243;][vc_custom_heading text_color=&#8221;accent&#8221; heading_semantic=&#8221;h6&#8243; text_font=&#8221;font-377744&#8243; text_size=&#8221;h5&#8243; text_transform=&#8221;uppercase&#8221; text_space=&#8221;fontspace-576413&#8243; uncode_shortcode_id=&#8221;131274&#8243; text_color_type=&#8221;uncode-palette&#8221;]EVSC &#8211; Centro di assistenza per veicoli elettrici[\/vc_custom_heading][vc_custom_heading text_color=&#8221;color-jevc&#8221; heading_semantic=&#8221;h1&#8243; text_size=&#8221;fontsize-213927&#8243; uncode_shortcode_id=&#8221;186389&#8243; text_color_type=&#8221;uncode-palette&#8221;]Centro di assistenza per unit\u00e0 di azionamento elettriche per autoveicoli[\/vc_custom_heading][vc_column_text uncode_shortcode_id=&#8221;189109&#8243;]Matris non \u00e8 un&#8217;azienda di riparazione di veicoli elettrici, ma \u00e8 specializzata nel riavvolgimento e nella manutenzione di EDU (unit\u00e0 di azionamento elettrico). Negli ultimi mesi, abbiamo migliorato il nostro servizio a un livello superiore. Osiamo affermare che le unit\u00e0 di azionamento rigenerate nel nostro centro di assistenza sono pi\u00f9 resistenti, meglio protette e hanno caratteristiche prestazionali migliori rispetto alle unit\u00e0 originali prodotte in serie. Aggiorniamo e arricchiamo costantemente il nostro archivio di conoscenze.   <\/p>\n<p>Sebbene non ci limitiamo a un solo marchio, al momento ci concentriamo sulle EDU Tesla, per le quali abbiamo riscontrato una crescente richiesta di assistenza.[\/vc_column_text][\/vc_column][vc_column column_width_percent=&#8221;100&#8243; gutter_size=&#8221;3&#8243; back_image=&#8221;2930&#8243; overlay_alpha=&#8221;50&#8243; shift_x=&#8221;0&#8243; shift_y=&#8221;0&#8243; shift_y_down=&#8221;0&#8243; z_index=&#8221;0&#8243; medium_width=&#8221;0&#8243; mobile_width=&#8221;0&#8243; width=&#8221;1\/2&#8243; mobile_height=&#8221;340&#8243; uncode_shortcode_id=&#8221;156720&#8243;][\/vc_column][\/vc_row][vc_row row_height_percent=&#8221;0&#8243; override_padding=&#8221;yes&#8221; h_padding=&#8221;2&#8243; top_padding=&#8221;4&#8243; bottom_padding=&#8221;2&#8243; overlay_alpha=&#8221;50&#8243; gutter_size=&#8221;3&#8243; column_width_percent=&#8221;100&#8243; shift_y=&#8221;0&#8243; z_index=&#8221;0&#8243; uncode_shortcode_id=&#8221;607125&#8243;][vc_column width=&#8221;1\/2&#8243;][vc_custom_heading heading_semantic=&#8221;h3&#8243; text_size=&#8221;h4&#8243; uncode_shortcode_id=&#8221;147303&#8243;]La realt\u00e0 del mercato dei veicoli elettrici[\/vc_custom_heading][vc_column_text uncode_shortcode_id=&#8221;843875&#8243;]Sebbene si possano trovare molti articoli che descrivono come la mobilit\u00e0 elettrica sia limitata dalla tecnologia di produzione delle batterie, dall \u201cautonomia e dall\u201d infrastruttura di ricarica, il vero problema \u00e8 che i veicoli che stanno lentamente uscendo dalla garanzia di fabbrica non dispongono del supporto necessario nella rete di riparatori non autorizzati.[\/vc_column_text][vc_custom_heading heading_semantic=&#8221;h3&#8243; text_size=&#8221;h4&#8243; uncode_shortcode_id=&#8221;183969&#8243;]Miglioramenti nel rinnovo dello statore LDU[\/vc_custom_heading][uncode_list icon=&#8221;fa fa-check&#8221; icon_color=&#8221;accent&#8221; uncode_shortcode_id=&#8221;478688&#8243; icon_color_type=&#8221;uncode-palette&#8221;]<\/p>\n<ul>\n<li>Aumento della capacit\u00e0 del 3-5%<\/li>\n<li>Dissipazione del calore migliorata utilizzando la resina epossidica Matrix<\/li>\n<li>Riduzione dei problemi di surriscaldamento dello statore<\/li>\n<li>Aumento del 3% dell&#8217;area dei conduttori di fase<\/li>\n<li>Durata eccezionale, che lo rende praticamente indistruttibile<\/li>\n<\/ul>\n<p>[\/uncode_list][\/vc_column][vc_column column_width_percent=&#8221;100&#8243; gutter_size=&#8221;3&#8243; override_padding=&#8221;yes&#8221; column_padding=&#8221;3&#8243; back_color=&#8221;color-193339&#8243; overlay_alpha=&#8221;50&#8243; shift_x=&#8221;0&#8243; shift_y=&#8221;0&#8243; shift_y_down=&#8221;0&#8243; z_index=&#8221;0&#8243; medium_width=&#8221;0&#8243; mobile_width=&#8221;0&#8243; width=&#8221;1\/2&#8243; uncode_shortcode_id=&#8221;612813&#8243; back_color_type=&#8221;uncode-palette&#8221;][vc_single_image media=&#8221;515&#8243; media_width_use_pixel=&#8221;yes&#8221; uncode_shortcode_id=&#8221;366294&#8243; media_width_pixel=&#8221;200&#8243;][vc_column_text uncode_shortcode_id=&#8221;316772&#8243;]Siamo <strong>altamente specializzati nella ristrutturazione della parte elettrica<\/strong> dei gruppi propulsori dei veicoli elettrici. Se desiderate usufruire della nostra competenza e dei nostri servizi, inviateci la parte elettrica del gruppo (statore e rotore) al nostro indirizzo. Dopo aver ricevuto, smontato e verificato le condizioni, vi invieremo un preventivo per la ristrutturazione. Una volta ricevuto, ci metteremo al lavoro. Riceverete sempre una garanzia Matris di 1 anno sul lavoro svolto. Con un supplemento, potete ottenere anche una garanzia di 2 anni.     <\/p>\n<p><em>Non siamo un&#8217;officina di riparazione auto, non eseguiamo manutenzione sui veicoli e non smontiamo nemmeno le trasmissioni.<\/em>[\/vc_column_text][\/vc_column][\/vc_row]<\/p>\n<\/div>","protected":false},"excerpt":{"rendered":"<p>[vc_row unlock_row_content=&#8221;yes&#8221; row_height_percent=&#8221;0&#8243; override_padding=&#8221;yes&#8221; h_padding=&#8221;0&#8243; top_padding=&#8221;0&#8243; bottom_padding=&#8221;0&#8243; back_color=&#8221;color-193339&#8243; overlay_alpha=&#8221;50&#8243; equal_height=&#8221;yes&#8221; gutter_size=&#8221;0&#8243; column_width_percent=&#8221;100&#8243; shift_y=&#8221;0&#8243; z_index=&#8221;0&#8243; el_class=&#8221;inverted-device-order&#8221; uncode_shortcode_id=&#8221;135724&#8243; back_color_type=&#8221;uncode-palette&#8221;][vc_column column_width_use_pixel=&#8221;yes&#8221; gutter_size=&#8221;3&#8243; override_padding=&#8221;yes&#8221; [&hellip;]<\/p>\n","protected":false},"author":1,"featured_media":0,"parent":0,"menu_order":3,"comment_status":"closed","ping_status":"closed","template":"","meta":{"footnotes":""},"class_list":["post-2929","page","type-page","status-publish","hentry"],"yoast_head":"<!-- This site is optimized with the Yoast SEO plugin v27.4 - https:\/\/yoast.com\/product\/yoast-seo-wordpress\/ -->\n<title>Gruppi propulsori elettrici per autoveicoli | Matris<\/title>\n<meta name=\"robots\" content=\"index, follow, max-snippet:-1, max-image-preview:large, max-video-preview:-1\" \/>\n<link rel=\"canonical\" href=\"https:\/\/matris.eu\/it\/gruppi-propulsori-elettrici-per-autoveicoli\/\" \/>\n<meta property=\"og:locale\" content=\"it_IT\" \/>\n<meta property=\"og:type\" content=\"article\" \/>\n<meta property=\"og:title\" content=\"Gruppi propulsori elettrici per autoveicoli | Matris\" \/>\n<meta property=\"og:description\" content=\"[vc_row unlock_row_content=&#8221;yes&#8221; row_height_percent=&#8221;0&#8243; override_padding=&#8221;yes&#8221; h_padding=&#8221;0&#8243; top_padding=&#8221;0&#8243; bottom_padding=&#8221;0&#8243; back_color=&#8221;color-193339&#8243; overlay_alpha=&#8221;50&#8243; equal_height=&#8221;yes&#8221; gutter_size=&#8221;0&#8243; column_width_percent=&#8221;100&#8243; shift_y=&#8221;0&#8243; z_index=&#8221;0&#8243; el_class=&#8221;inverted-device-order&#8221; uncode_shortcode_id=&#8221;135724&#8243; back_color_type=&#8221;uncode-palette&#8221;][vc_column column_width_use_pixel=&#8221;yes&#8221; gutter_size=&#8221;3&#8243; override_padding=&#8221;yes&#8221; [&hellip;]\" \/>\n<meta property=\"og:url\" content=\"https:\/\/matris.eu\/it\/gruppi-propulsori-elettrici-per-autoveicoli\/\" \/>\n<meta property=\"og:site_name\" content=\"Matris\" \/>\n<meta property=\"article:publisher\" content=\"https:\/\/www.facebook.com\/Matrisdoo\" \/>\n<meta property=\"article:modified_time\" content=\"2025-06-17T16:26:08+00:00\" \/>\n<meta property=\"og:image\" content=\"https:\/\/matris.eu\/wp-content\/uploads\/2024\/02\/matris_seo_image.jpg\" \/>\n\t<meta property=\"og:image:width\" content=\"1200\" \/>\n\t<meta property=\"og:image:height\" content=\"1000\" \/>\n\t<meta property=\"og:image:type\" content=\"image\/jpeg\" \/>\n<meta name=\"twitter:card\" content=\"summary_large_image\" \/>\n<meta name=\"twitter:label1\" content=\"Tempo di lettura stimato\" \/>\n\t<meta name=\"twitter:data1\" content=\"3 minuti\" \/>\n<script type=\"application\/ld+json\" class=\"yoast-schema-graph\">{\"@context\":\"https:\\\/\\\/schema.org\",\"@graph\":[{\"@type\":\"WebPage\",\"@id\":\"https:\\\/\\\/matris.eu\\\/it\\\/gruppi-propulsori-elettrici-per-autoveicoli\\\/\",\"url\":\"https:\\\/\\\/matris.eu\\\/it\\\/gruppi-propulsori-elettrici-per-autoveicoli\\\/\",\"name\":\"Gruppi propulsori elettrici per autoveicoli | Matris\",\"isPartOf\":{\"@id\":\"https:\\\/\\\/matris.eu\\\/it\\\/#website\"},\"datePublished\":\"2023-12-20T15:23:35+00:00\",\"dateModified\":\"2025-06-17T16:26:08+00:00\",\"breadcrumb\":{\"@id\":\"https:\\\/\\\/matris.eu\\\/it\\\/gruppi-propulsori-elettrici-per-autoveicoli\\\/#breadcrumb\"},\"inLanguage\":\"it-IT\",\"potentialAction\":[{\"@type\":\"ReadAction\",\"target\":[\"https:\\\/\\\/matris.eu\\\/it\\\/gruppi-propulsori-elettrici-per-autoveicoli\\\/\"]}]},{\"@type\":\"BreadcrumbList\",\"@id\":\"https:\\\/\\\/matris.eu\\\/it\\\/gruppi-propulsori-elettrici-per-autoveicoli\\\/#breadcrumb\",\"itemListElement\":[{\"@type\":\"ListItem\",\"position\":1,\"name\":\"Home\",\"item\":\"https:\\\/\\\/matris.eu\\\/it\\\/\"},{\"@type\":\"ListItem\",\"position\":2,\"name\":\"Gruppi propulsori elettrici per autoveicoli\"}]},{\"@type\":\"WebSite\",\"@id\":\"https:\\\/\\\/matris.eu\\\/it\\\/#website\",\"url\":\"https:\\\/\\\/matris.eu\\\/it\\\/\",\"name\":\"Servisni center Matris\",\"description\":\"Servis elektro, servo in vretenskih motorjev\",\"publisher\":{\"@id\":\"https:\\\/\\\/matris.eu\\\/it\\\/#organization\"},\"alternateName\":\"Matris\",\"potentialAction\":[{\"@type\":\"SearchAction\",\"target\":{\"@type\":\"EntryPoint\",\"urlTemplate\":\"https:\\\/\\\/matris.eu\\\/it\\\/?s={search_term_string}\"},\"query-input\":{\"@type\":\"PropertyValueSpecification\",\"valueRequired\":true,\"valueName\":\"search_term_string\"}}],\"inLanguage\":\"it-IT\"},{\"@type\":\"Organization\",\"@id\":\"https:\\\/\\\/matris.eu\\\/it\\\/#organization\",\"name\":\"Servisni center Matris\",\"alternateName\":\"Matris\",\"url\":\"https:\\\/\\\/matris.eu\\\/it\\\/\",\"logo\":{\"@type\":\"ImageObject\",\"inLanguage\":\"it-IT\",\"@id\":\"https:\\\/\\\/matris.eu\\\/it\\\/#\\\/schema\\\/logo\\\/image\\\/\",\"url\":\"\",\"contentUrl\":\"\",\"caption\":\"Servisni center Matris\"},\"image\":{\"@id\":\"https:\\\/\\\/matris.eu\\\/it\\\/#\\\/schema\\\/logo\\\/image\\\/\"},\"sameAs\":[\"https:\\\/\\\/www.facebook.com\\\/Matrisdoo\",\"https:\\\/\\\/www.linkedin.com\\\/company\\\/matris_doo\\\/\"]}]}<\/script>\n<!-- \/ Yoast SEO plugin. -->","yoast_head_json":{"title":"Gruppi propulsori elettrici per autoveicoli | Matris","robots":{"index":"index","follow":"follow","max-snippet":"max-snippet:-1","max-image-preview":"max-image-preview:large","max-video-preview":"max-video-preview:-1"},"canonical":"https:\/\/matris.eu\/it\/gruppi-propulsori-elettrici-per-autoveicoli\/","og_locale":"it_IT","og_type":"article","og_title":"Gruppi propulsori elettrici per autoveicoli | Matris","og_description":"[vc_row unlock_row_content=&#8221;yes&#8221; row_height_percent=&#8221;0&#8243; override_padding=&#8221;yes&#8221; h_padding=&#8221;0&#8243; top_padding=&#8221;0&#8243; bottom_padding=&#8221;0&#8243; back_color=&#8221;color-193339&#8243; overlay_alpha=&#8221;50&#8243; equal_height=&#8221;yes&#8221; gutter_size=&#8221;0&#8243; column_width_percent=&#8221;100&#8243; shift_y=&#8221;0&#8243; z_index=&#8221;0&#8243; el_class=&#8221;inverted-device-order&#8221; uncode_shortcode_id=&#8221;135724&#8243; back_color_type=&#8221;uncode-palette&#8221;][vc_column column_width_use_pixel=&#8221;yes&#8221; gutter_size=&#8221;3&#8243; override_padding=&#8221;yes&#8221; [&hellip;]","og_url":"https:\/\/matris.eu\/it\/gruppi-propulsori-elettrici-per-autoveicoli\/","og_site_name":"Matris","article_publisher":"https:\/\/www.facebook.com\/Matrisdoo","article_modified_time":"2025-06-17T16:26:08+00:00","og_image":[{"width":1200,"height":1000,"url":"https:\/\/matris.eu\/wp-content\/uploads\/2024\/02\/matris_seo_image.jpg","type":"image\/jpeg"}],"twitter_card":"summary_large_image","twitter_misc":{"Tempo di lettura stimato":"3 minuti"},"schema":{"@context":"https:\/\/schema.org","@graph":[{"@type":"WebPage","@id":"https:\/\/matris.eu\/it\/gruppi-propulsori-elettrici-per-autoveicoli\/","url":"https:\/\/matris.eu\/it\/gruppi-propulsori-elettrici-per-autoveicoli\/","name":"Gruppi propulsori elettrici per autoveicoli | Matris","isPartOf":{"@id":"https:\/\/matris.eu\/it\/#website"},"datePublished":"2023-12-20T15:23:35+00:00","dateModified":"2025-06-17T16:26:08+00:00","breadcrumb":{"@id":"https:\/\/matris.eu\/it\/gruppi-propulsori-elettrici-per-autoveicoli\/#breadcrumb"},"inLanguage":"it-IT","potentialAction":[{"@type":"ReadAction","target":["https:\/\/matris.eu\/it\/gruppi-propulsori-elettrici-per-autoveicoli\/"]}]},{"@type":"BreadcrumbList","@id":"https:\/\/matris.eu\/it\/gruppi-propulsori-elettrici-per-autoveicoli\/#breadcrumb","itemListElement":[{"@type":"ListItem","position":1,"name":"Home","item":"https:\/\/matris.eu\/it\/"},{"@type":"ListItem","position":2,"name":"Gruppi propulsori elettrici per autoveicoli"}]},{"@type":"WebSite","@id":"https:\/\/matris.eu\/it\/#website","url":"https:\/\/matris.eu\/it\/","name":"Servisni center Matris","description":"Servis elektro, servo in vretenskih motorjev","publisher":{"@id":"https:\/\/matris.eu\/it\/#organization"},"alternateName":"Matris","potentialAction":[{"@type":"SearchAction","target":{"@type":"EntryPoint","urlTemplate":"https:\/\/matris.eu\/it\/?s={search_term_string}"},"query-input":{"@type":"PropertyValueSpecification","valueRequired":true,"valueName":"search_term_string"}}],"inLanguage":"it-IT"},{"@type":"Organization","@id":"https:\/\/matris.eu\/it\/#organization","name":"Servisni center Matris","alternateName":"Matris","url":"https:\/\/matris.eu\/it\/","logo":{"@type":"ImageObject","inLanguage":"it-IT","@id":"https:\/\/matris.eu\/it\/#\/schema\/logo\/image\/","url":"","contentUrl":"","caption":"Servisni center Matris"},"image":{"@id":"https:\/\/matris.eu\/it\/#\/schema\/logo\/image\/"},"sameAs":["https:\/\/www.facebook.com\/Matrisdoo","https:\/\/www.linkedin.com\/company\/matris_doo\/"]}]}},"_links":{"self":[{"href":"https:\/\/matris.eu\/it\/wp-json\/wp\/v2\/pages\/2929","targetHints":{"allow":["GET"]}}],"collection":[{"href":"https:\/\/matris.eu\/it\/wp-json\/wp\/v2\/pages"}],"about":[{"href":"https:\/\/matris.eu\/it\/wp-json\/wp\/v2\/types\/page"}],"author":[{"embeddable":true,"href":"https:\/\/matris.eu\/it\/wp-json\/wp\/v2\/users\/1"}],"replies":[{"embeddable":true,"href":"https:\/\/matris.eu\/it\/wp-json\/wp\/v2\/comments?post=2929"}],"version-history":[{"count":11,"href":"https:\/\/matris.eu\/it\/wp-json\/wp\/v2\/pages\/2929\/revisions"}],"predecessor-version":[{"id":2999,"href":"https:\/\/matris.eu\/it\/wp-json\/wp\/v2\/pages\/2929\/revisions\/2999"}],"wp:attachment":[{"href":"https:\/\/matris.eu\/it\/wp-json\/wp\/v2\/media?parent=2929"}],"curies":[{"name":"wp","href":"https:\/\/api.w.org\/{rel}","templated":true}]}}