{"id":2826,"date":"2024-07-26T11:12:34","date_gmt":"2024-07-26T09:12:34","guid":{"rendered":"https:\/\/matris.eu\/servizio-componenti-macchina\/"},"modified":"2025-06-17T18:26:37","modified_gmt":"2025-06-17T16:26:37","slug":"servizio-componenti-macchina","status":"publish","type":"page","link":"https:\/\/matris.eu\/it\/servizi\/servizio-componenti-macchina\/","title":{"rendered":"Servizio componenti macchina"},"content":{"rendered":"<div class=\"wpb-content-wrapper\"><p>[vc_row row_height_percent=&#8221;0&#8243; override_padding=&#8221;yes&#8221; h_padding=&#8221;2&#8243; top_padding=&#8221;0&#8243; bottom_padding=&#8221;2&#8243; overlay_alpha=&#8221;50&#8243; gutter_size=&#8221;4&#8243; column_width_percent=&#8221;100&#8243; shift_y=&#8221;0&#8243; z_index=&#8221;0&#8243; uncode_shortcode_id=&#8221;792719&#8243;][vc_column width=&#8221;1\/2&#8243;][vc_custom_heading uncode_shortcode_id=&#8221;305998&#8243;]Riduttori[\/vc_custom_heading][vc_column_text uncode_shortcode_id=&#8221;928874&#8243;]I riduttori sono componenti meccanici di fabbricazione relativamente semplice, ma svolgono un&#8217;importante funzione di trasmissione di potenza. Questa \u00e8 anche la causa principale della loro usura a lungo termine. Noi di Matris disponiamo di tutti i macchinari e le competenze necessarie per la lavorazione e la rigenerazione di riduttori di varie classi dimensionali: gru di grandi dimensioni, utensili, centri di lavoro CNC, rettificatrici, saldatrici laser. Siamo in grado di rigenerare o produrre ogni singolo componente.[\/vc_column_text][\/vc_column][vc_column width=&#8221;1\/2&#8243;][vc_custom_heading uncode_shortcode_id=&#8221;171809&#8243;]Pompe per vuoto e altre pompe[\/vc_custom_heading][vc_column_text uncode_shortcode_id=&#8221;555051&#8243;]Non siamo rappresentanti diretti o fornitori di servizi per pompe per vuoto e altre pompe, ma grazie alla nostra conoscenza acquisita in casi pratici estremamente impegnativi, siamo spesso la scelta migliore per risolvere i problemi che si presentano. Non ci affidiamo alle specifiche tecniche dei produttori; per noi \u00e8 pi\u00f9 importante garantire il funzionamento del dispositivo a lungo termine, anche scegliendo componenti migliori e pi\u00f9 durevoli rispetto a quelli generalmente definiti dai produttori. Il tutto, naturalmente, in base alle esigenze.[\/vc_column_text][\/vc_column][\/vc_row][vc_row][vc_column width=&#8221;1\/1&#8243;][vc_separator sep_color=&#8221;color-uydo&#8221; uncode_shortcode_id=&#8221;979609&#8243; sep_color_type=&#8221;uncode-palette&#8221;][\/vc_column][\/vc_row][vc_row][vc_column column_width_percent=&#8221;100&#8243; gutter_size=&#8221;3&#8243; overlay_alpha=&#8221;50&#8243; shift_x=&#8221;0&#8243; shift_y=&#8221;0&#8243; shift_y_down=&#8221;0&#8243; z_index=&#8221;0&#8243; medium_width=&#8221;0&#8243; mobile_width=&#8221;0&#8243; width=&#8221;1\/2&#8243; uncode_shortcode_id=&#8221;105859&#8243;][vc_row_inner][vc_column_inner column_width_percent=&#8221;100&#8243; gutter_size=&#8221;3&#8243; overlay_alpha=&#8221;50&#8243; shift_x=&#8221;0&#8243; shift_y=&#8221;0&#8243; shift_y_down=&#8221;0&#8243; z_index=&#8221;0&#8243; medium_width=&#8221;0&#8243; mobile_width=&#8221;0&#8243; width=&#8221;1\/1&#8243; uncode_shortcode_id=&#8221;140327&#8243;][vc_custom_heading uncode_shortcode_id=&#8221;510373&#8243;]I fan[\/vc_custom_heading][vc_column_text uncode_shortcode_id=&#8221;865305&#8243;]Con i ventilatori, la storia \u00e8 simile a quella delle pompe. Non ricostruiamo solo i motori, ricostruiamo anche le trasmissioni e infine la parte eolica\/ventilante. Equilibriamo gli alberi, ricostruiamo le giranti.[\/vc_column_text][\/vc_column_inner][\/vc_row_inner][vc_row_inner][vc_column_inner column_width_percent=&#8221;100&#8243; gutter_size=&#8221;3&#8243; overlay_alpha=&#8221;50&#8243; shift_x=&#8221;0&#8243; shift_y=&#8221;0&#8243; shift_y_down=&#8221;0&#8243; z_index=&#8221;0&#8243; medium_width=&#8221;0&#8243; mobile_width=&#8221;0&#8243; width=&#8221;1\/1&#8243; uncode_shortcode_id=&#8221;205921&#8243;][vc_custom_heading uncode_shortcode_id=&#8221;135019&#8243;]Travi[\/vc_custom_heading][vc_column_text uncode_shortcode_id=&#8221;910312&#8243;]Gli alberi sono presenti in molti componenti delle macchine (motori, ventilatori, pompe, ecc.) e possiamo affermare di essere specializzati nel bilanciamento, nella rigenerazione e nella produzione di nuovi alberi.[\/vc_column_text][\/vc_column_inner][\/vc_row_inner][\/vc_column][vc_column width=&#8221;1\/2&#8243;][vc_custom_heading uncode_shortcode_id=&#8221;111372&#8243;]Freni[\/vc_custom_heading][vc_column_text uncode_shortcode_id=&#8221;161236&#8243;]Il freno motore elettrico, nonostante la sua importanza, viene spesso trascurato. Data la sua funzione e il suo funzionamento, pu\u00f2 causare molti danni collaterali in caso di guasto. Molte persone non si chiedono nemmeno se sia possibile ricostruirlo o se sia economicamente conveniente farlo.[\/vc_column_text][vc_row_inner][vc_column_inner column_width_percent=&#8221;100&#8243; gutter_size=&#8221;3&#8243; style=&#8221;dark&#8221; back_color=&#8221;accent&#8221; overlay_alpha=&#8221;50&#8243; shift_x=&#8221;0&#8243; shift_y=&#8221;0&#8243; shift_y_down=&#8221;0&#8243; z_index=&#8221;0&#8243; medium_width=&#8221;0&#8243; mobile_width=&#8221;0&#8243; width=&#8221;1\/1&#8243; uncode_shortcode_id=&#8221;425364&#8243; back_color_type=&#8221;uncode-palette&#8221;][vc_column_text uncode_shortcode_id=&#8221;102501&#8243;]Il vantaggio della rigenerazione dei freni presso il centro assistenza Matris risiede nel miglioramento ottenuto utilizzando materiali rigenerati di qualit\u00e0 superiore rispetto a quelli usuali o richiesti dal produttore.[\/vc_column_text][\/vc_column_inner][\/vc_row_inner][\/vc_column][\/vc_row]<\/p>\n<\/div>","protected":false},"excerpt":{"rendered":"<p>Riparazione e ristrutturazione di riduttori, pompe per vuoto, pompe convenzionali, ventilatori, alberi, freni, ecc.<\/p>\n","protected":false},"author":3,"featured_media":1534,"parent":3160,"menu_order":3,"comment_status":"closed","ping_status":"closed","template":"","meta":{"footnotes":""},"class_list":["post-2826","page","type-page","status-publish","has-post-thumbnail","hentry"],"yoast_head":"<!-- This site is optimized with the Yoast SEO plugin v27.5 - https:\/\/yoast.com\/product\/yoast-seo-wordpress\/ -->\n<title>Servizio componenti macchina | Matris<\/title>\n<meta name=\"robots\" content=\"index, follow, max-snippet:-1, max-image-preview:large, max-video-preview:-1\" \/>\n<link rel=\"canonical\" href=\"https:\/\/matris.eu\/it\/servizi\/servizio-componenti-macchina\/\" \/>\n<meta property=\"og:locale\" content=\"it_IT\" \/>\n<meta property=\"og:type\" content=\"article\" \/>\n<meta property=\"og:title\" content=\"Servizio componenti macchina | Matris\" \/>\n<meta property=\"og:description\" content=\"Riparazione e ristrutturazione di riduttori, pompe per vuoto, pompe convenzionali, ventilatori, alberi, freni, ecc.\" \/>\n<meta property=\"og:url\" content=\"https:\/\/matris.eu\/it\/servizi\/servizio-componenti-macchina\/\" \/>\n<meta property=\"og:site_name\" content=\"Matris\" \/>\n<meta property=\"article:publisher\" content=\"https:\/\/www.facebook.com\/Matrisdoo\" \/>\n<meta property=\"article:modified_time\" content=\"2025-06-17T16:26:37+00:00\" \/>\n<meta property=\"og:image\" content=\"https:\/\/matris.eu\/wp-content\/uploads\/2024\/07\/hero_image_servis_strojnih_komponent.jpg\" \/>\n\t<meta property=\"og:image:width\" content=\"2048\" \/>\n\t<meta property=\"og:image:height\" content=\"800\" \/>\n\t<meta property=\"og:image:type\" content=\"image\/jpeg\" \/>\n<meta name=\"twitter:card\" content=\"summary_large_image\" \/>\n<meta name=\"twitter:label1\" content=\"Tempo di lettura stimato\" \/>\n\t<meta name=\"twitter:data1\" content=\"3 minuti\" \/>\n<script type=\"application\/ld+json\" class=\"yoast-schema-graph\">{\"@context\":\"https:\\\/\\\/schema.org\",\"@graph\":[{\"@type\":\"WebPage\",\"@id\":\"https:\\\/\\\/matris.eu\\\/it\\\/servizi\\\/servizio-componenti-macchina\\\/\",\"url\":\"https:\\\/\\\/matris.eu\\\/it\\\/servizi\\\/servizio-componenti-macchina\\\/\",\"name\":\"Servizio componenti macchina | Matris\",\"isPartOf\":{\"@id\":\"https:\\\/\\\/matris.eu\\\/it\\\/#website\"},\"primaryImageOfPage\":{\"@id\":\"https:\\\/\\\/matris.eu\\\/it\\\/servizi\\\/servizio-componenti-macchina\\\/#primaryimage\"},\"image\":{\"@id\":\"https:\\\/\\\/matris.eu\\\/it\\\/servizi\\\/servizio-componenti-macchina\\\/#primaryimage\"},\"thumbnailUrl\":\"https:\\\/\\\/matris.eu\\\/wp-content\\\/uploads\\\/2024\\\/07\\\/hero_image_servis_strojnih_komponent.jpg\",\"datePublished\":\"2024-07-26T09:12:34+00:00\",\"dateModified\":\"2025-06-17T16:26:37+00:00\",\"breadcrumb\":{\"@id\":\"https:\\\/\\\/matris.eu\\\/it\\\/servizi\\\/servizio-componenti-macchina\\\/#breadcrumb\"},\"inLanguage\":\"it-IT\",\"potentialAction\":[{\"@type\":\"ReadAction\",\"target\":[\"https:\\\/\\\/matris.eu\\\/it\\\/servizi\\\/servizio-componenti-macchina\\\/\"]}]},{\"@type\":\"ImageObject\",\"inLanguage\":\"it-IT\",\"@id\":\"https:\\\/\\\/matris.eu\\\/it\\\/servizi\\\/servizio-componenti-macchina\\\/#primaryimage\",\"url\":\"https:\\\/\\\/matris.eu\\\/wp-content\\\/uploads\\\/2024\\\/07\\\/hero_image_servis_strojnih_komponent.jpg\",\"contentUrl\":\"https:\\\/\\\/matris.eu\\\/wp-content\\\/uploads\\\/2024\\\/07\\\/hero_image_servis_strojnih_komponent.jpg\",\"width\":2048,\"height\":800,\"caption\":\"Servis strojnih komponent\"},{\"@type\":\"BreadcrumbList\",\"@id\":\"https:\\\/\\\/matris.eu\\\/it\\\/servizi\\\/servizio-componenti-macchina\\\/#breadcrumb\",\"itemListElement\":[{\"@type\":\"ListItem\",\"position\":1,\"name\":\"Home\",\"item\":\"https:\\\/\\\/matris.eu\\\/it\\\/\"},{\"@type\":\"ListItem\",\"position\":2,\"name\":\"Servizi\",\"item\":\"https:\\\/\\\/matris.eu\\\/it\\\/servizi\\\/\"},{\"@type\":\"ListItem\",\"position\":3,\"name\":\"Servizio componenti macchina\"}]},{\"@type\":\"WebSite\",\"@id\":\"https:\\\/\\\/matris.eu\\\/it\\\/#website\",\"url\":\"https:\\\/\\\/matris.eu\\\/it\\\/\",\"name\":\"Servisni center Matris\",\"description\":\"Servis elektro, servo in vretenskih motorjev\",\"publisher\":{\"@id\":\"https:\\\/\\\/matris.eu\\\/it\\\/#organization\"},\"alternateName\":\"Matris\",\"potentialAction\":[{\"@type\":\"SearchAction\",\"target\":{\"@type\":\"EntryPoint\",\"urlTemplate\":\"https:\\\/\\\/matris.eu\\\/it\\\/?s={search_term_string}\"},\"query-input\":{\"@type\":\"PropertyValueSpecification\",\"valueRequired\":true,\"valueName\":\"search_term_string\"}}],\"inLanguage\":\"it-IT\"},{\"@type\":\"Organization\",\"@id\":\"https:\\\/\\\/matris.eu\\\/it\\\/#organization\",\"name\":\"Servisni center Matris\",\"alternateName\":\"Matris\",\"url\":\"https:\\\/\\\/matris.eu\\\/it\\\/\",\"logo\":{\"@type\":\"ImageObject\",\"inLanguage\":\"it-IT\",\"@id\":\"https:\\\/\\\/matris.eu\\\/it\\\/#\\\/schema\\\/logo\\\/image\\\/\",\"url\":\"\",\"contentUrl\":\"\",\"caption\":\"Servisni center Matris\"},\"image\":{\"@id\":\"https:\\\/\\\/matris.eu\\\/it\\\/#\\\/schema\\\/logo\\\/image\\\/\"},\"sameAs\":[\"https:\\\/\\\/www.facebook.com\\\/Matrisdoo\",\"https:\\\/\\\/www.linkedin.com\\\/company\\\/matris_doo\\\/\"]}]}<\/script>\n<!-- \/ Yoast SEO plugin. -->","yoast_head_json":{"title":"Servizio componenti macchina | Matris","robots":{"index":"index","follow":"follow","max-snippet":"max-snippet:-1","max-image-preview":"max-image-preview:large","max-video-preview":"max-video-preview:-1"},"canonical":"https:\/\/matris.eu\/it\/servizi\/servizio-componenti-macchina\/","og_locale":"it_IT","og_type":"article","og_title":"Servizio componenti macchina | Matris","og_description":"Riparazione e ristrutturazione di riduttori, pompe per vuoto, pompe convenzionali, ventilatori, alberi, freni, ecc.","og_url":"https:\/\/matris.eu\/it\/servizi\/servizio-componenti-macchina\/","og_site_name":"Matris","article_publisher":"https:\/\/www.facebook.com\/Matrisdoo","article_modified_time":"2025-06-17T16:26:37+00:00","og_image":[{"width":2048,"height":800,"url":"https:\/\/matris.eu\/wp-content\/uploads\/2024\/07\/hero_image_servis_strojnih_komponent.jpg","type":"image\/jpeg"}],"twitter_card":"summary_large_image","twitter_misc":{"Tempo di lettura stimato":"3 minuti"},"schema":{"@context":"https:\/\/schema.org","@graph":[{"@type":"WebPage","@id":"https:\/\/matris.eu\/it\/servizi\/servizio-componenti-macchina\/","url":"https:\/\/matris.eu\/it\/servizi\/servizio-componenti-macchina\/","name":"Servizio componenti macchina | Matris","isPartOf":{"@id":"https:\/\/matris.eu\/it\/#website"},"primaryImageOfPage":{"@id":"https:\/\/matris.eu\/it\/servizi\/servizio-componenti-macchina\/#primaryimage"},"image":{"@id":"https:\/\/matris.eu\/it\/servizi\/servizio-componenti-macchina\/#primaryimage"},"thumbnailUrl":"https:\/\/matris.eu\/wp-content\/uploads\/2024\/07\/hero_image_servis_strojnih_komponent.jpg","datePublished":"2024-07-26T09:12:34+00:00","dateModified":"2025-06-17T16:26:37+00:00","breadcrumb":{"@id":"https:\/\/matris.eu\/it\/servizi\/servizio-componenti-macchina\/#breadcrumb"},"inLanguage":"it-IT","potentialAction":[{"@type":"ReadAction","target":["https:\/\/matris.eu\/it\/servizi\/servizio-componenti-macchina\/"]}]},{"@type":"ImageObject","inLanguage":"it-IT","@id":"https:\/\/matris.eu\/it\/servizi\/servizio-componenti-macchina\/#primaryimage","url":"https:\/\/matris.eu\/wp-content\/uploads\/2024\/07\/hero_image_servis_strojnih_komponent.jpg","contentUrl":"https:\/\/matris.eu\/wp-content\/uploads\/2024\/07\/hero_image_servis_strojnih_komponent.jpg","width":2048,"height":800,"caption":"Servis strojnih komponent"},{"@type":"BreadcrumbList","@id":"https:\/\/matris.eu\/it\/servizi\/servizio-componenti-macchina\/#breadcrumb","itemListElement":[{"@type":"ListItem","position":1,"name":"Home","item":"https:\/\/matris.eu\/it\/"},{"@type":"ListItem","position":2,"name":"Servizi","item":"https:\/\/matris.eu\/it\/servizi\/"},{"@type":"ListItem","position":3,"name":"Servizio componenti macchina"}]},{"@type":"WebSite","@id":"https:\/\/matris.eu\/it\/#website","url":"https:\/\/matris.eu\/it\/","name":"Servisni center Matris","description":"Servis elektro, servo in vretenskih motorjev","publisher":{"@id":"https:\/\/matris.eu\/it\/#organization"},"alternateName":"Matris","potentialAction":[{"@type":"SearchAction","target":{"@type":"EntryPoint","urlTemplate":"https:\/\/matris.eu\/it\/?s={search_term_string}"},"query-input":{"@type":"PropertyValueSpecification","valueRequired":true,"valueName":"search_term_string"}}],"inLanguage":"it-IT"},{"@type":"Organization","@id":"https:\/\/matris.eu\/it\/#organization","name":"Servisni center Matris","alternateName":"Matris","url":"https:\/\/matris.eu\/it\/","logo":{"@type":"ImageObject","inLanguage":"it-IT","@id":"https:\/\/matris.eu\/it\/#\/schema\/logo\/image\/","url":"","contentUrl":"","caption":"Servisni center Matris"},"image":{"@id":"https:\/\/matris.eu\/it\/#\/schema\/logo\/image\/"},"sameAs":["https:\/\/www.facebook.com\/Matrisdoo","https:\/\/www.linkedin.com\/company\/matris_doo\/"]}]}},"_links":{"self":[{"href":"https:\/\/matris.eu\/it\/wp-json\/wp\/v2\/pages\/2826","targetHints":{"allow":["GET"]}}],"collection":[{"href":"https:\/\/matris.eu\/it\/wp-json\/wp\/v2\/pages"}],"about":[{"href":"https:\/\/matris.eu\/it\/wp-json\/wp\/v2\/types\/page"}],"author":[{"embeddable":true,"href":"https:\/\/matris.eu\/it\/wp-json\/wp\/v2\/users\/3"}],"replies":[{"embeddable":true,"href":"https:\/\/matris.eu\/it\/wp-json\/wp\/v2\/comments?post=2826"}],"version-history":[{"count":1,"href":"https:\/\/matris.eu\/it\/wp-json\/wp\/v2\/pages\/2826\/revisions"}],"predecessor-version":[{"id":2830,"href":"https:\/\/matris.eu\/it\/wp-json\/wp\/v2\/pages\/2826\/revisions\/2830"}],"up":[{"embeddable":true,"href":"https:\/\/matris.eu\/it\/wp-json\/wp\/v2\/pages\/3160"}],"wp:featuredmedia":[{"embeddable":true,"href":"https:\/\/matris.eu\/it\/wp-json\/wp\/v2\/media\/1534"}],"wp:attachment":[{"href":"https:\/\/matris.eu\/it\/wp-json\/wp\/v2\/media?parent=2826"}],"curies":[{"name":"wp","href":"https:\/\/api.w.org\/{rel}","templated":true}]}}