{"id":2820,"date":"2024-07-31T16:03:10","date_gmt":"2024-07-31T14:03:10","guid":{"rendered":"https:\/\/matris.eu\/assistenza-per-gruppi-propulsori-automobilistici\/"},"modified":"2026-03-10T10:09:31","modified_gmt":"2026-03-10T09:09:31","slug":"assistenza-per-gruppi-propulsori-automobilistici","status":"publish","type":"page","link":"https:\/\/matris.eu\/it\/servizi\/assistenza-per-gruppi-propulsori-automobilistici\/","title":{"rendered":"Riavvolgimento di grandi unit\u00e0 motrici Tesla (LDU)"},"content":{"rendered":"<div class=\"wpb-content-wrapper\"><p>[vc_row row_height_percent=&#8221;0&#8243; override_padding=&#8221;yes&#8221; h_padding=&#8221;2&#8243; top_padding=&#8221;0&#8243; bottom_padding=&#8221;2&#8243; overlay_alpha=&#8221;50&#8243; gutter_size=&#8221;4&#8243; column_width_percent=&#8221;100&#8243; shift_y=&#8221;0&#8243; z_index=&#8221;0&#8243; uncode_shortcode_id=&#8221;919467&#8243;][vc_column width=&#8221;1\/1&#8243;][vc_column_text uncode_shortcode_id=&#8221;211525&#8243;]Matris non \u00e8 un&#8217;officina meccanica per veicoli elettrici, ma siamo specialisti nel riavvolgimento e nella manutenzione di EDU (electric drive unit). Nel 2024 abbiamo portato il nostro servizio di assistenza a un livello superiore agli standard. Osiamo affermare che le unit\u00e0 motrici revisionate nel nostro centro assistenza sono pi\u00f9 resistenti, meglio protette e hanno migliori caratteristiche prestazionali rispetto alle unit\u00e0 OEM. Aggiorniamo e integriamo costantemente il nostro bagaglio di conoscenze.   <\/p>\n<p>Sebbene non ci limitiamo a nessun marchio specifico, attualmente siamo focalizzati sulle Tesla LDU per Tesla Model S (2012\u20132020), Tesla Model X (2016\u20132021) e Mercedes-Benz B250e (nota anche come Classe B Electric Drive)[\/vc_column_text][\/vc_column][\/vc_row][vc_row][vc_column width=&#8221;1\/1&#8243;][vc_separator sep_color=&#8221;color-uydo&#8221; uncode_shortcode_id=&#8221;979609&#8243; sep_color_type=&#8221;uncode-palette&#8221;][\/vc_column][\/vc_row][vc_row row_height_percent=&#8221;0&#8243; override_padding=&#8221;yes&#8221; h_padding=&#8221;2&#8243; top_padding=&#8221;2&#8243; bottom_padding=&#8221;2&#8243; overlay_alpha=&#8221;50&#8243; gutter_size=&#8221;3&#8243; column_width_percent=&#8221;100&#8243; shift_y=&#8221;0&#8243; z_index=&#8221;0&#8243; uncode_shortcode_id=&#8221;123757&#8243;][vc_column width=&#8221;1\/2&#8243;][vc_custom_heading heading_semantic=&#8221;h3&#8243; text_size=&#8221;h4&#8243; uncode_shortcode_id=&#8221;147303&#8243;]La realt\u00e0 del mercato dei veicoli elettrici[\/vc_custom_heading][vc_column_text uncode_shortcode_id=&#8221;843875&#8243;]Sebbene si possano trovare molti articoli su come l&#8217;eMobility sia limitata dalla tecnologia di produzione delle batterie, dall&#8217;autonomia e dall&#8217;infrastruttura di ricarica, il problema principale \u00e8 in realt\u00e0 che i veicoli che stanno uscendo dalla garanzia di fabbrica non hanno il supporto necessario in una rete di riparatori indipendenti.[\/vc_column_text][vc_custom_heading heading_semantic=&#8221;h3&#8243; text_size=&#8221;h4&#8243; uncode_shortcode_id=&#8221;113455&#8243;]Miglioramenti nella revisione dello statore Tesla LDU[\/vc_custom_heading][uncode_list icon=&#8221;fa fa-check&#8221; icon_color=&#8221;accent&#8221; uncode_shortcode_id=&#8221;111378&#8243; icon_color_type=&#8221;uncode-palette&#8221;]<\/p>\n<ul>\n<li>Aumento delle prestazioni del 3-5%<\/li>\n<li>Migliore dissipazione del calore grazie all&#8217;uso della resina epossidica Matris<\/li>\n<li>Riduzione dei problemi di surriscaldamento dello statore<\/li>\n<li>Aumento del 3% della superficie dei conduttori di fase<\/li>\n<li>Eccezionale resistenza a livello G\u03a9 (rispetto ai min. 4M\u03a9 dell&#8217;OEM), che lo rende praticamente indistruttibile<\/li>\n<\/ul>\n<p>[\/uncode_list][\/vc_column][vc_column column_width_percent=&#8221;100&#8243; gutter_size=&#8221;3&#8243; override_padding=&#8221;yes&#8221; column_padding=&#8221;3&#8243; back_color=&#8221;color-193339&#8243; overlay_alpha=&#8221;50&#8243; shift_x=&#8221;0&#8243; shift_y=&#8221;0&#8243; shift_y_down=&#8221;0&#8243; z_index=&#8221;0&#8243; medium_width=&#8221;0&#8243; mobile_width=&#8221;0&#8243; width=&#8221;1\/2&#8243; uncode_shortcode_id=&#8221;612813&#8243; back_color_type=&#8221;uncode-palette&#8221;][vc_single_image media=&#8221;2931&#8243; media_width_use_pixel=&#8221;yes&#8221; uncode_shortcode_id=&#8221;366294&#8243; media_width_pixel=&#8221;200&#8243;][vc_column_text uncode_shortcode_id=&#8221;316772&#8243;]Siamo <strong>altamente specializzati nella revisione della parte elettrica<\/strong> delle unit\u00e0 motrici di veicoli elettrici. Se desideri usufruire delle nostre competenze e dei nostri servizi, inviaci al nostro indirizzo la parte elettrica dell&#8217;unit\u00e0 (statore e rotore). Dopo la ricezione, lo smontaggio e l&#8217;ispezione dello stato rilevato, invieremo un preventivo per la revisione. Una volta confermato, procederemo con il lavoro. Sul lavoro eseguito ricevi sempre una garanzia Matris di 1 anno. Con un supplemento, anche di 2 anni.     <\/p>\n<p><em>Non siamo un&#8217;officina meccanica e non effettuiamo la manutenzione dei veicoli; inoltre, non smontiamo i gruppi motopropulsori.<\/em>[\/vc_column_text][\/vc_column][\/vc_row]<\/p>\n<\/div>","protected":false},"excerpt":{"rendered":"<p>Siamo altamente specializzati nella revisione della parte elettrica delle unit\u00e0 motrici di veicoli elettrici<\/p>\n","protected":false},"author":3,"featured_media":4409,"parent":3160,"menu_order":5,"comment_status":"closed","ping_status":"closed","template":"","meta":{"footnotes":""},"class_list":["post-2820","page","type-page","status-publish","has-post-thumbnail","hentry"],"yoast_head":"<!-- This site is optimized with the Yoast SEO plugin v27.5 - https:\/\/yoast.com\/product\/yoast-seo-wordpress\/ -->\n<title>Riavvolgimento di grandi unit\u00e0 motrici Tesla (LDU) | Matris<\/title>\n<meta name=\"description\" content=\"Riavvolgimento specializzato di unit\u00e0 motrici Tesla Model S, Model X e Mercedes B250e. Protezione superiore agli standard \u2014 pi\u00f9 resistente dell&#039;originale (OEM).\" \/>\n<meta name=\"robots\" content=\"index, follow, max-snippet:-1, max-image-preview:large, max-video-preview:-1\" \/>\n<link rel=\"canonical\" href=\"https:\/\/matris.eu\/it\/servizi\/assistenza-per-gruppi-propulsori-automobilistici\/\" \/>\n<meta property=\"og:locale\" content=\"it_IT\" \/>\n<meta property=\"og:type\" content=\"article\" \/>\n<meta property=\"og:title\" content=\"Riavvolgimento di grandi unit\u00e0 motrici Tesla (LDU) | Matris\" \/>\n<meta property=\"og:description\" content=\"Riavvolgimento specializzato di unit\u00e0 motrici Tesla Model S, Model X e Mercedes B250e. Protezione superiore agli standard \u2014 pi\u00f9 resistente dell&#039;originale (OEM).\" \/>\n<meta property=\"og:url\" content=\"https:\/\/matris.eu\/it\/servizi\/assistenza-per-gruppi-propulsori-automobilistici\/\" \/>\n<meta property=\"og:site_name\" content=\"Matris\" \/>\n<meta property=\"article:publisher\" content=\"https:\/\/www.facebook.com\/Matrisdoo\" \/>\n<meta property=\"article:modified_time\" content=\"2026-03-10T09:09:31+00:00\" \/>\n<meta property=\"og:image\" content=\"https:\/\/matris.eu\/wp-content\/uploads\/2026\/03\/2026-03-04_14h25_33-concentrate-1024x776.png\" \/>\n\t<meta property=\"og:image:width\" content=\"1024\" \/>\n\t<meta property=\"og:image:height\" content=\"776\" \/>\n\t<meta property=\"og:image:type\" content=\"image\/png\" \/>\n<meta name=\"twitter:card\" content=\"summary_large_image\" \/>\n<meta name=\"twitter:label1\" content=\"Tempo di lettura stimato\" \/>\n\t<meta name=\"twitter:data1\" content=\"3 minuti\" \/>\n<script type=\"application\/ld+json\" class=\"yoast-schema-graph\">{\"@context\":\"https:\\\/\\\/schema.org\",\"@graph\":[{\"@type\":\"WebPage\",\"@id\":\"https:\\\/\\\/matris.eu\\\/it\\\/servizi\\\/assistenza-per-gruppi-propulsori-automobilistici\\\/\",\"url\":\"https:\\\/\\\/matris.eu\\\/it\\\/servizi\\\/assistenza-per-gruppi-propulsori-automobilistici\\\/\",\"name\":\"Riavvolgimento di grandi unit\u00e0 motrici Tesla (LDU) | Matris\",\"isPartOf\":{\"@id\":\"https:\\\/\\\/matris.eu\\\/it\\\/#website\"},\"primaryImageOfPage\":{\"@id\":\"https:\\\/\\\/matris.eu\\\/it\\\/servizi\\\/assistenza-per-gruppi-propulsori-automobilistici\\\/#primaryimage\"},\"image\":{\"@id\":\"https:\\\/\\\/matris.eu\\\/it\\\/servizi\\\/assistenza-per-gruppi-propulsori-automobilistici\\\/#primaryimage\"},\"thumbnailUrl\":\"https:\\\/\\\/matris.eu\\\/wp-content\\\/uploads\\\/2026\\\/03\\\/2026-03-04_14h25_33-concentrate.png\",\"datePublished\":\"2024-07-31T14:03:10+00:00\",\"dateModified\":\"2026-03-10T09:09:31+00:00\",\"description\":\"Riavvolgimento specializzato di unit\u00e0 motrici Tesla Model S, Model X e Mercedes B250e. Protezione superiore agli standard \u2014 pi\u00f9 resistente dell'originale (OEM).\",\"breadcrumb\":{\"@id\":\"https:\\\/\\\/matris.eu\\\/it\\\/servizi\\\/assistenza-per-gruppi-propulsori-automobilistici\\\/#breadcrumb\"},\"inLanguage\":\"it-IT\",\"potentialAction\":[{\"@type\":\"ReadAction\",\"target\":[\"https:\\\/\\\/matris.eu\\\/it\\\/servizi\\\/assistenza-per-gruppi-propulsori-automobilistici\\\/\"]}]},{\"@type\":\"ImageObject\",\"inLanguage\":\"it-IT\",\"@id\":\"https:\\\/\\\/matris.eu\\\/it\\\/servizi\\\/assistenza-per-gruppi-propulsori-automobilistici\\\/#primaryimage\",\"url\":\"https:\\\/\\\/matris.eu\\\/wp-content\\\/uploads\\\/2026\\\/03\\\/2026-03-04_14h25_33-concentrate.png\",\"contentUrl\":\"https:\\\/\\\/matris.eu\\\/wp-content\\\/uploads\\\/2026\\\/03\\\/2026-03-04_14h25_33-concentrate.png\",\"width\":1279,\"height\":969},{\"@type\":\"BreadcrumbList\",\"@id\":\"https:\\\/\\\/matris.eu\\\/it\\\/servizi\\\/assistenza-per-gruppi-propulsori-automobilistici\\\/#breadcrumb\",\"itemListElement\":[{\"@type\":\"ListItem\",\"position\":1,\"name\":\"Home\",\"item\":\"https:\\\/\\\/matris.eu\\\/it\\\/\"},{\"@type\":\"ListItem\",\"position\":2,\"name\":\"Servizi\",\"item\":\"https:\\\/\\\/matris.eu\\\/it\\\/servizi\\\/\"},{\"@type\":\"ListItem\",\"position\":3,\"name\":\"Riavvolgimento di grandi unit\u00e0 motrici Tesla (LDU)\"}]},{\"@type\":\"WebSite\",\"@id\":\"https:\\\/\\\/matris.eu\\\/it\\\/#website\",\"url\":\"https:\\\/\\\/matris.eu\\\/it\\\/\",\"name\":\"Servisni center Matris\",\"description\":\"Servis elektro, servo in vretenskih motorjev\",\"publisher\":{\"@id\":\"https:\\\/\\\/matris.eu\\\/it\\\/#organization\"},\"alternateName\":\"Matris\",\"potentialAction\":[{\"@type\":\"SearchAction\",\"target\":{\"@type\":\"EntryPoint\",\"urlTemplate\":\"https:\\\/\\\/matris.eu\\\/it\\\/?s={search_term_string}\"},\"query-input\":{\"@type\":\"PropertyValueSpecification\",\"valueRequired\":true,\"valueName\":\"search_term_string\"}}],\"inLanguage\":\"it-IT\"},{\"@type\":\"Organization\",\"@id\":\"https:\\\/\\\/matris.eu\\\/it\\\/#organization\",\"name\":\"Servisni center Matris\",\"alternateName\":\"Matris\",\"url\":\"https:\\\/\\\/matris.eu\\\/it\\\/\",\"logo\":{\"@type\":\"ImageObject\",\"inLanguage\":\"it-IT\",\"@id\":\"https:\\\/\\\/matris.eu\\\/it\\\/#\\\/schema\\\/logo\\\/image\\\/\",\"url\":\"\",\"contentUrl\":\"\",\"caption\":\"Servisni center Matris\"},\"image\":{\"@id\":\"https:\\\/\\\/matris.eu\\\/it\\\/#\\\/schema\\\/logo\\\/image\\\/\"},\"sameAs\":[\"https:\\\/\\\/www.facebook.com\\\/Matrisdoo\",\"https:\\\/\\\/www.linkedin.com\\\/company\\\/matris_doo\\\/\"]}]}<\/script>\n<!-- \/ Yoast SEO plugin. -->","yoast_head_json":{"title":"Riavvolgimento di grandi unit\u00e0 motrici Tesla (LDU) | Matris","description":"Riavvolgimento specializzato di unit\u00e0 motrici Tesla Model S, Model X e Mercedes B250e. Protezione superiore agli standard \u2014 pi\u00f9 resistente dell'originale (OEM).","robots":{"index":"index","follow":"follow","max-snippet":"max-snippet:-1","max-image-preview":"max-image-preview:large","max-video-preview":"max-video-preview:-1"},"canonical":"https:\/\/matris.eu\/it\/servizi\/assistenza-per-gruppi-propulsori-automobilistici\/","og_locale":"it_IT","og_type":"article","og_title":"Riavvolgimento di grandi unit\u00e0 motrici Tesla (LDU) | Matris","og_description":"Riavvolgimento specializzato di unit\u00e0 motrici Tesla Model S, Model X e Mercedes B250e. Protezione superiore agli standard \u2014 pi\u00f9 resistente dell'originale (OEM).","og_url":"https:\/\/matris.eu\/it\/servizi\/assistenza-per-gruppi-propulsori-automobilistici\/","og_site_name":"Matris","article_publisher":"https:\/\/www.facebook.com\/Matrisdoo","article_modified_time":"2026-03-10T09:09:31+00:00","og_image":[{"width":1024,"height":776,"url":"https:\/\/matris.eu\/wp-content\/uploads\/2026\/03\/2026-03-04_14h25_33-concentrate-1024x776.png","type":"image\/png"}],"twitter_card":"summary_large_image","twitter_misc":{"Tempo di lettura stimato":"3 minuti"},"schema":{"@context":"https:\/\/schema.org","@graph":[{"@type":"WebPage","@id":"https:\/\/matris.eu\/it\/servizi\/assistenza-per-gruppi-propulsori-automobilistici\/","url":"https:\/\/matris.eu\/it\/servizi\/assistenza-per-gruppi-propulsori-automobilistici\/","name":"Riavvolgimento di grandi unit\u00e0 motrici Tesla (LDU) | Matris","isPartOf":{"@id":"https:\/\/matris.eu\/it\/#website"},"primaryImageOfPage":{"@id":"https:\/\/matris.eu\/it\/servizi\/assistenza-per-gruppi-propulsori-automobilistici\/#primaryimage"},"image":{"@id":"https:\/\/matris.eu\/it\/servizi\/assistenza-per-gruppi-propulsori-automobilistici\/#primaryimage"},"thumbnailUrl":"https:\/\/matris.eu\/wp-content\/uploads\/2026\/03\/2026-03-04_14h25_33-concentrate.png","datePublished":"2024-07-31T14:03:10+00:00","dateModified":"2026-03-10T09:09:31+00:00","description":"Riavvolgimento specializzato di unit\u00e0 motrici Tesla Model S, Model X e Mercedes B250e. Protezione superiore agli standard \u2014 pi\u00f9 resistente dell'originale (OEM).","breadcrumb":{"@id":"https:\/\/matris.eu\/it\/servizi\/assistenza-per-gruppi-propulsori-automobilistici\/#breadcrumb"},"inLanguage":"it-IT","potentialAction":[{"@type":"ReadAction","target":["https:\/\/matris.eu\/it\/servizi\/assistenza-per-gruppi-propulsori-automobilistici\/"]}]},{"@type":"ImageObject","inLanguage":"it-IT","@id":"https:\/\/matris.eu\/it\/servizi\/assistenza-per-gruppi-propulsori-automobilistici\/#primaryimage","url":"https:\/\/matris.eu\/wp-content\/uploads\/2026\/03\/2026-03-04_14h25_33-concentrate.png","contentUrl":"https:\/\/matris.eu\/wp-content\/uploads\/2026\/03\/2026-03-04_14h25_33-concentrate.png","width":1279,"height":969},{"@type":"BreadcrumbList","@id":"https:\/\/matris.eu\/it\/servizi\/assistenza-per-gruppi-propulsori-automobilistici\/#breadcrumb","itemListElement":[{"@type":"ListItem","position":1,"name":"Home","item":"https:\/\/matris.eu\/it\/"},{"@type":"ListItem","position":2,"name":"Servizi","item":"https:\/\/matris.eu\/it\/servizi\/"},{"@type":"ListItem","position":3,"name":"Riavvolgimento di grandi unit\u00e0 motrici Tesla (LDU)"}]},{"@type":"WebSite","@id":"https:\/\/matris.eu\/it\/#website","url":"https:\/\/matris.eu\/it\/","name":"Servisni center Matris","description":"Servis elektro, servo in vretenskih motorjev","publisher":{"@id":"https:\/\/matris.eu\/it\/#organization"},"alternateName":"Matris","potentialAction":[{"@type":"SearchAction","target":{"@type":"EntryPoint","urlTemplate":"https:\/\/matris.eu\/it\/?s={search_term_string}"},"query-input":{"@type":"PropertyValueSpecification","valueRequired":true,"valueName":"search_term_string"}}],"inLanguage":"it-IT"},{"@type":"Organization","@id":"https:\/\/matris.eu\/it\/#organization","name":"Servisni center Matris","alternateName":"Matris","url":"https:\/\/matris.eu\/it\/","logo":{"@type":"ImageObject","inLanguage":"it-IT","@id":"https:\/\/matris.eu\/it\/#\/schema\/logo\/image\/","url":"","contentUrl":"","caption":"Servisni center Matris"},"image":{"@id":"https:\/\/matris.eu\/it\/#\/schema\/logo\/image\/"},"sameAs":["https:\/\/www.facebook.com\/Matrisdoo","https:\/\/www.linkedin.com\/company\/matris_doo\/"]}]}},"_links":{"self":[{"href":"https:\/\/matris.eu\/it\/wp-json\/wp\/v2\/pages\/2820","targetHints":{"allow":["GET"]}}],"collection":[{"href":"https:\/\/matris.eu\/it\/wp-json\/wp\/v2\/pages"}],"about":[{"href":"https:\/\/matris.eu\/it\/wp-json\/wp\/v2\/types\/page"}],"author":[{"embeddable":true,"href":"https:\/\/matris.eu\/it\/wp-json\/wp\/v2\/users\/3"}],"replies":[{"embeddable":true,"href":"https:\/\/matris.eu\/it\/wp-json\/wp\/v2\/comments?post=2820"}],"version-history":[{"count":7,"href":"https:\/\/matris.eu\/it\/wp-json\/wp\/v2\/pages\/2820\/revisions"}],"predecessor-version":[{"id":4481,"href":"https:\/\/matris.eu\/it\/wp-json\/wp\/v2\/pages\/2820\/revisions\/4481"}],"up":[{"embeddable":true,"href":"https:\/\/matris.eu\/it\/wp-json\/wp\/v2\/pages\/3160"}],"wp:featuredmedia":[{"embeddable":true,"href":"https:\/\/matris.eu\/it\/wp-json\/wp\/v2\/media\/4409"}],"wp:attachment":[{"href":"https:\/\/matris.eu\/it\/wp-json\/wp\/v2\/media?parent=2820"}],"curies":[{"name":"wp","href":"https:\/\/api.w.org\/{rel}","templated":true}]}}