{"id":3681,"date":"2023-12-18T14:11:46","date_gmt":"2023-12-18T13:11:46","guid":{"rendered":"https:\/\/matris.eu\/galletas\/"},"modified":"2025-06-23T15:53:31","modified_gmt":"2025-06-23T13:53:31","slug":"galletas","status":"publish","type":"page","link":"https:\/\/matris.eu\/es\/galletas\/","title":{"rendered":"Galletas"},"content":{"rendered":"<div class=\"wpb-content-wrapper\"><p>[vc_row row_height_percent=\u00bb0&#8243; override_padding=\u00bbyes\u00bb h_padding=\u00bb2&#8243; top_padding=\u00bb3&#8243; bottom_padding=\u00bb3&#8243; back_color=\u00bbcolor-193339&#8243; overlay_alpha=\u00bb50&#8243; gutter_size=\u00bb3&#8243; column_width_use_pixel=\u00bbyes\u00bb shift_y=\u00bb0&#8243; z_index=\u00bb0&#8243; uncode_shortcode_id=\u00bb112108&#8243; back_color_type=\u00bbuncode-palette\u00bb shape_dividers=\u00bb\u00bb][vc_column column_width_percent=\u00bb100&#8243; align_horizontal=\u00bbalign_center\u00bb gutter_size=\u00bb3&#8243; overlay_alpha=\u00bb50&#8243; shift_x=\u00bb0&#8243; shift_y=\u00bb0&#8243; shift_y_down=\u00bb0&#8243; z_index=\u00bb0&#8243; medium_width=\u00bb0&#8243; mobile_width=\u00bb0&#8243; width=\u00bb1\/1&#8243; uncode_shortcode_id=\u00bb110546&#8243;][vc_custom_heading heading_semantic=\u00bbh1&#8243; text_size=\u00bbh1&#8243; separator=\u00bbunder\u00bb separator_color=\u00bbyes\u00bb sub_lead=\u00bbyes\u00bb sub_reduced=\u00bbyes\u00bb uncode_shortcode_id=\u00bb179961&#8243; subheading=\u00bbLas cookies son simples archivos de texto que algunos sitios web instalan en su ordenador a trav\u00e9s de su navegador y que almacenan informaci\u00f3n no personal. Esto permite que el sitio web lo reconozca cuando regrese. \u00ab]Galletas[\/vc_custom_heading][\/vc_column][\/vc_row][vc_row row_height_percent=\u00bb0&#8243; override_padding=\u00bbyes\u00bb h_padding=\u00bb2&#8243; top_padding=\u00bb3&#8243; bottom_padding=\u00bb3&#8243; overlay_alpha=\u00bb50&#8243; gutter_size=\u00bb3&#8243; column_width_percent=\u00bb100&#8243; shift_y=\u00bb0&#8243; z_index=\u00bb0&#8243; uncode_shortcode_id=\u00bb315395&#8243; shape_dividers=\u00bb\u00bb][vc_column column_width_percent=\u00bb100&#8243; gutter_size=\u00bb3&#8243; overlay_alpha=\u00bb50&#8243; shift_x=\u00bb0&#8243; shift_y=\u00bb0&#8243; shift_y_down=\u00bb0&#8243; z_index=\u00bb0&#8243; medium_width=\u00bb0&#8243; mobile_width=\u00bb0&#8243; width=\u00bb1\/1&#8243; uncode_shortcode_id=\u00bb737043&#8243;][vc_column_text uncode_shortcode_id=\u00bb133944&#8243;]<\/p>\n<h3>Cookies en www.matris.eu<\/h3>\n<p>El sitio web www.matris.eu utiliza las siguientes cookies.[\/vc_column_text][vc_separator sep_color=\u00bbcolor-uydo\u00bb uncode_shortcode_id=\u00bb544133&#8243; sep_color_type=\u00bbuncode-palette\u00bb][vc_row_inner row_inner_height_percent=\u00bb0&#8243; overlay_alpha=\u00bb50&#8243; gutter_size=\u00bb3&#8243; border_color=\u00bbcolor-193339&#8243; border_style=\u00bbsolid\u00bb shift_y=\u00bb0&#8243; z_index=\u00bb0&#8243; uncode_shortcode_id=\u00bb137539&#8243; border_color_type=\u00bbuncode-palette\u00bb][vc_column_inner column_width_percent=\u00bb100&#8243; gutter_size=\u00bb3&#8243; overlay_alpha=\u00bb50&#8243; border_color=\u00bbcolor-193339&#8243; border_style=\u00bbsolid\u00bb shift_x=\u00bb0&#8243; shift_y=\u00bb0&#8243; shift_y_down=\u00bb0&#8243; z_index=\u00bb0&#8243; medium_width=\u00bb0&#8243; mobile_width=\u00bb0&#8243; width=\u00bb1\/4&#8243; uncode_shortcode_id=\u00bb132771&#8243; border_color_type=\u00bbuncode-palette\u00bb][vc_column_text uncode_shortcode_id=\u00bb253192&#8243;]<strong>_\u00e9l<\/strong><br \/>\n <strong>_gat_gtag<\/strong><br \/>\n <strong>_gid<\/strong>[\/vc_column_text][\/vc_column_inner][vc_column_inner column_width_percent=\u00bb100&#8243; gutter_size=\u00bb3&#8243; overlay_alpha=\u00bb50&#8243; border_color=\u00bbcolor-193339&#8243; border_style=\u00bbsolid\u00bb shift_x=\u00bb0&#8243; shift_y=\u00bb0&#8243; shift_y_down=\u00bb0&#8243; z_index=\u00bb0&#8243; medium_width=\u00bb0&#8243; mobile_width=\u00bb0&#8243; width=\u00bb3\/4&#8243; uncode_shortcode_id=\u00bb776423&#8243; border_color_type=\u00bbuncode-palette\u00bb][vc_column_text uncode_shortcode_id=\u00bb204995&#8243;]Estas cookies son instaladas por Google Analytics para registrar la visita al sitio (detalles). Algunas duran hasta el final de la sesi\u00f3n, otras m\u00e1s. No son obligatorias y no contienen datos personales. La identificaci\u00f3n de la direcci\u00f3n IP est\u00e1 deshabilitada.[\/vc_column_text][\/vc_column_inner][\/vc_row_inner][vc_separator sep_color=\u00bbcolor-uydo\u00bb uncode_shortcode_id=\u00bb544133&#8243; sep_color_type=\u00bbuncode-palette\u00bb][vc_row_inner row_inner_height_percent=\u00bb0&#8243; overlay_alpha=\u00bb50&#8243; gutter_size=\u00bb3&#8243; border_color=\u00bbcolor-193339&#8243; border_style=\u00bbsolid\u00bb shift_y=\u00bb0&#8243; z_index=\u00bb0&#8243; uncode_shortcode_id=\u00bb210274&#8243; border_color_type=\u00bbuncode-palette\u00bb][vc_column_inner width=\u00bb1\/4&#8243;][vc_column_text uncode_shortcode_id=\u00bb278532&#8243;]<strong>pol\u00edtica de cookies vista<\/strong>[\/vc_column_text][\/vc_column_inner][vc_column_inner width=\u00bb3\/4&#8243;][vc_column_text uncode_shortcode_id=\u00bb116964&#8243;]Una cookie que recuerda tu confirmaci\u00f3n de que aceptas el uso de cookies. Tiene una duraci\u00f3n de un a\u00f1o y garantiza que la notificaci\u00f3n de cookies deje de mostrarse durante este periodo.[\/vc_column_text][\/vc_column_inner][\/vc_row_inner][vc_separator sep_color=\u00bbcolor-uydo\u00bb uncode_shortcode_id=\u00bb544133&#8243; sep_color_type=\u00bbuncode-palette\u00bb][vc_column_text uncode_shortcode_id=\u00bb128306&#8243;]Lea m\u00e1s sobre la protecci\u00f3n de datos personales en <a href=\"https:\/\/matris.eu\/es\/politica-de-privacidad\/\">la p\u00e1gina de Pol\u00edtica de Privacidad<\/a> . Si tiene alguna pregunta o problema, cont\u00e1ctenos en <a href=\"mailto:info@matris.eu\">info@matris.eu<\/a>.[\/vc_column_text][vc_column_text uncode_shortcode_id=\u00bb115002&#8243;]<\/p>\n<h3>Configuraci\u00f3n de cookies en su navegador<\/h3>\n<p>Los navegadores permiten las cookies por defecto. Para eliminarlas o cambiar la configuraci\u00f3n de su navegador, siga las instrucciones a continuaci\u00f3n para cada uno de los navegadores m\u00e1s comunes. <\/p>\n<ul>\n<li><a href=\"https:\/\/support.microsoft.com\/sl-si\/windows\/brisanje-in-upravljanje-pi%C5%A1kotkov-168dab11-0753-043d-7c16-ede5947fc64d\">Internet Explorer<\/a><\/li>\n<li><a href=\"https:\/\/support.mozilla.org\/sl\/kb\/izboljsana-zascita-pred-sledenjem?redirectslug=kako-omogocite-onemogocite-piskotke&amp;redirectlocale=sl\">Firefox<\/a><\/li>\n<li><a href=\"https:\/\/support.google.com\/chrome\/answer\/95647?hl=sl\">Cromo<\/a><\/li>\n<li><a href=\"https:\/\/help.opera.com\/en\/latest\/web-preferences\/\">\u00d3pera<\/a><\/li>\n<li><a href=\"https:\/\/support.apple.com\/sl-si\/guide\/safari\/sfri11471\/mac\">Safari<\/a><\/li>\n<\/ul>\n<p>Una vez que configure su navegador para aceptar y rechazar cookies, el sitio web lo respetar\u00e1 siempre. Puede eliminar las cookies existentes desde su navegador.[\/vc_column_text][vc_separator sep_color=\u00bbcolor-uydo\u00bb uncode_shortcode_id=\u00bb119772&#8243; sep_color_type=\u00bbuncode-palette\u00bb][vc_column_text uncode_shortcode_id=\u00bb177960&#8243;]El sitio web est\u00e1 gestionado por: Matris d.o.o., Jelen\u010deva ulica 1, SI-4000 Kranj.[\/vc_column_text][\/vc_column][\/vc_row]<\/p>\n<\/div>","protected":false},"excerpt":{"rendered":"<p>[vc_row row_height_percent=\u00bb0&#8243; override_padding=\u00bbyes\u00bb h_padding=\u00bb2&#8243; top_padding=\u00bb3&#8243; bottom_padding=\u00bb3&#8243; back_color=\u00bbcolor-193339&#8243; overlay_alpha=\u00bb50&#8243; gutter_size=\u00bb3&#8243; column_width_use_pixel=\u00bbyes\u00bb shift_y=\u00bb0&#8243; z_index=\u00bb0&#8243; uncode_shortcode_id=\u00bb112108&#8243; back_color_type=\u00bbuncode-palette\u00bb shape_dividers=\u00bb\u00bb][vc_column column_width_percent=\u00bb100&#8243; align_horizontal=\u00bbalign_center\u00bb gutter_size=\u00bb3&#8243; overlay_alpha=\u00bb50&#8243; shift_x=\u00bb0&#8243; [&hellip;]<\/p>\n","protected":false},"author":1,"featured_media":79,"parent":0,"menu_order":21,"comment_status":"closed","ping_status":"closed","template":"","meta":{"footnotes":""},"class_list":["post-3681","page","type-page","status-publish","has-post-thumbnail","hentry"],"yoast_head":"<!-- This site is optimized with the Yoast SEO plugin v27.6 - https:\/\/yoast.com\/product\/yoast-seo-wordpress\/ -->\n<title>Galletas | Matris<\/title>\n<meta name=\"robots\" content=\"index, follow, max-snippet:-1, max-image-preview:large, max-video-preview:-1\" \/>\n<link rel=\"canonical\" href=\"https:\/\/matris.eu\/es\/galletas\/\" \/>\n<meta property=\"og:locale\" content=\"es_ES\" \/>\n<meta property=\"og:type\" content=\"article\" \/>\n<meta property=\"og:title\" content=\"Galletas | Matris\" \/>\n<meta property=\"og:description\" content=\"[vc_row row_height_percent=\u00bb0&#8243; override_padding=\u00bbyes\u00bb h_padding=\u00bb2&#8243; top_padding=\u00bb3&#8243; bottom_padding=\u00bb3&#8243; back_color=\u00bbcolor-193339&#8243; overlay_alpha=\u00bb50&#8243; gutter_size=\u00bb3&#8243; column_width_use_pixel=\u00bbyes\u00bb shift_y=\u00bb0&#8243; z_index=\u00bb0&#8243; uncode_shortcode_id=\u00bb112108&#8243; back_color_type=\u00bbuncode-palette\u00bb shape_dividers=\u00bb\u00bb][vc_column column_width_percent=\u00bb100&#8243; align_horizontal=\u00bbalign_center\u00bb gutter_size=\u00bb3&#8243; overlay_alpha=\u00bb50&#8243; shift_x=\u00bb0&#8243; [&hellip;]\" \/>\n<meta property=\"og:url\" content=\"https:\/\/matris.eu\/es\/galletas\/\" \/>\n<meta property=\"og:site_name\" content=\"Matris\" \/>\n<meta property=\"article:publisher\" content=\"https:\/\/www.facebook.com\/Matrisdoo\" \/>\n<meta property=\"article:modified_time\" content=\"2025-06-23T13:53:31+00:00\" \/>\n<meta property=\"og:image\" content=\"https:\/\/matris.eu\/wp-content\/uploads\/2023\/09\/matris_naslovna_slika_1500x1000px_2.jpg\" \/>\n\t<meta property=\"og:image:width\" content=\"1500\" \/>\n\t<meta property=\"og:image:height\" content=\"1000\" \/>\n\t<meta property=\"og:image:type\" content=\"image\/jpeg\" \/>\n<meta name=\"twitter:card\" content=\"summary_large_image\" \/>\n<meta name=\"twitter:label1\" content=\"Tiempo de lectura\" \/>\n\t<meta name=\"twitter:data1\" content=\"3 minutos\" \/>\n<script type=\"application\/ld+json\" class=\"yoast-schema-graph\">{\"@context\":\"https:\\\/\\\/schema.org\",\"@graph\":[{\"@type\":\"WebPage\",\"@id\":\"https:\\\/\\\/matris.eu\\\/es\\\/galletas\\\/\",\"url\":\"https:\\\/\\\/matris.eu\\\/es\\\/galletas\\\/\",\"name\":\"Galletas | Matris\",\"isPartOf\":{\"@id\":\"https:\\\/\\\/matris.eu\\\/es\\\/#website\"},\"primaryImageOfPage\":{\"@id\":\"https:\\\/\\\/matris.eu\\\/es\\\/galletas\\\/#primaryimage\"},\"image\":{\"@id\":\"https:\\\/\\\/matris.eu\\\/es\\\/galletas\\\/#primaryimage\"},\"thumbnailUrl\":\"https:\\\/\\\/matris.eu\\\/wp-content\\\/uploads\\\/2023\\\/09\\\/matris_naslovna_slika_1500x1000px_2.jpg\",\"datePublished\":\"2023-12-18T13:11:46+00:00\",\"dateModified\":\"2025-06-23T13:53:31+00:00\",\"breadcrumb\":{\"@id\":\"https:\\\/\\\/matris.eu\\\/es\\\/galletas\\\/#breadcrumb\"},\"inLanguage\":\"es\",\"potentialAction\":[{\"@type\":\"ReadAction\",\"target\":[\"https:\\\/\\\/matris.eu\\\/es\\\/galletas\\\/\"]}]},{\"@type\":\"ImageObject\",\"inLanguage\":\"es\",\"@id\":\"https:\\\/\\\/matris.eu\\\/es\\\/galletas\\\/#primaryimage\",\"url\":\"https:\\\/\\\/matris.eu\\\/wp-content\\\/uploads\\\/2023\\\/09\\\/matris_naslovna_slika_1500x1000px_2.jpg\",\"contentUrl\":\"https:\\\/\\\/matris.eu\\\/wp-content\\\/uploads\\\/2023\\\/09\\\/matris_naslovna_slika_1500x1000px_2.jpg\",\"width\":1500,\"height\":1000},{\"@type\":\"BreadcrumbList\",\"@id\":\"https:\\\/\\\/matris.eu\\\/es\\\/galletas\\\/#breadcrumb\",\"itemListElement\":[{\"@type\":\"ListItem\",\"position\":1,\"name\":\"Home\",\"item\":\"https:\\\/\\\/matris.eu\\\/es\\\/\"},{\"@type\":\"ListItem\",\"position\":2,\"name\":\"Galletas\"}]},{\"@type\":\"WebSite\",\"@id\":\"https:\\\/\\\/matris.eu\\\/es\\\/#website\",\"url\":\"https:\\\/\\\/matris.eu\\\/es\\\/\",\"name\":\"Servisni center Matris\",\"description\":\"Servis elektro, servo in vretenskih motorjev\",\"publisher\":{\"@id\":\"https:\\\/\\\/matris.eu\\\/es\\\/#organization\"},\"alternateName\":\"Matris\",\"potentialAction\":[{\"@type\":\"SearchAction\",\"target\":{\"@type\":\"EntryPoint\",\"urlTemplate\":\"https:\\\/\\\/matris.eu\\\/es\\\/?s={search_term_string}\"},\"query-input\":{\"@type\":\"PropertyValueSpecification\",\"valueRequired\":true,\"valueName\":\"search_term_string\"}}],\"inLanguage\":\"es\"},{\"@type\":\"Organization\",\"@id\":\"https:\\\/\\\/matris.eu\\\/es\\\/#organization\",\"name\":\"Servisni center Matris\",\"alternateName\":\"Matris\",\"url\":\"https:\\\/\\\/matris.eu\\\/es\\\/\",\"logo\":{\"@type\":\"ImageObject\",\"inLanguage\":\"es\",\"@id\":\"https:\\\/\\\/matris.eu\\\/es\\\/#\\\/schema\\\/logo\\\/image\\\/\",\"url\":\"\",\"contentUrl\":\"\",\"caption\":\"Servisni center Matris\"},\"image\":{\"@id\":\"https:\\\/\\\/matris.eu\\\/es\\\/#\\\/schema\\\/logo\\\/image\\\/\"},\"sameAs\":[\"https:\\\/\\\/www.facebook.com\\\/Matrisdoo\",\"https:\\\/\\\/www.linkedin.com\\\/company\\\/matris_doo\\\/\"]}]}<\/script>\n<!-- \/ Yoast SEO plugin. -->","yoast_head_json":{"title":"Galletas | Matris","robots":{"index":"index","follow":"follow","max-snippet":"max-snippet:-1","max-image-preview":"max-image-preview:large","max-video-preview":"max-video-preview:-1"},"canonical":"https:\/\/matris.eu\/es\/galletas\/","og_locale":"es_ES","og_type":"article","og_title":"Galletas | Matris","og_description":"[vc_row row_height_percent=\u00bb0&#8243; override_padding=\u00bbyes\u00bb h_padding=\u00bb2&#8243; top_padding=\u00bb3&#8243; bottom_padding=\u00bb3&#8243; back_color=\u00bbcolor-193339&#8243; overlay_alpha=\u00bb50&#8243; gutter_size=\u00bb3&#8243; column_width_use_pixel=\u00bbyes\u00bb shift_y=\u00bb0&#8243; z_index=\u00bb0&#8243; uncode_shortcode_id=\u00bb112108&#8243; back_color_type=\u00bbuncode-palette\u00bb shape_dividers=\u00bb\u00bb][vc_column column_width_percent=\u00bb100&#8243; align_horizontal=\u00bbalign_center\u00bb gutter_size=\u00bb3&#8243; overlay_alpha=\u00bb50&#8243; shift_x=\u00bb0&#8243; [&hellip;]","og_url":"https:\/\/matris.eu\/es\/galletas\/","og_site_name":"Matris","article_publisher":"https:\/\/www.facebook.com\/Matrisdoo","article_modified_time":"2025-06-23T13:53:31+00:00","og_image":[{"width":1500,"height":1000,"url":"https:\/\/matris.eu\/wp-content\/uploads\/2023\/09\/matris_naslovna_slika_1500x1000px_2.jpg","type":"image\/jpeg"}],"twitter_card":"summary_large_image","twitter_misc":{"Tiempo de lectura":"3 minutos"},"schema":{"@context":"https:\/\/schema.org","@graph":[{"@type":"WebPage","@id":"https:\/\/matris.eu\/es\/galletas\/","url":"https:\/\/matris.eu\/es\/galletas\/","name":"Galletas | Matris","isPartOf":{"@id":"https:\/\/matris.eu\/es\/#website"},"primaryImageOfPage":{"@id":"https:\/\/matris.eu\/es\/galletas\/#primaryimage"},"image":{"@id":"https:\/\/matris.eu\/es\/galletas\/#primaryimage"},"thumbnailUrl":"https:\/\/matris.eu\/wp-content\/uploads\/2023\/09\/matris_naslovna_slika_1500x1000px_2.jpg","datePublished":"2023-12-18T13:11:46+00:00","dateModified":"2025-06-23T13:53:31+00:00","breadcrumb":{"@id":"https:\/\/matris.eu\/es\/galletas\/#breadcrumb"},"inLanguage":"es","potentialAction":[{"@type":"ReadAction","target":["https:\/\/matris.eu\/es\/galletas\/"]}]},{"@type":"ImageObject","inLanguage":"es","@id":"https:\/\/matris.eu\/es\/galletas\/#primaryimage","url":"https:\/\/matris.eu\/wp-content\/uploads\/2023\/09\/matris_naslovna_slika_1500x1000px_2.jpg","contentUrl":"https:\/\/matris.eu\/wp-content\/uploads\/2023\/09\/matris_naslovna_slika_1500x1000px_2.jpg","width":1500,"height":1000},{"@type":"BreadcrumbList","@id":"https:\/\/matris.eu\/es\/galletas\/#breadcrumb","itemListElement":[{"@type":"ListItem","position":1,"name":"Home","item":"https:\/\/matris.eu\/es\/"},{"@type":"ListItem","position":2,"name":"Galletas"}]},{"@type":"WebSite","@id":"https:\/\/matris.eu\/es\/#website","url":"https:\/\/matris.eu\/es\/","name":"Servisni center Matris","description":"Servis elektro, servo in vretenskih motorjev","publisher":{"@id":"https:\/\/matris.eu\/es\/#organization"},"alternateName":"Matris","potentialAction":[{"@type":"SearchAction","target":{"@type":"EntryPoint","urlTemplate":"https:\/\/matris.eu\/es\/?s={search_term_string}"},"query-input":{"@type":"PropertyValueSpecification","valueRequired":true,"valueName":"search_term_string"}}],"inLanguage":"es"},{"@type":"Organization","@id":"https:\/\/matris.eu\/es\/#organization","name":"Servisni center Matris","alternateName":"Matris","url":"https:\/\/matris.eu\/es\/","logo":{"@type":"ImageObject","inLanguage":"es","@id":"https:\/\/matris.eu\/es\/#\/schema\/logo\/image\/","url":"","contentUrl":"","caption":"Servisni center Matris"},"image":{"@id":"https:\/\/matris.eu\/es\/#\/schema\/logo\/image\/"},"sameAs":["https:\/\/www.facebook.com\/Matrisdoo","https:\/\/www.linkedin.com\/company\/matris_doo\/"]}]}},"_links":{"self":[{"href":"https:\/\/matris.eu\/es\/wp-json\/wp\/v2\/pages\/3681","targetHints":{"allow":["GET"]}}],"collection":[{"href":"https:\/\/matris.eu\/es\/wp-json\/wp\/v2\/pages"}],"about":[{"href":"https:\/\/matris.eu\/es\/wp-json\/wp\/v2\/types\/page"}],"author":[{"embeddable":true,"href":"https:\/\/matris.eu\/es\/wp-json\/wp\/v2\/users\/1"}],"replies":[{"embeddable":true,"href":"https:\/\/matris.eu\/es\/wp-json\/wp\/v2\/comments?post=3681"}],"version-history":[{"count":4,"href":"https:\/\/matris.eu\/es\/wp-json\/wp\/v2\/pages\/3681\/revisions"}],"predecessor-version":[{"id":4004,"href":"https:\/\/matris.eu\/es\/wp-json\/wp\/v2\/pages\/3681\/revisions\/4004"}],"wp:featuredmedia":[{"embeddable":true,"href":"https:\/\/matris.eu\/es\/wp-json\/wp\/v2\/media\/79"}],"wp:attachment":[{"href":"https:\/\/matris.eu\/es\/wp-json\/wp\/v2\/media?parent=3681"}],"curies":[{"name":"wp","href":"https:\/\/api.w.org\/{rel}","templated":true}]}}