{"id":3649,"date":"2023-12-20T16:20:15","date_gmt":"2023-12-20T15:20:15","guid":{"rendered":"https:\/\/matris.eu\/servicios\/mapeo-del-campo-magnetico-del-rotor\/"},"modified":"2025-06-17T18:27:39","modified_gmt":"2025-06-17T16:27:39","slug":"mapeo-del-campo-magnetico-del-rotor","status":"publish","type":"page","link":"https:\/\/matris.eu\/es\/servicios\/mapeo-del-campo-magnetico-del-rotor\/","title":{"rendered":"Mapeo del campo magn\u00e9tico del rotor"},"content":{"rendered":"<div class=\"wpb-content-wrapper\"><p>[vc_row row_height_percent=\u00bb0&#8243; override_padding=\u00bbyes\u00bb h_padding=\u00bb2&#8243; top_padding=\u00bb0&#8243; bottom_padding=\u00bb2&#8243; overlay_alpha=\u00bb50&#8243; gutter_size=\u00bb4&#8243; column_width_percent=\u00bb100&#8243; shift_y=\u00bb0&#8243; z_index=\u00bb0&#8243; uncode_shortcode_id=\u00bb792719&#8243;][vc_column width=\u00bb1\/2&#8243;][vc_column_text uncode_shortcode_id=\u00bb934981&#8243;]<!--StartFragment --><\/p>\n<p class=\"pf0\"><span class=\"cf0\">En el proceso de verificaci\u00f3n, el control de calidad de los imanes se realiza casi al final, pero el proceso de diagn\u00f3stico en s\u00ed es muy sencillo y ahorra muchos pasos innecesarios. En aproximadamente el 20 % de los casos, esta es la \u00fanica causa de fallo del motor. <\/span><\/p>\n<p class=\"pf0\"><span class=\"cf0\">Utilizando el dispositivo y el sensor, escaneamos las propiedades magn\u00e9ticas del rotor a lo largo de toda su circunferencia y longitud, y graficamos la intensidad del campo magn\u00e9tico en el rotor. Sujetamos el rotor con las mordazas giratorias, lo aseguramos con uno de los ejes lineales y, a continuaci\u00f3n, acercamos el sensor al rotor con dos ejes lineales. <\/span><!--EndFragment --><\/p>\n<p>[\/vc_column_text][vc_column_text uncode_shortcode_id=\u00bb621184&#8243;]<!--StartFragment --><\/p>\n<p class=\"pf0\"><span class=\"cf0\">Durante la medici\u00f3n, giramos el rotor y desplazamos el sensor a lo largo de su longitud, midiendo los valores del campo magn\u00e9tico. Al final, se muestran las propiedades magn\u00e9ticas con una imagen del rotor desplegado, donde el color representa la polaridad y la intensidad del campo magn\u00e9tico. Finalmente, se puede generar un informe de la medici\u00f3n realizada. Ideal para probar rotores de hasta 100 kg, 800 mm de largo y 300 mm de di\u00e1metro.   <\/span><!--EndFragment --><\/p>\n<p>[\/vc_column_text][\/vc_column][vc_column width=\u00bb1\/2&#8243;][vc_single_image media=\u00bb628&#8243; media_width_percent=\u00bb100&#8243; uncode_shortcode_id=\u00bb192568&#8243;][\/vc_column][\/vc_row][vc_row][vc_column width=\u00bb1\/1&#8243;][vc_separator sep_color=\u00bbcolor-uydo\u00bb uncode_shortcode_id=\u00bb149231&#8243; sep_color_type=\u00bbuncode-palette\u00bb][\/vc_column][\/vc_row][vc_row][vc_column width=\u00bb1\/2&#8243;][vc_custom_heading uncode_shortcode_id=\u00bb167348&#8243;]Reconstrucci\u00f3n o sustituci\u00f3n de imanes de rotor[\/vc_custom_heading][vc_column_text uncode_shortcode_id=\u00bb293536&#8243;]Ofrecemos an\u00e1lisis de imanes que forman parte integral de los rotores de motores el\u00e9ctricos s\u00edncronos. En caso de defectos, ofrecemos la retirada del vendaje (si lo hay), la retirada de imanes antiguos, la remagnetizaci\u00f3n de estos, la fabricaci\u00f3n de nuevos imanes en caso de da\u00f1os, el pegado de imanes renovados o nuevos y la fabricaci\u00f3n de un nuevo vendaje.[\/vc_column_text][\/vc_column][vc_column width=\u00bb1\/2&#8243;][vc_custom_heading heading_semantic=\u00bbh3&#8243; text_size=\u00bbh4&#8243; uncode_shortcode_id=\u00bb834488&#8243;]La reconstrucci\u00f3n o sustituci\u00f3n de los imanes del rotor incluye:[\/vc_custom_heading][uncode_list icon=\u00bbfa fa-check\u00bb icon_color=\u00bbaccent\u00bb uncode_shortcode_id=\u00bb122333&#8243; icon_color_type=\u00bbuncode-palette\u00bb]<\/p>\n<ul>\n<li>an\u00e1lisis de imanes,<\/li>\n<li>retirar el vendaje (si est\u00e1 presente),<\/li>\n<li>Quitar imanes viejos,<\/li>\n<li>remagnetizar imanes viejos,<\/li>\n<li>Producci\u00f3n de nuevos imanes en caso de que los imanes originales est\u00e9n da\u00f1ados,<\/li>\n<li>pegado de imanes reacondicionados o nuevos,<\/li>\n<li>haciendo un nuevo vendaje.<\/li>\n<\/ul>\n<p>[\/uncode_list][\/vc_column][\/vc_row]<\/p>\n<\/div>","protected":false},"excerpt":{"rendered":"<p>El mapeo del campo magn\u00e9tico del rotor es un servicio muy espec\u00edfico, donde Matris Service Center es uno de los pocos proveedores en el mercado.<\/p>\n","protected":false},"author":1,"featured_media":627,"parent":2531,"menu_order":6,"comment_status":"closed","ping_status":"closed","template":"","meta":{"footnotes":""},"class_list":["post-3649","page","type-page","status-publish","has-post-thumbnail","hentry"],"yoast_head":"<!-- This site is optimized with the Yoast SEO plugin v27.3 - https:\/\/yoast.com\/product\/yoast-seo-wordpress\/ -->\n<title>Mapeo del campo magn\u00e9tico del rotor | Matris<\/title>\n<meta name=\"robots\" content=\"index, follow, max-snippet:-1, max-image-preview:large, max-video-preview:-1\" \/>\n<link rel=\"canonical\" href=\"https:\/\/matris.eu\/es\/servicios\/mapeo-del-campo-magnetico-del-rotor\/\" \/>\n<meta property=\"og:locale\" content=\"es_ES\" \/>\n<meta property=\"og:type\" content=\"article\" \/>\n<meta property=\"og:title\" content=\"Mapeo del campo magn\u00e9tico del rotor | Matris\" \/>\n<meta property=\"og:description\" content=\"El mapeo del campo magn\u00e9tico del rotor es un servicio muy espec\u00edfico, donde Matris Service Center es uno de los pocos proveedores en el mercado.\" \/>\n<meta property=\"og:url\" content=\"https:\/\/matris.eu\/es\/servicios\/mapeo-del-campo-magnetico-del-rotor\/\" \/>\n<meta property=\"og:site_name\" content=\"Matris\" \/>\n<meta property=\"article:publisher\" content=\"https:\/\/www.facebook.com\/Matrisdoo\" \/>\n<meta property=\"article:modified_time\" content=\"2025-06-17T16:27:39+00:00\" \/>\n<meta property=\"og:image\" content=\"https:\/\/matris.eu\/wp-content\/uploads\/2024\/02\/header_magnetic_field3.png\" \/>\n\t<meta property=\"og:image:width\" content=\"1116\" \/>\n\t<meta property=\"og:image:height\" content=\"516\" \/>\n\t<meta property=\"og:image:type\" content=\"image\/png\" \/>\n<meta name=\"twitter:card\" content=\"summary_large_image\" \/>\n<meta name=\"twitter:label1\" content=\"Tiempo de lectura\" \/>\n\t<meta name=\"twitter:data1\" content=\"2 minutos\" \/>\n<script type=\"application\/ld+json\" class=\"yoast-schema-graph\">{\"@context\":\"https:\\\/\\\/schema.org\",\"@graph\":[{\"@type\":\"WebPage\",\"@id\":\"https:\\\/\\\/matris.eu\\\/es\\\/servicios\\\/mapeo-del-campo-magnetico-del-rotor\\\/\",\"url\":\"https:\\\/\\\/matris.eu\\\/es\\\/servicios\\\/mapeo-del-campo-magnetico-del-rotor\\\/\",\"name\":\"Mapeo del campo magn\u00e9tico del rotor | Matris\",\"isPartOf\":{\"@id\":\"https:\\\/\\\/matris.eu\\\/es\\\/#website\"},\"primaryImageOfPage\":{\"@id\":\"https:\\\/\\\/matris.eu\\\/es\\\/servicios\\\/mapeo-del-campo-magnetico-del-rotor\\\/#primaryimage\"},\"image\":{\"@id\":\"https:\\\/\\\/matris.eu\\\/es\\\/servicios\\\/mapeo-del-campo-magnetico-del-rotor\\\/#primaryimage\"},\"thumbnailUrl\":\"https:\\\/\\\/matris.eu\\\/wp-content\\\/uploads\\\/2024\\\/02\\\/header_magnetic_field3.png\",\"datePublished\":\"2023-12-20T15:20:15+00:00\",\"dateModified\":\"2025-06-17T16:27:39+00:00\",\"breadcrumb\":{\"@id\":\"https:\\\/\\\/matris.eu\\\/es\\\/servicios\\\/mapeo-del-campo-magnetico-del-rotor\\\/#breadcrumb\"},\"inLanguage\":\"es\",\"potentialAction\":[{\"@type\":\"ReadAction\",\"target\":[\"https:\\\/\\\/matris.eu\\\/es\\\/servicios\\\/mapeo-del-campo-magnetico-del-rotor\\\/\"]}]},{\"@type\":\"ImageObject\",\"inLanguage\":\"es\",\"@id\":\"https:\\\/\\\/matris.eu\\\/es\\\/servicios\\\/mapeo-del-campo-magnetico-del-rotor\\\/#primaryimage\",\"url\":\"https:\\\/\\\/matris.eu\\\/wp-content\\\/uploads\\\/2024\\\/02\\\/header_magnetic_field3.png\",\"contentUrl\":\"https:\\\/\\\/matris.eu\\\/wp-content\\\/uploads\\\/2024\\\/02\\\/header_magnetic_field3.png\",\"width\":1116,\"height\":516,\"caption\":\"Mapiranje magnetnega polja rotorja\"},{\"@type\":\"BreadcrumbList\",\"@id\":\"https:\\\/\\\/matris.eu\\\/es\\\/servicios\\\/mapeo-del-campo-magnetico-del-rotor\\\/#breadcrumb\",\"itemListElement\":[{\"@type\":\"ListItem\",\"position\":1,\"name\":\"Home\",\"item\":\"https:\\\/\\\/matris.eu\\\/es\\\/\"},{\"@type\":\"ListItem\",\"position\":2,\"name\":\"Servicios\",\"item\":\"https:\\\/\\\/matris.eu\\\/es\\\/servicios\\\/\"},{\"@type\":\"ListItem\",\"position\":3,\"name\":\"Mapeo del campo magn\u00e9tico del rotor\"}]},{\"@type\":\"WebSite\",\"@id\":\"https:\\\/\\\/matris.eu\\\/es\\\/#website\",\"url\":\"https:\\\/\\\/matris.eu\\\/es\\\/\",\"name\":\"Servisni center Matris\",\"description\":\"Servis elektro, servo in vretenskih motorjev\",\"publisher\":{\"@id\":\"https:\\\/\\\/matris.eu\\\/es\\\/#organization\"},\"alternateName\":\"Matris\",\"potentialAction\":[{\"@type\":\"SearchAction\",\"target\":{\"@type\":\"EntryPoint\",\"urlTemplate\":\"https:\\\/\\\/matris.eu\\\/es\\\/?s={search_term_string}\"},\"query-input\":{\"@type\":\"PropertyValueSpecification\",\"valueRequired\":true,\"valueName\":\"search_term_string\"}}],\"inLanguage\":\"es\"},{\"@type\":\"Organization\",\"@id\":\"https:\\\/\\\/matris.eu\\\/es\\\/#organization\",\"name\":\"Servisni center Matris\",\"alternateName\":\"Matris\",\"url\":\"https:\\\/\\\/matris.eu\\\/es\\\/\",\"logo\":{\"@type\":\"ImageObject\",\"inLanguage\":\"es\",\"@id\":\"https:\\\/\\\/matris.eu\\\/es\\\/#\\\/schema\\\/logo\\\/image\\\/\",\"url\":\"\",\"contentUrl\":\"\",\"caption\":\"Servisni center Matris\"},\"image\":{\"@id\":\"https:\\\/\\\/matris.eu\\\/es\\\/#\\\/schema\\\/logo\\\/image\\\/\"},\"sameAs\":[\"https:\\\/\\\/www.facebook.com\\\/Matrisdoo\",\"https:\\\/\\\/www.linkedin.com\\\/company\\\/matris_doo\\\/\"]}]}<\/script>\n<!-- \/ Yoast SEO plugin. -->","yoast_head_json":{"title":"Mapeo del campo magn\u00e9tico del rotor | Matris","robots":{"index":"index","follow":"follow","max-snippet":"max-snippet:-1","max-image-preview":"max-image-preview:large","max-video-preview":"max-video-preview:-1"},"canonical":"https:\/\/matris.eu\/es\/servicios\/mapeo-del-campo-magnetico-del-rotor\/","og_locale":"es_ES","og_type":"article","og_title":"Mapeo del campo magn\u00e9tico del rotor | Matris","og_description":"El mapeo del campo magn\u00e9tico del rotor es un servicio muy espec\u00edfico, donde Matris Service Center es uno de los pocos proveedores en el mercado.","og_url":"https:\/\/matris.eu\/es\/servicios\/mapeo-del-campo-magnetico-del-rotor\/","og_site_name":"Matris","article_publisher":"https:\/\/www.facebook.com\/Matrisdoo","article_modified_time":"2025-06-17T16:27:39+00:00","og_image":[{"width":1116,"height":516,"url":"https:\/\/matris.eu\/wp-content\/uploads\/2024\/02\/header_magnetic_field3.png","type":"image\/png"}],"twitter_card":"summary_large_image","twitter_misc":{"Tiempo de lectura":"2 minutos"},"schema":{"@context":"https:\/\/schema.org","@graph":[{"@type":"WebPage","@id":"https:\/\/matris.eu\/es\/servicios\/mapeo-del-campo-magnetico-del-rotor\/","url":"https:\/\/matris.eu\/es\/servicios\/mapeo-del-campo-magnetico-del-rotor\/","name":"Mapeo del campo magn\u00e9tico del rotor | Matris","isPartOf":{"@id":"https:\/\/matris.eu\/es\/#website"},"primaryImageOfPage":{"@id":"https:\/\/matris.eu\/es\/servicios\/mapeo-del-campo-magnetico-del-rotor\/#primaryimage"},"image":{"@id":"https:\/\/matris.eu\/es\/servicios\/mapeo-del-campo-magnetico-del-rotor\/#primaryimage"},"thumbnailUrl":"https:\/\/matris.eu\/wp-content\/uploads\/2024\/02\/header_magnetic_field3.png","datePublished":"2023-12-20T15:20:15+00:00","dateModified":"2025-06-17T16:27:39+00:00","breadcrumb":{"@id":"https:\/\/matris.eu\/es\/servicios\/mapeo-del-campo-magnetico-del-rotor\/#breadcrumb"},"inLanguage":"es","potentialAction":[{"@type":"ReadAction","target":["https:\/\/matris.eu\/es\/servicios\/mapeo-del-campo-magnetico-del-rotor\/"]}]},{"@type":"ImageObject","inLanguage":"es","@id":"https:\/\/matris.eu\/es\/servicios\/mapeo-del-campo-magnetico-del-rotor\/#primaryimage","url":"https:\/\/matris.eu\/wp-content\/uploads\/2024\/02\/header_magnetic_field3.png","contentUrl":"https:\/\/matris.eu\/wp-content\/uploads\/2024\/02\/header_magnetic_field3.png","width":1116,"height":516,"caption":"Mapiranje magnetnega polja rotorja"},{"@type":"BreadcrumbList","@id":"https:\/\/matris.eu\/es\/servicios\/mapeo-del-campo-magnetico-del-rotor\/#breadcrumb","itemListElement":[{"@type":"ListItem","position":1,"name":"Home","item":"https:\/\/matris.eu\/es\/"},{"@type":"ListItem","position":2,"name":"Servicios","item":"https:\/\/matris.eu\/es\/servicios\/"},{"@type":"ListItem","position":3,"name":"Mapeo del campo magn\u00e9tico del rotor"}]},{"@type":"WebSite","@id":"https:\/\/matris.eu\/es\/#website","url":"https:\/\/matris.eu\/es\/","name":"Servisni center Matris","description":"Servis elektro, servo in vretenskih motorjev","publisher":{"@id":"https:\/\/matris.eu\/es\/#organization"},"alternateName":"Matris","potentialAction":[{"@type":"SearchAction","target":{"@type":"EntryPoint","urlTemplate":"https:\/\/matris.eu\/es\/?s={search_term_string}"},"query-input":{"@type":"PropertyValueSpecification","valueRequired":true,"valueName":"search_term_string"}}],"inLanguage":"es"},{"@type":"Organization","@id":"https:\/\/matris.eu\/es\/#organization","name":"Servisni center Matris","alternateName":"Matris","url":"https:\/\/matris.eu\/es\/","logo":{"@type":"ImageObject","inLanguage":"es","@id":"https:\/\/matris.eu\/es\/#\/schema\/logo\/image\/","url":"","contentUrl":"","caption":"Servisni center Matris"},"image":{"@id":"https:\/\/matris.eu\/es\/#\/schema\/logo\/image\/"},"sameAs":["https:\/\/www.facebook.com\/Matrisdoo","https:\/\/www.linkedin.com\/company\/matris_doo\/"]}]}},"_links":{"self":[{"href":"https:\/\/matris.eu\/es\/wp-json\/wp\/v2\/pages\/3649","targetHints":{"allow":["GET"]}}],"collection":[{"href":"https:\/\/matris.eu\/es\/wp-json\/wp\/v2\/pages"}],"about":[{"href":"https:\/\/matris.eu\/es\/wp-json\/wp\/v2\/types\/page"}],"author":[{"embeddable":true,"href":"https:\/\/matris.eu\/es\/wp-json\/wp\/v2\/users\/1"}],"replies":[{"embeddable":true,"href":"https:\/\/matris.eu\/es\/wp-json\/wp\/v2\/comments?post=3649"}],"version-history":[{"count":12,"href":"https:\/\/matris.eu\/es\/wp-json\/wp\/v2\/pages\/3649\/revisions"}],"predecessor-version":[{"id":3704,"href":"https:\/\/matris.eu\/es\/wp-json\/wp\/v2\/pages\/3649\/revisions\/3704"}],"up":[{"embeddable":true,"href":"https:\/\/matris.eu\/es\/wp-json\/wp\/v2\/pages\/2531"}],"wp:featuredmedia":[{"embeddable":true,"href":"https:\/\/matris.eu\/es\/wp-json\/wp\/v2\/media\/627"}],"wp:attachment":[{"href":"https:\/\/matris.eu\/es\/wp-json\/wp\/v2\/media?parent=3649"}],"curies":[{"name":"wp","href":"https:\/\/api.w.org\/{rel}","templated":true}]}}