{"id":3636,"date":"2024-07-18T16:08:04","date_gmt":"2024-07-18T14:08:04","guid":{"rendered":"https:\/\/matris.eu\/servicios\/mantenimiento-de-equipos-ex\/"},"modified":"2025-06-17T18:27:32","modified_gmt":"2025-06-17T16:27:32","slug":"mantenimiento-de-equipos-ex","status":"publish","type":"page","link":"https:\/\/matris.eu\/es\/servicios\/mantenimiento-de-equipos-ex\/","title":{"rendered":"Mantenimiento de equipos EX"},"content":{"rendered":"<div class=\"wpb-content-wrapper\"><p>[vc_row row_height_percent=\u00bb0&#8243; override_padding=\u00bbyes\u00bb h_padding=\u00bb2&#8243; top_padding=\u00bb0&#8243; bottom_padding=\u00bb2&#8243; overlay_alpha=\u00bb50&#8243; gutter_size=\u00bb4&#8243; column_width_percent=\u00bb100&#8243; shift_y=\u00bb0&#8243; z_index=\u00bb0&#8243; uncode_shortcode_id=\u00bb792719&#8243;][vc_column width=\u00bb1\/2&#8243;][vc_custom_heading heading_semantic=\u00bbh3&#8243; text_size=\u00bbh4&#8243; uncode_shortcode_id=\u00bb135527&#8243;]Medidas para la operaci\u00f3n y el trabajo seguros en entornos explosivos[\/vc_custom_heading][vc_column_text uncode_shortcode_id=\u00bb171137&#8243;]La protecci\u00f3n contra explosiones abarca los equipos utilizados en <em>atm\u00f3sferas<\/em> potencialmente explosivas (ATEX), es decir, en entornos que pueden llegar a ser explosivos debido a mezclas de sustancias inflamables en forma de gases, vapores, nieblas o polvos con el aire en condiciones atmosf\u00e9ricas en las que, al encenderse, la llama se propaga a toda la mezcla no quemada.<\/p>\n<p>Es deber del Estado proteger la salud y la seguridad de las personas, especialmente de los trabajadores, en su territorio, en particular de los peligros derivados del uso de equipos y sistemas que brinden protecci\u00f3n contra atm\u00f3sferas potencialmente explosivas.<\/p>\n<p>Los productos en cuesti\u00f3n solo podr\u00e1n comercializarse y ponerse en servicio si, tras su correcta instalaci\u00f3n, mantenimiento y uso conforme a su uso previsto, cumplen los requisitos del Reglamento de Protecci\u00f3n contra Explosiones. El Reglamento tambi\u00e9n establece requisitos para la protecci\u00f3n de la seguridad y la salud de los trabajadores expuestos a riesgos derivados de atm\u00f3sferas explosivas, as\u00ed como medidas para la operaci\u00f3n y el trabajo seguros en dichas atm\u00f3sferas.[\/vc_column_text][vc_custom_heading heading_semantic=\u00bbh3&#8243; text_size=\u00bbh4&#8243; uncode_shortcode_id=\u00bb404933&#8243;]Los requisitos se aplican a los siguientes productos:[\/vc_custom_heading][uncode_list icon=\u00bbfa fa-check\u00bb icon_color=\u00bbaccent\u00bb uncode_shortcode_id=\u00bb157197&#8243; icon_color_type=\u00bbuncode-palette\u00bb]<\/p>\n<ul>\n<li>equipos y sistemas de protecci\u00f3n destinados a ser utilizados en atm\u00f3sferas potencialmente explosivas;<\/li>\n<li>dispositivos de seguridad, dispositivos de control y dispositivos de operaci\u00f3n destinados a ser utilizados fuera de atm\u00f3sferas potencialmente explosivas pero necesarios o \u00fatiles para el funcionamiento seguro de equipos o sistemas de protecci\u00f3n con respecto al riesgo de explosi\u00f3n;<\/li>\n<li>Componentes destinados a ser instalados en equipos y sistemas de protecci\u00f3n.<\/li>\n<\/ul>\n<p>[\/uncode_list][vc_column_text uncode_shortcode_id=\u00bb204057&#8243;]Los procedimientos de evaluaci\u00f3n de la conformidad garantizan la conformidad de los equipos y sistemas de protecci\u00f3n destinados a utilizarse en atm\u00f3sferas potencialmente explosivas con los requisitos esenciales de seguridad y salud. Tambi\u00e9n se eval\u00faa la conformidad de las medidas de prevenci\u00f3n y protecci\u00f3n contra explosiones. Los organismos notificados son responsables de evaluar la conformidad de los productos contemplados en el Reglamento de Protecci\u00f3n contra Explosiones y se notifican a la Comisi\u00f3n Europea.[\/vc_column_text][\/vc_column][vc_column width=\u00bb1\/2&#8243;][vc_single_image media=\u00bb1884&#8243; media_lightbox=\u00bbyes\u00bb media_width_percent=\u00bb100&#8243; shadow=\u00bbyes\u00bb shadow_weight=\u00bbsm\u00bb uncode_shortcode_id=\u00bb768735&#8243;][vc_row_inner row_inner_height_percent=\u00bb0&#8243; overlay_alpha=\u00bb50&#8243; gutter_size=\u00bb3&#8243; shift_y=\u00bb0&#8243; z_index=\u00bb0&#8243; uncode_shortcode_id=\u00bb564069&#8243; css=\u00bb.vc_custom_1731511811180{margin-top: 50px !important;}\u00bb shape_dividers=\u00bb\u00bb][vc_column_inner width=\u00bb1\/1&#8243;][vc_separator sep_color=\u00bbcolor-uydo\u00bb uncode_shortcode_id=\u00bb979609&#8243; sep_color_type=\u00bbuncode-palette\u00bb][vc_single_image media=\u00bb1934&#8243; media_width_use_pixel=\u00bbyes\u00bb uncode_shortcode_id=\u00bb148119&#8243; media_width_pixel=\u00bb250&#8243;][vc_column_text uncode_shortcode_id=\u00bb106001&#8243;]Matris es una empresa certificada para la evaluaci\u00f3n de la conformidad de acuerdo con las Normas de protecci\u00f3n contra explosiones (Bolet\u00edn Oficial de la Rep\u00fablica de Eslovenia n.\u00ba 41\/2016) en el \u00e1mbito de la cualificaci\u00f3n del contratista para la inspecci\u00f3n y el mantenimiento de instalaciones el\u00e9ctricas (SIST EN 60079-17) de conformidad con el art\u00edculo 43.[\/vc_column_text][vc_separator sep_color=\u00bbcolor-uydo\u00bb uncode_shortcode_id=\u00bb979609&#8243; sep_color_type=\u00bbuncode-palette\u00bb][vc_column_text text_lead=\u00bbsmall\u00bb uncode_shortcode_id=\u00bb145280&#8243;]Fuente: <a href=\"https:\/\/www.gov.si\/teme\/protieksplozijska-zascita\/\" target=\"_blank\" rel=\"noopener\">https:\/\/www.gov.si\/teme\/protieksplozijska-zascita\/<\/a>[\/vc_column_text][\/vc_column_inner][\/vc_row_inner][\/vc_column][\/vc_row]<\/p>\n<\/div>","protected":false},"excerpt":{"rendered":"<p>La empresa Matris dispone de un certificado de competencia para el mantenimiento de equipos EX.<\/p>\n","protected":false},"author":3,"featured_media":1361,"parent":2531,"menu_order":10,"comment_status":"closed","ping_status":"closed","template":"","meta":{"footnotes":""},"class_list":["post-3636","page","type-page","status-publish","has-post-thumbnail","hentry"],"yoast_head":"<!-- This site is optimized with the Yoast SEO plugin v27.3 - https:\/\/yoast.com\/product\/yoast-seo-wordpress\/ -->\n<title>Mantenimiento de equipos EX | Matris<\/title>\n<meta name=\"robots\" content=\"index, follow, max-snippet:-1, max-image-preview:large, max-video-preview:-1\" \/>\n<link rel=\"canonical\" href=\"https:\/\/matris.eu\/es\/servicios\/mantenimiento-de-equipos-ex\/\" \/>\n<meta property=\"og:locale\" content=\"es_ES\" \/>\n<meta property=\"og:type\" content=\"article\" \/>\n<meta property=\"og:title\" content=\"Mantenimiento de equipos EX | Matris\" \/>\n<meta property=\"og:description\" content=\"La empresa Matris dispone de un certificado de competencia para el mantenimiento de equipos EX.\" \/>\n<meta property=\"og:url\" content=\"https:\/\/matris.eu\/es\/servicios\/mantenimiento-de-equipos-ex\/\" \/>\n<meta property=\"og:site_name\" content=\"Matris\" \/>\n<meta property=\"article:publisher\" content=\"https:\/\/www.facebook.com\/Matrisdoo\" \/>\n<meta property=\"article:modified_time\" content=\"2025-06-17T16:27:32+00:00\" \/>\n<meta property=\"og:image\" content=\"https:\/\/matris.eu\/wp-content\/uploads\/2024\/07\/hero_image_protieksplozijska_zascita.jpg\" \/>\n\t<meta property=\"og:image:width\" content=\"2048\" \/>\n\t<meta property=\"og:image:height\" content=\"800\" \/>\n\t<meta property=\"og:image:type\" content=\"image\/jpeg\" \/>\n<meta name=\"twitter:card\" content=\"summary_large_image\" \/>\n<meta name=\"twitter:label1\" content=\"Tiempo de lectura\" \/>\n\t<meta name=\"twitter:data1\" content=\"3 minutos\" \/>\n<script type=\"application\/ld+json\" class=\"yoast-schema-graph\">{\"@context\":\"https:\\\/\\\/schema.org\",\"@graph\":[{\"@type\":\"WebPage\",\"@id\":\"https:\\\/\\\/matris.eu\\\/es\\\/servicios\\\/mantenimiento-de-equipos-ex\\\/\",\"url\":\"https:\\\/\\\/matris.eu\\\/es\\\/servicios\\\/mantenimiento-de-equipos-ex\\\/\",\"name\":\"Mantenimiento de equipos EX | Matris\",\"isPartOf\":{\"@id\":\"https:\\\/\\\/matris.eu\\\/es\\\/#website\"},\"primaryImageOfPage\":{\"@id\":\"https:\\\/\\\/matris.eu\\\/es\\\/servicios\\\/mantenimiento-de-equipos-ex\\\/#primaryimage\"},\"image\":{\"@id\":\"https:\\\/\\\/matris.eu\\\/es\\\/servicios\\\/mantenimiento-de-equipos-ex\\\/#primaryimage\"},\"thumbnailUrl\":\"https:\\\/\\\/matris.eu\\\/wp-content\\\/uploads\\\/2024\\\/07\\\/hero_image_protieksplozijska_zascita.jpg\",\"datePublished\":\"2024-07-18T14:08:04+00:00\",\"dateModified\":\"2025-06-17T16:27:32+00:00\",\"breadcrumb\":{\"@id\":\"https:\\\/\\\/matris.eu\\\/es\\\/servicios\\\/mantenimiento-de-equipos-ex\\\/#breadcrumb\"},\"inLanguage\":\"es\",\"potentialAction\":[{\"@type\":\"ReadAction\",\"target\":[\"https:\\\/\\\/matris.eu\\\/es\\\/servicios\\\/mantenimiento-de-equipos-ex\\\/\"]}]},{\"@type\":\"ImageObject\",\"inLanguage\":\"es\",\"@id\":\"https:\\\/\\\/matris.eu\\\/es\\\/servicios\\\/mantenimiento-de-equipos-ex\\\/#primaryimage\",\"url\":\"https:\\\/\\\/matris.eu\\\/wp-content\\\/uploads\\\/2024\\\/07\\\/hero_image_protieksplozijska_zascita.jpg\",\"contentUrl\":\"https:\\\/\\\/matris.eu\\\/wp-content\\\/uploads\\\/2024\\\/07\\\/hero_image_protieksplozijska_zascita.jpg\",\"width\":2048,\"height\":800,\"caption\":\"Protieksplozijska za\u0161\u010dita\"},{\"@type\":\"BreadcrumbList\",\"@id\":\"https:\\\/\\\/matris.eu\\\/es\\\/servicios\\\/mantenimiento-de-equipos-ex\\\/#breadcrumb\",\"itemListElement\":[{\"@type\":\"ListItem\",\"position\":1,\"name\":\"Home\",\"item\":\"https:\\\/\\\/matris.eu\\\/es\\\/\"},{\"@type\":\"ListItem\",\"position\":2,\"name\":\"Servicios\",\"item\":\"https:\\\/\\\/matris.eu\\\/es\\\/servicios\\\/\"},{\"@type\":\"ListItem\",\"position\":3,\"name\":\"Mantenimiento de equipos EX\"}]},{\"@type\":\"WebSite\",\"@id\":\"https:\\\/\\\/matris.eu\\\/es\\\/#website\",\"url\":\"https:\\\/\\\/matris.eu\\\/es\\\/\",\"name\":\"Servisni center Matris\",\"description\":\"Servis elektro, servo in vretenskih motorjev\",\"publisher\":{\"@id\":\"https:\\\/\\\/matris.eu\\\/es\\\/#organization\"},\"alternateName\":\"Matris\",\"potentialAction\":[{\"@type\":\"SearchAction\",\"target\":{\"@type\":\"EntryPoint\",\"urlTemplate\":\"https:\\\/\\\/matris.eu\\\/es\\\/?s={search_term_string}\"},\"query-input\":{\"@type\":\"PropertyValueSpecification\",\"valueRequired\":true,\"valueName\":\"search_term_string\"}}],\"inLanguage\":\"es\"},{\"@type\":\"Organization\",\"@id\":\"https:\\\/\\\/matris.eu\\\/es\\\/#organization\",\"name\":\"Servisni center Matris\",\"alternateName\":\"Matris\",\"url\":\"https:\\\/\\\/matris.eu\\\/es\\\/\",\"logo\":{\"@type\":\"ImageObject\",\"inLanguage\":\"es\",\"@id\":\"https:\\\/\\\/matris.eu\\\/es\\\/#\\\/schema\\\/logo\\\/image\\\/\",\"url\":\"\",\"contentUrl\":\"\",\"caption\":\"Servisni center Matris\"},\"image\":{\"@id\":\"https:\\\/\\\/matris.eu\\\/es\\\/#\\\/schema\\\/logo\\\/image\\\/\"},\"sameAs\":[\"https:\\\/\\\/www.facebook.com\\\/Matrisdoo\",\"https:\\\/\\\/www.linkedin.com\\\/company\\\/matris_doo\\\/\"]}]}<\/script>\n<!-- \/ Yoast SEO plugin. -->","yoast_head_json":{"title":"Mantenimiento de equipos EX | Matris","robots":{"index":"index","follow":"follow","max-snippet":"max-snippet:-1","max-image-preview":"max-image-preview:large","max-video-preview":"max-video-preview:-1"},"canonical":"https:\/\/matris.eu\/es\/servicios\/mantenimiento-de-equipos-ex\/","og_locale":"es_ES","og_type":"article","og_title":"Mantenimiento de equipos EX | Matris","og_description":"La empresa Matris dispone de un certificado de competencia para el mantenimiento de equipos EX.","og_url":"https:\/\/matris.eu\/es\/servicios\/mantenimiento-de-equipos-ex\/","og_site_name":"Matris","article_publisher":"https:\/\/www.facebook.com\/Matrisdoo","article_modified_time":"2025-06-17T16:27:32+00:00","og_image":[{"width":2048,"height":800,"url":"https:\/\/matris.eu\/wp-content\/uploads\/2024\/07\/hero_image_protieksplozijska_zascita.jpg","type":"image\/jpeg"}],"twitter_card":"summary_large_image","twitter_misc":{"Tiempo de lectura":"3 minutos"},"schema":{"@context":"https:\/\/schema.org","@graph":[{"@type":"WebPage","@id":"https:\/\/matris.eu\/es\/servicios\/mantenimiento-de-equipos-ex\/","url":"https:\/\/matris.eu\/es\/servicios\/mantenimiento-de-equipos-ex\/","name":"Mantenimiento de equipos EX | Matris","isPartOf":{"@id":"https:\/\/matris.eu\/es\/#website"},"primaryImageOfPage":{"@id":"https:\/\/matris.eu\/es\/servicios\/mantenimiento-de-equipos-ex\/#primaryimage"},"image":{"@id":"https:\/\/matris.eu\/es\/servicios\/mantenimiento-de-equipos-ex\/#primaryimage"},"thumbnailUrl":"https:\/\/matris.eu\/wp-content\/uploads\/2024\/07\/hero_image_protieksplozijska_zascita.jpg","datePublished":"2024-07-18T14:08:04+00:00","dateModified":"2025-06-17T16:27:32+00:00","breadcrumb":{"@id":"https:\/\/matris.eu\/es\/servicios\/mantenimiento-de-equipos-ex\/#breadcrumb"},"inLanguage":"es","potentialAction":[{"@type":"ReadAction","target":["https:\/\/matris.eu\/es\/servicios\/mantenimiento-de-equipos-ex\/"]}]},{"@type":"ImageObject","inLanguage":"es","@id":"https:\/\/matris.eu\/es\/servicios\/mantenimiento-de-equipos-ex\/#primaryimage","url":"https:\/\/matris.eu\/wp-content\/uploads\/2024\/07\/hero_image_protieksplozijska_zascita.jpg","contentUrl":"https:\/\/matris.eu\/wp-content\/uploads\/2024\/07\/hero_image_protieksplozijska_zascita.jpg","width":2048,"height":800,"caption":"Protieksplozijska za\u0161\u010dita"},{"@type":"BreadcrumbList","@id":"https:\/\/matris.eu\/es\/servicios\/mantenimiento-de-equipos-ex\/#breadcrumb","itemListElement":[{"@type":"ListItem","position":1,"name":"Home","item":"https:\/\/matris.eu\/es\/"},{"@type":"ListItem","position":2,"name":"Servicios","item":"https:\/\/matris.eu\/es\/servicios\/"},{"@type":"ListItem","position":3,"name":"Mantenimiento de equipos EX"}]},{"@type":"WebSite","@id":"https:\/\/matris.eu\/es\/#website","url":"https:\/\/matris.eu\/es\/","name":"Servisni center Matris","description":"Servis elektro, servo in vretenskih motorjev","publisher":{"@id":"https:\/\/matris.eu\/es\/#organization"},"alternateName":"Matris","potentialAction":[{"@type":"SearchAction","target":{"@type":"EntryPoint","urlTemplate":"https:\/\/matris.eu\/es\/?s={search_term_string}"},"query-input":{"@type":"PropertyValueSpecification","valueRequired":true,"valueName":"search_term_string"}}],"inLanguage":"es"},{"@type":"Organization","@id":"https:\/\/matris.eu\/es\/#organization","name":"Servisni center Matris","alternateName":"Matris","url":"https:\/\/matris.eu\/es\/","logo":{"@type":"ImageObject","inLanguage":"es","@id":"https:\/\/matris.eu\/es\/#\/schema\/logo\/image\/","url":"","contentUrl":"","caption":"Servisni center Matris"},"image":{"@id":"https:\/\/matris.eu\/es\/#\/schema\/logo\/image\/"},"sameAs":["https:\/\/www.facebook.com\/Matrisdoo","https:\/\/www.linkedin.com\/company\/matris_doo\/"]}]}},"_links":{"self":[{"href":"https:\/\/matris.eu\/es\/wp-json\/wp\/v2\/pages\/3636","targetHints":{"allow":["GET"]}}],"collection":[{"href":"https:\/\/matris.eu\/es\/wp-json\/wp\/v2\/pages"}],"about":[{"href":"https:\/\/matris.eu\/es\/wp-json\/wp\/v2\/types\/page"}],"author":[{"embeddable":true,"href":"https:\/\/matris.eu\/es\/wp-json\/wp\/v2\/users\/3"}],"replies":[{"embeddable":true,"href":"https:\/\/matris.eu\/es\/wp-json\/wp\/v2\/comments?post=3636"}],"version-history":[{"count":1,"href":"https:\/\/matris.eu\/es\/wp-json\/wp\/v2\/pages\/3636\/revisions"}],"predecessor-version":[{"id":3646,"href":"https:\/\/matris.eu\/es\/wp-json\/wp\/v2\/pages\/3636\/revisions\/3646"}],"up":[{"embeddable":true,"href":"https:\/\/matris.eu\/es\/wp-json\/wp\/v2\/pages\/2531"}],"wp:featuredmedia":[{"embeddable":true,"href":"https:\/\/matris.eu\/es\/wp-json\/wp\/v2\/media\/1361"}],"wp:attachment":[{"href":"https:\/\/matris.eu\/es\/wp-json\/wp\/v2\/media?parent=3636"}],"curies":[{"name":"wp","href":"https:\/\/api.w.org\/{rel}","templated":true}]}}