{"id":3605,"date":"2024-07-26T15:21:45","date_gmt":"2024-07-26T13:21:45","guid":{"rendered":"https:\/\/matris.eu\/servicios\/produccion-de-componentes-para-motores-electricos\/"},"modified":"2025-06-17T18:27:32","modified_gmt":"2025-06-17T16:27:32","slug":"produccion-de-componentes-para-motores-electricos","status":"publish","type":"page","link":"https:\/\/matris.eu\/es\/servicios\/produccion-de-componentes-para-motores-electricos\/","title":{"rendered":"Producci\u00f3n de componentes para motores el\u00e9ctricos"},"content":{"rendered":"<div class=\"wpb-content-wrapper\"><p>[vc_row row_height_percent=\u00bb0&#8243; override_padding=\u00bbyes\u00bb h_padding=\u00bb2&#8243; top_padding=\u00bb0&#8243; bottom_padding=\u00bb2&#8243; overlay_alpha=\u00bb50&#8243; gutter_size=\u00bb4&#8243; column_width_percent=\u00bb100&#8243; shift_y=\u00bb0&#8243; z_index=\u00bb0&#8243; uncode_shortcode_id=\u00bb919467&#8243;][vc_column width=\u00bb1\/1&#8243;][vc_column_text uncode_shortcode_id=\u00bb169485&#8243;]El conocimiento tecnol\u00f3gico de Matris es altamente aplicable. Lo que producimos para nosotros mismos y para las necesidades de implementaci\u00f3n de proyectos, tambi\u00e9n lo podemos producir para quienes no disponen del tiempo, los conocimientos o el equipo suficiente.[\/vc_column_text][\/vc_column][\/vc_row][vc_row][vc_column width=\u00bb1\/1&#8243;][vc_separator sep_color=\u00bbcolor-uydo\u00bb uncode_shortcode_id=\u00bb979609&#8243; sep_color_type=\u00bbuncode-palette\u00bb][\/vc_column][\/vc_row][vc_row row_height_percent=\u00bb0&#8243; override_padding=\u00bbyes\u00bb h_padding=\u00bb2&#8243; top_padding=\u00bb2&#8243; bottom_padding=\u00bb2&#8243; overlay_alpha=\u00bb50&#8243; gutter_size=\u00bb4&#8243; column_width_percent=\u00bb100&#8243; shift_y=\u00bb0&#8243; z_index=\u00bb0&#8243; uncode_shortcode_id=\u00bb497180&#8243;][vc_column width=\u00bb1\/3&#8243;][vc_single_image media=\u00bb1555&#8243; media_width_percent=\u00bb100&#8243; uncode_shortcode_id=\u00bb301742&#8243;][vc_custom_heading uncode_shortcode_id=\u00bb107815&#8243;]Estatores[\/vc_custom_heading][vc_column_text uncode_shortcode_id=\u00bb778519&#8243;]Fabricamos estatores a medida. En ocasiones, al rebobinar el estator, debido a una aver\u00eda el\u00e9ctrica en la carcasa, esta ya no es apta para su reutilizaci\u00f3n. En este caso, fabricamos una copia perfecta del original.[\/vc_column_text][\/vc_column][vc_column width=\u00bb1\/3&#8243;][vc_single_image media=\u00bb1560&#8243; media_width_percent=\u00bb100&#8243; uncode_shortcode_id=\u00bb148767&#8243;][vc_custom_heading uncode_shortcode_id=\u00bb205439&#8243;]Rotores[\/vc_custom_heading][vc_column_text uncode_shortcode_id=\u00bb156656&#8243;]Algo similar puede ocurrir con el rotor. En caso de da\u00f1o excesivo por sobrecalentamiento, desplazamiento del im\u00e1n o una banda da\u00f1ada y perforada, el da\u00f1o al rotor puede ser demasiado grave y simplemente no merece la pena repararlo. Sin embargo, siempre podemos fabricar uno nuevo.[\/vc_column_text][\/vc_column][vc_column width=\u00bb1\/3&#8243;][vc_single_image media=\u00bb1563&#8243; media_width_percent=\u00bb100&#8243; uncode_shortcode_id=\u00bb309047&#8243;][vc_custom_heading uncode_shortcode_id=\u00bb146024&#8243;]Imanes[\/vc_custom_heading][vc_column_text uncode_shortcode_id=\u00bb215862&#8243;]Los imanes son parte esencial de la reconstrucci\u00f3n de un motor. Los imanes da\u00f1ados siempre deben reemplazarse o remagnetizarse al finalizar la reconstrucci\u00f3n. Dibujemos los nuevos imanes a medida, determinemos la polarizaci\u00f3n necesaria, los fabricamos y los remagnetizamos.[\/vc_column_text][\/vc_column][\/vc_row][vc_row row_height_percent=\u00bb0&#8243; override_padding=\u00bbyes\u00bb h_padding=\u00bb2&#8243; top_padding=\u00bb2&#8243; bottom_padding=\u00bb2&#8243; overlay_alpha=\u00bb50&#8243; gutter_size=\u00bb4&#8243; column_width_percent=\u00bb100&#8243; shift_y=\u00bb0&#8243; z_index=\u00bb0&#8243; uncode_shortcode_id=\u00bb497180&#8243;][vc_column width=\u00bb1\/3&#8243;][vc_single_image media=\u00bb1566&#8243; media_width_percent=\u00bb100&#8243; uncode_shortcode_id=\u00bb705296&#8243;][vc_custom_heading uncode_shortcode_id=\u00bb809753&#8243;]Listones y bobinas[\/vc_custom_heading][vc_column_text uncode_shortcode_id=\u00bb346050&#8243;]Componentes importantes de los motores el\u00e9ctricos son tambi\u00e9n los conjuntos de l\u00e1minas y bobinas. Dibujamos estas piezas, las cortamos con l\u00e1ser y dejamos el montaje en sus manos.[\/vc_column_text][\/vc_column][vc_column width=\u00bb1\/3&#8243;][vc_single_image media=\u00bb1571&#8243; media_width_percent=\u00bb100&#8243; uncode_shortcode_id=\u00bb207038&#8243;][vc_custom_heading uncode_shortcode_id=\u00bb187701&#8243;]Carcasas de cojinetes[\/vc_custom_heading][vc_column_text uncode_shortcode_id=\u00bb187599&#8243;]Tambi\u00e9n reparamos carcasas de rodamientos. Las fabricamos y mecanizamos en nuestras m\u00e1quinas CNC.[\/vc_column_text][\/vc_column][vc_column width=\u00bb1\/3&#8243;][vc_single_image media=\u00bb1577&#8243; media_width_percent=\u00bb100&#8243; uncode_shortcode_id=\u00bb156395&#8243;][vc_custom_heading uncode_shortcode_id=\u00bb109293&#8243;]Cables de alimentaci\u00f3n y se\u00f1al[\/vc_custom_heading][vc_column_text uncode_shortcode_id=\u00bb183001&#8243;]Dado que en los \u00faltimos a\u00f1os los plazos de entrega de los fabricantes y proveedores de cables han sido a menudo inusualmente largos, en el centro de servicio de Matris tambi\u00e9n nos hemos especializado en la producci\u00f3n de cables de alimentaci\u00f3n y se\u00f1al a medida. En este caso, el plazo de entrega es de una o dos semanas, dependiendo \u00fanicamente de la disponibilidad de los componentes individuales.[\/vc_column_text][\/vc_column][\/vc_row]<\/p>\n<\/div>","protected":false},"excerpt":{"rendered":"<p>Producci\u00f3n de estatores, rotores, l\u00e1minas, bobinas, carcasas de motores, ejes, imanes, bujes, carcasas de cojinetes, cables de potencia y se\u00f1al.<\/p>\n","protected":false},"author":3,"featured_media":1551,"parent":2531,"menu_order":4,"comment_status":"closed","ping_status":"closed","template":"","meta":{"footnotes":""},"class_list":["post-3605","page","type-page","status-publish","has-post-thumbnail","hentry"],"yoast_head":"<!-- This site is optimized with the Yoast SEO plugin v27.3 - https:\/\/yoast.com\/product\/yoast-seo-wordpress\/ -->\n<title>Producci\u00f3n de componentes para motores el\u00e9ctricos | Matris<\/title>\n<meta name=\"robots\" content=\"index, follow, max-snippet:-1, max-image-preview:large, max-video-preview:-1\" \/>\n<link rel=\"canonical\" href=\"https:\/\/matris.eu\/es\/servicios\/produccion-de-componentes-para-motores-electricos\/\" \/>\n<meta property=\"og:locale\" content=\"es_ES\" \/>\n<meta property=\"og:type\" content=\"article\" \/>\n<meta property=\"og:title\" content=\"Producci\u00f3n de componentes para motores el\u00e9ctricos | Matris\" \/>\n<meta property=\"og:description\" content=\"Producci\u00f3n de estatores, rotores, l\u00e1minas, bobinas, carcasas de motores, ejes, imanes, bujes, carcasas de cojinetes, cables de potencia y se\u00f1al.\" \/>\n<meta property=\"og:url\" content=\"https:\/\/matris.eu\/es\/servicios\/produccion-de-componentes-para-motores-electricos\/\" \/>\n<meta property=\"og:site_name\" content=\"Matris\" \/>\n<meta property=\"article:publisher\" content=\"https:\/\/www.facebook.com\/Matrisdoo\" \/>\n<meta property=\"article:modified_time\" content=\"2025-06-17T16:27:32+00:00\" \/>\n<meta property=\"og:image\" content=\"https:\/\/matris.eu\/wp-content\/uploads\/2024\/07\/hero_image_izdelava_komponent.jpg\" \/>\n\t<meta property=\"og:image:width\" content=\"2048\" \/>\n\t<meta property=\"og:image:height\" content=\"800\" \/>\n\t<meta property=\"og:image:type\" content=\"image\/jpeg\" \/>\n<meta name=\"twitter:card\" content=\"summary_large_image\" \/>\n<meta name=\"twitter:label1\" content=\"Tiempo de lectura\" \/>\n\t<meta name=\"twitter:data1\" content=\"3 minutos\" \/>\n<script type=\"application\/ld+json\" class=\"yoast-schema-graph\">{\"@context\":\"https:\\\/\\\/schema.org\",\"@graph\":[{\"@type\":\"WebPage\",\"@id\":\"https:\\\/\\\/matris.eu\\\/es\\\/servicios\\\/produccion-de-componentes-para-motores-electricos\\\/\",\"url\":\"https:\\\/\\\/matris.eu\\\/es\\\/servicios\\\/produccion-de-componentes-para-motores-electricos\\\/\",\"name\":\"Producci\u00f3n de componentes para motores el\u00e9ctricos | Matris\",\"isPartOf\":{\"@id\":\"https:\\\/\\\/matris.eu\\\/es\\\/#website\"},\"primaryImageOfPage\":{\"@id\":\"https:\\\/\\\/matris.eu\\\/es\\\/servicios\\\/produccion-de-componentes-para-motores-electricos\\\/#primaryimage\"},\"image\":{\"@id\":\"https:\\\/\\\/matris.eu\\\/es\\\/servicios\\\/produccion-de-componentes-para-motores-electricos\\\/#primaryimage\"},\"thumbnailUrl\":\"https:\\\/\\\/matris.eu\\\/wp-content\\\/uploads\\\/2024\\\/07\\\/hero_image_izdelava_komponent.jpg\",\"datePublished\":\"2024-07-26T13:21:45+00:00\",\"dateModified\":\"2025-06-17T16:27:32+00:00\",\"breadcrumb\":{\"@id\":\"https:\\\/\\\/matris.eu\\\/es\\\/servicios\\\/produccion-de-componentes-para-motores-electricos\\\/#breadcrumb\"},\"inLanguage\":\"es\",\"potentialAction\":[{\"@type\":\"ReadAction\",\"target\":[\"https:\\\/\\\/matris.eu\\\/es\\\/servicios\\\/produccion-de-componentes-para-motores-electricos\\\/\"]}]},{\"@type\":\"ImageObject\",\"inLanguage\":\"es\",\"@id\":\"https:\\\/\\\/matris.eu\\\/es\\\/servicios\\\/produccion-de-componentes-para-motores-electricos\\\/#primaryimage\",\"url\":\"https:\\\/\\\/matris.eu\\\/wp-content\\\/uploads\\\/2024\\\/07\\\/hero_image_izdelava_komponent.jpg\",\"contentUrl\":\"https:\\\/\\\/matris.eu\\\/wp-content\\\/uploads\\\/2024\\\/07\\\/hero_image_izdelava_komponent.jpg\",\"width\":2048,\"height\":800,\"caption\":\"Izdelava komponent za elektromotorje\"},{\"@type\":\"BreadcrumbList\",\"@id\":\"https:\\\/\\\/matris.eu\\\/es\\\/servicios\\\/produccion-de-componentes-para-motores-electricos\\\/#breadcrumb\",\"itemListElement\":[{\"@type\":\"ListItem\",\"position\":1,\"name\":\"Home\",\"item\":\"https:\\\/\\\/matris.eu\\\/es\\\/\"},{\"@type\":\"ListItem\",\"position\":2,\"name\":\"Servicios\",\"item\":\"https:\\\/\\\/matris.eu\\\/es\\\/servicios\\\/\"},{\"@type\":\"ListItem\",\"position\":3,\"name\":\"Producci\u00f3n de componentes para motores el\u00e9ctricos\"}]},{\"@type\":\"WebSite\",\"@id\":\"https:\\\/\\\/matris.eu\\\/es\\\/#website\",\"url\":\"https:\\\/\\\/matris.eu\\\/es\\\/\",\"name\":\"Servisni center Matris\",\"description\":\"Servis elektro, servo in vretenskih motorjev\",\"publisher\":{\"@id\":\"https:\\\/\\\/matris.eu\\\/es\\\/#organization\"},\"alternateName\":\"Matris\",\"potentialAction\":[{\"@type\":\"SearchAction\",\"target\":{\"@type\":\"EntryPoint\",\"urlTemplate\":\"https:\\\/\\\/matris.eu\\\/es\\\/?s={search_term_string}\"},\"query-input\":{\"@type\":\"PropertyValueSpecification\",\"valueRequired\":true,\"valueName\":\"search_term_string\"}}],\"inLanguage\":\"es\"},{\"@type\":\"Organization\",\"@id\":\"https:\\\/\\\/matris.eu\\\/es\\\/#organization\",\"name\":\"Servisni center Matris\",\"alternateName\":\"Matris\",\"url\":\"https:\\\/\\\/matris.eu\\\/es\\\/\",\"logo\":{\"@type\":\"ImageObject\",\"inLanguage\":\"es\",\"@id\":\"https:\\\/\\\/matris.eu\\\/es\\\/#\\\/schema\\\/logo\\\/image\\\/\",\"url\":\"\",\"contentUrl\":\"\",\"caption\":\"Servisni center Matris\"},\"image\":{\"@id\":\"https:\\\/\\\/matris.eu\\\/es\\\/#\\\/schema\\\/logo\\\/image\\\/\"},\"sameAs\":[\"https:\\\/\\\/www.facebook.com\\\/Matrisdoo\",\"https:\\\/\\\/www.linkedin.com\\\/company\\\/matris_doo\\\/\"]}]}<\/script>\n<!-- \/ Yoast SEO plugin. -->","yoast_head_json":{"title":"Producci\u00f3n de componentes para motores el\u00e9ctricos | Matris","robots":{"index":"index","follow":"follow","max-snippet":"max-snippet:-1","max-image-preview":"max-image-preview:large","max-video-preview":"max-video-preview:-1"},"canonical":"https:\/\/matris.eu\/es\/servicios\/produccion-de-componentes-para-motores-electricos\/","og_locale":"es_ES","og_type":"article","og_title":"Producci\u00f3n de componentes para motores el\u00e9ctricos | Matris","og_description":"Producci\u00f3n de estatores, rotores, l\u00e1minas, bobinas, carcasas de motores, ejes, imanes, bujes, carcasas de cojinetes, cables de potencia y se\u00f1al.","og_url":"https:\/\/matris.eu\/es\/servicios\/produccion-de-componentes-para-motores-electricos\/","og_site_name":"Matris","article_publisher":"https:\/\/www.facebook.com\/Matrisdoo","article_modified_time":"2025-06-17T16:27:32+00:00","og_image":[{"width":2048,"height":800,"url":"https:\/\/matris.eu\/wp-content\/uploads\/2024\/07\/hero_image_izdelava_komponent.jpg","type":"image\/jpeg"}],"twitter_card":"summary_large_image","twitter_misc":{"Tiempo de lectura":"3 minutos"},"schema":{"@context":"https:\/\/schema.org","@graph":[{"@type":"WebPage","@id":"https:\/\/matris.eu\/es\/servicios\/produccion-de-componentes-para-motores-electricos\/","url":"https:\/\/matris.eu\/es\/servicios\/produccion-de-componentes-para-motores-electricos\/","name":"Producci\u00f3n de componentes para motores el\u00e9ctricos | Matris","isPartOf":{"@id":"https:\/\/matris.eu\/es\/#website"},"primaryImageOfPage":{"@id":"https:\/\/matris.eu\/es\/servicios\/produccion-de-componentes-para-motores-electricos\/#primaryimage"},"image":{"@id":"https:\/\/matris.eu\/es\/servicios\/produccion-de-componentes-para-motores-electricos\/#primaryimage"},"thumbnailUrl":"https:\/\/matris.eu\/wp-content\/uploads\/2024\/07\/hero_image_izdelava_komponent.jpg","datePublished":"2024-07-26T13:21:45+00:00","dateModified":"2025-06-17T16:27:32+00:00","breadcrumb":{"@id":"https:\/\/matris.eu\/es\/servicios\/produccion-de-componentes-para-motores-electricos\/#breadcrumb"},"inLanguage":"es","potentialAction":[{"@type":"ReadAction","target":["https:\/\/matris.eu\/es\/servicios\/produccion-de-componentes-para-motores-electricos\/"]}]},{"@type":"ImageObject","inLanguage":"es","@id":"https:\/\/matris.eu\/es\/servicios\/produccion-de-componentes-para-motores-electricos\/#primaryimage","url":"https:\/\/matris.eu\/wp-content\/uploads\/2024\/07\/hero_image_izdelava_komponent.jpg","contentUrl":"https:\/\/matris.eu\/wp-content\/uploads\/2024\/07\/hero_image_izdelava_komponent.jpg","width":2048,"height":800,"caption":"Izdelava komponent za elektromotorje"},{"@type":"BreadcrumbList","@id":"https:\/\/matris.eu\/es\/servicios\/produccion-de-componentes-para-motores-electricos\/#breadcrumb","itemListElement":[{"@type":"ListItem","position":1,"name":"Home","item":"https:\/\/matris.eu\/es\/"},{"@type":"ListItem","position":2,"name":"Servicios","item":"https:\/\/matris.eu\/es\/servicios\/"},{"@type":"ListItem","position":3,"name":"Producci\u00f3n de componentes para motores el\u00e9ctricos"}]},{"@type":"WebSite","@id":"https:\/\/matris.eu\/es\/#website","url":"https:\/\/matris.eu\/es\/","name":"Servisni center Matris","description":"Servis elektro, servo in vretenskih motorjev","publisher":{"@id":"https:\/\/matris.eu\/es\/#organization"},"alternateName":"Matris","potentialAction":[{"@type":"SearchAction","target":{"@type":"EntryPoint","urlTemplate":"https:\/\/matris.eu\/es\/?s={search_term_string}"},"query-input":{"@type":"PropertyValueSpecification","valueRequired":true,"valueName":"search_term_string"}}],"inLanguage":"es"},{"@type":"Organization","@id":"https:\/\/matris.eu\/es\/#organization","name":"Servisni center Matris","alternateName":"Matris","url":"https:\/\/matris.eu\/es\/","logo":{"@type":"ImageObject","inLanguage":"es","@id":"https:\/\/matris.eu\/es\/#\/schema\/logo\/image\/","url":"","contentUrl":"","caption":"Servisni center Matris"},"image":{"@id":"https:\/\/matris.eu\/es\/#\/schema\/logo\/image\/"},"sameAs":["https:\/\/www.facebook.com\/Matrisdoo","https:\/\/www.linkedin.com\/company\/matris_doo\/"]}]}},"_links":{"self":[{"href":"https:\/\/matris.eu\/es\/wp-json\/wp\/v2\/pages\/3605","targetHints":{"allow":["GET"]}}],"collection":[{"href":"https:\/\/matris.eu\/es\/wp-json\/wp\/v2\/pages"}],"about":[{"href":"https:\/\/matris.eu\/es\/wp-json\/wp\/v2\/types\/page"}],"author":[{"embeddable":true,"href":"https:\/\/matris.eu\/es\/wp-json\/wp\/v2\/users\/3"}],"replies":[{"embeddable":true,"href":"https:\/\/matris.eu\/es\/wp-json\/wp\/v2\/comments?post=3605"}],"version-history":[{"count":1,"href":"https:\/\/matris.eu\/es\/wp-json\/wp\/v2\/pages\/3605\/revisions"}],"predecessor-version":[{"id":3618,"href":"https:\/\/matris.eu\/es\/wp-json\/wp\/v2\/pages\/3605\/revisions\/3618"}],"up":[{"embeddable":true,"href":"https:\/\/matris.eu\/es\/wp-json\/wp\/v2\/pages\/2531"}],"wp:featuredmedia":[{"embeddable":true,"href":"https:\/\/matris.eu\/es\/wp-json\/wp\/v2\/media\/1551"}],"wp:attachment":[{"href":"https:\/\/matris.eu\/es\/wp-json\/wp\/v2\/media?parent=3605"}],"curies":[{"name":"wp","href":"https:\/\/api.w.org\/{rel}","templated":true}]}}