{"id":3569,"date":"2024-07-26T15:58:21","date_gmt":"2024-07-26T13:58:21","guid":{"rendered":"https:\/\/matris.eu\/servicios\/mecanizado-cnc\/"},"modified":"2025-06-17T18:27:32","modified_gmt":"2025-06-17T16:27:32","slug":"mecanizado-cnc","status":"publish","type":"page","link":"https:\/\/matris.eu\/es\/servicios\/mecanizado-cnc\/","title":{"rendered":"Mecanizado CNC"},"content":{"rendered":"<div class=\"wpb-content-wrapper\"><p>[vc_row row_height_percent=\u00bb0&#8243; override_padding=\u00bbyes\u00bb h_padding=\u00bb2&#8243; top_padding=\u00bb0&#8243; bottom_padding=\u00bb2&#8243; overlay_alpha=\u00bb50&#8243; gutter_size=\u00bb4&#8243; column_width_percent=\u00bb100&#8243; shift_y=\u00bb0&#8243; z_index=\u00bb0&#8243; uncode_shortcode_id=\u00bb792719&#8243;][vc_column width=\u00bb1\/2&#8243;][vc_custom_heading uncode_shortcode_id=\u00bb187817&#8243;]Mecanizado CNC de materiales de 3 y 5 ejes[\/vc_custom_heading][vc_column_text uncode_shortcode_id=\u00bb121180&#8243;]Ofrecemos servicios de fresado de 3 y 5 ejes para materiales como acero para herramientas, hierro cl\u00e1sico, aluminio, cobre, pl\u00e1sticos y madera para las industrias energ\u00e9tica, de fabricaci\u00f3n de herramientas, aeroespacial y automotriz.<\/p>\n<p>Para la producci\u00f3n de productos m\u00e1s complejos, suele ser adecuado \u00fanicamente el fresado de 5 ejes. Este mecanizado se utiliza para producir piezas con geometr\u00edas complejas y superficies curvadas en diferentes \u00e1ngulos. Antes de la introducci\u00f3n del mecanizado de 5 ejes, el problema de estas piezas se solucionaba con el mecanizado de 3 ejes y el uso de herramientas especiales, lo que prolongaba el tiempo de producci\u00f3n y encarec\u00eda el producto final.  <\/p>\n<p>El mecanizado de 5 ejes tambi\u00e9n permite pendientes de pared negativas. La ventaja de este tipo de fresado: <\/p>\n<ul>\n<li>reduciendo el n\u00famero de accesorios de mecanizado,<\/li>\n<li>herramientas de corte m\u00e1s cortas,<\/li>\n<li>Mayor rigidez de herramientas m\u00e1s cortas.<\/li>\n<\/ul>\n<p>[\/vc_column_text][vc_row_inner][vc_column_inner column_width_percent=\u00bb100&#8243; gutter_size=\u00bb2&#8243; overlay_alpha=\u00bb50&#8243; shift_x=\u00bb0&#8243; shift_y=\u00bb0&#8243; shift_y_down=\u00bb0&#8243; z_index=\u00bb0&#8243; medium_width=\u00bb0&#8243; mobile_width=\u00bb0&#8243; width=\u00bb1\/1&#8243; uncode_shortcode_id=\u00bb105453&#8243;][vc_custom_heading heading_semantic=\u00bbh3&#8243; text_size=\u00bbh4&#8243; uncode_shortcode_id=\u00bb259552&#8243;]El procesamiento de metales CNC de 3 y 5 ejes incluye:[\/vc_custom_heading][uncode_list icon=\u00bbfa fa-check\u00bb icon_color=\u00bbaccent\u00bb uncode_shortcode_id=\u00bb110080&#8243; icon_color_type=\u00bbuncode-palette\u00bb]<\/p>\n<ul>\n<li>preparaci\u00f3n de un programa de procesamiento,<\/li>\n<li>Mecanizado CNC de la pieza,<\/li>\n<li>mediciones finales.<\/li>\n<\/ul>\n<p>[\/uncode_list][\/vc_column_inner][\/vc_row_inner][\/vc_column][vc_column width=\u00bb1\/2&#8243;][vc_row_inner][vc_column_inner column_width_percent=\u00bb100&#8243; gutter_size=\u00bb3&#8243; override_padding=\u00bbyes\u00bb column_padding=\u00bb3&#8243; back_color=\u00bbcolor-193339&#8243; overlay_alpha=\u00bb50&#8243; shift_x=\u00bb0&#8243; shift_y=\u00bb0&#8243; shift_y_down=\u00bb0&#8243; z_index=\u00bb0&#8243; medium_width=\u00bb0&#8243; mobile_width=\u00bb0&#8243; width=\u00bb1\/1&#8243; uncode_shortcode_id=\u00bb942628&#8243; back_color_type=\u00bbuncode-palette\u00bb][vc_column_text uncode_shortcode_id=\u00bb342642&#8243;]<\/p>\n<h5>Dimensiones de las piezas de fresado CNC de 5 ejes:<\/h5>\n<ul>\n<li>x = 500 mil\u00edmetros<\/li>\n<li>y = 450 mm<\/li>\n<li>con = 400 mm<\/li>\n<\/ul>\n<h5>Dimensiones de la pieza de trabajo:<\/h5>\n<ul>\n<li>di\u00e1metro m\u00e1ximo = 630 mm <\/li>\n<li>altura m\u00e1xima de trabajo = 500 mm <\/li>\n<li>peso m\u00e1ximo = 300 kg <\/li>\n<\/ul>\n<h5>Dimensiones de piezas de fresado CNC de 3 ejes:<\/h5>\n<ul>\n<li>x = 800 mil\u00edmetros<\/li>\n<li>y = 560 mm<\/li>\n<li>con = 1100 mm<\/li>\n<li>peso m\u00e1ximo = 800 kg <\/li>\n<\/ul>\n<p>[\/vc_column_text][vc_column_text text_lead=\u00bbsmall\u00bb uncode_shortcode_id=\u00bb162753&#8243;]<em><span class=\"normaltextrun\">Se deben comprobar las dimensiones finales, ya que pueden existir excepciones dependiendo del propio mecanizado y de la forma de la pieza.<\/span><span class=\"eop\"> <\/span><\/em>[\/vc_column_text][\/vc_column_inner][\/vc_row_inner][\/vc_column][\/vc_row][vc_row][vc_column width=\u00bb1\/2&#8243;][vc_single_image media=\u00bb311&#8243; caption=\u00bbyes\u00bb media_width_use_pixel=\u00bbyes\u00bb uncode_shortcode_id=\u00bb181757&#8243; media_width_pixel=\u00bb450&#8243;][\/vc_column][vc_column width=\u00bb1\/2&#8243;][vc_single_image media=\u00bb312&#8243; caption=\u00bbyes\u00bb media_width_use_pixel=\u00bbyes\u00bb uncode_shortcode_id=\u00bb152296&#8243; media_width_pixel=\u00bb470&#8243;][\/vc_column][\/vc_row][vc_row][vc_column width=\u00bb1\/1&#8243;][vc_separator sep_color=\u00bbcolor-uydo\u00bb uncode_shortcode_id=\u00bb979609&#8243; sep_color_type=\u00bbuncode-palette\u00bb][\/vc_column][\/vc_row][vc_row][vc_column width=\u00bb1\/2&#8243;][vc_custom_heading uncode_shortcode_id=\u00bb409568&#8243;]Soldadura l\u00e1ser[\/vc_custom_heading][vc_column_text uncode_shortcode_id=\u00bb918064&#8243;]La soldadura l\u00e1ser de ejes es un proceso mediante el cual soldamos material de aporte a un eje o alojamiento de rodamiento desgastado. Esto repara la superficie, que se endurece gracias al material de aporte y al propio proceso, sin necesidad de tratamiento t\u00e9rmico adicional. Al mismo tiempo, evitamos la fabricaci\u00f3n de un eje nuevo, lo que supone un ahorro de tiempo y dinero.[\/vc_column_text][vc_row_inner][vc_column_inner column_width_percent=\u00bb100&#8243; gutter_size=\u00bb2&#8243; overlay_alpha=\u00bb50&#8243; shift_x=\u00bb0&#8243; shift_y=\u00bb0&#8243; shift_y_down=\u00bb0&#8243; z_index=\u00bb0&#8243; medium_width=\u00bb0&#8243; mobile_width=\u00bb0&#8243; width=\u00bb1\/1&#8243; uncode_shortcode_id=\u00bb105453&#8243;][vc_custom_heading heading_semantic=\u00bbh3&#8243; text_size=\u00bbh4&#8243; uncode_shortcode_id=\u00bb313782&#8243;]La soldadura l\u00e1ser incluye:[\/vc_custom_heading][uncode_list icon=\u00bbfa fa-check\u00bb icon_color=\u00bbaccent\u00bb uncode_shortcode_id=\u00bb141165&#8243; icon_color_type=\u00bbuncode-palette\u00bb]<\/p>\n<ul>\n<li>Rectificado previo de la superficie, si es necesario,<\/li>\n<li>Soldadura l\u00e1ser con deposici\u00f3n de material,<\/li>\n<li>rectificado seg\u00fan tolerancias de f\u00e1brica,<\/li>\n<li>realizando la medici\u00f3n final.<\/li>\n<\/ul>\n<p>[\/uncode_list][\/vc_column_inner][\/vc_row_inner][\/vc_column][vc_column width=\u00bb1\/2&#8243;][vc_custom_heading uncode_shortcode_id=\u00bb186585&#8243;]Rectificado redondo[\/vc_custom_heading][vc_column_text uncode_shortcode_id=\u00bb352437&#8243;]El rectificado cil\u00edndrico es un proceso mediante el cual rectificamos la parte soldada del eje hasta su dimensi\u00f3n final o corregimos los cojinetes laterales para cumplir con los requisitos de instalaci\u00f3n. El rectificado es posible hasta un ancho exterior m\u00e1ximo de 400 mm, un di\u00e1metro interior de 10 mm a 300 mm y una longitud m\u00e1xima de 1000 mm.[\/vc_column_text][vc_row_inner][vc_column_inner column_width_percent=\u00bb100&#8243; gutter_size=\u00bb2&#8243; overlay_alpha=\u00bb50&#8243; shift_x=\u00bb0&#8243; shift_y=\u00bb0&#8243; shift_y_down=\u00bb0&#8243; z_index=\u00bb0&#8243; medium_width=\u00bb0&#8243; mobile_width=\u00bb0&#8243; width=\u00bb1\/1&#8243; uncode_shortcode_id=\u00bb105453&#8243;][vc_custom_heading heading_semantic=\u00bbh3&#8243; text_size=\u00bbh4&#8243; uncode_shortcode_id=\u00bb631870&#8243;]El rectificado circular incluye:[\/vc_custom_heading][uncode_list icon=\u00bbfa fa-check\u00bb icon_color=\u00bbaccent\u00bb uncode_shortcode_id=\u00bb150227&#8243; icon_color_type=\u00bbuncode-palette\u00bb]<\/p>\n<ul>\n<li>rectificado seg\u00fan tolerancias de f\u00e1brica,<\/li>\n<li>realizando la medici\u00f3n final.<\/li>\n<\/ul>\n<p>[\/uncode_list][\/vc_column_inner][\/vc_row_inner][\/vc_column][\/vc_row][vc_row][vc_column width=\u00bb1\/1&#8243;][vc_separator sep_color=\u00bbcolor-uydo\u00bb uncode_shortcode_id=\u00bb979609&#8243; sep_color_type=\u00bbuncode-palette\u00bb][\/vc_column][\/vc_row][vc_row row_height_percent=\u00bb0&#8243; override_padding=\u00bbyes\u00bb h_padding=\u00bb2&#8243; top_padding=\u00bb2&#8243; bottom_padding=\u00bb3&#8243; overlay_alpha=\u00bb50&#8243; gutter_size=\u00bb4&#8243; column_width_percent=\u00bb100&#8243; shift_y=\u00bb0&#8243; z_index=\u00bb0&#8243; uncode_shortcode_id=\u00bb502530&#8243;][vc_column width=\u00bb1\/2&#8243;][vc_custom_heading uncode_shortcode_id=\u00bb285343&#8243;]Equilibrio est\u00e1tico y din\u00e1mico[\/vc_custom_heading][vc_column_text uncode_shortcode_id=\u00bb984649&#8243;]El balanceo est\u00e1tico y din\u00e1mico del rotor del motor es un procedimiento que se realiza durante cada reparaci\u00f3n y restauraci\u00f3n del rotor. El balanceo est\u00e1tico elimina el desequilibrio que causa vibraciones en reposo. El balanceo din\u00e1mico, que tambi\u00e9n incluye el balanceo est\u00e1tico, corrige el desequilibrio cuando el rotor gira. Ambos m\u00e9todos son esenciales para reducir la vibraci\u00f3n y el desgaste, lo que prolonga la vida \u00fatil del motor y mejora su eficiencia y fiabilidad. El balanceo est\u00e1tico se centra en un plano, mientras que el balanceo din\u00e1mico se centra en dos o m\u00e1s planos.[\/vc_column_text][vc_row_inner][vc_column_inner column_width_percent=\u00bb100&#8243; gutter_size=\u00bb2&#8243; overlay_alpha=\u00bb50&#8243; shift_x=\u00bb0&#8243; shift_y=\u00bb0&#8243; shift_y_down=\u00bb0&#8243; z_index=\u00bb0&#8243; medium_width=\u00bb0&#8243; mobile_width=\u00bb0&#8243; width=\u00bb1\/1&#8243; uncode_shortcode_id=\u00bb105453&#8243;][vc_custom_heading heading_semantic=\u00bbh3&#8243; text_size=\u00bbh4&#8243; uncode_shortcode_id=\u00bb142482&#8243;]El equilibrio din\u00e1mico y fino incluye:[\/vc_custom_heading][uncode_list icon=\u00bbfa fa-check\u00bb icon_color=\u00bbaccent\u00bb uncode_shortcode_id=\u00bb580173&#8243; icon_color_type=\u00bbuncode-palette\u00bb]<\/p>\n<ul>\n<li>mediciones iniciales y calibraci\u00f3n,<\/li>\n<li>determinaci\u00f3n de puntos de equilibrio,<\/li>\n<li>a\u00f1adiendo o quitando material,<\/li>\n<li>mediciones intermedias,<\/li>\n<li>confirmaci\u00f3n de la adecuaci\u00f3n de las vibraciones restantes,<\/li>\n<li>informe final.<\/li>\n<\/ul>\n<p>[\/uncode_list][\/vc_column_inner][\/vc_row_inner][\/vc_column][vc_column width=\u00bb1\/2&#8243;][vc_single_image media=\u00bb487&#8243; media_width_percent=\u00bb100&#8243; uncode_shortcode_id=\u00bb131361&#8243;][\/vc_column][\/vc_row]<\/p>\n<\/div>","protected":false},"excerpt":{"rendered":"<p>Procesamos pl\u00e1sticos, metales, acero inoxidable y madera para prototipos (incluso de una sola pieza) o semiproducci\u00f3n.<\/p>\n","protected":false},"author":3,"featured_media":1610,"parent":2531,"menu_order":8,"comment_status":"closed","ping_status":"closed","template":"","meta":{"footnotes":""},"class_list":["post-3569","page","type-page","status-publish","has-post-thumbnail","hentry"],"yoast_head":"<!-- This site is optimized with the Yoast SEO plugin v27.5 - https:\/\/yoast.com\/product\/yoast-seo-wordpress\/ -->\n<title>Mecanizado CNC | Matris<\/title>\n<meta name=\"robots\" content=\"index, follow, max-snippet:-1, max-image-preview:large, max-video-preview:-1\" \/>\n<link rel=\"canonical\" href=\"https:\/\/matris.eu\/es\/servicios\/mecanizado-cnc\/\" \/>\n<meta property=\"og:locale\" content=\"es_ES\" \/>\n<meta property=\"og:type\" content=\"article\" \/>\n<meta property=\"og:title\" content=\"Mecanizado CNC | Matris\" \/>\n<meta property=\"og:description\" content=\"Procesamos pl\u00e1sticos, metales, acero inoxidable y madera para prototipos (incluso de una sola pieza) o semiproducci\u00f3n.\" \/>\n<meta property=\"og:url\" content=\"https:\/\/matris.eu\/es\/servicios\/mecanizado-cnc\/\" \/>\n<meta property=\"og:site_name\" content=\"Matris\" \/>\n<meta property=\"article:publisher\" content=\"https:\/\/www.facebook.com\/Matrisdoo\" \/>\n<meta property=\"article:modified_time\" content=\"2025-06-17T16:27:32+00:00\" \/>\n<meta property=\"og:image\" content=\"https:\/\/matris.eu\/wp-content\/uploads\/2024\/07\/hero_image_cnc_obdelava-1.jpg\" \/>\n\t<meta property=\"og:image:width\" content=\"2048\" \/>\n\t<meta property=\"og:image:height\" content=\"800\" \/>\n\t<meta property=\"og:image:type\" content=\"image\/jpeg\" \/>\n<meta name=\"twitter:card\" content=\"summary_large_image\" \/>\n<meta name=\"twitter:label1\" content=\"Tiempo de lectura\" \/>\n\t<meta name=\"twitter:data1\" content=\"6 minutos\" \/>\n<script type=\"application\/ld+json\" class=\"yoast-schema-graph\">{\"@context\":\"https:\\\/\\\/schema.org\",\"@graph\":[{\"@type\":\"WebPage\",\"@id\":\"https:\\\/\\\/matris.eu\\\/es\\\/servicios\\\/mecanizado-cnc\\\/\",\"url\":\"https:\\\/\\\/matris.eu\\\/es\\\/servicios\\\/mecanizado-cnc\\\/\",\"name\":\"Mecanizado CNC | Matris\",\"isPartOf\":{\"@id\":\"https:\\\/\\\/matris.eu\\\/es\\\/#website\"},\"primaryImageOfPage\":{\"@id\":\"https:\\\/\\\/matris.eu\\\/es\\\/servicios\\\/mecanizado-cnc\\\/#primaryimage\"},\"image\":{\"@id\":\"https:\\\/\\\/matris.eu\\\/es\\\/servicios\\\/mecanizado-cnc\\\/#primaryimage\"},\"thumbnailUrl\":\"https:\\\/\\\/matris.eu\\\/wp-content\\\/uploads\\\/2024\\\/07\\\/hero_image_cnc_obdelava-1.jpg\",\"datePublished\":\"2024-07-26T13:58:21+00:00\",\"dateModified\":\"2025-06-17T16:27:32+00:00\",\"breadcrumb\":{\"@id\":\"https:\\\/\\\/matris.eu\\\/es\\\/servicios\\\/mecanizado-cnc\\\/#breadcrumb\"},\"inLanguage\":\"es\",\"potentialAction\":[{\"@type\":\"ReadAction\",\"target\":[\"https:\\\/\\\/matris.eu\\\/es\\\/servicios\\\/mecanizado-cnc\\\/\"]}]},{\"@type\":\"ImageObject\",\"inLanguage\":\"es\",\"@id\":\"https:\\\/\\\/matris.eu\\\/es\\\/servicios\\\/mecanizado-cnc\\\/#primaryimage\",\"url\":\"https:\\\/\\\/matris.eu\\\/wp-content\\\/uploads\\\/2024\\\/07\\\/hero_image_cnc_obdelava-1.jpg\",\"contentUrl\":\"https:\\\/\\\/matris.eu\\\/wp-content\\\/uploads\\\/2024\\\/07\\\/hero_image_cnc_obdelava-1.jpg\",\"width\":2048,\"height\":800,\"caption\":\"CNC obdelava\"},{\"@type\":\"BreadcrumbList\",\"@id\":\"https:\\\/\\\/matris.eu\\\/es\\\/servicios\\\/mecanizado-cnc\\\/#breadcrumb\",\"itemListElement\":[{\"@type\":\"ListItem\",\"position\":1,\"name\":\"Home\",\"item\":\"https:\\\/\\\/matris.eu\\\/es\\\/\"},{\"@type\":\"ListItem\",\"position\":2,\"name\":\"Servicios\",\"item\":\"https:\\\/\\\/matris.eu\\\/es\\\/servicios\\\/\"},{\"@type\":\"ListItem\",\"position\":3,\"name\":\"Mecanizado CNC\"}]},{\"@type\":\"WebSite\",\"@id\":\"https:\\\/\\\/matris.eu\\\/es\\\/#website\",\"url\":\"https:\\\/\\\/matris.eu\\\/es\\\/\",\"name\":\"Servisni center Matris\",\"description\":\"Servis elektro, servo in vretenskih motorjev\",\"publisher\":{\"@id\":\"https:\\\/\\\/matris.eu\\\/es\\\/#organization\"},\"alternateName\":\"Matris\",\"potentialAction\":[{\"@type\":\"SearchAction\",\"target\":{\"@type\":\"EntryPoint\",\"urlTemplate\":\"https:\\\/\\\/matris.eu\\\/es\\\/?s={search_term_string}\"},\"query-input\":{\"@type\":\"PropertyValueSpecification\",\"valueRequired\":true,\"valueName\":\"search_term_string\"}}],\"inLanguage\":\"es\"},{\"@type\":\"Organization\",\"@id\":\"https:\\\/\\\/matris.eu\\\/es\\\/#organization\",\"name\":\"Servisni center Matris\",\"alternateName\":\"Matris\",\"url\":\"https:\\\/\\\/matris.eu\\\/es\\\/\",\"logo\":{\"@type\":\"ImageObject\",\"inLanguage\":\"es\",\"@id\":\"https:\\\/\\\/matris.eu\\\/es\\\/#\\\/schema\\\/logo\\\/image\\\/\",\"url\":\"\",\"contentUrl\":\"\",\"caption\":\"Servisni center Matris\"},\"image\":{\"@id\":\"https:\\\/\\\/matris.eu\\\/es\\\/#\\\/schema\\\/logo\\\/image\\\/\"},\"sameAs\":[\"https:\\\/\\\/www.facebook.com\\\/Matrisdoo\",\"https:\\\/\\\/www.linkedin.com\\\/company\\\/matris_doo\\\/\"]}]}<\/script>\n<!-- \/ Yoast SEO plugin. -->","yoast_head_json":{"title":"Mecanizado CNC | Matris","robots":{"index":"index","follow":"follow","max-snippet":"max-snippet:-1","max-image-preview":"max-image-preview:large","max-video-preview":"max-video-preview:-1"},"canonical":"https:\/\/matris.eu\/es\/servicios\/mecanizado-cnc\/","og_locale":"es_ES","og_type":"article","og_title":"Mecanizado CNC | Matris","og_description":"Procesamos pl\u00e1sticos, metales, acero inoxidable y madera para prototipos (incluso de una sola pieza) o semiproducci\u00f3n.","og_url":"https:\/\/matris.eu\/es\/servicios\/mecanizado-cnc\/","og_site_name":"Matris","article_publisher":"https:\/\/www.facebook.com\/Matrisdoo","article_modified_time":"2025-06-17T16:27:32+00:00","og_image":[{"width":2048,"height":800,"url":"https:\/\/matris.eu\/wp-content\/uploads\/2024\/07\/hero_image_cnc_obdelava-1.jpg","type":"image\/jpeg"}],"twitter_card":"summary_large_image","twitter_misc":{"Tiempo de lectura":"6 minutos"},"schema":{"@context":"https:\/\/schema.org","@graph":[{"@type":"WebPage","@id":"https:\/\/matris.eu\/es\/servicios\/mecanizado-cnc\/","url":"https:\/\/matris.eu\/es\/servicios\/mecanizado-cnc\/","name":"Mecanizado CNC | Matris","isPartOf":{"@id":"https:\/\/matris.eu\/es\/#website"},"primaryImageOfPage":{"@id":"https:\/\/matris.eu\/es\/servicios\/mecanizado-cnc\/#primaryimage"},"image":{"@id":"https:\/\/matris.eu\/es\/servicios\/mecanizado-cnc\/#primaryimage"},"thumbnailUrl":"https:\/\/matris.eu\/wp-content\/uploads\/2024\/07\/hero_image_cnc_obdelava-1.jpg","datePublished":"2024-07-26T13:58:21+00:00","dateModified":"2025-06-17T16:27:32+00:00","breadcrumb":{"@id":"https:\/\/matris.eu\/es\/servicios\/mecanizado-cnc\/#breadcrumb"},"inLanguage":"es","potentialAction":[{"@type":"ReadAction","target":["https:\/\/matris.eu\/es\/servicios\/mecanizado-cnc\/"]}]},{"@type":"ImageObject","inLanguage":"es","@id":"https:\/\/matris.eu\/es\/servicios\/mecanizado-cnc\/#primaryimage","url":"https:\/\/matris.eu\/wp-content\/uploads\/2024\/07\/hero_image_cnc_obdelava-1.jpg","contentUrl":"https:\/\/matris.eu\/wp-content\/uploads\/2024\/07\/hero_image_cnc_obdelava-1.jpg","width":2048,"height":800,"caption":"CNC obdelava"},{"@type":"BreadcrumbList","@id":"https:\/\/matris.eu\/es\/servicios\/mecanizado-cnc\/#breadcrumb","itemListElement":[{"@type":"ListItem","position":1,"name":"Home","item":"https:\/\/matris.eu\/es\/"},{"@type":"ListItem","position":2,"name":"Servicios","item":"https:\/\/matris.eu\/es\/servicios\/"},{"@type":"ListItem","position":3,"name":"Mecanizado CNC"}]},{"@type":"WebSite","@id":"https:\/\/matris.eu\/es\/#website","url":"https:\/\/matris.eu\/es\/","name":"Servisni center Matris","description":"Servis elektro, servo in vretenskih motorjev","publisher":{"@id":"https:\/\/matris.eu\/es\/#organization"},"alternateName":"Matris","potentialAction":[{"@type":"SearchAction","target":{"@type":"EntryPoint","urlTemplate":"https:\/\/matris.eu\/es\/?s={search_term_string}"},"query-input":{"@type":"PropertyValueSpecification","valueRequired":true,"valueName":"search_term_string"}}],"inLanguage":"es"},{"@type":"Organization","@id":"https:\/\/matris.eu\/es\/#organization","name":"Servisni center Matris","alternateName":"Matris","url":"https:\/\/matris.eu\/es\/","logo":{"@type":"ImageObject","inLanguage":"es","@id":"https:\/\/matris.eu\/es\/#\/schema\/logo\/image\/","url":"","contentUrl":"","caption":"Servisni center Matris"},"image":{"@id":"https:\/\/matris.eu\/es\/#\/schema\/logo\/image\/"},"sameAs":["https:\/\/www.facebook.com\/Matrisdoo","https:\/\/www.linkedin.com\/company\/matris_doo\/"]}]}},"_links":{"self":[{"href":"https:\/\/matris.eu\/es\/wp-json\/wp\/v2\/pages\/3569","targetHints":{"allow":["GET"]}}],"collection":[{"href":"https:\/\/matris.eu\/es\/wp-json\/wp\/v2\/pages"}],"about":[{"href":"https:\/\/matris.eu\/es\/wp-json\/wp\/v2\/types\/page"}],"author":[{"embeddable":true,"href":"https:\/\/matris.eu\/es\/wp-json\/wp\/v2\/users\/3"}],"replies":[{"embeddable":true,"href":"https:\/\/matris.eu\/es\/wp-json\/wp\/v2\/comments?post=3569"}],"version-history":[{"count":10,"href":"https:\/\/matris.eu\/es\/wp-json\/wp\/v2\/pages\/3569\/revisions"}],"predecessor-version":[{"id":3644,"href":"https:\/\/matris.eu\/es\/wp-json\/wp\/v2\/pages\/3569\/revisions\/3644"}],"up":[{"embeddable":true,"href":"https:\/\/matris.eu\/es\/wp-json\/wp\/v2\/pages\/2531"}],"wp:featuredmedia":[{"embeddable":true,"href":"https:\/\/matris.eu\/es\/wp-json\/wp\/v2\/media\/1610"}],"wp:attachment":[{"href":"https:\/\/matris.eu\/es\/wp-json\/wp\/v2\/media?parent=3569"}],"curies":[{"name":"wp","href":"https:\/\/api.w.org\/{rel}","templated":true}]}}