{"id":3182,"date":"2023-09-26T18:57:40","date_gmt":"2023-09-26T16:57:40","guid":{"rendered":"https:\/\/matris.eu\/politica-de-privacidad\/"},"modified":"2025-06-23T15:52:28","modified_gmt":"2025-06-23T13:52:28","slug":"politica-de-privacidad","status":"publish","type":"page","link":"https:\/\/matris.eu\/es\/politica-de-privacidad\/","title":{"rendered":"Pol\u00edtica de privacidad"},"content":{"rendered":"<div class=\"wpb-content-wrapper\"><p>[vc_row row_height_percent=\u00bb0&#8243; override_padding=\u00bbyes\u00bb h_padding=\u00bb2&#8243; top_padding=\u00bb3&#8243; bottom_padding=\u00bb3&#8243; back_color=\u00bbcolor-193339&#8243; overlay_alpha=\u00bb50&#8243; gutter_size=\u00bb3&#8243; column_width_use_pixel=\u00bbyes\u00bb shift_y=\u00bb0&#8243; z_index=\u00bb10&#8243; uncode_shortcode_id=\u00bb274921&#8243; back_color_type=\u00bbuncode-palette\u00bb css=\u00bb.vc_custom_1703155656632{padding-bottom: 0px !important;}\u00bb shape_dividers=\u00bb\u00bb][vc_column column_width_percent=\u00bb100&#8243; align_horizontal=\u00bbalign_center\u00bb gutter_size=\u00bb3&#8243; overlay_alpha=\u00bb50&#8243; shift_x=\u00bb0&#8243; shift_y=\u00bb0&#8243; shift_y_down=\u00bb0&#8243; z_index=\u00bb0&#8243; medium_width=\u00bb0&#8243; mobile_width=\u00bb0&#8243; width=\u00bb1\/1&#8243; uncode_shortcode_id=\u00bb157212&#8243;][vc_custom_heading heading_semantic=\u00bbh1&#8243; text_size=\u00bbh1&#8243; separator=\u00bbunder\u00bb separator_color=\u00bbyes\u00bb sub_lead=\u00bbyes\u00bb sub_reduced=\u00bbyes\u00bb uncode_shortcode_id=\u00bb614638&#8243; subheading=\u00bbNuestra pol\u00edtica de privacidad se elabora de conformidad con la Ley de Protecci\u00f3n del Consumidor y la Ley de Protecci\u00f3n de Datos Personales. Establece las condiciones de uso del sitio web www.matris.si, operado por Matris d.o.o. (en adelante, el proveedor), y las condiciones de tratamiento de los datos personales recopilados por el proveedor. \u00ab]Pol\u00edtica de privacidad[\/vc_custom_heading][\/vc_column][\/vc_row][vc_row row_height_percent=\u00bb0&#8243; override_padding=\u00bbyes\u00bb h_padding=\u00bb2&#8243; top_padding=\u00bb3&#8243; bottom_padding=\u00bb3&#8243; overlay_alpha=\u00bb50&#8243; gutter_size=\u00bb3&#8243; column_width_percent=\u00bb100&#8243; shift_y=\u00bb0&#8243; z_index=\u00bb0&#8243; uncode_shortcode_id=\u00bb144037&#8243; shape_dividers=\u00bb\u00bb][vc_column column_width_percent=\u00bb100&#8243; gutter_size=\u00bb3&#8243; overlay_alpha=\u00bb50&#8243; shift_x=\u00bb0&#8243; shift_y=\u00bb0&#8243; shift_y_down=\u00bb0&#8243; z_index=\u00bb0&#8243; medium_width=\u00bb0&#8243; mobile_width=\u00bb0&#8243; width=\u00bb1\/1&#8243; uncode_shortcode_id=\u00bb144776&#8243;][vc_column_text uncode_shortcode_id=\u00bb157503&#8243; css=\u00bb.vc_custom_1703156400047{margin-right: 50px !important;}\u00bb]En las empresas modernas, el derecho a la privacidad es uno de los derechos humanos m\u00e1s importantes. En Matris d.o.o., somos conscientes de ello y respetamos la privacidad de nuestros clientes, por lo que gestionamos sus datos personales con responsabilidad, cuidado y de acuerdo con la normativa vigente en la Rep\u00fablica de Eslovenia. El acceso a los datos personales solo est\u00e1 permitido a los empleados autorizados de Matris d.o.o.  <\/p>\n<p>Matris d.o.o. utiliza sus datos personales exclusivamente con el fin de cumplir con su solicitud (realizar ofertas, facturas, formularios de pedido, env\u00edo de material informativo) y para otros fines relacionados con el pedido y la comunicaci\u00f3n necesaria, de acuerdo con los fines para la implementaci\u00f3n exitosa del servicio.[\/vc_column_text][vc_separator sep_color=\u00bbcolor-uydo\u00bb uncode_shortcode_id=\u00bb120273&#8243; sep_color_type=\u00bbuncode-palette\u00bb][vc_column_text uncode_shortcode_id=\u00bb132755&#8243;]<\/p>\n<h3>Protecci\u00f3n de datos personales<\/h3>\n<p>El proveedor recopila datos personales de los clientes a trav\u00e9s del sitio web www.matris.si. Como responsable del tratamiento de datos personales, trata los datos personales recopilados de conformidad con la legislaci\u00f3n aplicable en materia de protecci\u00f3n de datos personales. <\/p>\n<p>Nuestra pol\u00edtica respecto a la protecci\u00f3n de datos personales:<\/p>\n<ul>\n<li>Nunca alquilamos, vendemos ni permitimos que ning\u00fan tercero procese su informaci\u00f3n personal.<\/li>\n<li>Almacenamos datos personales durante el tiempo que sea estrictamente necesario para cumplir con el prop\u00f3sito para el que fueron recopilados o hasta que el individuo retire su consentimiento.<\/li>\n<li>Nos comprometemos a proteger permanentemente todos los datos personales de nuestros clientes.<\/li>\n<li>Los datos personales son procesados \u200b\u200b\u00fanicamente por personas autorizadas del proveedor.<\/li>\n<li>En el futuro, modificaremos y complementaremos las normas sobre protecci\u00f3n de datos personales de acuerdo con los cambios en la legislaci\u00f3n en el campo de la protecci\u00f3n de datos personales.<\/li>\n<\/ul>\n<p>[\/vc_column_text][vc_separator sep_color=\u00bbcolor-uydo\u00bb uncode_shortcode_id=\u00bb120273&#8243; sep_color_type=\u00bbuncode-palette\u00bb][vc_column_text uncode_shortcode_id=\u00bb123103&#8243;]<\/p>\n<h3>El proceso de ejercicio de los derechos individuales<\/h3>\n<ul>\n<li>Para obtener toda la informaci\u00f3n sobre el tratamiento de datos personales o los derechos del individuo al que se refieren los datos personales (derecho de acceso, rectificaci\u00f3n, supresi\u00f3n, restricci\u00f3n del tratamiento, portabilidad y oposici\u00f3n), puede ponerse en contacto con el responsable del tratamiento de datos personales Matris d.o.o., Jelen\u010deva ulica 1, SI-4000 Kranj, por correo postal, correo electr\u00f3nico a info@matris.eu o por tel\u00e9fono +386 4 29 26 900.<\/li>\n<li>Responderemos a su solicitud de ejercicio de sus derechos con respecto a los datos personales sin demora indebida y a m\u00e1s tardar un mes despu\u00e9s de la recepci\u00f3n de la solicitud.<\/li>\n<li>A los efectos de una identificaci\u00f3n fiable en caso de ejercicio de derechos relacionados con datos personales, podremos solicitarle informaci\u00f3n adicional, y podremos negarnos a tomar medidas solo si demostramos que no podemos identificarlo fiablemente.<\/li>\n<\/ul>\n<p>[\/vc_column_text][vc_separator sep_color=\u00bbcolor-uydo\u00bb uncode_shortcode_id=\u00bb120273&#8243; sep_color_type=\u00bbuncode-palette\u00bb][vc_column_text uncode_shortcode_id=\u00bb375909&#8243;]<\/p>\n<h3>Darse de baja de las notificaciones<\/h3>\n<ul>\n<li>Puede cancelar su suscripci\u00f3n a las notificaciones por correo electr\u00f3nico en cualquier momento haciendo clic en el enlace correspondiente incluido en el correo electr\u00f3nico que reciba. Tambi\u00e9n puede comunicarnos sus deseos por escrito a la direcci\u00f3n de la empresa. <\/li>\n<li>Si sigue recibiendo notificaciones a pesar de haberse dado de baja, le pedimos disculpas sinceras y le pedimos que nos lo notifique de inmediato.<\/li>\n<\/ul>\n<p>[\/vc_column_text][vc_separator sep_color=\u00bbcolor-uydo\u00bb uncode_shortcode_id=\u00bb120273&#8243; sep_color_type=\u00bbuncode-palette\u00bb][vc_column_text uncode_shortcode_id=\u00bb242075&#8243;]<\/p>\n<h3>Derecho a apelar<\/h3>\n<p>Si considera que nuestro procesamiento de datos personales viola la legislaci\u00f3n de protecci\u00f3n de datos personales aplicable, tiene derecho a presentar una queja ante el Comisionado de Informaci\u00f3n en la direcci\u00f3n del Comisionado de Informaci\u00f3n, Dunajska cesta 22, 1000 Ljubljana, tel\u00e9fono 01 230 97 30, correo electr\u00f3nico gp.ip@ip-rs.si.<\/p>\n<p>Matris d.o.o., 2023[\/vc_column_text][\/vc_column][\/vc_row]<\/p>\n<\/div>","protected":false},"excerpt":{"rendered":"<p>[vc_row row_height_percent=\u00bb0&#8243; override_padding=\u00bbyes\u00bb h_padding=\u00bb2&#8243; top_padding=\u00bb3&#8243; bottom_padding=\u00bb3&#8243; back_color=\u00bbcolor-193339&#8243; overlay_alpha=\u00bb50&#8243; gutter_size=\u00bb3&#8243; column_width_use_pixel=\u00bbyes\u00bb shift_y=\u00bb0&#8243; z_index=\u00bb10&#8243; uncode_shortcode_id=\u00bb274921&#8243; back_color_type=\u00bbuncode-palette\u00bb css=\u00bb.vc_custom_1703155656632{padding-bottom: 0px !important;}\u00bb shape_dividers=\u00bb\u00bb][vc_column column_width_percent=\u00bb100&#8243; align_horizontal=\u00bbalign_center\u00bb [&hellip;]<\/p>\n","protected":false},"author":1,"featured_media":79,"parent":0,"menu_order":20,"comment_status":"closed","ping_status":"closed","template":"","meta":{"footnotes":""},"class_list":["post-3182","page","type-page","status-publish","has-post-thumbnail","hentry"],"yoast_head":"<!-- This site is optimized with the Yoast SEO plugin v27.6 - https:\/\/yoast.com\/product\/yoast-seo-wordpress\/ -->\n<title>Pol\u00edtica de privacidad | Matris<\/title>\n<meta name=\"robots\" content=\"index, follow, max-snippet:-1, max-image-preview:large, max-video-preview:-1\" \/>\n<link rel=\"canonical\" href=\"https:\/\/matris.eu\/es\/politica-de-privacidad\/\" \/>\n<meta property=\"og:locale\" content=\"es_ES\" \/>\n<meta property=\"og:type\" content=\"article\" \/>\n<meta property=\"og:title\" content=\"Pol\u00edtica de privacidad | Matris\" \/>\n<meta property=\"og:description\" content=\"[vc_row row_height_percent=\u00bb0&#8243; override_padding=\u00bbyes\u00bb h_padding=\u00bb2&#8243; top_padding=\u00bb3&#8243; bottom_padding=\u00bb3&#8243; back_color=\u00bbcolor-193339&#8243; overlay_alpha=\u00bb50&#8243; gutter_size=\u00bb3&#8243; column_width_use_pixel=\u00bbyes\u00bb shift_y=\u00bb0&#8243; z_index=\u00bb10&#8243; uncode_shortcode_id=\u00bb274921&#8243; back_color_type=\u00bbuncode-palette\u00bb css=\u00bb.vc_custom_1703155656632{padding-bottom: 0px !important;}\u00bb shape_dividers=\u00bb\u00bb][vc_column column_width_percent=\u00bb100&#8243; align_horizontal=\u00bbalign_center\u00bb [&hellip;]\" \/>\n<meta property=\"og:url\" content=\"https:\/\/matris.eu\/es\/politica-de-privacidad\/\" \/>\n<meta property=\"og:site_name\" content=\"Matris\" \/>\n<meta property=\"article:publisher\" content=\"https:\/\/www.facebook.com\/Matrisdoo\" \/>\n<meta property=\"article:modified_time\" content=\"2025-06-23T13:52:28+00:00\" \/>\n<meta property=\"og:image\" content=\"https:\/\/matris.eu\/wp-content\/uploads\/2023\/09\/matris_naslovna_slika_1500x1000px_2.jpg\" \/>\n\t<meta property=\"og:image:width\" content=\"1500\" \/>\n\t<meta property=\"og:image:height\" content=\"1000\" \/>\n\t<meta property=\"og:image:type\" content=\"image\/jpeg\" \/>\n<meta name=\"twitter:card\" content=\"summary_large_image\" \/>\n<meta name=\"twitter:label1\" content=\"Tiempo de lectura\" \/>\n\t<meta name=\"twitter:data1\" content=\"5 minutos\" \/>\n<script type=\"application\/ld+json\" class=\"yoast-schema-graph\">{\"@context\":\"https:\\\/\\\/schema.org\",\"@graph\":[{\"@type\":\"WebPage\",\"@id\":\"https:\\\/\\\/matris.eu\\\/es\\\/politica-de-privacidad\\\/\",\"url\":\"https:\\\/\\\/matris.eu\\\/es\\\/politica-de-privacidad\\\/\",\"name\":\"Pol\u00edtica de privacidad | Matris\",\"isPartOf\":{\"@id\":\"https:\\\/\\\/matris.eu\\\/es\\\/#website\"},\"primaryImageOfPage\":{\"@id\":\"https:\\\/\\\/matris.eu\\\/es\\\/politica-de-privacidad\\\/#primaryimage\"},\"image\":{\"@id\":\"https:\\\/\\\/matris.eu\\\/es\\\/politica-de-privacidad\\\/#primaryimage\"},\"thumbnailUrl\":\"https:\\\/\\\/matris.eu\\\/wp-content\\\/uploads\\\/2023\\\/09\\\/matris_naslovna_slika_1500x1000px_2.jpg\",\"datePublished\":\"2023-09-26T16:57:40+00:00\",\"dateModified\":\"2025-06-23T13:52:28+00:00\",\"breadcrumb\":{\"@id\":\"https:\\\/\\\/matris.eu\\\/es\\\/politica-de-privacidad\\\/#breadcrumb\"},\"inLanguage\":\"es\",\"potentialAction\":[{\"@type\":\"ReadAction\",\"target\":[\"https:\\\/\\\/matris.eu\\\/es\\\/politica-de-privacidad\\\/\"]}]},{\"@type\":\"ImageObject\",\"inLanguage\":\"es\",\"@id\":\"https:\\\/\\\/matris.eu\\\/es\\\/politica-de-privacidad\\\/#primaryimage\",\"url\":\"https:\\\/\\\/matris.eu\\\/wp-content\\\/uploads\\\/2023\\\/09\\\/matris_naslovna_slika_1500x1000px_2.jpg\",\"contentUrl\":\"https:\\\/\\\/matris.eu\\\/wp-content\\\/uploads\\\/2023\\\/09\\\/matris_naslovna_slika_1500x1000px_2.jpg\",\"width\":1500,\"height\":1000},{\"@type\":\"BreadcrumbList\",\"@id\":\"https:\\\/\\\/matris.eu\\\/es\\\/politica-de-privacidad\\\/#breadcrumb\",\"itemListElement\":[{\"@type\":\"ListItem\",\"position\":1,\"name\":\"Home\",\"item\":\"https:\\\/\\\/matris.eu\\\/es\\\/\"},{\"@type\":\"ListItem\",\"position\":2,\"name\":\"Pol\u00edtica de privacidad\"}]},{\"@type\":\"WebSite\",\"@id\":\"https:\\\/\\\/matris.eu\\\/es\\\/#website\",\"url\":\"https:\\\/\\\/matris.eu\\\/es\\\/\",\"name\":\"Servisni center Matris\",\"description\":\"Servis elektro, servo in vretenskih motorjev\",\"publisher\":{\"@id\":\"https:\\\/\\\/matris.eu\\\/es\\\/#organization\"},\"alternateName\":\"Matris\",\"potentialAction\":[{\"@type\":\"SearchAction\",\"target\":{\"@type\":\"EntryPoint\",\"urlTemplate\":\"https:\\\/\\\/matris.eu\\\/es\\\/?s={search_term_string}\"},\"query-input\":{\"@type\":\"PropertyValueSpecification\",\"valueRequired\":true,\"valueName\":\"search_term_string\"}}],\"inLanguage\":\"es\"},{\"@type\":\"Organization\",\"@id\":\"https:\\\/\\\/matris.eu\\\/es\\\/#organization\",\"name\":\"Servisni center Matris\",\"alternateName\":\"Matris\",\"url\":\"https:\\\/\\\/matris.eu\\\/es\\\/\",\"logo\":{\"@type\":\"ImageObject\",\"inLanguage\":\"es\",\"@id\":\"https:\\\/\\\/matris.eu\\\/es\\\/#\\\/schema\\\/logo\\\/image\\\/\",\"url\":\"\",\"contentUrl\":\"\",\"caption\":\"Servisni center Matris\"},\"image\":{\"@id\":\"https:\\\/\\\/matris.eu\\\/es\\\/#\\\/schema\\\/logo\\\/image\\\/\"},\"sameAs\":[\"https:\\\/\\\/www.facebook.com\\\/Matrisdoo\",\"https:\\\/\\\/www.linkedin.com\\\/company\\\/matris_doo\\\/\"]}]}<\/script>\n<!-- \/ Yoast SEO plugin. -->","yoast_head_json":{"title":"Pol\u00edtica de privacidad | Matris","robots":{"index":"index","follow":"follow","max-snippet":"max-snippet:-1","max-image-preview":"max-image-preview:large","max-video-preview":"max-video-preview:-1"},"canonical":"https:\/\/matris.eu\/es\/politica-de-privacidad\/","og_locale":"es_ES","og_type":"article","og_title":"Pol\u00edtica de privacidad | Matris","og_description":"[vc_row row_height_percent=\u00bb0&#8243; override_padding=\u00bbyes\u00bb h_padding=\u00bb2&#8243; top_padding=\u00bb3&#8243; bottom_padding=\u00bb3&#8243; back_color=\u00bbcolor-193339&#8243; overlay_alpha=\u00bb50&#8243; gutter_size=\u00bb3&#8243; column_width_use_pixel=\u00bbyes\u00bb shift_y=\u00bb0&#8243; z_index=\u00bb10&#8243; uncode_shortcode_id=\u00bb274921&#8243; back_color_type=\u00bbuncode-palette\u00bb css=\u00bb.vc_custom_1703155656632{padding-bottom: 0px !important;}\u00bb shape_dividers=\u00bb\u00bb][vc_column column_width_percent=\u00bb100&#8243; align_horizontal=\u00bbalign_center\u00bb [&hellip;]","og_url":"https:\/\/matris.eu\/es\/politica-de-privacidad\/","og_site_name":"Matris","article_publisher":"https:\/\/www.facebook.com\/Matrisdoo","article_modified_time":"2025-06-23T13:52:28+00:00","og_image":[{"width":1500,"height":1000,"url":"https:\/\/matris.eu\/wp-content\/uploads\/2023\/09\/matris_naslovna_slika_1500x1000px_2.jpg","type":"image\/jpeg"}],"twitter_card":"summary_large_image","twitter_misc":{"Tiempo de lectura":"5 minutos"},"schema":{"@context":"https:\/\/schema.org","@graph":[{"@type":"WebPage","@id":"https:\/\/matris.eu\/es\/politica-de-privacidad\/","url":"https:\/\/matris.eu\/es\/politica-de-privacidad\/","name":"Pol\u00edtica de privacidad | Matris","isPartOf":{"@id":"https:\/\/matris.eu\/es\/#website"},"primaryImageOfPage":{"@id":"https:\/\/matris.eu\/es\/politica-de-privacidad\/#primaryimage"},"image":{"@id":"https:\/\/matris.eu\/es\/politica-de-privacidad\/#primaryimage"},"thumbnailUrl":"https:\/\/matris.eu\/wp-content\/uploads\/2023\/09\/matris_naslovna_slika_1500x1000px_2.jpg","datePublished":"2023-09-26T16:57:40+00:00","dateModified":"2025-06-23T13:52:28+00:00","breadcrumb":{"@id":"https:\/\/matris.eu\/es\/politica-de-privacidad\/#breadcrumb"},"inLanguage":"es","potentialAction":[{"@type":"ReadAction","target":["https:\/\/matris.eu\/es\/politica-de-privacidad\/"]}]},{"@type":"ImageObject","inLanguage":"es","@id":"https:\/\/matris.eu\/es\/politica-de-privacidad\/#primaryimage","url":"https:\/\/matris.eu\/wp-content\/uploads\/2023\/09\/matris_naslovna_slika_1500x1000px_2.jpg","contentUrl":"https:\/\/matris.eu\/wp-content\/uploads\/2023\/09\/matris_naslovna_slika_1500x1000px_2.jpg","width":1500,"height":1000},{"@type":"BreadcrumbList","@id":"https:\/\/matris.eu\/es\/politica-de-privacidad\/#breadcrumb","itemListElement":[{"@type":"ListItem","position":1,"name":"Home","item":"https:\/\/matris.eu\/es\/"},{"@type":"ListItem","position":2,"name":"Pol\u00edtica de privacidad"}]},{"@type":"WebSite","@id":"https:\/\/matris.eu\/es\/#website","url":"https:\/\/matris.eu\/es\/","name":"Servisni center Matris","description":"Servis elektro, servo in vretenskih motorjev","publisher":{"@id":"https:\/\/matris.eu\/es\/#organization"},"alternateName":"Matris","potentialAction":[{"@type":"SearchAction","target":{"@type":"EntryPoint","urlTemplate":"https:\/\/matris.eu\/es\/?s={search_term_string}"},"query-input":{"@type":"PropertyValueSpecification","valueRequired":true,"valueName":"search_term_string"}}],"inLanguage":"es"},{"@type":"Organization","@id":"https:\/\/matris.eu\/es\/#organization","name":"Servisni center Matris","alternateName":"Matris","url":"https:\/\/matris.eu\/es\/","logo":{"@type":"ImageObject","inLanguage":"es","@id":"https:\/\/matris.eu\/es\/#\/schema\/logo\/image\/","url":"","contentUrl":"","caption":"Servisni center Matris"},"image":{"@id":"https:\/\/matris.eu\/es\/#\/schema\/logo\/image\/"},"sameAs":["https:\/\/www.facebook.com\/Matrisdoo","https:\/\/www.linkedin.com\/company\/matris_doo\/"]}]}},"_links":{"self":[{"href":"https:\/\/matris.eu\/es\/wp-json\/wp\/v2\/pages\/3182","targetHints":{"allow":["GET"]}}],"collection":[{"href":"https:\/\/matris.eu\/es\/wp-json\/wp\/v2\/pages"}],"about":[{"href":"https:\/\/matris.eu\/es\/wp-json\/wp\/v2\/types\/page"}],"author":[{"embeddable":true,"href":"https:\/\/matris.eu\/es\/wp-json\/wp\/v2\/users\/1"}],"replies":[{"embeddable":true,"href":"https:\/\/matris.eu\/es\/wp-json\/wp\/v2\/comments?post=3182"}],"version-history":[{"count":4,"href":"https:\/\/matris.eu\/es\/wp-json\/wp\/v2\/pages\/3182\/revisions"}],"predecessor-version":[{"id":4001,"href":"https:\/\/matris.eu\/es\/wp-json\/wp\/v2\/pages\/3182\/revisions\/4001"}],"wp:featuredmedia":[{"embeddable":true,"href":"https:\/\/matris.eu\/es\/wp-json\/wp\/v2\/media\/79"}],"wp:attachment":[{"href":"https:\/\/matris.eu\/es\/wp-json\/wp\/v2\/media?parent=3182"}],"curies":[{"name":"wp","href":"https:\/\/api.w.org\/{rel}","templated":true}]}}