{"id":3123,"date":"2023-09-27T10:46:18","date_gmt":"2023-09-27T08:46:18","guid":{"rendered":"https:\/\/matris.eu\/productos\/"},"modified":"2025-06-24T09:41:44","modified_gmt":"2025-06-24T07:41:44","slug":"productos","status":"publish","type":"page","link":"https:\/\/matris.eu\/es\/productos\/","title":{"rendered":"Productos"},"content":{"rendered":"<div class=\"wpb-content-wrapper\"><p>[vc_row unlock_row_content=\u00bbyes\u00bb row_height_percent=\u00bb0&#8243; override_padding=\u00bbyes\u00bb h_padding=\u00bb0&#8243; top_padding=\u00bb0&#8243; bottom_padding=\u00bb0&#8243; back_color=\u00bbcolor-193339&#8243; overlay_alpha=\u00bb50&#8243; equal_height=\u00bbyes\u00bb gutter_size=\u00bb0&#8243; column_width_percent=\u00bb100&#8243; shift_y=\u00bb0&#8243; z_index=\u00bb0&#8243; el_class=\u00bbinverted-device-order\u00bb uncode_shortcode_id=\u00bb362605&#8243; back_color_type=\u00bbuncode-palette\u00bb][vc_column column_width_use_pixel=\u00bbyes\u00bb gutter_size=\u00bb3&#8243; override_padding=\u00bbyes\u00bb column_padding=\u00bb5&#8243; style=\u00bblight\u00bb overlay_alpha=\u00bb50&#8243; shift_x=\u00bb0&#8243; shift_y=\u00bb0&#8243; shift_y_down=\u00bb0&#8243; z_index=\u00bb0&#8243; medium_width=\u00bb0&#8243; mobile_width=\u00bb0&#8243; width=\u00bb1\/2&#8243; column_width_pixel=\u00bb528&#8243; uncode_shortcode_id=\u00bb137379&#8243;][vc_custom_heading text_color=\u00bbaccent\u00bb heading_semantic=\u00bbh6&#8243; text_font=\u00bbfont-377744&#8243; text_size=\u00bbh5&#8243; text_transform=\u00bbuppercase\u00bb text_space=\u00bbfontspace-576413&#8243; uncode_shortcode_id=\u00bb748919&#8243; text_color_type=\u00bbuncode-palette\u00bb]Productos Matris[\/vc_custom_heading][vc_custom_heading text_color=\u00bbcolor-jevc\u00bb heading_semantic=\u00bbh1&#8243; text_size=\u00bbfontsize-213927&#8243; uncode_shortcode_id=\u00bb104514&#8243; text_color_type=\u00bbuncode-palette\u00bb]Nuevos productos de desarrollo propio[\/vc_custom_heading][vc_column_text uncode_shortcode_id=\u00bb861148&#8243;]Los productos se crearon debido a nuestra necesidad de un servicio m\u00e1s r\u00e1pido y eficiente. Dado que las demandas del mercado son cada vez mayores, ofrecemos un soporte de mantenimiento m\u00e1s completo, r\u00e1pido y de mayor calidad con nuestros productos. <\/p>\n<p>Como empresa relativamente peque\u00f1a con un n\u00famero limitado de empleados, no podemos ofrecer los servicios individuales que nuestros productos permiten en el mercado global. Por ello, hemos desarrollado los dispositivos para su venta y obtenido todas las certificaciones necesarias en este contexto.[\/vc_column_text][\/vc_column][vc_column column_width_percent=\u00bb100&#8243; gutter_size=\u00bb3&#8243; back_image=\u00bb3126&#8243; overlay_alpha=\u00bb50&#8243; shift_x=\u00bb0&#8243; shift_y=\u00bb0&#8243; shift_y_down=\u00bb0&#8243; z_index=\u00bb0&#8243; medium_width=\u00bb0&#8243; mobile_width=\u00bb0&#8243; width=\u00bb1\/2&#8243; mobile_height=\u00bb340&#8243; uncode_shortcode_id=\u00bb824668&#8243;][\/vc_column][\/vc_row][vc_row unlock_row_content=\u00bbyes\u00bb row_height_percent=\u00bb0&#8243; override_padding=\u00bbyes\u00bb h_padding=\u00bb0&#8243; top_padding=\u00bb0&#8243; bottom_padding=\u00bb0&#8243; overlay_alpha=\u00bb50&#8243; equal_height=\u00bbyes\u00bb gutter_size=\u00bb0&#8243; column_width_percent=\u00bb100&#8243; shift_y=\u00bb0&#8243; z_index=\u00bb0&#8243; content_parallax=\u00bb0&#8243; uncode_shortcode_id=\u00bb111527&#8243; el_id=\u00bbamoladora-din\u00e1mica\u00bb][vc_column column_width_use_pixel=\u00bbyes\u00bb position_horizontal=\u00bbright\u00bb gutter_size=\u00bb3&#8243; override_padding=\u00bbyes\u00bb column_padding=\u00bb5&#8243; back_image=\u00bb3127&#8243; overlay_alpha=\u00bb50&#8243; shift_x=\u00bb0&#8243; shift_y=\u00bb0&#8243; shift_y_down=\u00bb0&#8243; z_index=\u00bb0&#8243; medium_width=\u00bb0&#8243; mobile_width=\u00bb0&#8243; width=\u00bb1\/2&#8243; uncode_shortcode_id=\u00bb124660&#8243; mobile_height=\u00bb340&#8243; column_width_pixel=\u00bb360&#8243;][vc_row_inner row_inner_height_percent=\u00bb0&#8243; overlay_alpha=\u00bb50&#8243; gutter_size=\u00bb3&#8243; shift_y=\u00bb0&#8243; z_index=\u00bb0&#8243; bottom_divider=\u00bbtilt\u00bb medium_visibility=\u00bbyes\u00bb mobile_visibility=\u00bbyes\u00bb uncode_shortcode_id=\u00bb198202&#8243;][vc_column_inner column_width_percent=\u00bb100&#8243; position_horizontal=\u00bbright\u00bb position_vertical=\u00bbbottom\u00bb gutter_size=\u00bb3&#8243; override_padding=\u00bbyes\u00bb column_padding=\u00bb2&#8243; style=\u00bbdark\u00bb back_color=\u00bbaccent\u00bb overlay_alpha=\u00bb50&#8243; shift_x=\u00bb5&#8243; shift_y=\u00bb0&#8243; shift_y_down=\u00bb0&#8243; z_index=\u00bb0&#8243; medium_width=\u00bb0&#8243; mobile_visibility=\u00bbyes\u00bb mobile_width=\u00bb0&#8243; width=\u00bb1\/1&#8243; uncode_shortcode_id=\u00bb185508&#8243; back_color_type=\u00bbuncode-palette\u00bb][uncode_list icon=\u00bbfa fa-check\u00bb uncode_shortcode_id=\u00bb807193&#8243;]<\/p>\n<ul>\n<li>Alta repetibilidad<\/li>\n<li>Precisi\u00f3n de \u00b11,5 \u201c\u201d a \u00b1 3 \u201c\u201d<\/li>\n<li>Fiabilidad<\/li>\n<\/ul>\n<p>[\/uncode_list][\/vc_column_inner][\/vc_row_inner][\/vc_column][vc_column column_width_percent=\u00bb100&#8243; position_vertical=\u00bbmiddle\u00bb gutter_size=\u00bb3&#8243; override_padding=\u00bbyes\u00bb column_padding=\u00bb5&#8243; overlay_alpha=\u00bb50&#8243; shift_x=\u00bb0&#8243; shift_y=\u00bb0&#8243; shift_y_down=\u00bb0&#8243; z_index=\u00bb0&#8243; medium_width=\u00bb0&#8243; mobile_width=\u00bb0&#8243; width=\u00bb1\/2&#8243; uncode_shortcode_id=\u00bb114870&#8243;][vc_custom_heading separator_color=\u00bbyes\u00bb separator=\u00bbyes\u00bb sub_lead=\u00bbyes\u00bb uncode_shortcode_id=\u00bb700932&#8243; subheading=\u00bbEl dispositivo proporciona un gran ahorro y simplifica la reparaci\u00f3n del cabezal c\u00f3nico del husillo de la m\u00e1quina CNC.\u00bb]Rectificadora c\u00f3nica de cabezal de husillo de m\u00e1quina CNC din\u00e1mica[\/vc_custom_heading][vc_column_text uncode_shortcode_id=\u00bb161568&#8243;]El \u00e1ngulo de rectificado se ajusta autom\u00e1ticamente, lo que garantiza una alta repetibilidad. El dispositivo utiliza un codificador \u00f3ptico de posici\u00f3n con una repetibilidad de 0,001. El dispositivo se controla mediante una pantalla HMI (<em>Interfaz Hombre-M\u00e1quina<\/em>) y el procesamiento se realiza mediante un PLC (<em>Controlador L\u00f3gico Programable<\/em>). Es posible ajustar la longitud de carrera durante el rectificado, ajustar diversas velocidades de avance y rotaci\u00f3n y, si es necesario, realizar microcorrecciones en el \u00e1ngulo de rectificado.   <\/p>\n<p>El operador de la m\u00e1quina puede utilizarla de forma independiente tras un periodo de formaci\u00f3n relativamente corto. La reparaci\u00f3n de la geometr\u00eda del cono de una m\u00e1quina CNC puede realizarse en un tiempo extremadamente corto, normalmente en una jornada laboral de ocho horas, lo que supone un gran ahorro para el propietario de la m\u00e1quina. <\/p>\n<p>El dispositivo se puede utilizar para rectificar centros de mecanizado verticales y horizontales con todos los conos est\u00e1ndar, como SK40, SK50, BT40, BT50, HSK63 y HSK100.[\/vc_column_text][\/vc_column][\/vc_row][vc_row unlock_row_content=\u00bbyes\u00bb row_height_percent=\u00bb0&#8243; override_padding=\u00bbyes\u00bb h_padding=\u00bb0&#8243; top_padding=\u00bb0&#8243; bottom_padding=\u00bb0&#8243; overlay_alpha=\u00bb50&#8243; gutter_size=\u00bb3&#8243; column_width_percent=\u00bb100&#8243; shift_y=\u00bb0&#8243; z_index=\u00bb0&#8243; uncode_shortcode_id=\u00bb169718&#8243;][vc_column width=\u00bb1\/1&#8243;][vc_separator sep_color=\u00bbcolor-uydo\u00bb uncode_shortcode_id=\u00bb175403&#8243; sep_color_type=\u00bbuncode-palette\u00bb][\/vc_column][\/vc_row][vc_row unlock_row_content=\u00bbyes\u00bb row_height_percent=\u00bb0&#8243; override_padding=\u00bbyes\u00bb h_padding=\u00bb0&#8243; top_padding=\u00bb0&#8243; bottom_padding=\u00bb0&#8243; overlay_alpha=\u00bb50&#8243; equal_height=\u00bbyes\u00bb gutter_size=\u00bb0&#8243; column_width_percent=\u00bb100&#8243; shift_y=\u00bb0&#8243; z_index=\u00bb0&#8243; inverted_device_order=\u00bbyes\u00bb content_parallax=\u00bb0&#8243; uncode_shortcode_id=\u00bb153621&#8243; el_id=\u00bbmapeo-3d\u00bb][vc_column column_width_percent=\u00bb100&#8243; position_vertical=\u00bbmiddle\u00bb gutter_size=\u00bb3&#8243; override_padding=\u00bbyes\u00bb column_padding=\u00bb5&#8243; overlay_alpha=\u00bb50&#8243; shift_x=\u00bb0&#8243; shift_y=\u00bb0&#8243; shift_y_down=\u00bb0&#8243; z_index=\u00bb0&#8243; medium_width=\u00bb0&#8243; mobile_width=\u00bb0&#8243; width=\u00bb1\/2&#8243; uncode_shortcode_id=\u00bb114870&#8243;][vc_custom_heading separator_color=\u00bbyes\u00bb separator=\u00bbyes\u00bb sub_lead=\u00bbyes\u00bb uncode_shortcode_id=\u00bb578261&#8243; subheading=\u00bbUna representaci\u00f3n visual de los imanes del rotor es parte de un diagn\u00f3stico complejo, pero puede ahorrar mucho tiempo.\u00bb]Mapeo 3D de imanes de rotor[\/vc_custom_heading][vc_column_text uncode_shortcode_id=\u00bb800142&#8243;]Generalmente, el rotor puede fallar por varias razones: da\u00f1os en los rodamientos, la carcasa, los devanados, etc. En el proceso de verificaci\u00f3n, el control de calidad de los imanes se realiza casi al final, y el proceso de diagn\u00f3stico es muy sencillo y ahorra muchos pasos innecesarios. En aproximadamente el 20 % de los casos, esta es tambi\u00e9n la \u00fanica raz\u00f3n por la que el motor no funciona. <\/p>\n<p>Utilizando el dispositivo y el sensor, escaneamos las propiedades magn\u00e9ticas del rotor a lo largo de toda su circunferencia y longitud, y graficamos la intensidad del campo magn\u00e9tico en el rotor. Sujetamos el rotor con las mordazas giratorias, lo sujetamos con uno de los ejes lineales (la punta presiona el rotor de arriba abajo) y, a continuaci\u00f3n, acercamos el sensor al rotor con dos ejes lineales. <\/p>\n<p>Durante la medici\u00f3n, giramos el rotor y desplazamos el sensor a lo largo de su longitud, midiendo los valores del campo magn\u00e9tico. Al final, se muestran las propiedades magn\u00e9ticas con una imagen del rotor desplegado, donde el color representa la polaridad y la intensidad del campo magn\u00e9tico. Finalmente, se puede generar un informe de la medici\u00f3n realizada. Ideal para probar rotores de hasta 100 kg, 800 mm de largo y 300 mm de di\u00e1metro.[\/vc_column_text][\/vc_column][vc_column column_width_use_pixel=\u00bbyes\u00bb position_horizontal=\u00bbleft\u00bb gutter_size=\u00bb3&#8243; override_padding=\u00bbyes\u00bb column_padding=\u00bb5&#8243; back_image=\u00bb3128&#8243; overlay_alpha=\u00bb50&#8243; shift_x=\u00bb0&#8243; shift_y=\u00bb0&#8243; shift_y_down=\u00bb0&#8243; z_index=\u00bb0&#8243; medium_width=\u00bb0&#8243; mobile_width=\u00bb0&#8243; width=\u00bb1\/2&#8243; uncode_shortcode_id=\u00bb223197&#8243; mobile_height=\u00bb340&#8243; column_width_pixel=\u00bb360&#8243;][vc_row_inner row_inner_height_percent=\u00bb0&#8243; overlay_alpha=\u00bb50&#8243; gutter_size=\u00bb3&#8243; shift_y=\u00bb0&#8243; z_index=\u00bb0&#8243; bottom_divider=\u00bbtilt\u00bb medium_visibility=\u00bbyes\u00bb mobile_visibility=\u00bbyes\u00bb uncode_shortcode_id=\u00bb198202&#8243;][vc_column_inner column_width_percent=\u00bb100&#8243; position_horizontal=\u00bbleft\u00bb position_vertical=\u00bbbottom\u00bb gutter_size=\u00bb3&#8243; override_padding=\u00bbyes\u00bb column_padding=\u00bb2&#8243; style=\u00bbdark\u00bb back_color=\u00bbaccent\u00bb overlay_alpha=\u00bb50&#8243; shift_x=\u00bb-5&#8243; shift_y=\u00bb0&#8243; shift_y_down=\u00bb0&#8243; z_index=\u00bb0&#8243; medium_width=\u00bb0&#8243; mobile_visibility=\u00bbyes\u00bb mobile_width=\u00bb0&#8243; width=\u00bb1\/1&#8243; uncode_shortcode_id=\u00bb163222&#8243; back_color_type=\u00bbuncode-palette\u00bb][uncode_list icon=\u00bbfa fa-check\u00bb uncode_shortcode_id=\u00bb742930&#8243;]El dispositivo es adecuado para probar rotores con un peso de hasta 100 kg, una longitud de hasta 800 mm y un di\u00e1metro de hasta 300 mm.[\/uncode_list][\/vc_column_inner][\/vc_row_inner][\/vc_column][\/vc_row][vc_row unlock_row_content=\u00bbyes\u00bb row_height_percent=\u00bb0&#8243; override_padding=\u00bbyes\u00bb h_padding=\u00bb0&#8243; top_padding=\u00bb0&#8243; bottom_padding=\u00bb0&#8243; overlay_alpha=\u00bb50&#8243; gutter_size=\u00bb3&#8243; column_width_percent=\u00bb100&#8243; shift_y=\u00bb0&#8243; z_index=\u00bb0&#8243; uncode_shortcode_id=\u00bb169718&#8243;][vc_column width=\u00bb1\/1&#8243;][vc_separator sep_color=\u00bbcolor-uydo\u00bb uncode_shortcode_id=\u00bb175403&#8243; sep_color_type=\u00bbuncode-palette\u00bb][\/vc_column][\/vc_row][vc_row unlock_row_content=\u00bbyes\u00bb row_height_percent=\u00bb0&#8243; override_padding=\u00bbyes\u00bb h_padding=\u00bb0&#8243; top_padding=\u00bb0&#8243; bottom_padding=\u00bb0&#8243; overlay_alpha=\u00bb50&#8243; equal_height=\u00bbyes\u00bb gutter_size=\u00bb0&#8243; column_width_percent=\u00bb100&#8243; shift_y=\u00bb0&#8243; z_index=\u00bb0&#8243; content_parallax=\u00bb0&#8243; uncode_shortcode_id=\u00bb872264&#8243; el_id=\u00bbsens\u00f3rica\u00bb][vc_column column_width_use_pixel=\u00bbyes\u00bb position_horizontal=\u00bbright\u00bb gutter_size=\u00bb3&#8243; override_padding=\u00bbyes\u00bb column_padding=\u00bb5&#8243; back_image=\u00bb3132&#8243; overlay_alpha=\u00bb50&#8243; shift_x=\u00bb0&#8243; shift_y=\u00bb0&#8243; shift_y_down=\u00bb0&#8243; z_index=\u00bb0&#8243; medium_width=\u00bb0&#8243; mobile_width=\u00bb0&#8243; width=\u00bb1\/2&#8243; uncode_shortcode_id=\u00bb608346&#8243; mobile_height=\u00bb340&#8243; column_width_pixel=\u00bb360&#8243;][vc_row_inner row_inner_height_percent=\u00bb0&#8243; overlay_alpha=\u00bb50&#8243; gutter_size=\u00bb3&#8243; shift_y=\u00bb0&#8243; z_index=\u00bb0&#8243; bottom_divider=\u00bbtilt\u00bb medium_visibility=\u00bbyes\u00bb mobile_visibility=\u00bbyes\u00bb uncode_shortcode_id=\u00bb198202&#8243;][vc_column_inner column_width_percent=\u00bb100&#8243; position_horizontal=\u00bbright\u00bb position_vertical=\u00bbbottom\u00bb gutter_size=\u00bb3&#8243; override_padding=\u00bbyes\u00bb column_padding=\u00bb2&#8243; style=\u00bbdark\u00bb back_color=\u00bbaccent\u00bb overlay_alpha=\u00bb50&#8243; shift_x=\u00bb5&#8243; shift_y=\u00bb0&#8243; shift_y_down=\u00bb0&#8243; z_index=\u00bb0&#8243; medium_width=\u00bb0&#8243; mobile_visibility=\u00bbyes\u00bb mobile_width=\u00bb0&#8243; width=\u00bb1\/1&#8243; uncode_shortcode_id=\u00bb185508&#8243; back_color_type=\u00bbuncode-palette\u00bb][uncode_list icon=\u00bbfa fa-check\u00bb uncode_shortcode_id=\u00bb146332&#8243;]La tecnolog\u00eda sensorial es un equipo de diagn\u00f3stico completamente nuevo que incorpora conocimientos de alta tecnolog\u00eda y que hoy en d\u00eda no existen en esta forma.[\/uncode_list][\/vc_column_inner][\/vc_row_inner][\/vc_column][vc_column column_width_percent=\u00bb100&#8243; position_vertical=\u00bbmiddle\u00bb gutter_size=\u00bb3&#8243; override_padding=\u00bbyes\u00bb column_padding=\u00bb5&#8243; overlay_alpha=\u00bb50&#8243; shift_x=\u00bb0&#8243; shift_y=\u00bb0&#8243; shift_y_down=\u00bb0&#8243; z_index=\u00bb0&#8243; medium_width=\u00bb0&#8243; mobile_width=\u00bb0&#8243; width=\u00bb1\/2&#8243; uncode_shortcode_id=\u00bb114870&#8243;][vc_custom_heading separator_color=\u00bbyes\u00bb separator=\u00bbyes\u00bb sub_lead=\u00bbyes\u00bb uncode_shortcode_id=\u00bb187097&#8243; subheading=\u00bbMonitoreo preventivo del funcionamiento del motor en el proceso de producci\u00f3n\u00bb]Sensores[\/vc_custom_heading][vc_column_text uncode_shortcode_id=\u00bb150488&#8243;]El objetivo de nuestro sistema de sensores es transformar la herramienta de un elemento pasivo a un elemento de red activo con inteligencia artificial propia, totalmente integrada en el sistema de informaci\u00f3n de la empresa (IIoT3). La herramienta puede monitorizar activamente el proceso de producci\u00f3n en cualquier momento y, mediante la inteligencia artificial integrada, activar las soluciones necesarias para eliminar imprevistos en tiempo real y evitar paradas de producci\u00f3n. <\/p>\n<p>El equipo de diagn\u00f3stico desarrollado para el mantenimiento predictivo de motores el\u00e9ctricos es un buen ejemplo de un elemento de red activo con inteligencia propia. Se ha desarrollado un algoritmo avanzado de aprendizaje autom\u00e1tico para identificar la ubicaci\u00f3n de la falla y, en conexi\u00f3n con la nube, contribuye al logro del objetivo del \u00e1rea de enfoque. El objetivo principal de la herramienta desarrollada es preparar un entorno que permita simular y optimizar el proceso de producci\u00f3n para garantizar el menor tiempo de inactividad posible en la producci\u00f3n real y reducir dr\u00e1sticamente la producci\u00f3n de productos defectuosos.  <\/p>\n<p>Los sensores monitorizan el funcionamiento de los motores el\u00e9ctricos integrados en m\u00e1quinas herramienta y celdas rob\u00f3ticas para identificar con mayor rapidez posibles fallos en la producci\u00f3n. Un algoritmo avanzado de aprendizaje autom\u00e1tico analiza los par\u00e1metros de entrada, los compara con la base de datos de fallos existente y notifica al t\u00e9cnico de servicio sobre posibles fallos a trav\u00e9s de la nube. El equipo garantiza tiempos de parada de la m\u00e1quina m\u00e1s cortos, una gesti\u00f3n rentable de los motores el\u00e9ctricos en m\u00e1quinas herramienta y celdas rob\u00f3ticas y contribuye a aumentar la eficiencia general de los procesos de producci\u00f3n en las empresas.  <\/p>\n<p>Se han desarrollado una metodolog\u00eda completamente nueva, nuevas herramientas y bloques de construcci\u00f3n para las necesidades de mantenimiento predictivo y reducci\u00f3n del tiempo de inactividad de la producci\u00f3n.[\/vc_column_text][\/vc_column][\/vc_row][vc_row unlock_row_content=\u00bbyes\u00bb row_height_percent=\u00bb0&#8243; override_padding=\u00bbyes\u00bb h_padding=\u00bb0&#8243; top_padding=\u00bb0&#8243; bottom_padding=\u00bb0&#8243; overlay_alpha=\u00bb50&#8243; gutter_size=\u00bb3&#8243; column_width_percent=\u00bb100&#8243; shift_y=\u00bb0&#8243; z_index=\u00bb0&#8243; uncode_shortcode_id=\u00bb169718&#8243;][vc_column width=\u00bb1\/1&#8243;][vc_separator sep_color=\u00bbcolor-uydo\u00bb uncode_shortcode_id=\u00bb175403&#8243; sep_color_type=\u00bbuncode-palette\u00bb][\/vc_column][\/vc_row]<\/p>\n<\/div>","protected":false},"excerpt":{"rendered":"<p>[vc_row unlock_row_content=\u00bbyes\u00bb row_height_percent=\u00bb0&#8243; override_padding=\u00bbyes\u00bb h_padding=\u00bb0&#8243; top_padding=\u00bb0&#8243; bottom_padding=\u00bb0&#8243; back_color=\u00bbcolor-193339&#8243; overlay_alpha=\u00bb50&#8243; equal_height=\u00bbyes\u00bb gutter_size=\u00bb0&#8243; column_width_percent=\u00bb100&#8243; shift_y=\u00bb0&#8243; z_index=\u00bb0&#8243; el_class=\u00bbinverted-device-order\u00bb uncode_shortcode_id=\u00bb362605&#8243; back_color_type=\u00bbuncode-palette\u00bb][vc_column column_width_use_pixel=\u00bbyes\u00bb gutter_size=\u00bb3&#8243; override_padding=\u00bbyes\u00bb [&hellip;]<\/p>\n","protected":false},"author":1,"featured_media":0,"parent":0,"menu_order":4,"comment_status":"closed","ping_status":"closed","template":"","meta":{"footnotes":""},"class_list":["post-3123","page","type-page","status-publish","hentry"],"yoast_head":"<!-- This site is optimized with the Yoast SEO plugin v27.3 - https:\/\/yoast.com\/product\/yoast-seo-wordpress\/ -->\n<title>Productos | Matris<\/title>\n<meta name=\"robots\" content=\"index, follow, max-snippet:-1, max-image-preview:large, max-video-preview:-1\" \/>\n<link rel=\"canonical\" href=\"https:\/\/matris.eu\/es\/productos\/\" \/>\n<meta property=\"og:locale\" content=\"es_ES\" \/>\n<meta property=\"og:type\" content=\"article\" \/>\n<meta property=\"og:title\" content=\"Productos | Matris\" \/>\n<meta property=\"og:description\" content=\"[vc_row unlock_row_content=\u00bbyes\u00bb row_height_percent=\u00bb0&#8243; override_padding=\u00bbyes\u00bb h_padding=\u00bb0&#8243; top_padding=\u00bb0&#8243; bottom_padding=\u00bb0&#8243; back_color=\u00bbcolor-193339&#8243; overlay_alpha=\u00bb50&#8243; equal_height=\u00bbyes\u00bb gutter_size=\u00bb0&#8243; column_width_percent=\u00bb100&#8243; shift_y=\u00bb0&#8243; z_index=\u00bb0&#8243; el_class=\u00bbinverted-device-order\u00bb uncode_shortcode_id=\u00bb362605&#8243; back_color_type=\u00bbuncode-palette\u00bb][vc_column column_width_use_pixel=\u00bbyes\u00bb gutter_size=\u00bb3&#8243; override_padding=\u00bbyes\u00bb [&hellip;]\" \/>\n<meta property=\"og:url\" content=\"https:\/\/matris.eu\/es\/productos\/\" \/>\n<meta property=\"og:site_name\" content=\"Matris\" \/>\n<meta property=\"article:publisher\" content=\"https:\/\/www.facebook.com\/Matrisdoo\" \/>\n<meta property=\"article:modified_time\" content=\"2025-06-24T07:41:44+00:00\" \/>\n<meta property=\"og:image\" content=\"https:\/\/matris.eu\/wp-content\/uploads\/2024\/02\/matris_seo_image.jpg\" \/>\n\t<meta property=\"og:image:width\" content=\"1200\" \/>\n\t<meta property=\"og:image:height\" content=\"1000\" \/>\n\t<meta property=\"og:image:type\" content=\"image\/jpeg\" \/>\n<meta name=\"twitter:card\" content=\"summary_large_image\" \/>\n<meta name=\"twitter:label1\" content=\"Tiempo de lectura\" \/>\n\t<meta name=\"twitter:data1\" content=\"10 minutos\" \/>\n<script type=\"application\/ld+json\" class=\"yoast-schema-graph\">{\"@context\":\"https:\\\/\\\/schema.org\",\"@graph\":[{\"@type\":\"WebPage\",\"@id\":\"https:\\\/\\\/matris.eu\\\/es\\\/productos\\\/\",\"url\":\"https:\\\/\\\/matris.eu\\\/es\\\/productos\\\/\",\"name\":\"Productos | Matris\",\"isPartOf\":{\"@id\":\"https:\\\/\\\/matris.eu\\\/es\\\/#website\"},\"datePublished\":\"2023-09-27T08:46:18+00:00\",\"dateModified\":\"2025-06-24T07:41:44+00:00\",\"breadcrumb\":{\"@id\":\"https:\\\/\\\/matris.eu\\\/es\\\/productos\\\/#breadcrumb\"},\"inLanguage\":\"es\",\"potentialAction\":[{\"@type\":\"ReadAction\",\"target\":[\"https:\\\/\\\/matris.eu\\\/es\\\/productos\\\/\"]}]},{\"@type\":\"BreadcrumbList\",\"@id\":\"https:\\\/\\\/matris.eu\\\/es\\\/productos\\\/#breadcrumb\",\"itemListElement\":[{\"@type\":\"ListItem\",\"position\":1,\"name\":\"Home\",\"item\":\"https:\\\/\\\/matris.eu\\\/es\\\/\"},{\"@type\":\"ListItem\",\"position\":2,\"name\":\"Productos\"}]},{\"@type\":\"WebSite\",\"@id\":\"https:\\\/\\\/matris.eu\\\/es\\\/#website\",\"url\":\"https:\\\/\\\/matris.eu\\\/es\\\/\",\"name\":\"Servisni center Matris\",\"description\":\"Servis elektro, servo in vretenskih motorjev\",\"publisher\":{\"@id\":\"https:\\\/\\\/matris.eu\\\/es\\\/#organization\"},\"alternateName\":\"Matris\",\"potentialAction\":[{\"@type\":\"SearchAction\",\"target\":{\"@type\":\"EntryPoint\",\"urlTemplate\":\"https:\\\/\\\/matris.eu\\\/es\\\/?s={search_term_string}\"},\"query-input\":{\"@type\":\"PropertyValueSpecification\",\"valueRequired\":true,\"valueName\":\"search_term_string\"}}],\"inLanguage\":\"es\"},{\"@type\":\"Organization\",\"@id\":\"https:\\\/\\\/matris.eu\\\/es\\\/#organization\",\"name\":\"Servisni center Matris\",\"alternateName\":\"Matris\",\"url\":\"https:\\\/\\\/matris.eu\\\/es\\\/\",\"logo\":{\"@type\":\"ImageObject\",\"inLanguage\":\"es\",\"@id\":\"https:\\\/\\\/matris.eu\\\/es\\\/#\\\/schema\\\/logo\\\/image\\\/\",\"url\":\"\",\"contentUrl\":\"\",\"caption\":\"Servisni center Matris\"},\"image\":{\"@id\":\"https:\\\/\\\/matris.eu\\\/es\\\/#\\\/schema\\\/logo\\\/image\\\/\"},\"sameAs\":[\"https:\\\/\\\/www.facebook.com\\\/Matrisdoo\",\"https:\\\/\\\/www.linkedin.com\\\/company\\\/matris_doo\\\/\"]}]}<\/script>\n<!-- \/ Yoast SEO plugin. -->","yoast_head_json":{"title":"Productos | Matris","robots":{"index":"index","follow":"follow","max-snippet":"max-snippet:-1","max-image-preview":"max-image-preview:large","max-video-preview":"max-video-preview:-1"},"canonical":"https:\/\/matris.eu\/es\/productos\/","og_locale":"es_ES","og_type":"article","og_title":"Productos | Matris","og_description":"[vc_row unlock_row_content=\u00bbyes\u00bb row_height_percent=\u00bb0&#8243; override_padding=\u00bbyes\u00bb h_padding=\u00bb0&#8243; top_padding=\u00bb0&#8243; bottom_padding=\u00bb0&#8243; back_color=\u00bbcolor-193339&#8243; overlay_alpha=\u00bb50&#8243; equal_height=\u00bbyes\u00bb gutter_size=\u00bb0&#8243; column_width_percent=\u00bb100&#8243; shift_y=\u00bb0&#8243; z_index=\u00bb0&#8243; el_class=\u00bbinverted-device-order\u00bb uncode_shortcode_id=\u00bb362605&#8243; back_color_type=\u00bbuncode-palette\u00bb][vc_column column_width_use_pixel=\u00bbyes\u00bb gutter_size=\u00bb3&#8243; override_padding=\u00bbyes\u00bb [&hellip;]","og_url":"https:\/\/matris.eu\/es\/productos\/","og_site_name":"Matris","article_publisher":"https:\/\/www.facebook.com\/Matrisdoo","article_modified_time":"2025-06-24T07:41:44+00:00","og_image":[{"width":1200,"height":1000,"url":"https:\/\/matris.eu\/wp-content\/uploads\/2024\/02\/matris_seo_image.jpg","type":"image\/jpeg"}],"twitter_card":"summary_large_image","twitter_misc":{"Tiempo de lectura":"10 minutos"},"schema":{"@context":"https:\/\/schema.org","@graph":[{"@type":"WebPage","@id":"https:\/\/matris.eu\/es\/productos\/","url":"https:\/\/matris.eu\/es\/productos\/","name":"Productos | Matris","isPartOf":{"@id":"https:\/\/matris.eu\/es\/#website"},"datePublished":"2023-09-27T08:46:18+00:00","dateModified":"2025-06-24T07:41:44+00:00","breadcrumb":{"@id":"https:\/\/matris.eu\/es\/productos\/#breadcrumb"},"inLanguage":"es","potentialAction":[{"@type":"ReadAction","target":["https:\/\/matris.eu\/es\/productos\/"]}]},{"@type":"BreadcrumbList","@id":"https:\/\/matris.eu\/es\/productos\/#breadcrumb","itemListElement":[{"@type":"ListItem","position":1,"name":"Home","item":"https:\/\/matris.eu\/es\/"},{"@type":"ListItem","position":2,"name":"Productos"}]},{"@type":"WebSite","@id":"https:\/\/matris.eu\/es\/#website","url":"https:\/\/matris.eu\/es\/","name":"Servisni center Matris","description":"Servis elektro, servo in vretenskih motorjev","publisher":{"@id":"https:\/\/matris.eu\/es\/#organization"},"alternateName":"Matris","potentialAction":[{"@type":"SearchAction","target":{"@type":"EntryPoint","urlTemplate":"https:\/\/matris.eu\/es\/?s={search_term_string}"},"query-input":{"@type":"PropertyValueSpecification","valueRequired":true,"valueName":"search_term_string"}}],"inLanguage":"es"},{"@type":"Organization","@id":"https:\/\/matris.eu\/es\/#organization","name":"Servisni center Matris","alternateName":"Matris","url":"https:\/\/matris.eu\/es\/","logo":{"@type":"ImageObject","inLanguage":"es","@id":"https:\/\/matris.eu\/es\/#\/schema\/logo\/image\/","url":"","contentUrl":"","caption":"Servisni center Matris"},"image":{"@id":"https:\/\/matris.eu\/es\/#\/schema\/logo\/image\/"},"sameAs":["https:\/\/www.facebook.com\/Matrisdoo","https:\/\/www.linkedin.com\/company\/matris_doo\/"]}]}},"_links":{"self":[{"href":"https:\/\/matris.eu\/es\/wp-json\/wp\/v2\/pages\/3123","targetHints":{"allow":["GET"]}}],"collection":[{"href":"https:\/\/matris.eu\/es\/wp-json\/wp\/v2\/pages"}],"about":[{"href":"https:\/\/matris.eu\/es\/wp-json\/wp\/v2\/types\/page"}],"author":[{"embeddable":true,"href":"https:\/\/matris.eu\/es\/wp-json\/wp\/v2\/users\/1"}],"replies":[{"embeddable":true,"href":"https:\/\/matris.eu\/es\/wp-json\/wp\/v2\/comments?post=3123"}],"version-history":[{"count":23,"href":"https:\/\/matris.eu\/es\/wp-json\/wp\/v2\/pages\/3123\/revisions"}],"predecessor-version":[{"id":4082,"href":"https:\/\/matris.eu\/es\/wp-json\/wp\/v2\/pages\/3123\/revisions\/4082"}],"wp:attachment":[{"href":"https:\/\/matris.eu\/es\/wp-json\/wp\/v2\/media?parent=3123"}],"curies":[{"name":"wp","href":"https:\/\/api.w.org\/{rel}","templated":true}]}}