{"id":3065,"date":"2023-11-01T17:57:25","date_gmt":"2023-11-01T16:57:25","guid":{"rendered":"https:\/\/matris.eu\/servicios\/servicio-de-motores-de-cc\/"},"modified":"2025-06-17T18:26:26","modified_gmt":"2025-06-17T16:26:26","slug":"servicio-de-motores-de-cc","status":"publish","type":"page","link":"https:\/\/matris.eu\/es\/servicios\/servicio-de-motores-de-cc\/","title":{"rendered":"Servicio de motores de CC"},"content":{"rendered":"<div class=\"wpb-content-wrapper\"><p>[vc_row row_height_percent=\u00bb0&#8243; override_padding=\u00bbyes\u00bb h_padding=\u00bb2&#8243; top_padding=\u00bb0&#8243; bottom_padding=\u00bb2&#8243; overlay_alpha=\u00bb50&#8243; gutter_size=\u00bb4&#8243; column_width_percent=\u00bb100&#8243; shift_y=\u00bb0&#8243; z_index=\u00bb0&#8243; uncode_shortcode_id=\u00bb792719&#8243;][vc_column width=\u00bb1\/2&#8243;][vc_column_text uncode_shortcode_id=\u00bb486702&#8243;]La mayor desventaja de los motores de CC es la refrigeraci\u00f3n. Normalmente, se utiliza un motor el\u00e9ctrico adicional con un ventilador conectado directamente al motor para su refrigeraci\u00f3n. <\/p>\n<p>Los motores suelen operar en condiciones adversas, donde el aire est\u00e1 lleno de impurezas que pasan a trav\u00e9s del motor durante la refrigeraci\u00f3n. Estas impurezas provocan contacto entre las placas colectoras, ruptura entre la conmutaci\u00f3n y la carcasa, y una refrigeraci\u00f3n desigual, lo que provoca el sobrecalentamiento del motor y, por consiguiente, fallos en el bobinado. Los residuos da\u00f1an las escobillas deslizantes, lo que, en principio, provoca una reacci\u00f3n en cadena de da\u00f1os. Una reparaci\u00f3n tard\u00eda puede provocar la destrucci\u00f3n total del motor.[\/vc_column_text][\/vc_column][vc_column width=\u00bb1\/2&#8243;][vc_custom_heading heading_semantic=\u00bbh3&#8243; text_size=\u00bbh4&#8243; uncode_shortcode_id=\u00bb826685&#8243;]El servicio de motor de CC cl\u00e1sico incluye:[\/vc_custom_heading][vc_row_inner][vc_column_inner width=\u00bb1\/2&#8243;][uncode_list icon=\u00bbfa fa-check\u00bb icon_color=\u00bbaccent\u00bb uncode_shortcode_id=\u00bb904907&#8243; icon_color_type=\u00bbuncode-palette\u00bb]<\/p>\n<ul>\n<li>inspecci\u00f3n visual,<\/li>\n<li>limpieza,<\/li>\n<li>chorro de arena,<\/li>\n<li><!--StartFragment --><span class=\"cf0\">desmantelamiento,<\/span><!--EndFragment --><\/li>\n<li><!--StartFragment --><span class=\"cf0\">lavado\/secado del estator,<\/span><!--EndFragment --><\/li>\n<li><!--StartFragment --><span class=\"cf0\">lavado\/secado del rotor,<\/span><!--EndFragment --><\/li>\n<li><!--StartFragment --><span class=\"cf0\">impregnaci\u00f3n del estator,<\/span><!--EndFragment --><\/li>\n<li><!--StartFragment --><span class=\"cf0\">impregnaci\u00f3n del rotor,<\/span><!--EndFragment --><\/li>\n<li><!--StartFragment --><span class=\"cf0\">Medici\u00f3n de resistencia con el dispositivo Schleich MTC2,<\/span><!--EndFragment --><\/li>\n<li><!--StartFragment --><span class=\"cf0\">reparaci\u00f3n de colectores &#8211; (medici\u00f3n de ovalidad, aserrado, torneado, alisado de l\u00e1minas),<\/span><!--EndFragment --><\/li>\n<\/ul>\n<p>[\/uncode_list][\/vc_column_inner][vc_column_inner width=\u00bb1\/2&#8243;][uncode_list icon=\u00bbfa fa-check\u00bb icon_color=\u00bbaccent\u00bb uncode_shortcode_id=\u00bb343989&#8243; icon_color_type=\u00bbuncode-palette\u00bb]<\/p>\n<ul>\n<li><span class=\"cf0\">medici\u00f3n de la tolerancia de los asientos de los cojinetes DE,<\/span><!--EndFragment --><\/li>\n<li><!--StartFragment --><span class=\"cf0\">Medici\u00f3n de la tolerancia del asiento del cojinete NDE,<\/span><!--EndFragment --><\/li>\n<li><!--StartFragment --><span class=\"cf0\">sustituci\u00f3n de cojinetes DE,<\/span><!--EndFragment --><\/li>\n<li><!--StartFragment --><span class=\"cf0\">Reemplazo de cojinetes NDE,<\/span><!--EndFragment --><\/li>\n<li><!--StartFragment --><span class=\"cf0\">sustituci\u00f3n de sellos,<\/span><!--EndFragment --><\/li>\n<li><!--StartFragment --><span class=\"cf0\">sustituci\u00f3n de cepillos deslizantes,<\/span><!--EndFragment --><\/li>\n<li><!--StartFragment --><span class=\"cf0\">prueba del generador de tac\u00f3metro,<\/span><!--EndFragment --><\/li>\n<li><!--StartFragment --><span class=\"cf0\">prueba de funcionamiento,<\/span><!--EndFragment --><\/li>\n<li><!--StartFragment --><span class=\"cf0\">Pintura RAL OEM,<\/span><!--EndFragment --><\/li>\n<li><!--StartFragment --><span class=\"cf0\">informe final.<\/span><\/li>\n<\/ul>\n<p>[\/uncode_list][\/vc_column_inner][\/vc_row_inner][\/vc_column][\/vc_row]<\/p>\n<\/div>","protected":false},"excerpt":{"rendered":"<p>Matris doo es una empresa l\u00edder en la regi\u00f3n, especializada en el mantenimiento de motores de corriente continua.   <\/p>\n","protected":false},"author":1,"featured_media":555,"parent":2531,"menu_order":13,"comment_status":"closed","ping_status":"closed","template":"","meta":{"footnotes":""},"class_list":["post-3065","page","type-page","status-publish","has-post-thumbnail","hentry"],"yoast_head":"<!-- This site is optimized with the Yoast SEO plugin v27.3 - https:\/\/yoast.com\/product\/yoast-seo-wordpress\/ -->\n<title>Servicio de motores de CC | Matris<\/title>\n<meta name=\"robots\" content=\"index, follow, max-snippet:-1, max-image-preview:large, max-video-preview:-1\" \/>\n<link rel=\"canonical\" href=\"https:\/\/matris.eu\/es\/servicios\/servicio-de-motores-de-cc\/\" \/>\n<meta property=\"og:locale\" content=\"es_ES\" \/>\n<meta property=\"og:type\" content=\"article\" \/>\n<meta property=\"og:title\" content=\"Servicio de motores de CC | Matris\" \/>\n<meta property=\"og:description\" content=\"Matris doo es una empresa l\u00edder en la regi\u00f3n, especializada en el mantenimiento de motores de corriente continua.\" \/>\n<meta property=\"og:url\" content=\"https:\/\/matris.eu\/es\/servicios\/servicio-de-motores-de-cc\/\" \/>\n<meta property=\"og:site_name\" content=\"Matris\" \/>\n<meta property=\"article:publisher\" content=\"https:\/\/www.facebook.com\/Matrisdoo\" \/>\n<meta property=\"article:modified_time\" content=\"2025-06-17T16:26:26+00:00\" \/>\n<meta property=\"og:image\" content=\"https:\/\/matris.eu\/wp-content\/uploads\/2024\/01\/header_dc_motors2.jpg\" \/>\n\t<meta property=\"og:image:width\" content=\"1700\" \/>\n\t<meta property=\"og:image:height\" content=\"800\" \/>\n\t<meta property=\"og:image:type\" content=\"image\/jpeg\" \/>\n<meta name=\"twitter:card\" content=\"summary_large_image\" \/>\n<meta name=\"twitter:label1\" content=\"Tiempo de lectura\" \/>\n\t<meta name=\"twitter:data1\" content=\"2 minutos\" \/>\n<script type=\"application\/ld+json\" class=\"yoast-schema-graph\">{\"@context\":\"https:\\\/\\\/schema.org\",\"@graph\":[{\"@type\":\"WebPage\",\"@id\":\"https:\\\/\\\/matris.eu\\\/es\\\/servicios\\\/servicio-de-motores-de-cc\\\/\",\"url\":\"https:\\\/\\\/matris.eu\\\/es\\\/servicios\\\/servicio-de-motores-de-cc\\\/\",\"name\":\"Servicio de motores de CC | Matris\",\"isPartOf\":{\"@id\":\"https:\\\/\\\/matris.eu\\\/es\\\/#website\"},\"primaryImageOfPage\":{\"@id\":\"https:\\\/\\\/matris.eu\\\/es\\\/servicios\\\/servicio-de-motores-de-cc\\\/#primaryimage\"},\"image\":{\"@id\":\"https:\\\/\\\/matris.eu\\\/es\\\/servicios\\\/servicio-de-motores-de-cc\\\/#primaryimage\"},\"thumbnailUrl\":\"https:\\\/\\\/matris.eu\\\/wp-content\\\/uploads\\\/2024\\\/01\\\/header_dc_motors2.jpg\",\"datePublished\":\"2023-11-01T16:57:25+00:00\",\"dateModified\":\"2025-06-17T16:26:26+00:00\",\"breadcrumb\":{\"@id\":\"https:\\\/\\\/matris.eu\\\/es\\\/servicios\\\/servicio-de-motores-de-cc\\\/#breadcrumb\"},\"inLanguage\":\"es\",\"potentialAction\":[{\"@type\":\"ReadAction\",\"target\":[\"https:\\\/\\\/matris.eu\\\/es\\\/servicios\\\/servicio-de-motores-de-cc\\\/\"]}]},{\"@type\":\"ImageObject\",\"inLanguage\":\"es\",\"@id\":\"https:\\\/\\\/matris.eu\\\/es\\\/servicios\\\/servicio-de-motores-de-cc\\\/#primaryimage\",\"url\":\"https:\\\/\\\/matris.eu\\\/wp-content\\\/uploads\\\/2024\\\/01\\\/header_dc_motors2.jpg\",\"contentUrl\":\"https:\\\/\\\/matris.eu\\\/wp-content\\\/uploads\\\/2024\\\/01\\\/header_dc_motors2.jpg\",\"width\":1700,\"height\":800,\"caption\":\"Servis enosmernih motorjev\"},{\"@type\":\"BreadcrumbList\",\"@id\":\"https:\\\/\\\/matris.eu\\\/es\\\/servicios\\\/servicio-de-motores-de-cc\\\/#breadcrumb\",\"itemListElement\":[{\"@type\":\"ListItem\",\"position\":1,\"name\":\"Home\",\"item\":\"https:\\\/\\\/matris.eu\\\/es\\\/\"},{\"@type\":\"ListItem\",\"position\":2,\"name\":\"Servicios\",\"item\":\"https:\\\/\\\/matris.eu\\\/es\\\/servicios\\\/\"},{\"@type\":\"ListItem\",\"position\":3,\"name\":\"Servicio de motores de CC\"}]},{\"@type\":\"WebSite\",\"@id\":\"https:\\\/\\\/matris.eu\\\/es\\\/#website\",\"url\":\"https:\\\/\\\/matris.eu\\\/es\\\/\",\"name\":\"Servisni center Matris\",\"description\":\"Servis elektro, servo in vretenskih motorjev\",\"publisher\":{\"@id\":\"https:\\\/\\\/matris.eu\\\/es\\\/#organization\"},\"alternateName\":\"Matris\",\"potentialAction\":[{\"@type\":\"SearchAction\",\"target\":{\"@type\":\"EntryPoint\",\"urlTemplate\":\"https:\\\/\\\/matris.eu\\\/es\\\/?s={search_term_string}\"},\"query-input\":{\"@type\":\"PropertyValueSpecification\",\"valueRequired\":true,\"valueName\":\"search_term_string\"}}],\"inLanguage\":\"es\"},{\"@type\":\"Organization\",\"@id\":\"https:\\\/\\\/matris.eu\\\/es\\\/#organization\",\"name\":\"Servisni center Matris\",\"alternateName\":\"Matris\",\"url\":\"https:\\\/\\\/matris.eu\\\/es\\\/\",\"logo\":{\"@type\":\"ImageObject\",\"inLanguage\":\"es\",\"@id\":\"https:\\\/\\\/matris.eu\\\/es\\\/#\\\/schema\\\/logo\\\/image\\\/\",\"url\":\"\",\"contentUrl\":\"\",\"caption\":\"Servisni center Matris\"},\"image\":{\"@id\":\"https:\\\/\\\/matris.eu\\\/es\\\/#\\\/schema\\\/logo\\\/image\\\/\"},\"sameAs\":[\"https:\\\/\\\/www.facebook.com\\\/Matrisdoo\",\"https:\\\/\\\/www.linkedin.com\\\/company\\\/matris_doo\\\/\"]}]}<\/script>\n<!-- \/ Yoast SEO plugin. -->","yoast_head_json":{"title":"Servicio de motores de CC | Matris","robots":{"index":"index","follow":"follow","max-snippet":"max-snippet:-1","max-image-preview":"max-image-preview:large","max-video-preview":"max-video-preview:-1"},"canonical":"https:\/\/matris.eu\/es\/servicios\/servicio-de-motores-de-cc\/","og_locale":"es_ES","og_type":"article","og_title":"Servicio de motores de CC | Matris","og_description":"Matris doo es una empresa l\u00edder en la regi\u00f3n, especializada en el mantenimiento de motores de corriente continua.","og_url":"https:\/\/matris.eu\/es\/servicios\/servicio-de-motores-de-cc\/","og_site_name":"Matris","article_publisher":"https:\/\/www.facebook.com\/Matrisdoo","article_modified_time":"2025-06-17T16:26:26+00:00","og_image":[{"width":1700,"height":800,"url":"https:\/\/matris.eu\/wp-content\/uploads\/2024\/01\/header_dc_motors2.jpg","type":"image\/jpeg"}],"twitter_card":"summary_large_image","twitter_misc":{"Tiempo de lectura":"2 minutos"},"schema":{"@context":"https:\/\/schema.org","@graph":[{"@type":"WebPage","@id":"https:\/\/matris.eu\/es\/servicios\/servicio-de-motores-de-cc\/","url":"https:\/\/matris.eu\/es\/servicios\/servicio-de-motores-de-cc\/","name":"Servicio de motores de CC | Matris","isPartOf":{"@id":"https:\/\/matris.eu\/es\/#website"},"primaryImageOfPage":{"@id":"https:\/\/matris.eu\/es\/servicios\/servicio-de-motores-de-cc\/#primaryimage"},"image":{"@id":"https:\/\/matris.eu\/es\/servicios\/servicio-de-motores-de-cc\/#primaryimage"},"thumbnailUrl":"https:\/\/matris.eu\/wp-content\/uploads\/2024\/01\/header_dc_motors2.jpg","datePublished":"2023-11-01T16:57:25+00:00","dateModified":"2025-06-17T16:26:26+00:00","breadcrumb":{"@id":"https:\/\/matris.eu\/es\/servicios\/servicio-de-motores-de-cc\/#breadcrumb"},"inLanguage":"es","potentialAction":[{"@type":"ReadAction","target":["https:\/\/matris.eu\/es\/servicios\/servicio-de-motores-de-cc\/"]}]},{"@type":"ImageObject","inLanguage":"es","@id":"https:\/\/matris.eu\/es\/servicios\/servicio-de-motores-de-cc\/#primaryimage","url":"https:\/\/matris.eu\/wp-content\/uploads\/2024\/01\/header_dc_motors2.jpg","contentUrl":"https:\/\/matris.eu\/wp-content\/uploads\/2024\/01\/header_dc_motors2.jpg","width":1700,"height":800,"caption":"Servis enosmernih motorjev"},{"@type":"BreadcrumbList","@id":"https:\/\/matris.eu\/es\/servicios\/servicio-de-motores-de-cc\/#breadcrumb","itemListElement":[{"@type":"ListItem","position":1,"name":"Home","item":"https:\/\/matris.eu\/es\/"},{"@type":"ListItem","position":2,"name":"Servicios","item":"https:\/\/matris.eu\/es\/servicios\/"},{"@type":"ListItem","position":3,"name":"Servicio de motores de CC"}]},{"@type":"WebSite","@id":"https:\/\/matris.eu\/es\/#website","url":"https:\/\/matris.eu\/es\/","name":"Servisni center Matris","description":"Servis elektro, servo in vretenskih motorjev","publisher":{"@id":"https:\/\/matris.eu\/es\/#organization"},"alternateName":"Matris","potentialAction":[{"@type":"SearchAction","target":{"@type":"EntryPoint","urlTemplate":"https:\/\/matris.eu\/es\/?s={search_term_string}"},"query-input":{"@type":"PropertyValueSpecification","valueRequired":true,"valueName":"search_term_string"}}],"inLanguage":"es"},{"@type":"Organization","@id":"https:\/\/matris.eu\/es\/#organization","name":"Servisni center Matris","alternateName":"Matris","url":"https:\/\/matris.eu\/es\/","logo":{"@type":"ImageObject","inLanguage":"es","@id":"https:\/\/matris.eu\/es\/#\/schema\/logo\/image\/","url":"","contentUrl":"","caption":"Servisni center Matris"},"image":{"@id":"https:\/\/matris.eu\/es\/#\/schema\/logo\/image\/"},"sameAs":["https:\/\/www.facebook.com\/Matrisdoo","https:\/\/www.linkedin.com\/company\/matris_doo\/"]}]}},"_links":{"self":[{"href":"https:\/\/matris.eu\/es\/wp-json\/wp\/v2\/pages\/3065","targetHints":{"allow":["GET"]}}],"collection":[{"href":"https:\/\/matris.eu\/es\/wp-json\/wp\/v2\/pages"}],"about":[{"href":"https:\/\/matris.eu\/es\/wp-json\/wp\/v2\/types\/page"}],"author":[{"embeddable":true,"href":"https:\/\/matris.eu\/es\/wp-json\/wp\/v2\/users\/1"}],"replies":[{"embeddable":true,"href":"https:\/\/matris.eu\/es\/wp-json\/wp\/v2\/comments?post=3065"}],"version-history":[{"count":10,"href":"https:\/\/matris.eu\/es\/wp-json\/wp\/v2\/pages\/3065\/revisions"}],"predecessor-version":[{"id":3114,"href":"https:\/\/matris.eu\/es\/wp-json\/wp\/v2\/pages\/3065\/revisions\/3114"}],"up":[{"embeddable":true,"href":"https:\/\/matris.eu\/es\/wp-json\/wp\/v2\/pages\/2531"}],"wp:featuredmedia":[{"embeddable":true,"href":"https:\/\/matris.eu\/es\/wp-json\/wp\/v2\/media\/555"}],"wp:attachment":[{"href":"https:\/\/matris.eu\/es\/wp-json\/wp\/v2\/media?parent=3065"}],"curies":[{"name":"wp","href":"https:\/\/api.w.org\/{rel}","templated":true}]}}