{"id":3043,"date":"2023-11-01T19:12:51","date_gmt":"2023-11-01T18:12:51","guid":{"rendered":"https:\/\/matris.eu\/servicios\/servicio-del-motor-del-husillo\/"},"modified":"2025-06-17T18:26:22","modified_gmt":"2025-06-17T16:26:22","slug":"servicio-del-motor-del-husillo","status":"publish","type":"page","link":"https:\/\/matris.eu\/es\/servicios\/servicio-del-motor-del-husillo\/","title":{"rendered":"Servicio del motor del husillo"},"content":{"rendered":"<div class=\"wpb-content-wrapper\"><p>[vc_row row_height_percent=\u00bb0&#8243; override_padding=\u00bbyes\u00bb h_padding=\u00bb2&#8243; top_padding=\u00bb0&#8243; bottom_padding=\u00bb2&#8243; overlay_alpha=\u00bb50&#8243; gutter_size=\u00bb4&#8243; column_width_percent=\u00bb100&#8243; shift_y=\u00bb0&#8243; z_index=\u00bb0&#8243; uncode_shortcode_id=\u00bb792719&#8243;][vc_column width=\u00bb1\/2&#8243;][vc_column_text uncode_shortcode_id=\u00bb211790&#8243;]Al realizar el mantenimiento de motores de husillo, adem\u00e1s de un excelente conocimiento de los rodamientos (su funcionamiento, rodaje, precarga, lubricaci\u00f3n, cargas t\u00e9rmicas, fuerzas radiales y axiales, etc.), tambi\u00e9n es esencial conocer la din\u00e1mica y el equilibrado fino del rotor del motor. La preparaci\u00f3n de los componentes del motor de husillo es fundamental. <\/p>\n<p>En todo tipo de motores, las tolerancias se miden en mil\u00e9simas de mil\u00edmetro. Por lo tanto, el trabajo requiere un tratamiento m\u00e1s preciso y exigente, as\u00ed como equipos especiales, ya que los micr\u00f3metros cl\u00e1sicos no son lo suficientemente precisos. Los medidores de fuerza y \u200b\u200bpresi\u00f3n para la precarga de los rodamientos tambi\u00e9n deben ser adecuados y estar calibrados, lo que supone una inversi\u00f3n financiera considerable.  <\/p>\n<p>En Matris contamos con todo el equipo necesario, as\u00ed como el conocimiento, para brindar un servicio de calidad en el menor tiempo posible.<\/p>\n<p>Para comprobar el funcionamiento de los rodamientos, el comportamiento t\u00e9rmico del motor y los devanados, tambi\u00e9n probamos cada motor de husillo al finalizar el servicio. Al finalizar el servicio, entregamos documentaci\u00f3n con todas las mediciones registradas, as\u00ed como informes sobre el equilibrado fino y din\u00e1mico.[\/vc_column_text][\/vc_column][vc_column width=\u00bb1\/2&#8243;][vc_custom_heading heading_semantic=\u00bbh3&#8243; text_size=\u00bbh4&#8243; uncode_shortcode_id=\u00bb117917&#8243;]El servicio de motor de husillo cl\u00e1sico incluye:[\/vc_custom_heading][vc_row_inner][vc_column_inner width=\u00bb1\/2&#8243;][uncode_list icon=\u00bbfa fa-check\u00bb icon_color=\u00bbaccent\u00bb uncode_shortcode_id=\u00bb180322&#8243; icon_color_type=\u00bbuncode-palette\u00bb]<\/p>\n<ul>\n<li>inspecci\u00f3n visual,<\/li>\n<li>desmontaje del motor,<\/li>\n<li>identificaci\u00f3n de fallas,<\/li>\n<li>midiendo las tolerancias de todas las superficies adyacentes y de contacto,<\/li>\n<li>Comprobaci\u00f3n de las conexiones el\u00e9ctricas de potencia,<\/li>\n<li>Comprobaci\u00f3n de las conexiones el\u00e9ctricas de la se\u00f1al,<\/li>\n<li>prueba de codificador\/sensor,<\/li>\n<li>configuraci\u00f3n del codificador\/sensor,<\/li>\n<li>Medici\u00f3n de resistencia con el dispositivo Schleich MTC2,<\/li>\n<\/ul>\n<p>[\/uncode_list][\/vc_column_inner][vc_column_inner width=\u00bb1\/2&#8243;][uncode_list icon=\u00bbfa fa-check\u00bb icon_color=\u00bbaccent\u00bb uncode_shortcode_id=\u00bb974613&#8243; icon_color_type=\u00bbuncode-palette\u00bb]<\/p>\n<ul>\n<li>limpieza de componentes,<\/li>\n<li>inspecci\u00f3n de componentes,<\/li>\n<li>medici\u00f3n de asientos de cojinetes,<\/li>\n<li>sustituci\u00f3n de cojinetes,<\/li>\n<li>equilibrado est\u00e1tico del rotor,<\/li>\n<li>precarga del rodamiento,<\/li>\n<li>servicio de ventilador de enfriamiento forzado,<\/li>\n<li>asamblea,<\/li>\n<li>equilibrado fino del husillo,<\/li>\n<li>pruebas de motores,<\/li>\n<li>rodaje del rodamiento (5 horas),<\/li>\n<li>informe final.<\/li>\n<\/ul>\n<p>[\/uncode_list][\/vc_column_inner][\/vc_row_inner][\/vc_column][\/vc_row]<\/p>\n<\/div>","protected":false},"excerpt":{"rendered":"<p>Matris doo es una empresa l\u00edder en la regi\u00f3n, especializada en el mantenimiento de motores de husillo de fabricantes de renombre.   <\/p>\n","protected":false},"author":1,"featured_media":554,"parent":2531,"menu_order":14,"comment_status":"closed","ping_status":"closed","template":"","meta":{"footnotes":""},"class_list":["post-3043","page","type-page","status-publish","has-post-thumbnail","hentry"],"yoast_head":"<!-- This site is optimized with the Yoast SEO plugin v27.5 - https:\/\/yoast.com\/product\/yoast-seo-wordpress\/ -->\n<title>Servicio del motor del husillo | Matris<\/title>\n<meta name=\"robots\" content=\"index, follow, max-snippet:-1, max-image-preview:large, max-video-preview:-1\" \/>\n<link rel=\"canonical\" href=\"https:\/\/matris.eu\/es\/servicios\/servicio-del-motor-del-husillo\/\" \/>\n<meta property=\"og:locale\" content=\"es_ES\" \/>\n<meta property=\"og:type\" content=\"article\" \/>\n<meta property=\"og:title\" content=\"Servicio del motor del husillo | Matris\" \/>\n<meta property=\"og:description\" content=\"Matris doo es una empresa l\u00edder en la regi\u00f3n, especializada en el mantenimiento de motores de husillo de fabricantes de renombre.\" \/>\n<meta property=\"og:url\" content=\"https:\/\/matris.eu\/es\/servicios\/servicio-del-motor-del-husillo\/\" \/>\n<meta property=\"og:site_name\" content=\"Matris\" \/>\n<meta property=\"article:publisher\" content=\"https:\/\/www.facebook.com\/Matrisdoo\" \/>\n<meta property=\"article:modified_time\" content=\"2025-06-17T16:26:22+00:00\" \/>\n<meta property=\"og:image\" content=\"https:\/\/matris.eu\/wp-content\/uploads\/2024\/01\/header_spindle_motors2.jpg\" \/>\n\t<meta property=\"og:image:width\" content=\"1700\" \/>\n\t<meta property=\"og:image:height\" content=\"800\" \/>\n\t<meta property=\"og:image:type\" content=\"image\/jpeg\" \/>\n<meta name=\"twitter:card\" content=\"summary_large_image\" \/>\n<meta name=\"twitter:label1\" content=\"Tiempo de lectura\" \/>\n\t<meta name=\"twitter:data1\" content=\"2 minutos\" \/>\n<script type=\"application\/ld+json\" class=\"yoast-schema-graph\">{\"@context\":\"https:\\\/\\\/schema.org\",\"@graph\":[{\"@type\":\"WebPage\",\"@id\":\"https:\\\/\\\/matris.eu\\\/es\\\/servicios\\\/servicio-del-motor-del-husillo\\\/\",\"url\":\"https:\\\/\\\/matris.eu\\\/es\\\/servicios\\\/servicio-del-motor-del-husillo\\\/\",\"name\":\"Servicio del motor del husillo | Matris\",\"isPartOf\":{\"@id\":\"https:\\\/\\\/matris.eu\\\/es\\\/#website\"},\"primaryImageOfPage\":{\"@id\":\"https:\\\/\\\/matris.eu\\\/es\\\/servicios\\\/servicio-del-motor-del-husillo\\\/#primaryimage\"},\"image\":{\"@id\":\"https:\\\/\\\/matris.eu\\\/es\\\/servicios\\\/servicio-del-motor-del-husillo\\\/#primaryimage\"},\"thumbnailUrl\":\"https:\\\/\\\/matris.eu\\\/wp-content\\\/uploads\\\/2024\\\/01\\\/header_spindle_motors2.jpg\",\"datePublished\":\"2023-11-01T18:12:51+00:00\",\"dateModified\":\"2025-06-17T16:26:22+00:00\",\"breadcrumb\":{\"@id\":\"https:\\\/\\\/matris.eu\\\/es\\\/servicios\\\/servicio-del-motor-del-husillo\\\/#breadcrumb\"},\"inLanguage\":\"es\",\"potentialAction\":[{\"@type\":\"ReadAction\",\"target\":[\"https:\\\/\\\/matris.eu\\\/es\\\/servicios\\\/servicio-del-motor-del-husillo\\\/\"]}]},{\"@type\":\"ImageObject\",\"inLanguage\":\"es\",\"@id\":\"https:\\\/\\\/matris.eu\\\/es\\\/servicios\\\/servicio-del-motor-del-husillo\\\/#primaryimage\",\"url\":\"https:\\\/\\\/matris.eu\\\/wp-content\\\/uploads\\\/2024\\\/01\\\/header_spindle_motors2.jpg\",\"contentUrl\":\"https:\\\/\\\/matris.eu\\\/wp-content\\\/uploads\\\/2024\\\/01\\\/header_spindle_motors2.jpg\",\"width\":1700,\"height\":800,\"caption\":\"Servis vretenskih motorjev\"},{\"@type\":\"BreadcrumbList\",\"@id\":\"https:\\\/\\\/matris.eu\\\/es\\\/servicios\\\/servicio-del-motor-del-husillo\\\/#breadcrumb\",\"itemListElement\":[{\"@type\":\"ListItem\",\"position\":1,\"name\":\"Home\",\"item\":\"https:\\\/\\\/matris.eu\\\/es\\\/\"},{\"@type\":\"ListItem\",\"position\":2,\"name\":\"Servicios\",\"item\":\"https:\\\/\\\/matris.eu\\\/es\\\/servicios\\\/\"},{\"@type\":\"ListItem\",\"position\":3,\"name\":\"Servicio del motor del husillo\"}]},{\"@type\":\"WebSite\",\"@id\":\"https:\\\/\\\/matris.eu\\\/es\\\/#website\",\"url\":\"https:\\\/\\\/matris.eu\\\/es\\\/\",\"name\":\"Servisni center Matris\",\"description\":\"Servis elektro, servo in vretenskih motorjev\",\"publisher\":{\"@id\":\"https:\\\/\\\/matris.eu\\\/es\\\/#organization\"},\"alternateName\":\"Matris\",\"potentialAction\":[{\"@type\":\"SearchAction\",\"target\":{\"@type\":\"EntryPoint\",\"urlTemplate\":\"https:\\\/\\\/matris.eu\\\/es\\\/?s={search_term_string}\"},\"query-input\":{\"@type\":\"PropertyValueSpecification\",\"valueRequired\":true,\"valueName\":\"search_term_string\"}}],\"inLanguage\":\"es\"},{\"@type\":\"Organization\",\"@id\":\"https:\\\/\\\/matris.eu\\\/es\\\/#organization\",\"name\":\"Servisni center Matris\",\"alternateName\":\"Matris\",\"url\":\"https:\\\/\\\/matris.eu\\\/es\\\/\",\"logo\":{\"@type\":\"ImageObject\",\"inLanguage\":\"es\",\"@id\":\"https:\\\/\\\/matris.eu\\\/es\\\/#\\\/schema\\\/logo\\\/image\\\/\",\"url\":\"\",\"contentUrl\":\"\",\"caption\":\"Servisni center Matris\"},\"image\":{\"@id\":\"https:\\\/\\\/matris.eu\\\/es\\\/#\\\/schema\\\/logo\\\/image\\\/\"},\"sameAs\":[\"https:\\\/\\\/www.facebook.com\\\/Matrisdoo\",\"https:\\\/\\\/www.linkedin.com\\\/company\\\/matris_doo\\\/\"]}]}<\/script>\n<!-- \/ Yoast SEO plugin. -->","yoast_head_json":{"title":"Servicio del motor del husillo | Matris","robots":{"index":"index","follow":"follow","max-snippet":"max-snippet:-1","max-image-preview":"max-image-preview:large","max-video-preview":"max-video-preview:-1"},"canonical":"https:\/\/matris.eu\/es\/servicios\/servicio-del-motor-del-husillo\/","og_locale":"es_ES","og_type":"article","og_title":"Servicio del motor del husillo | Matris","og_description":"Matris doo es una empresa l\u00edder en la regi\u00f3n, especializada en el mantenimiento de motores de husillo de fabricantes de renombre.","og_url":"https:\/\/matris.eu\/es\/servicios\/servicio-del-motor-del-husillo\/","og_site_name":"Matris","article_publisher":"https:\/\/www.facebook.com\/Matrisdoo","article_modified_time":"2025-06-17T16:26:22+00:00","og_image":[{"width":1700,"height":800,"url":"https:\/\/matris.eu\/wp-content\/uploads\/2024\/01\/header_spindle_motors2.jpg","type":"image\/jpeg"}],"twitter_card":"summary_large_image","twitter_misc":{"Tiempo de lectura":"2 minutos"},"schema":{"@context":"https:\/\/schema.org","@graph":[{"@type":"WebPage","@id":"https:\/\/matris.eu\/es\/servicios\/servicio-del-motor-del-husillo\/","url":"https:\/\/matris.eu\/es\/servicios\/servicio-del-motor-del-husillo\/","name":"Servicio del motor del husillo | Matris","isPartOf":{"@id":"https:\/\/matris.eu\/es\/#website"},"primaryImageOfPage":{"@id":"https:\/\/matris.eu\/es\/servicios\/servicio-del-motor-del-husillo\/#primaryimage"},"image":{"@id":"https:\/\/matris.eu\/es\/servicios\/servicio-del-motor-del-husillo\/#primaryimage"},"thumbnailUrl":"https:\/\/matris.eu\/wp-content\/uploads\/2024\/01\/header_spindle_motors2.jpg","datePublished":"2023-11-01T18:12:51+00:00","dateModified":"2025-06-17T16:26:22+00:00","breadcrumb":{"@id":"https:\/\/matris.eu\/es\/servicios\/servicio-del-motor-del-husillo\/#breadcrumb"},"inLanguage":"es","potentialAction":[{"@type":"ReadAction","target":["https:\/\/matris.eu\/es\/servicios\/servicio-del-motor-del-husillo\/"]}]},{"@type":"ImageObject","inLanguage":"es","@id":"https:\/\/matris.eu\/es\/servicios\/servicio-del-motor-del-husillo\/#primaryimage","url":"https:\/\/matris.eu\/wp-content\/uploads\/2024\/01\/header_spindle_motors2.jpg","contentUrl":"https:\/\/matris.eu\/wp-content\/uploads\/2024\/01\/header_spindle_motors2.jpg","width":1700,"height":800,"caption":"Servis vretenskih motorjev"},{"@type":"BreadcrumbList","@id":"https:\/\/matris.eu\/es\/servicios\/servicio-del-motor-del-husillo\/#breadcrumb","itemListElement":[{"@type":"ListItem","position":1,"name":"Home","item":"https:\/\/matris.eu\/es\/"},{"@type":"ListItem","position":2,"name":"Servicios","item":"https:\/\/matris.eu\/es\/servicios\/"},{"@type":"ListItem","position":3,"name":"Servicio del motor del husillo"}]},{"@type":"WebSite","@id":"https:\/\/matris.eu\/es\/#website","url":"https:\/\/matris.eu\/es\/","name":"Servisni center Matris","description":"Servis elektro, servo in vretenskih motorjev","publisher":{"@id":"https:\/\/matris.eu\/es\/#organization"},"alternateName":"Matris","potentialAction":[{"@type":"SearchAction","target":{"@type":"EntryPoint","urlTemplate":"https:\/\/matris.eu\/es\/?s={search_term_string}"},"query-input":{"@type":"PropertyValueSpecification","valueRequired":true,"valueName":"search_term_string"}}],"inLanguage":"es"},{"@type":"Organization","@id":"https:\/\/matris.eu\/es\/#organization","name":"Servisni center Matris","alternateName":"Matris","url":"https:\/\/matris.eu\/es\/","logo":{"@type":"ImageObject","inLanguage":"es","@id":"https:\/\/matris.eu\/es\/#\/schema\/logo\/image\/","url":"","contentUrl":"","caption":"Servisni center Matris"},"image":{"@id":"https:\/\/matris.eu\/es\/#\/schema\/logo\/image\/"},"sameAs":["https:\/\/www.facebook.com\/Matrisdoo","https:\/\/www.linkedin.com\/company\/matris_doo\/"]}]}},"_links":{"self":[{"href":"https:\/\/matris.eu\/es\/wp-json\/wp\/v2\/pages\/3043","targetHints":{"allow":["GET"]}}],"collection":[{"href":"https:\/\/matris.eu\/es\/wp-json\/wp\/v2\/pages"}],"about":[{"href":"https:\/\/matris.eu\/es\/wp-json\/wp\/v2\/types\/page"}],"author":[{"embeddable":true,"href":"https:\/\/matris.eu\/es\/wp-json\/wp\/v2\/users\/1"}],"replies":[{"embeddable":true,"href":"https:\/\/matris.eu\/es\/wp-json\/wp\/v2\/comments?post=3043"}],"version-history":[{"count":1,"href":"https:\/\/matris.eu\/es\/wp-json\/wp\/v2\/pages\/3043\/revisions"}],"predecessor-version":[{"id":3055,"href":"https:\/\/matris.eu\/es\/wp-json\/wp\/v2\/pages\/3043\/revisions\/3055"}],"up":[{"embeddable":true,"href":"https:\/\/matris.eu\/es\/wp-json\/wp\/v2\/pages\/2531"}],"wp:featuredmedia":[{"embeddable":true,"href":"https:\/\/matris.eu\/es\/wp-json\/wp\/v2\/media\/554"}],"wp:attachment":[{"href":"https:\/\/matris.eu\/es\/wp-json\/wp\/v2\/media?parent=3043"}],"curies":[{"name":"wp","href":"https:\/\/api.w.org\/{rel}","templated":true}]}}