{"id":3013,"date":"2023-11-02T12:36:57","date_gmt":"2023-11-02T11:36:57","guid":{"rendered":"https:\/\/matris.eu\/servicios\/rebobinado-de-motores-electricos\/"},"modified":"2025-06-24T09:28:40","modified_gmt":"2025-06-24T07:28:40","slug":"rebobinado-de-motores-electricos","status":"publish","type":"page","link":"https:\/\/matris.eu\/es\/servicios\/rebobinado-de-motores-electricos\/","title":{"rendered":"Rebobinado de motores el\u00e9ctricos"},"content":{"rendered":"<div class=\"wpb-content-wrapper\"><p>[vc_row row_height_percent=\u00bb0&#8243; override_padding=\u00bbyes\u00bb h_padding=\u00bb2&#8243; top_padding=\u00bb0&#8243; bottom_padding=\u00bb3&#8243; overlay_alpha=\u00bb50&#8243; gutter_size=\u00bb4&#8243; column_width_percent=\u00bb100&#8243; shift_y=\u00bb0&#8243; z_index=\u00bb0&#8243; uncode_shortcode_id=\u00bb165300&#8243;][vc_column width=\u00bb1\/2&#8243;][vc_column_text uncode_shortcode_id=\u00bb664394&#8243;]Con m\u00e1s de 25 a\u00f1os de experiencia en el campo del rebobinado de motores el\u00e9ctricos, hemos perfeccionado nuestros conocimientos hasta el punto de ofrecer servicios de rebobinado a las mayores empresas de servicios de Europa.<\/p>\n<p>Tambi\u00e9n realizamos los rebobinados manuales m\u00e1s exigentes.<\/p>\n<p><!--StartFragment --><\/p>\n<p class=\"pf0\"><span class=\"cf0\">El rebobinado de motores el\u00e9ctricos es un oficio en declive. Matris es una de las pocas empresas que mantiene y desarrolla su conocimiento. Por ello, somos reconocidos como especialistas en todo tipo de bobinados. Si tiene dudas o no sabe si su bobinado encaja en el conjunto adecuado, ll\u00e1menos o env\u00edenos un correo electr\u00f3nico con una descripci\u00f3n detallada del problema y el tipo de motor\/bobinado.   <\/span><\/p>\n<p><!--EndFragment -->[\/vc_column_text][\/vc_column][vc_column width=\u00bb1\/2&#8243;][vc_custom_heading heading_semantic=\u00bbh3&#8243; text_size=\u00bbh4&#8243; uncode_shortcode_id=\u00bb143063&#8243;]El rebobinado de motores el\u00e9ctricos incluye:[\/vc_custom_heading][vc_row_inner][vc_column_inner width=\u00bb1\/2&#8243;][uncode_list icon=\u00bbfa fa-check\u00bb icon_color=\u00bbaccent\u00bb uncode_shortcode_id=\u00bb135005&#8243; icon_color_type=\u00bbuncode-palette\u00bb]<\/p>\n<ul>\n<li>exhibici\u00f3n,<\/li>\n<li>impregnaci\u00f3n del rotor,<\/li>\n<li>prueba de bobinado,<\/li>\n<li>impregnaci\u00f3n del estator,<\/li>\n<li>limpieza\/arenado,<\/li>\n<li>sustituci\u00f3n de sellos,<\/li>\n<\/ul>\n<p>[\/uncode_list][\/vc_column_inner][vc_column_inner width=\u00bb1\/2&#8243;][uncode_list icon=\u00bbfa fa-check\u00bb icon_color=\u00bbaccent\u00bb uncode_shortcode_id=\u00bb825667&#8243; icon_color_type=\u00bbuncode-palette\u00bb]<\/p>\n<ul>\n<li>sustituci\u00f3n de cojinetes,<\/li>\n<li>tolerancias de medici\u00f3n,<\/li>\n<li>ajuste del freno,<\/li>\n<li>prueba de funcionamiento,<\/li>\n<li>informe de servicio,<\/li>\n<li>Pintura OEM.<\/li>\n<\/ul>\n<p>[\/uncode_list][\/vc_column_inner][\/vc_row_inner][\/vc_column][\/vc_row][vc_row row_height_percent=\u00bb0&#8243; override_padding=\u00bbyes\u00bb h_padding=\u00bb2&#8243; top_padding=\u00bb4&#8243; bottom_padding=\u00bb4&#8243; back_color=\u00bbcolor-193339&#8243; overlay_alpha=\u00bb50&#8243; gutter_size=\u00bb3&#8243; column_width_percent=\u00bb100&#8243; shift_y=\u00bb0&#8243; z_index=\u00bb0&#8243; uncode_shortcode_id=\u00bb177693&#8243; back_color_type=\u00bbuncode-palette\u00bb][vc_column column_width_percent=\u00bb100&#8243; gutter_size=\u00bb3&#8243; style=\u00bbdark\u00bb overlay_alpha=\u00bb50&#8243; shift_x=\u00bb0&#8243; shift_y=\u00bb0&#8243; shift_y_down=\u00bb0&#8243; z_index=\u00bb0&#8243; medium_width=\u00bb0&#8243; mobile_width=\u00bb0&#8243; width=\u00bb1\/1&#8243; uncode_shortcode_id=\u00bb179036&#8243;][vc_row_inner][vc_column_inner column_width_percent=\u00bb100&#8243; gutter_size=\u00bb3&#8243; overlay_alpha=\u00bb50&#8243; shift_x=\u00bb0&#8243; shift_y=\u00bb0&#8243; shift_y_down=\u00bb0&#8243; z_index=\u00bb0&#8243; medium_width=\u00bb0&#8243; mobile_width=\u00bb0&#8243; width=\u00bb1\/2&#8243; uncode_shortcode_id=\u00bb110053&#8243;][vc_custom_heading separator=\u00bbunder\u00bb separator_color=\u00bbyes\u00bb sub_lead=\u00bbyes\u00bb sub_reduced=\u00bbyes\u00bb uncode_shortcode_id=\u00bb195208&#8243; subheading=\u00bbProceso tecnol\u00f3gico con el que aumentamos y mejoramos las propiedades de su motor el\u00e9ctrico\u00bb]EPOXI\u2013M-HES[\/vc_custom_heading][vc_column_text uncode_shortcode_id=\u00bb406486&#8243;]Muchos fabricantes de motores el\u00e9ctricos de husillo recubren sus devanados con resinas epoxi, protegi\u00e9ndolos as\u00ed de la intrusi\u00f3n de medios extra\u00f1os (aceite, refrigerantes, productos qu\u00edmicos), aumentando la eficiencia y permitiendo una mejor disipaci\u00f3n del calor&#8230;<\/p>\n<p>Nuestro sistema Epoxy-M-HES hace que el bobinado sea m\u00e1s adecuado para condiciones de operaci\u00f3n rigurosas. El sistema est\u00e1 dise\u00f1ado para proteger el bobinado de la penetraci\u00f3n de fluidos extra\u00f1os, da\u00f1os mec\u00e1nicos y mantenimiento inadecuado.[\/vc_column_text][\/vc_column_inner][vc_column_inner width=\u00bb1\/2&#8243;][vc_single_image media=\u00bb393&#8243; media_width_percent=\u00bb100&#8243; uncode_shortcode_id=\u00bb115597&#8243;][\/vc_column_inner][\/vc_row_inner][vc_row_inner][vc_column_inner column_width_percent=\u00bb100&#8243; gutter_size=\u00bb3&#8243; overlay_alpha=\u00bb50&#8243; shift_x=\u00bb0&#8243; shift_y=\u00bb0&#8243; shift_y_down=\u00bb0&#8243; z_index=\u00bb0&#8243; medium_width=\u00bb0&#8243; mobile_width=\u00bb0&#8243; width=\u00bb1\/1&#8243; uncode_shortcode_id=\u00bb875472&#8243; css=\u00bb.vc_custom_1703105995716{padding-top: 18px !important;padding-bottom: 18px !important;}\u00bb][vc_separator sep_color=\u00bbcolor-uydo\u00bb uncode_shortcode_id=\u00bb155984&#8243; sep_color_type=\u00bbuncode-palette\u00bb][\/vc_column_inner][\/vc_row_inner][vc_row_inner][vc_column_inner width=\u00bb1\/3&#8243;][vc_icon position=\u00bbleft\u00bb space_reduced=\u00bbyes\u00bb icon=\u00bbfa fa-shield\u00bb size=\u00bbfa-2x\u00bb text_size=\u00bbh4&#8243; uncode_shortcode_id=\u00bb155542&#8243; title=\u00bbProtecci\u00f3n contra la contaminaci\u00f3n\u00bb]La mayor\u00eda de las veces, la interrupci\u00f3n de la tensi\u00f3n en la carcasa se produce debido a la entrada de agua o l\u00edquidos. Si el devanado se protege con resina epoxi, se protege a\u00fan m\u00e1s de factores externos.[\/vc_icon][\/vc_column_inner][vc_column_inner width=\u00bb1\/3&#8243;][vc_icon position=\u00bbleft\u00bb space_reduced=\u00bbyes\u00bb icon=\u00bbfa fa-certificate\u00bb size=\u00bbfa-2x\u00bb text_size=\u00bbh4&#8243; uncode_shortcode_id=\u00bb224335&#8243; title=\u00bbMayor vida \u00fatil del aislamiento\u00bb]Al garantizar que la temperatura se disipe m\u00e1s r\u00e1pidamente, alargamos la vida del aislamiento y aumentamos la eficiencia del motor el\u00e9ctrico, ya que las p\u00e9rdidas de calor en hierro y cobre son menores.[\/vc_icon][\/vc_column_inner][vc_column_inner width=\u00bb1\/3&#8243;][vc_icon position=\u00bbleft\u00bb space_reduced=\u00bbyes\u00bb icon=\u00bbfa fa-ban\u00bb size=\u00bbfa-2x\u00bb text_size=\u00bbh4&#8243; uncode_shortcode_id=\u00bb132104&#8243; title=\u00bbResistencia a da\u00f1os mec\u00e1nicos\u00bb]Hemos reparado motores el\u00e9ctricos en numerosas ocasiones cuyo bobinado se da\u00f1\u00f3 debido a un rodamiento fundido. Si el bobinado se protege mec\u00e1nicamente con nuestra soluci\u00f3n, se reduce la probabilidad de da\u00f1os.[\/vc_icon][\/vc_column_inner][\/vc_row_inner][\/vc_column][\/vc_row]<\/p>\n<\/div>","protected":false},"excerpt":{"rendered":"<p>Matris d.o.o. es una empresa l\u00edder en la regi\u00f3n, especializada en el rebobinado de motores servo, as\u00edncronos, de corriente continua, de husillo, de torque y el\u00e9ctricos de fabricantes de renombre.   <\/p>\n","protected":false},"author":1,"featured_media":1675,"parent":2531,"menu_order":2,"comment_status":"closed","ping_status":"closed","template":"","meta":{"footnotes":""},"class_list":["post-3013","page","type-page","status-publish","has-post-thumbnail","hentry"],"yoast_head":"<!-- This site is optimized with the Yoast SEO plugin v27.4 - https:\/\/yoast.com\/product\/yoast-seo-wordpress\/ -->\n<title>Rebobinado de motores el\u00e9ctricos | Matris<\/title>\n<meta name=\"robots\" content=\"index, follow, max-snippet:-1, max-image-preview:large, max-video-preview:-1\" \/>\n<link rel=\"canonical\" href=\"https:\/\/matris.eu\/es\/servicios\/rebobinado-de-motores-electricos\/\" \/>\n<meta property=\"og:locale\" content=\"es_ES\" \/>\n<meta property=\"og:type\" content=\"article\" \/>\n<meta property=\"og:title\" content=\"Rebobinado de motores el\u00e9ctricos | Matris\" \/>\n<meta property=\"og:description\" content=\"Matris d.o.o. es una empresa l\u00edder en la regi\u00f3n, especializada en el rebobinado de motores servo, as\u00edncronos, de corriente continua, de husillo, de torque y el\u00e9ctricos de fabricantes de renombre.\" \/>\n<meta property=\"og:url\" content=\"https:\/\/matris.eu\/es\/servicios\/rebobinado-de-motores-electricos\/\" \/>\n<meta property=\"og:site_name\" content=\"Matris\" \/>\n<meta property=\"article:publisher\" content=\"https:\/\/www.facebook.com\/Matrisdoo\" \/>\n<meta property=\"article:modified_time\" content=\"2025-06-24T07:28:40+00:00\" \/>\n<meta property=\"og:image\" content=\"https:\/\/matris.eu\/wp-content\/uploads\/2024\/08\/hero_image_previjanje_elektromotorjev.jpg\" \/>\n\t<meta property=\"og:image:width\" content=\"2048\" \/>\n\t<meta property=\"og:image:height\" content=\"800\" \/>\n\t<meta property=\"og:image:type\" content=\"image\/jpeg\" \/>\n<meta name=\"twitter:card\" content=\"summary_large_image\" \/>\n<meta name=\"twitter:label1\" content=\"Tiempo de lectura\" \/>\n\t<meta name=\"twitter:data1\" content=\"4 minutos\" \/>\n<script type=\"application\/ld+json\" class=\"yoast-schema-graph\">{\"@context\":\"https:\\\/\\\/schema.org\",\"@graph\":[{\"@type\":\"WebPage\",\"@id\":\"https:\\\/\\\/matris.eu\\\/es\\\/servicios\\\/rebobinado-de-motores-electricos\\\/\",\"url\":\"https:\\\/\\\/matris.eu\\\/es\\\/servicios\\\/rebobinado-de-motores-electricos\\\/\",\"name\":\"Rebobinado de motores el\u00e9ctricos | Matris\",\"isPartOf\":{\"@id\":\"https:\\\/\\\/matris.eu\\\/es\\\/#website\"},\"primaryImageOfPage\":{\"@id\":\"https:\\\/\\\/matris.eu\\\/es\\\/servicios\\\/rebobinado-de-motores-electricos\\\/#primaryimage\"},\"image\":{\"@id\":\"https:\\\/\\\/matris.eu\\\/es\\\/servicios\\\/rebobinado-de-motores-electricos\\\/#primaryimage\"},\"thumbnailUrl\":\"https:\\\/\\\/matris.eu\\\/wp-content\\\/uploads\\\/2024\\\/08\\\/hero_image_previjanje_elektromotorjev.jpg\",\"datePublished\":\"2023-11-02T11:36:57+00:00\",\"dateModified\":\"2025-06-24T07:28:40+00:00\",\"breadcrumb\":{\"@id\":\"https:\\\/\\\/matris.eu\\\/es\\\/servicios\\\/rebobinado-de-motores-electricos\\\/#breadcrumb\"},\"inLanguage\":\"es\",\"potentialAction\":[{\"@type\":\"ReadAction\",\"target\":[\"https:\\\/\\\/matris.eu\\\/es\\\/servicios\\\/rebobinado-de-motores-electricos\\\/\"]}]},{\"@type\":\"ImageObject\",\"inLanguage\":\"es\",\"@id\":\"https:\\\/\\\/matris.eu\\\/es\\\/servicios\\\/rebobinado-de-motores-electricos\\\/#primaryimage\",\"url\":\"https:\\\/\\\/matris.eu\\\/wp-content\\\/uploads\\\/2024\\\/08\\\/hero_image_previjanje_elektromotorjev.jpg\",\"contentUrl\":\"https:\\\/\\\/matris.eu\\\/wp-content\\\/uploads\\\/2024\\\/08\\\/hero_image_previjanje_elektromotorjev.jpg\",\"width\":2048,\"height\":800,\"caption\":\"Previjanje elektromotorjev\"},{\"@type\":\"BreadcrumbList\",\"@id\":\"https:\\\/\\\/matris.eu\\\/es\\\/servicios\\\/rebobinado-de-motores-electricos\\\/#breadcrumb\",\"itemListElement\":[{\"@type\":\"ListItem\",\"position\":1,\"name\":\"Home\",\"item\":\"https:\\\/\\\/matris.eu\\\/es\\\/\"},{\"@type\":\"ListItem\",\"position\":2,\"name\":\"Servicios\",\"item\":\"https:\\\/\\\/matris.eu\\\/es\\\/servicios\\\/\"},{\"@type\":\"ListItem\",\"position\":3,\"name\":\"Rebobinado de motores el\u00e9ctricos\"}]},{\"@type\":\"WebSite\",\"@id\":\"https:\\\/\\\/matris.eu\\\/es\\\/#website\",\"url\":\"https:\\\/\\\/matris.eu\\\/es\\\/\",\"name\":\"Servisni center Matris\",\"description\":\"Servis elektro, servo in vretenskih motorjev\",\"publisher\":{\"@id\":\"https:\\\/\\\/matris.eu\\\/es\\\/#organization\"},\"alternateName\":\"Matris\",\"potentialAction\":[{\"@type\":\"SearchAction\",\"target\":{\"@type\":\"EntryPoint\",\"urlTemplate\":\"https:\\\/\\\/matris.eu\\\/es\\\/?s={search_term_string}\"},\"query-input\":{\"@type\":\"PropertyValueSpecification\",\"valueRequired\":true,\"valueName\":\"search_term_string\"}}],\"inLanguage\":\"es\"},{\"@type\":\"Organization\",\"@id\":\"https:\\\/\\\/matris.eu\\\/es\\\/#organization\",\"name\":\"Servisni center Matris\",\"alternateName\":\"Matris\",\"url\":\"https:\\\/\\\/matris.eu\\\/es\\\/\",\"logo\":{\"@type\":\"ImageObject\",\"inLanguage\":\"es\",\"@id\":\"https:\\\/\\\/matris.eu\\\/es\\\/#\\\/schema\\\/logo\\\/image\\\/\",\"url\":\"\",\"contentUrl\":\"\",\"caption\":\"Servisni center Matris\"},\"image\":{\"@id\":\"https:\\\/\\\/matris.eu\\\/es\\\/#\\\/schema\\\/logo\\\/image\\\/\"},\"sameAs\":[\"https:\\\/\\\/www.facebook.com\\\/Matrisdoo\",\"https:\\\/\\\/www.linkedin.com\\\/company\\\/matris_doo\\\/\"]}]}<\/script>\n<!-- \/ Yoast SEO plugin. -->","yoast_head_json":{"title":"Rebobinado de motores el\u00e9ctricos | Matris","robots":{"index":"index","follow":"follow","max-snippet":"max-snippet:-1","max-image-preview":"max-image-preview:large","max-video-preview":"max-video-preview:-1"},"canonical":"https:\/\/matris.eu\/es\/servicios\/rebobinado-de-motores-electricos\/","og_locale":"es_ES","og_type":"article","og_title":"Rebobinado de motores el\u00e9ctricos | Matris","og_description":"Matris d.o.o. es una empresa l\u00edder en la regi\u00f3n, especializada en el rebobinado de motores servo, as\u00edncronos, de corriente continua, de husillo, de torque y el\u00e9ctricos de fabricantes de renombre.","og_url":"https:\/\/matris.eu\/es\/servicios\/rebobinado-de-motores-electricos\/","og_site_name":"Matris","article_publisher":"https:\/\/www.facebook.com\/Matrisdoo","article_modified_time":"2025-06-24T07:28:40+00:00","og_image":[{"width":2048,"height":800,"url":"https:\/\/matris.eu\/wp-content\/uploads\/2024\/08\/hero_image_previjanje_elektromotorjev.jpg","type":"image\/jpeg"}],"twitter_card":"summary_large_image","twitter_misc":{"Tiempo de lectura":"4 minutos"},"schema":{"@context":"https:\/\/schema.org","@graph":[{"@type":"WebPage","@id":"https:\/\/matris.eu\/es\/servicios\/rebobinado-de-motores-electricos\/","url":"https:\/\/matris.eu\/es\/servicios\/rebobinado-de-motores-electricos\/","name":"Rebobinado de motores el\u00e9ctricos | Matris","isPartOf":{"@id":"https:\/\/matris.eu\/es\/#website"},"primaryImageOfPage":{"@id":"https:\/\/matris.eu\/es\/servicios\/rebobinado-de-motores-electricos\/#primaryimage"},"image":{"@id":"https:\/\/matris.eu\/es\/servicios\/rebobinado-de-motores-electricos\/#primaryimage"},"thumbnailUrl":"https:\/\/matris.eu\/wp-content\/uploads\/2024\/08\/hero_image_previjanje_elektromotorjev.jpg","datePublished":"2023-11-02T11:36:57+00:00","dateModified":"2025-06-24T07:28:40+00:00","breadcrumb":{"@id":"https:\/\/matris.eu\/es\/servicios\/rebobinado-de-motores-electricos\/#breadcrumb"},"inLanguage":"es","potentialAction":[{"@type":"ReadAction","target":["https:\/\/matris.eu\/es\/servicios\/rebobinado-de-motores-electricos\/"]}]},{"@type":"ImageObject","inLanguage":"es","@id":"https:\/\/matris.eu\/es\/servicios\/rebobinado-de-motores-electricos\/#primaryimage","url":"https:\/\/matris.eu\/wp-content\/uploads\/2024\/08\/hero_image_previjanje_elektromotorjev.jpg","contentUrl":"https:\/\/matris.eu\/wp-content\/uploads\/2024\/08\/hero_image_previjanje_elektromotorjev.jpg","width":2048,"height":800,"caption":"Previjanje elektromotorjev"},{"@type":"BreadcrumbList","@id":"https:\/\/matris.eu\/es\/servicios\/rebobinado-de-motores-electricos\/#breadcrumb","itemListElement":[{"@type":"ListItem","position":1,"name":"Home","item":"https:\/\/matris.eu\/es\/"},{"@type":"ListItem","position":2,"name":"Servicios","item":"https:\/\/matris.eu\/es\/servicios\/"},{"@type":"ListItem","position":3,"name":"Rebobinado de motores el\u00e9ctricos"}]},{"@type":"WebSite","@id":"https:\/\/matris.eu\/es\/#website","url":"https:\/\/matris.eu\/es\/","name":"Servisni center Matris","description":"Servis elektro, servo in vretenskih motorjev","publisher":{"@id":"https:\/\/matris.eu\/es\/#organization"},"alternateName":"Matris","potentialAction":[{"@type":"SearchAction","target":{"@type":"EntryPoint","urlTemplate":"https:\/\/matris.eu\/es\/?s={search_term_string}"},"query-input":{"@type":"PropertyValueSpecification","valueRequired":true,"valueName":"search_term_string"}}],"inLanguage":"es"},{"@type":"Organization","@id":"https:\/\/matris.eu\/es\/#organization","name":"Servisni center Matris","alternateName":"Matris","url":"https:\/\/matris.eu\/es\/","logo":{"@type":"ImageObject","inLanguage":"es","@id":"https:\/\/matris.eu\/es\/#\/schema\/logo\/image\/","url":"","contentUrl":"","caption":"Servisni center Matris"},"image":{"@id":"https:\/\/matris.eu\/es\/#\/schema\/logo\/image\/"},"sameAs":["https:\/\/www.facebook.com\/Matrisdoo","https:\/\/www.linkedin.com\/company\/matris_doo\/"]}]}},"_links":{"self":[{"href":"https:\/\/matris.eu\/es\/wp-json\/wp\/v2\/pages\/3013","targetHints":{"allow":["GET"]}}],"collection":[{"href":"https:\/\/matris.eu\/es\/wp-json\/wp\/v2\/pages"}],"about":[{"href":"https:\/\/matris.eu\/es\/wp-json\/wp\/v2\/types\/page"}],"author":[{"embeddable":true,"href":"https:\/\/matris.eu\/es\/wp-json\/wp\/v2\/users\/1"}],"replies":[{"embeddable":true,"href":"https:\/\/matris.eu\/es\/wp-json\/wp\/v2\/comments?post=3013"}],"version-history":[{"count":14,"href":"https:\/\/matris.eu\/es\/wp-json\/wp\/v2\/pages\/3013\/revisions"}],"predecessor-version":[{"id":4053,"href":"https:\/\/matris.eu\/es\/wp-json\/wp\/v2\/pages\/3013\/revisions\/4053"}],"up":[{"embeddable":true,"href":"https:\/\/matris.eu\/es\/wp-json\/wp\/v2\/pages\/2531"}],"wp:featuredmedia":[{"embeddable":true,"href":"https:\/\/matris.eu\/es\/wp-json\/wp\/v2\/media\/1675"}],"wp:attachment":[{"href":"https:\/\/matris.eu\/es\/wp-json\/wp\/v2\/media?parent=3013"}],"curies":[{"name":"wp","href":"https:\/\/api.w.org\/{rel}","templated":true}]}}