{"id":2951,"date":"2023-12-20T16:20:39","date_gmt":"2023-12-20T15:20:39","guid":{"rendered":"https:\/\/matris.eu\/servicios\/rectificado-del-cono-del-cabezal-del-husillo-de-una-maquina-cnc\/"},"modified":"2025-06-17T18:26:07","modified_gmt":"2025-06-17T16:26:07","slug":"rectificado-del-cono-del-cabezal-del-husillo-de-una-maquina-cnc","status":"publish","type":"page","link":"https:\/\/matris.eu\/es\/servicios\/rectificado-del-cono-del-cabezal-del-husillo-de-una-maquina-cnc\/","title":{"rendered":"Rectificado del cono del cabezal del husillo de una m\u00e1quina CNC"},"content":{"rendered":"<div class=\"wpb-content-wrapper\"><p>[vc_row row_height_percent=\u00bb0&#8243; override_padding=\u00bbyes\u00bb h_padding=\u00bb2&#8243; top_padding=\u00bb0&#8243; bottom_padding=\u00bb2&#8243; overlay_alpha=\u00bb50&#8243; gutter_size=\u00bb4&#8243; column_width_percent=\u00bb100&#8243; shift_y=\u00bb0&#8243; z_index=\u00bb0&#8243; uncode_shortcode_id=\u00bb792719&#8243;][vc_column width=\u00bb1\/2&#8243;][vc_column_text uncode_shortcode_id=\u00bb489155&#8243;]En nuestro dispositivo, el \u00e1ngulo de rectificado se ajusta autom\u00e1ticamente, lo que garantiza una alta repetibilidad. El dispositivo cuenta con un codificador \u00f3ptico con una precisi\u00f3n de \u00b11,5 \u201ca \u00b13\u201d.&gt; Con una repetibilidad de 0,001\u00b0. El dispositivo se controla mediante la pantalla HMI (interfaz hombre-m\u00e1quina) y el procesamiento lo gestiona el PLC (controlador l\u00f3gico programable). Es posible ajustar la longitud de carrera durante el rectificado, ajustar diversas velocidades de avance y rotaci\u00f3n y, si es necesario, realizar microcorrecciones en el \u00e1ngulo de rectificado.[\/vc_column_text][\/vc_column][vc_column width=\u00bb1\/2&#8243;][vc_column_text uncode_shortcode_id=\u00bb202650&#8243;]El operador del dispositivo puede utilizar el dispositivo de forma independiente despu\u00e9s de un per\u00edodo de formaci\u00f3n relativamente corto.<\/p>\n<p> La reparaci\u00f3n de la geometr\u00eda del cono de una m\u00e1quina CNC se puede realizar en un tiempo extremadamente corto, lo que supone un enorme ahorro para el propietario de la m\u00e1quina.[\/vc_column_text][\/vc_column][\/vc_row]<\/p>\n<\/div>","protected":false},"excerpt":{"rendered":"<p>En nuestro dispositivo, el \u00e1ngulo de rectificado se ajusta autom\u00e1ticamente, lo que significa que se garantiza una alta repetibilidad.<\/p>\n","protected":false},"author":1,"featured_media":493,"parent":2531,"menu_order":7,"comment_status":"closed","ping_status":"closed","template":"","meta":{"footnotes":""},"class_list":["post-2951","page","type-page","status-publish","has-post-thumbnail","hentry"],"yoast_head":"<!-- This site is optimized with the Yoast SEO plugin v27.3 - https:\/\/yoast.com\/product\/yoast-seo-wordpress\/ -->\n<title>Rectificado del cono del cabezal del husillo de una m\u00e1quina CNC | Matris<\/title>\n<meta name=\"robots\" content=\"index, follow, max-snippet:-1, max-image-preview:large, max-video-preview:-1\" \/>\n<link rel=\"canonical\" href=\"https:\/\/matris.eu\/es\/servicios\/rectificado-del-cono-del-cabezal-del-husillo-de-una-maquina-cnc\/\" \/>\n<meta property=\"og:locale\" content=\"es_ES\" \/>\n<meta property=\"og:type\" content=\"article\" \/>\n<meta property=\"og:title\" content=\"Rectificado del cono del cabezal del husillo de una m\u00e1quina CNC | Matris\" \/>\n<meta property=\"og:description\" content=\"En nuestro dispositivo, el \u00e1ngulo de rectificado se ajusta autom\u00e1ticamente, lo que significa que se garantiza una alta repetibilidad.\" \/>\n<meta property=\"og:url\" content=\"https:\/\/matris.eu\/es\/servicios\/rectificado-del-cono-del-cabezal-del-husillo-de-una-maquina-cnc\/\" \/>\n<meta property=\"og:site_name\" content=\"Matris\" \/>\n<meta property=\"article:publisher\" content=\"https:\/\/www.facebook.com\/Matrisdoo\" \/>\n<meta property=\"article:modified_time\" content=\"2025-06-17T16:26:07+00:00\" \/>\n<meta property=\"og:image\" content=\"https:\/\/matris.eu\/wp-content\/uploads\/2023\/12\/header_grinding.jpg\" \/>\n\t<meta property=\"og:image:width\" content=\"2048\" \/>\n\t<meta property=\"og:image:height\" content=\"800\" \/>\n\t<meta property=\"og:image:type\" content=\"image\/jpeg\" \/>\n<meta name=\"twitter:card\" content=\"summary_large_image\" \/>\n<meta name=\"twitter:label1\" content=\"Tiempo de lectura\" \/>\n\t<meta name=\"twitter:data1\" content=\"1 minuto\" \/>\n<script type=\"application\/ld+json\" class=\"yoast-schema-graph\">{\"@context\":\"https:\\\/\\\/schema.org\",\"@graph\":[{\"@type\":\"WebPage\",\"@id\":\"https:\\\/\\\/matris.eu\\\/es\\\/servicios\\\/rectificado-del-cono-del-cabezal-del-husillo-de-una-maquina-cnc\\\/\",\"url\":\"https:\\\/\\\/matris.eu\\\/es\\\/servicios\\\/rectificado-del-cono-del-cabezal-del-husillo-de-una-maquina-cnc\\\/\",\"name\":\"Rectificado del cono del cabezal del husillo de una m\u00e1quina CNC | Matris\",\"isPartOf\":{\"@id\":\"https:\\\/\\\/matris.eu\\\/es\\\/#website\"},\"primaryImageOfPage\":{\"@id\":\"https:\\\/\\\/matris.eu\\\/es\\\/servicios\\\/rectificado-del-cono-del-cabezal-del-husillo-de-una-maquina-cnc\\\/#primaryimage\"},\"image\":{\"@id\":\"https:\\\/\\\/matris.eu\\\/es\\\/servicios\\\/rectificado-del-cono-del-cabezal-del-husillo-de-una-maquina-cnc\\\/#primaryimage\"},\"thumbnailUrl\":\"https:\\\/\\\/matris.eu\\\/wp-content\\\/uploads\\\/2023\\\/12\\\/header_grinding.jpg\",\"datePublished\":\"2023-12-20T15:20:39+00:00\",\"dateModified\":\"2025-06-17T16:26:07+00:00\",\"breadcrumb\":{\"@id\":\"https:\\\/\\\/matris.eu\\\/es\\\/servicios\\\/rectificado-del-cono-del-cabezal-del-husillo-de-una-maquina-cnc\\\/#breadcrumb\"},\"inLanguage\":\"es\",\"potentialAction\":[{\"@type\":\"ReadAction\",\"target\":[\"https:\\\/\\\/matris.eu\\\/es\\\/servicios\\\/rectificado-del-cono-del-cabezal-del-husillo-de-una-maquina-cnc\\\/\"]}]},{\"@type\":\"ImageObject\",\"inLanguage\":\"es\",\"@id\":\"https:\\\/\\\/matris.eu\\\/es\\\/servicios\\\/rectificado-del-cono-del-cabezal-del-husillo-de-una-maquina-cnc\\\/#primaryimage\",\"url\":\"https:\\\/\\\/matris.eu\\\/wp-content\\\/uploads\\\/2023\\\/12\\\/header_grinding.jpg\",\"contentUrl\":\"https:\\\/\\\/matris.eu\\\/wp-content\\\/uploads\\\/2023\\\/12\\\/header_grinding.jpg\",\"width\":2048,\"height\":800},{\"@type\":\"BreadcrumbList\",\"@id\":\"https:\\\/\\\/matris.eu\\\/es\\\/servicios\\\/rectificado-del-cono-del-cabezal-del-husillo-de-una-maquina-cnc\\\/#breadcrumb\",\"itemListElement\":[{\"@type\":\"ListItem\",\"position\":1,\"name\":\"Home\",\"item\":\"https:\\\/\\\/matris.eu\\\/es\\\/\"},{\"@type\":\"ListItem\",\"position\":2,\"name\":\"Servicios\",\"item\":\"https:\\\/\\\/matris.eu\\\/es\\\/servicios\\\/\"},{\"@type\":\"ListItem\",\"position\":3,\"name\":\"Rectificado del cono del cabezal del husillo de una m\u00e1quina CNC\"}]},{\"@type\":\"WebSite\",\"@id\":\"https:\\\/\\\/matris.eu\\\/es\\\/#website\",\"url\":\"https:\\\/\\\/matris.eu\\\/es\\\/\",\"name\":\"Servisni center Matris\",\"description\":\"Servis elektro, servo in vretenskih motorjev\",\"publisher\":{\"@id\":\"https:\\\/\\\/matris.eu\\\/es\\\/#organization\"},\"alternateName\":\"Matris\",\"potentialAction\":[{\"@type\":\"SearchAction\",\"target\":{\"@type\":\"EntryPoint\",\"urlTemplate\":\"https:\\\/\\\/matris.eu\\\/es\\\/?s={search_term_string}\"},\"query-input\":{\"@type\":\"PropertyValueSpecification\",\"valueRequired\":true,\"valueName\":\"search_term_string\"}}],\"inLanguage\":\"es\"},{\"@type\":\"Organization\",\"@id\":\"https:\\\/\\\/matris.eu\\\/es\\\/#organization\",\"name\":\"Servisni center Matris\",\"alternateName\":\"Matris\",\"url\":\"https:\\\/\\\/matris.eu\\\/es\\\/\",\"logo\":{\"@type\":\"ImageObject\",\"inLanguage\":\"es\",\"@id\":\"https:\\\/\\\/matris.eu\\\/es\\\/#\\\/schema\\\/logo\\\/image\\\/\",\"url\":\"\",\"contentUrl\":\"\",\"caption\":\"Servisni center Matris\"},\"image\":{\"@id\":\"https:\\\/\\\/matris.eu\\\/es\\\/#\\\/schema\\\/logo\\\/image\\\/\"},\"sameAs\":[\"https:\\\/\\\/www.facebook.com\\\/Matrisdoo\",\"https:\\\/\\\/www.linkedin.com\\\/company\\\/matris_doo\\\/\"]}]}<\/script>\n<!-- \/ Yoast SEO plugin. -->","yoast_head_json":{"title":"Rectificado del cono del cabezal del husillo de una m\u00e1quina CNC | Matris","robots":{"index":"index","follow":"follow","max-snippet":"max-snippet:-1","max-image-preview":"max-image-preview:large","max-video-preview":"max-video-preview:-1"},"canonical":"https:\/\/matris.eu\/es\/servicios\/rectificado-del-cono-del-cabezal-del-husillo-de-una-maquina-cnc\/","og_locale":"es_ES","og_type":"article","og_title":"Rectificado del cono del cabezal del husillo de una m\u00e1quina CNC | Matris","og_description":"En nuestro dispositivo, el \u00e1ngulo de rectificado se ajusta autom\u00e1ticamente, lo que significa que se garantiza una alta repetibilidad.","og_url":"https:\/\/matris.eu\/es\/servicios\/rectificado-del-cono-del-cabezal-del-husillo-de-una-maquina-cnc\/","og_site_name":"Matris","article_publisher":"https:\/\/www.facebook.com\/Matrisdoo","article_modified_time":"2025-06-17T16:26:07+00:00","og_image":[{"width":2048,"height":800,"url":"https:\/\/matris.eu\/wp-content\/uploads\/2023\/12\/header_grinding.jpg","type":"image\/jpeg"}],"twitter_card":"summary_large_image","twitter_misc":{"Tiempo de lectura":"1 minuto"},"schema":{"@context":"https:\/\/schema.org","@graph":[{"@type":"WebPage","@id":"https:\/\/matris.eu\/es\/servicios\/rectificado-del-cono-del-cabezal-del-husillo-de-una-maquina-cnc\/","url":"https:\/\/matris.eu\/es\/servicios\/rectificado-del-cono-del-cabezal-del-husillo-de-una-maquina-cnc\/","name":"Rectificado del cono del cabezal del husillo de una m\u00e1quina CNC | Matris","isPartOf":{"@id":"https:\/\/matris.eu\/es\/#website"},"primaryImageOfPage":{"@id":"https:\/\/matris.eu\/es\/servicios\/rectificado-del-cono-del-cabezal-del-husillo-de-una-maquina-cnc\/#primaryimage"},"image":{"@id":"https:\/\/matris.eu\/es\/servicios\/rectificado-del-cono-del-cabezal-del-husillo-de-una-maquina-cnc\/#primaryimage"},"thumbnailUrl":"https:\/\/matris.eu\/wp-content\/uploads\/2023\/12\/header_grinding.jpg","datePublished":"2023-12-20T15:20:39+00:00","dateModified":"2025-06-17T16:26:07+00:00","breadcrumb":{"@id":"https:\/\/matris.eu\/es\/servicios\/rectificado-del-cono-del-cabezal-del-husillo-de-una-maquina-cnc\/#breadcrumb"},"inLanguage":"es","potentialAction":[{"@type":"ReadAction","target":["https:\/\/matris.eu\/es\/servicios\/rectificado-del-cono-del-cabezal-del-husillo-de-una-maquina-cnc\/"]}]},{"@type":"ImageObject","inLanguage":"es","@id":"https:\/\/matris.eu\/es\/servicios\/rectificado-del-cono-del-cabezal-del-husillo-de-una-maquina-cnc\/#primaryimage","url":"https:\/\/matris.eu\/wp-content\/uploads\/2023\/12\/header_grinding.jpg","contentUrl":"https:\/\/matris.eu\/wp-content\/uploads\/2023\/12\/header_grinding.jpg","width":2048,"height":800},{"@type":"BreadcrumbList","@id":"https:\/\/matris.eu\/es\/servicios\/rectificado-del-cono-del-cabezal-del-husillo-de-una-maquina-cnc\/#breadcrumb","itemListElement":[{"@type":"ListItem","position":1,"name":"Home","item":"https:\/\/matris.eu\/es\/"},{"@type":"ListItem","position":2,"name":"Servicios","item":"https:\/\/matris.eu\/es\/servicios\/"},{"@type":"ListItem","position":3,"name":"Rectificado del cono del cabezal del husillo de una m\u00e1quina CNC"}]},{"@type":"WebSite","@id":"https:\/\/matris.eu\/es\/#website","url":"https:\/\/matris.eu\/es\/","name":"Servisni center Matris","description":"Servis elektro, servo in vretenskih motorjev","publisher":{"@id":"https:\/\/matris.eu\/es\/#organization"},"alternateName":"Matris","potentialAction":[{"@type":"SearchAction","target":{"@type":"EntryPoint","urlTemplate":"https:\/\/matris.eu\/es\/?s={search_term_string}"},"query-input":{"@type":"PropertyValueSpecification","valueRequired":true,"valueName":"search_term_string"}}],"inLanguage":"es"},{"@type":"Organization","@id":"https:\/\/matris.eu\/es\/#organization","name":"Servisni center Matris","alternateName":"Matris","url":"https:\/\/matris.eu\/es\/","logo":{"@type":"ImageObject","inLanguage":"es","@id":"https:\/\/matris.eu\/es\/#\/schema\/logo\/image\/","url":"","contentUrl":"","caption":"Servisni center Matris"},"image":{"@id":"https:\/\/matris.eu\/es\/#\/schema\/logo\/image\/"},"sameAs":["https:\/\/www.facebook.com\/Matrisdoo","https:\/\/www.linkedin.com\/company\/matris_doo\/"]}]}},"_links":{"self":[{"href":"https:\/\/matris.eu\/es\/wp-json\/wp\/v2\/pages\/2951","targetHints":{"allow":["GET"]}}],"collection":[{"href":"https:\/\/matris.eu\/es\/wp-json\/wp\/v2\/pages"}],"about":[{"href":"https:\/\/matris.eu\/es\/wp-json\/wp\/v2\/types\/page"}],"author":[{"embeddable":true,"href":"https:\/\/matris.eu\/es\/wp-json\/wp\/v2\/users\/1"}],"replies":[{"embeddable":true,"href":"https:\/\/matris.eu\/es\/wp-json\/wp\/v2\/comments?post=2951"}],"version-history":[{"count":1,"href":"https:\/\/matris.eu\/es\/wp-json\/wp\/v2\/pages\/2951\/revisions"}],"predecessor-version":[{"id":2961,"href":"https:\/\/matris.eu\/es\/wp-json\/wp\/v2\/pages\/2951\/revisions\/2961"}],"up":[{"embeddable":true,"href":"https:\/\/matris.eu\/es\/wp-json\/wp\/v2\/pages\/2531"}],"wp:featuredmedia":[{"embeddable":true,"href":"https:\/\/matris.eu\/es\/wp-json\/wp\/v2\/media\/493"}],"wp:attachment":[{"href":"https:\/\/matris.eu\/es\/wp-json\/wp\/v2\/media?parent=2951"}],"curies":[{"name":"wp","href":"https:\/\/api.w.org\/{rel}","templated":true}]}}