{"id":2938,"date":"2023-12-20T16:23:35","date_gmt":"2023-12-20T15:23:35","guid":{"rendered":"https:\/\/matris.eu\/sistemas-de-propulsion-electricos-para-automoviles\/"},"modified":"2025-06-17T18:26:08","modified_gmt":"2025-06-17T16:26:08","slug":"sistemas-de-propulsion-electricos-para-automoviles","status":"publish","type":"page","link":"https:\/\/matris.eu\/es\/sistemas-de-propulsion-electricos-para-automoviles\/","title":{"rendered":"Sistemas de propulsi\u00f3n el\u00e9ctricos para autom\u00f3viles"},"content":{"rendered":"<div class=\"wpb-content-wrapper\"><p>[vc_row unlock_row_content=\u00bbyes\u00bb row_height_percent=\u00bb0&#8243; override_padding=\u00bbyes\u00bb h_padding=\u00bb0&#8243; top_padding=\u00bb0&#8243; bottom_padding=\u00bb0&#8243; back_color=\u00bbcolor-193339&#8243; overlay_alpha=\u00bb50&#8243; equal_height=\u00bbyes\u00bb gutter_size=\u00bb0&#8243; column_width_percent=\u00bb100&#8243; shift_y=\u00bb0&#8243; z_index=\u00bb0&#8243; el_class=\u00bbinverted-device-order\u00bb uncode_shortcode_id=\u00bb135724&#8243; back_color_type=\u00bbuncode-palette\u00bb][vc_column column_width_use_pixel=\u00bbyes\u00bb gutter_size=\u00bb3&#8243; override_padding=\u00bbyes\u00bb column_padding=\u00bb5&#8243; style=\u00bblight\u00bb overlay_alpha=\u00bb50&#8243; shift_x=\u00bb0&#8243; shift_y=\u00bb0&#8243; shift_y_down=\u00bb0&#8243; z_index=\u00bb0&#8243; medium_width=\u00bb0&#8243; mobile_width=\u00bb0&#8243; width=\u00bb1\/2&#8243; column_width_pixel=\u00bb700&#8243; uncode_shortcode_id=\u00bb195885&#8243;][vc_custom_heading text_color=\u00bbaccent\u00bb heading_semantic=\u00bbh6&#8243; text_font=\u00bbfont-377744&#8243; text_size=\u00bbh5&#8243; text_transform=\u00bbuppercase\u00bb text_space=\u00bbfontspace-576413&#8243; uncode_shortcode_id=\u00bb131274&#8243; text_color_type=\u00bbuncode-palette\u00bb]EVSC &#8211; Centro de Servicio de Veh\u00edculos El\u00e9ctricos[\/vc_custom_heading][vc_custom_heading text_color=\u00bbcolor-jevc\u00bb heading_semantic=\u00bbh1&#8243; text_size=\u00bbfontsize-213927&#8243; uncode_shortcode_id=\u00bb186389&#8243; text_color_type=\u00bbuncode-palette\u00bb]Centro de servicio de unidades de accionamiento el\u00e9ctrico automotriz[\/vc_custom_heading][vc_column_text uncode_shortcode_id=\u00bb189109&#8243;]Matris no es un taller mec\u00e1nico de veh\u00edculos el\u00e9ctricos, pero s\u00ed somos especialistas en el rebobinado y mantenimiento de unidades de propulsi\u00f3n el\u00e9ctrica (EDU). En los \u00faltimos meses, hemos mejorado nuestro servicio al m\u00e1ximo. Nos atrevemos a afirmar que las unidades de propulsi\u00f3n reacondicionadas en nuestro centro de servicio son m\u00e1s duraderas, est\u00e1n mejor protegidas y ofrecen un mejor rendimiento que las unidades originales de producci\u00f3n en masa. Actualizamos y ampliamos constantemente nuestra base de conocimientos.   <\/p>\n<p>Si bien no estamos limitados a ninguna marca, actualmente nos centramos en las EDU de Tesla, para las que hemos visto una mayor necesidad de servicio.[\/vc_column_text][\/vc_column][vc_column column_width_percent=\u00bb100&#8243; gutter_size=\u00bb3&#8243; back_image=\u00bb2939&#8243; overlay_alpha=\u00bb50&#8243; shift_x=\u00bb0&#8243; shift_y=\u00bb0&#8243; shift_y_down=\u00bb0&#8243; z_index=\u00bb0&#8243; medium_width=\u00bb0&#8243; mobile_width=\u00bb0&#8243; width=\u00bb1\/2&#8243; mobile_height=\u00bb340&#8243; uncode_shortcode_id=\u00bb156720&#8243;][\/vc_column][\/vc_row][vc_row row_height_percent=\u00bb0&#8243; override_padding=\u00bbyes\u00bb h_padding=\u00bb2&#8243; top_padding=\u00bb4&#8243; bottom_padding=\u00bb2&#8243; overlay_alpha=\u00bb50&#8243; gutter_size=\u00bb3&#8243; column_width_percent=\u00bb100&#8243; shift_y=\u00bb0&#8243; z_index=\u00bb0&#8243; uncode_shortcode_id=\u00bb607125&#8243;][vc_column width=\u00bb1\/2&#8243;][vc_custom_heading heading_semantic=\u00bbh3&#8243; text_size=\u00bbh4&#8243; uncode_shortcode_id=\u00bb147303&#8243;]La realidad del mercado de veh\u00edculos el\u00e9ctricos[\/vc_custom_heading][vc_column_text uncode_shortcode_id=\u00bb843875&#8243;]Aunque se pueden encontrar muchos art\u00edculos escritos sobre c\u00f3mo la movilidad el\u00e9ctrica est\u00e1 limitada por la tecnolog\u00eda de fabricaci\u00f3n de bater\u00edas, la autonom\u00eda y la infraestructura de carga, el problema real es que los veh\u00edculos que lentamente est\u00e1n saliendo de la garant\u00eda de f\u00e1brica carecen del soporte necesario en la red de reparadores no autorizados.[\/vc_column_text][vc_custom_heading heading_semantic=\u00bbh3&#8243; text_size=\u00bbh4&#8243; uncode_shortcode_id=\u00bb183969&#8243;]Mejoras en la renovaci\u00f3n del estator de la LDU[\/vc_custom_heading][uncode_list icon=\u00bbfa fa-check\u00bb icon_color=\u00bbaccent\u00bb uncode_shortcode_id=\u00bb478688&#8243; icon_color_type=\u00bbuncode-palette\u00bb]<\/p>\n<ul>\n<li>Aumento de la capacidad entre un 3 y un 5 %<\/li>\n<li>Disipaci\u00f3n de calor mejorada utilizando resina epoxi Matrix<\/li>\n<li>Reducci\u00f3n de los problemas de sobrecalentamiento del estator<\/li>\n<li>Aumento del 3% en el \u00e1rea de conductores de fase<\/li>\n<li>Durabilidad excepcional, lo que lo hace pr\u00e1cticamente indestructible.<\/li>\n<\/ul>\n<p>[\/uncode_list][\/vc_column][vc_column column_width_percent=\u00bb100&#8243; gutter_size=\u00bb3&#8243; override_padding=\u00bbyes\u00bb column_padding=\u00bb3&#8243; back_color=\u00bbcolor-193339&#8243; overlay_alpha=\u00bb50&#8243; shift_x=\u00bb0&#8243; shift_y=\u00bb0&#8243; shift_y_down=\u00bb0&#8243; z_index=\u00bb0&#8243; medium_width=\u00bb0&#8243; mobile_width=\u00bb0&#8243; width=\u00bb1\/2&#8243; uncode_shortcode_id=\u00bb612813&#8243; back_color_type=\u00bbuncode-palette\u00bb][vc_single_image media=\u00bb515&#8243; media_width_use_pixel=\u00bbyes\u00bb uncode_shortcode_id=\u00bb366294&#8243; media_width_pixel=\u00bb200&#8243;][vc_column_text uncode_shortcode_id=\u00bb316772&#8243;]Estamos <strong>altamente especializados en la renovaci\u00f3n de la parte el\u00e9ctrica<\/strong> de las unidades de propulsi\u00f3n de veh\u00edculos el\u00e9ctricos. Si desea aprovechar nuestra experiencia y servicios, env\u00edenos la parte el\u00e9ctrica de la unidad (estator y rotor) a nuestra direcci\u00f3n. Tras recibirla, desmontarla e inspeccionarla en su estado original, le enviaremos un presupuesto para la renovaci\u00f3n. Una vez confirmado, nos ponemos manos a la obra. Siempre recibir\u00e1 una garant\u00eda Matris de 1 a\u00f1o por el trabajo realizado. Por un coste adicional, tambi\u00e9n puede obtener una garant\u00eda de 2 a\u00f1os.     <\/p>\n<p><em>No somos un taller de reparaci\u00f3n de autom\u00f3viles y no realizamos servicio t\u00e9cnico a veh\u00edculos; tampoco desmontamos transmisiones.<\/em>[\/vc_column_text][\/vc_column][\/vc_row]<\/p>\n<\/div>","protected":false},"excerpt":{"rendered":"<p>[vc_row unlock_row_content=\u00bbyes\u00bb row_height_percent=\u00bb0&#8243; override_padding=\u00bbyes\u00bb h_padding=\u00bb0&#8243; top_padding=\u00bb0&#8243; bottom_padding=\u00bb0&#8243; back_color=\u00bbcolor-193339&#8243; overlay_alpha=\u00bb50&#8243; equal_height=\u00bbyes\u00bb gutter_size=\u00bb0&#8243; column_width_percent=\u00bb100&#8243; shift_y=\u00bb0&#8243; z_index=\u00bb0&#8243; el_class=\u00bbinverted-device-order\u00bb uncode_shortcode_id=\u00bb135724&#8243; back_color_type=\u00bbuncode-palette\u00bb][vc_column column_width_use_pixel=\u00bbyes\u00bb gutter_size=\u00bb3&#8243; override_padding=\u00bbyes\u00bb [&hellip;]<\/p>\n","protected":false},"author":1,"featured_media":0,"parent":0,"menu_order":3,"comment_status":"closed","ping_status":"closed","template":"","meta":{"footnotes":""},"class_list":["post-2938","page","type-page","status-publish","hentry"],"yoast_head":"<!-- This site is optimized with the Yoast SEO plugin v27.3 - https:\/\/yoast.com\/product\/yoast-seo-wordpress\/ -->\n<title>Sistemas de propulsi\u00f3n el\u00e9ctricos para autom\u00f3viles | Matris<\/title>\n<meta name=\"robots\" content=\"index, follow, max-snippet:-1, max-image-preview:large, max-video-preview:-1\" \/>\n<link rel=\"canonical\" href=\"https:\/\/matris.eu\/es\/sistemas-de-propulsion-electricos-para-automoviles\/\" \/>\n<meta property=\"og:locale\" content=\"es_ES\" \/>\n<meta property=\"og:type\" content=\"article\" \/>\n<meta property=\"og:title\" content=\"Sistemas de propulsi\u00f3n el\u00e9ctricos para autom\u00f3viles | Matris\" \/>\n<meta property=\"og:description\" content=\"[vc_row unlock_row_content=\u00bbyes\u00bb row_height_percent=\u00bb0&#8243; override_padding=\u00bbyes\u00bb h_padding=\u00bb0&#8243; top_padding=\u00bb0&#8243; bottom_padding=\u00bb0&#8243; back_color=\u00bbcolor-193339&#8243; overlay_alpha=\u00bb50&#8243; equal_height=\u00bbyes\u00bb gutter_size=\u00bb0&#8243; column_width_percent=\u00bb100&#8243; shift_y=\u00bb0&#8243; z_index=\u00bb0&#8243; el_class=\u00bbinverted-device-order\u00bb uncode_shortcode_id=\u00bb135724&#8243; back_color_type=\u00bbuncode-palette\u00bb][vc_column column_width_use_pixel=\u00bbyes\u00bb gutter_size=\u00bb3&#8243; override_padding=\u00bbyes\u00bb [&hellip;]\" \/>\n<meta property=\"og:url\" content=\"https:\/\/matris.eu\/es\/sistemas-de-propulsion-electricos-para-automoviles\/\" \/>\n<meta property=\"og:site_name\" content=\"Matris\" \/>\n<meta property=\"article:publisher\" content=\"https:\/\/www.facebook.com\/Matrisdoo\" \/>\n<meta property=\"article:modified_time\" content=\"2025-06-17T16:26:08+00:00\" \/>\n<meta property=\"og:image\" content=\"https:\/\/matris.eu\/wp-content\/uploads\/2024\/02\/matris_seo_image.jpg\" \/>\n\t<meta property=\"og:image:width\" content=\"1200\" \/>\n\t<meta property=\"og:image:height\" content=\"1000\" \/>\n\t<meta property=\"og:image:type\" content=\"image\/jpeg\" \/>\n<meta name=\"twitter:card\" content=\"summary_large_image\" \/>\n<meta name=\"twitter:label1\" content=\"Tiempo de lectura\" \/>\n\t<meta name=\"twitter:data1\" content=\"4 minutos\" \/>\n<script type=\"application\/ld+json\" class=\"yoast-schema-graph\">{\"@context\":\"https:\\\/\\\/schema.org\",\"@graph\":[{\"@type\":\"WebPage\",\"@id\":\"https:\\\/\\\/matris.eu\\\/es\\\/sistemas-de-propulsion-electricos-para-automoviles\\\/\",\"url\":\"https:\\\/\\\/matris.eu\\\/es\\\/sistemas-de-propulsion-electricos-para-automoviles\\\/\",\"name\":\"Sistemas de propulsi\u00f3n el\u00e9ctricos para autom\u00f3viles | Matris\",\"isPartOf\":{\"@id\":\"https:\\\/\\\/matris.eu\\\/es\\\/#website\"},\"datePublished\":\"2023-12-20T15:23:35+00:00\",\"dateModified\":\"2025-06-17T16:26:08+00:00\",\"breadcrumb\":{\"@id\":\"https:\\\/\\\/matris.eu\\\/es\\\/sistemas-de-propulsion-electricos-para-automoviles\\\/#breadcrumb\"},\"inLanguage\":\"es\",\"potentialAction\":[{\"@type\":\"ReadAction\",\"target\":[\"https:\\\/\\\/matris.eu\\\/es\\\/sistemas-de-propulsion-electricos-para-automoviles\\\/\"]}]},{\"@type\":\"BreadcrumbList\",\"@id\":\"https:\\\/\\\/matris.eu\\\/es\\\/sistemas-de-propulsion-electricos-para-automoviles\\\/#breadcrumb\",\"itemListElement\":[{\"@type\":\"ListItem\",\"position\":1,\"name\":\"Home\",\"item\":\"https:\\\/\\\/matris.eu\\\/es\\\/\"},{\"@type\":\"ListItem\",\"position\":2,\"name\":\"Sistemas de propulsi\u00f3n el\u00e9ctricos para autom\u00f3viles\"}]},{\"@type\":\"WebSite\",\"@id\":\"https:\\\/\\\/matris.eu\\\/es\\\/#website\",\"url\":\"https:\\\/\\\/matris.eu\\\/es\\\/\",\"name\":\"Servisni center Matris\",\"description\":\"Servis elektro, servo in vretenskih motorjev\",\"publisher\":{\"@id\":\"https:\\\/\\\/matris.eu\\\/es\\\/#organization\"},\"alternateName\":\"Matris\",\"potentialAction\":[{\"@type\":\"SearchAction\",\"target\":{\"@type\":\"EntryPoint\",\"urlTemplate\":\"https:\\\/\\\/matris.eu\\\/es\\\/?s={search_term_string}\"},\"query-input\":{\"@type\":\"PropertyValueSpecification\",\"valueRequired\":true,\"valueName\":\"search_term_string\"}}],\"inLanguage\":\"es\"},{\"@type\":\"Organization\",\"@id\":\"https:\\\/\\\/matris.eu\\\/es\\\/#organization\",\"name\":\"Servisni center Matris\",\"alternateName\":\"Matris\",\"url\":\"https:\\\/\\\/matris.eu\\\/es\\\/\",\"logo\":{\"@type\":\"ImageObject\",\"inLanguage\":\"es\",\"@id\":\"https:\\\/\\\/matris.eu\\\/es\\\/#\\\/schema\\\/logo\\\/image\\\/\",\"url\":\"\",\"contentUrl\":\"\",\"caption\":\"Servisni center Matris\"},\"image\":{\"@id\":\"https:\\\/\\\/matris.eu\\\/es\\\/#\\\/schema\\\/logo\\\/image\\\/\"},\"sameAs\":[\"https:\\\/\\\/www.facebook.com\\\/Matrisdoo\",\"https:\\\/\\\/www.linkedin.com\\\/company\\\/matris_doo\\\/\"]}]}<\/script>\n<!-- \/ Yoast SEO plugin. -->","yoast_head_json":{"title":"Sistemas de propulsi\u00f3n el\u00e9ctricos para autom\u00f3viles | Matris","robots":{"index":"index","follow":"follow","max-snippet":"max-snippet:-1","max-image-preview":"max-image-preview:large","max-video-preview":"max-video-preview:-1"},"canonical":"https:\/\/matris.eu\/es\/sistemas-de-propulsion-electricos-para-automoviles\/","og_locale":"es_ES","og_type":"article","og_title":"Sistemas de propulsi\u00f3n el\u00e9ctricos para autom\u00f3viles | Matris","og_description":"[vc_row unlock_row_content=\u00bbyes\u00bb row_height_percent=\u00bb0&#8243; override_padding=\u00bbyes\u00bb h_padding=\u00bb0&#8243; top_padding=\u00bb0&#8243; bottom_padding=\u00bb0&#8243; back_color=\u00bbcolor-193339&#8243; overlay_alpha=\u00bb50&#8243; equal_height=\u00bbyes\u00bb gutter_size=\u00bb0&#8243; column_width_percent=\u00bb100&#8243; shift_y=\u00bb0&#8243; z_index=\u00bb0&#8243; el_class=\u00bbinverted-device-order\u00bb uncode_shortcode_id=\u00bb135724&#8243; back_color_type=\u00bbuncode-palette\u00bb][vc_column column_width_use_pixel=\u00bbyes\u00bb gutter_size=\u00bb3&#8243; override_padding=\u00bbyes\u00bb [&hellip;]","og_url":"https:\/\/matris.eu\/es\/sistemas-de-propulsion-electricos-para-automoviles\/","og_site_name":"Matris","article_publisher":"https:\/\/www.facebook.com\/Matrisdoo","article_modified_time":"2025-06-17T16:26:08+00:00","og_image":[{"width":1200,"height":1000,"url":"https:\/\/matris.eu\/wp-content\/uploads\/2024\/02\/matris_seo_image.jpg","type":"image\/jpeg"}],"twitter_card":"summary_large_image","twitter_misc":{"Tiempo de lectura":"4 minutos"},"schema":{"@context":"https:\/\/schema.org","@graph":[{"@type":"WebPage","@id":"https:\/\/matris.eu\/es\/sistemas-de-propulsion-electricos-para-automoviles\/","url":"https:\/\/matris.eu\/es\/sistemas-de-propulsion-electricos-para-automoviles\/","name":"Sistemas de propulsi\u00f3n el\u00e9ctricos para autom\u00f3viles | Matris","isPartOf":{"@id":"https:\/\/matris.eu\/es\/#website"},"datePublished":"2023-12-20T15:23:35+00:00","dateModified":"2025-06-17T16:26:08+00:00","breadcrumb":{"@id":"https:\/\/matris.eu\/es\/sistemas-de-propulsion-electricos-para-automoviles\/#breadcrumb"},"inLanguage":"es","potentialAction":[{"@type":"ReadAction","target":["https:\/\/matris.eu\/es\/sistemas-de-propulsion-electricos-para-automoviles\/"]}]},{"@type":"BreadcrumbList","@id":"https:\/\/matris.eu\/es\/sistemas-de-propulsion-electricos-para-automoviles\/#breadcrumb","itemListElement":[{"@type":"ListItem","position":1,"name":"Home","item":"https:\/\/matris.eu\/es\/"},{"@type":"ListItem","position":2,"name":"Sistemas de propulsi\u00f3n el\u00e9ctricos para autom\u00f3viles"}]},{"@type":"WebSite","@id":"https:\/\/matris.eu\/es\/#website","url":"https:\/\/matris.eu\/es\/","name":"Servisni center Matris","description":"Servis elektro, servo in vretenskih motorjev","publisher":{"@id":"https:\/\/matris.eu\/es\/#organization"},"alternateName":"Matris","potentialAction":[{"@type":"SearchAction","target":{"@type":"EntryPoint","urlTemplate":"https:\/\/matris.eu\/es\/?s={search_term_string}"},"query-input":{"@type":"PropertyValueSpecification","valueRequired":true,"valueName":"search_term_string"}}],"inLanguage":"es"},{"@type":"Organization","@id":"https:\/\/matris.eu\/es\/#organization","name":"Servisni center Matris","alternateName":"Matris","url":"https:\/\/matris.eu\/es\/","logo":{"@type":"ImageObject","inLanguage":"es","@id":"https:\/\/matris.eu\/es\/#\/schema\/logo\/image\/","url":"","contentUrl":"","caption":"Servisni center Matris"},"image":{"@id":"https:\/\/matris.eu\/es\/#\/schema\/logo\/image\/"},"sameAs":["https:\/\/www.facebook.com\/Matrisdoo","https:\/\/www.linkedin.com\/company\/matris_doo\/"]}]}},"_links":{"self":[{"href":"https:\/\/matris.eu\/es\/wp-json\/wp\/v2\/pages\/2938","targetHints":{"allow":["GET"]}}],"collection":[{"href":"https:\/\/matris.eu\/es\/wp-json\/wp\/v2\/pages"}],"about":[{"href":"https:\/\/matris.eu\/es\/wp-json\/wp\/v2\/types\/page"}],"author":[{"embeddable":true,"href":"https:\/\/matris.eu\/es\/wp-json\/wp\/v2\/users\/1"}],"replies":[{"embeddable":true,"href":"https:\/\/matris.eu\/es\/wp-json\/wp\/v2\/comments?post=2938"}],"version-history":[{"count":9,"href":"https:\/\/matris.eu\/es\/wp-json\/wp\/v2\/pages\/2938\/revisions"}],"predecessor-version":[{"id":3000,"href":"https:\/\/matris.eu\/es\/wp-json\/wp\/v2\/pages\/2938\/revisions\/3000"}],"wp:attachment":[{"href":"https:\/\/matris.eu\/es\/wp-json\/wp\/v2\/media?parent=2938"}],"curies":[{"name":"wp","href":"https:\/\/api.w.org\/{rel}","templated":true}]}}