{"id":2834,"date":"2024-07-26T11:12:34","date_gmt":"2024-07-26T09:12:34","guid":{"rendered":"https:\/\/matris.eu\/servicios\/servicio-de-componentes-de-maquinas\/"},"modified":"2025-06-17T18:25:55","modified_gmt":"2025-06-17T16:25:55","slug":"servicio-de-componentes-de-maquinas","status":"publish","type":"page","link":"https:\/\/matris.eu\/es\/servicios\/servicio-de-componentes-de-maquinas\/","title":{"rendered":"Servicio de componentes de m\u00e1quinas"},"content":{"rendered":"<div class=\"wpb-content-wrapper\"><p>[vc_row row_height_percent=\u00bb0&#8243; override_padding=\u00bbyes\u00bb h_padding=\u00bb2&#8243; top_padding=\u00bb0&#8243; bottom_padding=\u00bb2&#8243; overlay_alpha=\u00bb50&#8243; gutter_size=\u00bb4&#8243; column_width_percent=\u00bb100&#8243; shift_y=\u00bb0&#8243; z_index=\u00bb0&#8243; uncode_shortcode_id=\u00bb792719&#8243;][vc_column width=\u00bb1\/2&#8243;][vc_custom_heading uncode_shortcode_id=\u00bb305998&#8243;]Reductores[\/vc_custom_heading][vc_column_text uncode_shortcode_id=\u00bb928874&#8243;]Las cajas de engranajes son componentes mec\u00e1nicos de fabricaci\u00f3n relativamente sencilla, pero con una importante funci\u00f3n de transmisi\u00f3n de potencia. Esta es tambi\u00e9n la principal causa de su desgaste a largo plazo. En Matris, disponemos de toda la maquinaria y los conocimientos necesarios para procesar y reacondicionar cajas de engranajes de diversos tama\u00f1os: gr\u00faas de gran tama\u00f1o, herramientas, centros de mecanizado CNC, rectificadoras y soldadoras l\u00e1ser. Podemos reacondicionar o fabricar cualquier componente.[\/vc_column_text][\/vc_column][vc_column width=\u00bb1\/2&#8243;][vc_custom_heading uncode_shortcode_id=\u00bb171809&#8243;]Bombas de vac\u00edo y otras bombas[\/vc_custom_heading][vc_column_text uncode_shortcode_id=\u00bb555051&#8243;]No somos representantes directos ni proveedores de servicios de bombas de vac\u00edo ni de otras bombas, pero gracias a nuestro conocimiento adquirido en casos pr\u00e1cticos extremadamente exigentes, a menudo somos la mejor opci\u00f3n para resolver los problemas que surgen. No nos basamos en las especificaciones t\u00e9cnicas de los fabricantes; para nosotros es m\u00e1s importante garantizar el funcionamiento del dispositivo a largo plazo, eligiendo tambi\u00e9n componentes de mayor calidad y durabilidad que los que definen los fabricantes. Todo, por supuesto, de acuerdo con las necesidades.[\/vc_column_text][\/vc_column][\/vc_row][vc_row][vc_column width=\u00bb1\/1&#8243;][vc_separator sep_color=\u00bbcolor-uydo\u00bb uncode_shortcode_id=\u00bb979609&#8243; sep_color_type=\u00bbuncode-palette\u00bb][\/vc_column][\/vc_row][vc_row][vc_column column_width_percent=\u00bb100&#8243; gutter_size=\u00bb3&#8243; overlay_alpha=\u00bb50&#8243; shift_x=\u00bb0&#8243; shift_y=\u00bb0&#8243; shift_y_down=\u00bb0&#8243; z_index=\u00bb0&#8243; medium_width=\u00bb0&#8243; mobile_width=\u00bb0&#8243; width=\u00bb1\/2&#8243; uncode_shortcode_id=\u00bb105859&#8243;][vc_row_inner][vc_column_inner column_width_percent=\u00bb100&#8243; gutter_size=\u00bb3&#8243; overlay_alpha=\u00bb50&#8243; shift_x=\u00bb0&#8243; shift_y=\u00bb0&#8243; shift_y_down=\u00bb0&#8243; z_index=\u00bb0&#8243; medium_width=\u00bb0&#8243; mobile_width=\u00bb0&#8243; width=\u00bb1\/1&#8243; uncode_shortcode_id=\u00bb140327&#8243;][vc_custom_heading uncode_shortcode_id=\u00bb510373&#8243;]Fan\u00e1ticos[\/vc_custom_heading][vc_column_text uncode_shortcode_id=\u00bb865305&#8243;]Con los ventiladores, la situaci\u00f3n es similar a la de las bombas. No solo reconstruimos motores, sino tambi\u00e9n transmisiones y, por \u00faltimo, la parte de viento\/ventilaci\u00f3n. Equilibramos ejes y reconstruimos impulsores.[\/vc_column_text][\/vc_column_inner][\/vc_row_inner][vc_row_inner][vc_column_inner column_width_percent=\u00bb100&#8243; gutter_size=\u00bb3&#8243; overlay_alpha=\u00bb50&#8243; shift_x=\u00bb0&#8243; shift_y=\u00bb0&#8243; shift_y_down=\u00bb0&#8243; z_index=\u00bb0&#8243; medium_width=\u00bb0&#8243; mobile_width=\u00bb0&#8243; width=\u00bb1\/1&#8243; uncode_shortcode_id=\u00bb205921&#8243;][vc_custom_heading uncode_shortcode_id=\u00bb135019&#8243;]Vigas[\/vc_custom_heading][vc_column_text uncode_shortcode_id=\u00bb910312&#8243;]Los ejes aparecen en muchos componentes de m\u00e1quinas (motores, ventiladores, bombas, etc.) y podemos decir que somos especialistas en equilibrarlos, reacondicionarlos y fabricarlos nuevos.[\/vc_column_text][\/vc_column_inner][\/vc_row_inner][\/vc_column][vc_column width=\u00bb1\/2&#8243;][vc_custom_heading uncode_shortcode_id=\u00bb111372&#8243;]Frenos[\/vc_custom_heading][vc_column_text uncode_shortcode_id=\u00bb161236&#8243;]El freno motor el\u00e9ctrico suele pasarse por alto, a pesar de su importancia. Dada su funci\u00f3n y funcionamiento, puede causar muchos da\u00f1os colaterales si falla. Mucha gente ni siquiera piensa en si el freno se puede reconstruir o si es rentable hacerlo.[\/vc_column_text][vc_row_inner][vc_column_inner column_width_percent=\u00bb100&#8243; gutter_size=\u00bb3&#8243; style=\u00bbdark\u00bb back_color=\u00bbaccent\u00bb overlay_alpha=\u00bb50&#8243; shift_x=\u00bb0&#8243; shift_y=\u00bb0&#8243; shift_y_down=\u00bb0&#8243; z_index=\u00bb0&#8243; medium_width=\u00bb0&#8243; mobile_width=\u00bb0&#8243; width=\u00bb1\/1&#8243; uncode_shortcode_id=\u00bb425364&#8243; back_color_type=\u00bbuncode-palette\u00bb][vc_column_text uncode_shortcode_id=\u00bb102501&#8243;]La ventaja del reacondicionamiento de frenos en el centro de servicio Matris radica en la mejora mediante el uso de materiales remanufacturados de mayor calidad que lo habitual o lo exigido por el fabricante.[\/vc_column_text][\/vc_column_inner][\/vc_row_inner][\/vc_column][\/vc_row]<\/p>\n<\/div>","protected":false},"excerpt":{"rendered":"<p>Reparaci\u00f3n y renovaci\u00f3n de cajas de cambios, bombas de vac\u00edo, bombas convencionales, ventiladores, ejes, frenos, etc.<\/p>\n","protected":false},"author":3,"featured_media":1534,"parent":2531,"menu_order":3,"comment_status":"closed","ping_status":"closed","template":"","meta":{"footnotes":""},"class_list":["post-2834","page","type-page","status-publish","has-post-thumbnail","hentry"],"yoast_head":"<!-- This site is optimized with the Yoast SEO plugin v27.3 - https:\/\/yoast.com\/product\/yoast-seo-wordpress\/ -->\n<title>Servicio de componentes de m\u00e1quinas | Matris<\/title>\n<meta name=\"robots\" content=\"index, follow, max-snippet:-1, max-image-preview:large, max-video-preview:-1\" \/>\n<link rel=\"canonical\" href=\"https:\/\/matris.eu\/es\/servicios\/servicio-de-componentes-de-maquinas\/\" \/>\n<meta property=\"og:locale\" content=\"es_ES\" \/>\n<meta property=\"og:type\" content=\"article\" \/>\n<meta property=\"og:title\" content=\"Servicio de componentes de m\u00e1quinas | Matris\" \/>\n<meta property=\"og:description\" content=\"Reparaci\u00f3n y renovaci\u00f3n de cajas de cambios, bombas de vac\u00edo, bombas convencionales, ventiladores, ejes, frenos, etc.\" \/>\n<meta property=\"og:url\" content=\"https:\/\/matris.eu\/es\/servicios\/servicio-de-componentes-de-maquinas\/\" \/>\n<meta property=\"og:site_name\" content=\"Matris\" \/>\n<meta property=\"article:publisher\" content=\"https:\/\/www.facebook.com\/Matrisdoo\" \/>\n<meta property=\"article:modified_time\" content=\"2025-06-17T16:25:55+00:00\" \/>\n<meta property=\"og:image\" content=\"https:\/\/matris.eu\/wp-content\/uploads\/2024\/07\/hero_image_servis_strojnih_komponent.jpg\" \/>\n\t<meta property=\"og:image:width\" content=\"2048\" \/>\n\t<meta property=\"og:image:height\" content=\"800\" \/>\n\t<meta property=\"og:image:type\" content=\"image\/jpeg\" \/>\n<meta name=\"twitter:card\" content=\"summary_large_image\" \/>\n<meta name=\"twitter:label1\" content=\"Tiempo de lectura\" \/>\n\t<meta name=\"twitter:data1\" content=\"3 minutos\" \/>\n<script type=\"application\/ld+json\" class=\"yoast-schema-graph\">{\"@context\":\"https:\\\/\\\/schema.org\",\"@graph\":[{\"@type\":\"WebPage\",\"@id\":\"https:\\\/\\\/matris.eu\\\/es\\\/servicios\\\/servicio-de-componentes-de-maquinas\\\/\",\"url\":\"https:\\\/\\\/matris.eu\\\/es\\\/servicios\\\/servicio-de-componentes-de-maquinas\\\/\",\"name\":\"Servicio de componentes de m\u00e1quinas | Matris\",\"isPartOf\":{\"@id\":\"https:\\\/\\\/matris.eu\\\/es\\\/#website\"},\"primaryImageOfPage\":{\"@id\":\"https:\\\/\\\/matris.eu\\\/es\\\/servicios\\\/servicio-de-componentes-de-maquinas\\\/#primaryimage\"},\"image\":{\"@id\":\"https:\\\/\\\/matris.eu\\\/es\\\/servicios\\\/servicio-de-componentes-de-maquinas\\\/#primaryimage\"},\"thumbnailUrl\":\"https:\\\/\\\/matris.eu\\\/wp-content\\\/uploads\\\/2024\\\/07\\\/hero_image_servis_strojnih_komponent.jpg\",\"datePublished\":\"2024-07-26T09:12:34+00:00\",\"dateModified\":\"2025-06-17T16:25:55+00:00\",\"breadcrumb\":{\"@id\":\"https:\\\/\\\/matris.eu\\\/es\\\/servicios\\\/servicio-de-componentes-de-maquinas\\\/#breadcrumb\"},\"inLanguage\":\"es\",\"potentialAction\":[{\"@type\":\"ReadAction\",\"target\":[\"https:\\\/\\\/matris.eu\\\/es\\\/servicios\\\/servicio-de-componentes-de-maquinas\\\/\"]}]},{\"@type\":\"ImageObject\",\"inLanguage\":\"es\",\"@id\":\"https:\\\/\\\/matris.eu\\\/es\\\/servicios\\\/servicio-de-componentes-de-maquinas\\\/#primaryimage\",\"url\":\"https:\\\/\\\/matris.eu\\\/wp-content\\\/uploads\\\/2024\\\/07\\\/hero_image_servis_strojnih_komponent.jpg\",\"contentUrl\":\"https:\\\/\\\/matris.eu\\\/wp-content\\\/uploads\\\/2024\\\/07\\\/hero_image_servis_strojnih_komponent.jpg\",\"width\":2048,\"height\":800,\"caption\":\"Servis strojnih komponent\"},{\"@type\":\"BreadcrumbList\",\"@id\":\"https:\\\/\\\/matris.eu\\\/es\\\/servicios\\\/servicio-de-componentes-de-maquinas\\\/#breadcrumb\",\"itemListElement\":[{\"@type\":\"ListItem\",\"position\":1,\"name\":\"Home\",\"item\":\"https:\\\/\\\/matris.eu\\\/es\\\/\"},{\"@type\":\"ListItem\",\"position\":2,\"name\":\"Servicios\",\"item\":\"https:\\\/\\\/matris.eu\\\/es\\\/servicios\\\/\"},{\"@type\":\"ListItem\",\"position\":3,\"name\":\"Servicio de componentes de m\u00e1quinas\"}]},{\"@type\":\"WebSite\",\"@id\":\"https:\\\/\\\/matris.eu\\\/es\\\/#website\",\"url\":\"https:\\\/\\\/matris.eu\\\/es\\\/\",\"name\":\"Servisni center Matris\",\"description\":\"Servis elektro, servo in vretenskih motorjev\",\"publisher\":{\"@id\":\"https:\\\/\\\/matris.eu\\\/es\\\/#organization\"},\"alternateName\":\"Matris\",\"potentialAction\":[{\"@type\":\"SearchAction\",\"target\":{\"@type\":\"EntryPoint\",\"urlTemplate\":\"https:\\\/\\\/matris.eu\\\/es\\\/?s={search_term_string}\"},\"query-input\":{\"@type\":\"PropertyValueSpecification\",\"valueRequired\":true,\"valueName\":\"search_term_string\"}}],\"inLanguage\":\"es\"},{\"@type\":\"Organization\",\"@id\":\"https:\\\/\\\/matris.eu\\\/es\\\/#organization\",\"name\":\"Servisni center Matris\",\"alternateName\":\"Matris\",\"url\":\"https:\\\/\\\/matris.eu\\\/es\\\/\",\"logo\":{\"@type\":\"ImageObject\",\"inLanguage\":\"es\",\"@id\":\"https:\\\/\\\/matris.eu\\\/es\\\/#\\\/schema\\\/logo\\\/image\\\/\",\"url\":\"\",\"contentUrl\":\"\",\"caption\":\"Servisni center Matris\"},\"image\":{\"@id\":\"https:\\\/\\\/matris.eu\\\/es\\\/#\\\/schema\\\/logo\\\/image\\\/\"},\"sameAs\":[\"https:\\\/\\\/www.facebook.com\\\/Matrisdoo\",\"https:\\\/\\\/www.linkedin.com\\\/company\\\/matris_doo\\\/\"]}]}<\/script>\n<!-- \/ Yoast SEO plugin. -->","yoast_head_json":{"title":"Servicio de componentes de m\u00e1quinas | Matris","robots":{"index":"index","follow":"follow","max-snippet":"max-snippet:-1","max-image-preview":"max-image-preview:large","max-video-preview":"max-video-preview:-1"},"canonical":"https:\/\/matris.eu\/es\/servicios\/servicio-de-componentes-de-maquinas\/","og_locale":"es_ES","og_type":"article","og_title":"Servicio de componentes de m\u00e1quinas | Matris","og_description":"Reparaci\u00f3n y renovaci\u00f3n de cajas de cambios, bombas de vac\u00edo, bombas convencionales, ventiladores, ejes, frenos, etc.","og_url":"https:\/\/matris.eu\/es\/servicios\/servicio-de-componentes-de-maquinas\/","og_site_name":"Matris","article_publisher":"https:\/\/www.facebook.com\/Matrisdoo","article_modified_time":"2025-06-17T16:25:55+00:00","og_image":[{"width":2048,"height":800,"url":"https:\/\/matris.eu\/wp-content\/uploads\/2024\/07\/hero_image_servis_strojnih_komponent.jpg","type":"image\/jpeg"}],"twitter_card":"summary_large_image","twitter_misc":{"Tiempo de lectura":"3 minutos"},"schema":{"@context":"https:\/\/schema.org","@graph":[{"@type":"WebPage","@id":"https:\/\/matris.eu\/es\/servicios\/servicio-de-componentes-de-maquinas\/","url":"https:\/\/matris.eu\/es\/servicios\/servicio-de-componentes-de-maquinas\/","name":"Servicio de componentes de m\u00e1quinas | Matris","isPartOf":{"@id":"https:\/\/matris.eu\/es\/#website"},"primaryImageOfPage":{"@id":"https:\/\/matris.eu\/es\/servicios\/servicio-de-componentes-de-maquinas\/#primaryimage"},"image":{"@id":"https:\/\/matris.eu\/es\/servicios\/servicio-de-componentes-de-maquinas\/#primaryimage"},"thumbnailUrl":"https:\/\/matris.eu\/wp-content\/uploads\/2024\/07\/hero_image_servis_strojnih_komponent.jpg","datePublished":"2024-07-26T09:12:34+00:00","dateModified":"2025-06-17T16:25:55+00:00","breadcrumb":{"@id":"https:\/\/matris.eu\/es\/servicios\/servicio-de-componentes-de-maquinas\/#breadcrumb"},"inLanguage":"es","potentialAction":[{"@type":"ReadAction","target":["https:\/\/matris.eu\/es\/servicios\/servicio-de-componentes-de-maquinas\/"]}]},{"@type":"ImageObject","inLanguage":"es","@id":"https:\/\/matris.eu\/es\/servicios\/servicio-de-componentes-de-maquinas\/#primaryimage","url":"https:\/\/matris.eu\/wp-content\/uploads\/2024\/07\/hero_image_servis_strojnih_komponent.jpg","contentUrl":"https:\/\/matris.eu\/wp-content\/uploads\/2024\/07\/hero_image_servis_strojnih_komponent.jpg","width":2048,"height":800,"caption":"Servis strojnih komponent"},{"@type":"BreadcrumbList","@id":"https:\/\/matris.eu\/es\/servicios\/servicio-de-componentes-de-maquinas\/#breadcrumb","itemListElement":[{"@type":"ListItem","position":1,"name":"Home","item":"https:\/\/matris.eu\/es\/"},{"@type":"ListItem","position":2,"name":"Servicios","item":"https:\/\/matris.eu\/es\/servicios\/"},{"@type":"ListItem","position":3,"name":"Servicio de componentes de m\u00e1quinas"}]},{"@type":"WebSite","@id":"https:\/\/matris.eu\/es\/#website","url":"https:\/\/matris.eu\/es\/","name":"Servisni center Matris","description":"Servis elektro, servo in vretenskih motorjev","publisher":{"@id":"https:\/\/matris.eu\/es\/#organization"},"alternateName":"Matris","potentialAction":[{"@type":"SearchAction","target":{"@type":"EntryPoint","urlTemplate":"https:\/\/matris.eu\/es\/?s={search_term_string}"},"query-input":{"@type":"PropertyValueSpecification","valueRequired":true,"valueName":"search_term_string"}}],"inLanguage":"es"},{"@type":"Organization","@id":"https:\/\/matris.eu\/es\/#organization","name":"Servisni center Matris","alternateName":"Matris","url":"https:\/\/matris.eu\/es\/","logo":{"@type":"ImageObject","inLanguage":"es","@id":"https:\/\/matris.eu\/es\/#\/schema\/logo\/image\/","url":"","contentUrl":"","caption":"Servisni center Matris"},"image":{"@id":"https:\/\/matris.eu\/es\/#\/schema\/logo\/image\/"},"sameAs":["https:\/\/www.facebook.com\/Matrisdoo","https:\/\/www.linkedin.com\/company\/matris_doo\/"]}]}},"_links":{"self":[{"href":"https:\/\/matris.eu\/es\/wp-json\/wp\/v2\/pages\/2834","targetHints":{"allow":["GET"]}}],"collection":[{"href":"https:\/\/matris.eu\/es\/wp-json\/wp\/v2\/pages"}],"about":[{"href":"https:\/\/matris.eu\/es\/wp-json\/wp\/v2\/types\/page"}],"author":[{"embeddable":true,"href":"https:\/\/matris.eu\/es\/wp-json\/wp\/v2\/users\/3"}],"replies":[{"embeddable":true,"href":"https:\/\/matris.eu\/es\/wp-json\/wp\/v2\/comments?post=2834"}],"version-history":[{"count":1,"href":"https:\/\/matris.eu\/es\/wp-json\/wp\/v2\/pages\/2834\/revisions"}],"predecessor-version":[{"id":2836,"href":"https:\/\/matris.eu\/es\/wp-json\/wp\/v2\/pages\/2834\/revisions\/2836"}],"up":[{"embeddable":true,"href":"https:\/\/matris.eu\/es\/wp-json\/wp\/v2\/pages\/2531"}],"wp:featuredmedia":[{"embeddable":true,"href":"https:\/\/matris.eu\/es\/wp-json\/wp\/v2\/media\/1534"}],"wp:attachment":[{"href":"https:\/\/matris.eu\/es\/wp-json\/wp\/v2\/media?parent=2834"}],"curies":[{"name":"wp","href":"https:\/\/api.w.org\/{rel}","templated":true}]}}