{"id":2828,"date":"2024-07-31T16:03:10","date_gmt":"2024-07-31T14:03:10","guid":{"rendered":"https:\/\/matris.eu\/servicios\/servicio-de-tren-motriz-automotriz\/"},"modified":"2026-03-10T10:09:17","modified_gmt":"2026-03-10T09:09:17","slug":"servicio-de-tren-motriz-automotriz","status":"publish","type":"page","link":"https:\/\/matris.eu\/es\/servicios\/servicio-de-tren-motriz-automotriz\/","title":{"rendered":"Rebobinado de grandes unidades de propulsi\u00f3n Tesla (LDU)"},"content":{"rendered":"<div class=\"wpb-content-wrapper\"><p>[vc_row row_height_percent=\u00bb0&#8243; override_padding=\u00bbyes\u00bb h_padding=\u00bb2&#8243; top_padding=\u00bb0&#8243; bottom_padding=\u00bb2&#8243; overlay_alpha=\u00bb50&#8243; gutter_size=\u00bb4&#8243; column_width_percent=\u00bb100&#8243; shift_y=\u00bb0&#8243; z_index=\u00bb0&#8243; uncode_shortcode_id=\u00bb919467&#8243;][vc_column width=\u00bb1\/1&#8243;][vc_column_text uncode_shortcode_id=\u00bb211525&#8243;]Matris no es un taller de servicio de veh\u00edculos el\u00e9ctricos, pero somos especialistas en el rebobinado y servicio de EDU (unidades de propulsi\u00f3n el\u00e9ctrica). En 2024, elevamos nuestro servicio a un nivel superior al est\u00e1ndar. Nos atrevemos a afirmar que las unidades de propulsi\u00f3n renovadas en nuestro centro de servicio son m\u00e1s duraderas, est\u00e1n mejor protegidas y tienen mejores caracter\u00edsticas de funcionamiento que las unidades OEM. Actualizamos y complementamos continuamente nuestra base de conocimientos.   <\/p>\n<p>Aunque no nos limitamos a ninguna marca, actualmente nos centramos en las LDU de Tesla para Tesla Model S (2012\u20132020), Tesla Model X (2016\u20132021) y Mercedes-Benz B250e (tambi\u00e9n conocido como B-Class Electric Drive).[\/vc_column_text][\/vc_column][\/vc_row][vc_row][vc_column width=\u00bb1\/1&#8243;][vc_separator sep_color=\u00bbcolor-uydo\u00bb uncode_shortcode_id=\u00bb979609&#8243; sep_color_type=\u00bbuncode-palette\u00bb][\/vc_column][\/vc_row][vc_row row_height_percent=\u00bb0&#8243; override_padding=\u00bbyes\u00bb h_padding=\u00bb2&#8243; top_padding=\u00bb2&#8243; bottom_padding=\u00bb2&#8243; overlay_alpha=\u00bb50&#8243; gutter_size=\u00bb3&#8243; column_width_percent=\u00bb100&#8243; shift_y=\u00bb0&#8243; z_index=\u00bb0&#8243; uncode_shortcode_id=\u00bb123757&#8243;][vc_column width=\u00bb1\/2&#8243;][vc_custom_heading heading_semantic=\u00bbh3&#8243; text_size=\u00bbh4&#8243; uncode_shortcode_id=\u00bb147303&#8243;]La realidad del mercado de veh\u00edculos el\u00e9ctricos[\/vc_custom_heading][vc_column_text uncode_shortcode_id=\u00bb843875&#8243;]Aunque se pueden encontrar muchos art\u00edculos sobre c\u00f3mo la movilidad el\u00e9ctrica est\u00e1 limitada por la tecnolog\u00eda de fabricaci\u00f3n de bater\u00edas, la autonom\u00eda y la infraestructura de carga, el mayor problema es que los veh\u00edculos que poco a poco salen de la garant\u00eda de f\u00e1brica no tienen el soporte necesario en la red de talleres no autorizados.[\/vc_column_text][vc_custom_heading heading_semantic=\u00bbh3&#8243; text_size=\u00bbh4&#8243; uncode_shortcode_id=\u00bb113455&#8243;]Mejoras en la restauraci\u00f3n del estator LDU de Tesla[\/vc_custom_heading][uncode_list icon=\u00bbfa fa-check\u00bb icon_color=\u00bbaccent\u00bb uncode_shortcode_id=\u00bb111378&#8243; icon_color_type=\u00bbuncode-palette\u00bb]<\/p>\n<ul>\n<li>Aumento de la capacidad en un 3-5 %<\/li>\n<li>Disipaci\u00f3n de calor mejorada mediante el uso de resina epoxi Matris<\/li>\n<li>Reducci\u00f3n de problemas de sobrecalentamiento del estator<\/li>\n<li>Aumento del 3 % en la superficie de los conductores de fase<\/li>\n<li>Durabilidad excepcional a nivel de G\u03a9 (frente a un m\u00ednimo de 4M\u03a9 en OEM), lo que lo hace pr\u00e1cticamente indestructible<\/li>\n<\/ul>\n<p>[\/uncode_list][\/vc_column][vc_column column_width_percent=\u00bb100&#8243; gutter_size=\u00bb3&#8243; override_padding=\u00bbyes\u00bb column_padding=\u00bb3&#8243; back_color=\u00bbcolor-193339&#8243; overlay_alpha=\u00bb50&#8243; shift_x=\u00bb0&#8243; shift_y=\u00bb0&#8243; shift_y_down=\u00bb0&#8243; z_index=\u00bb0&#8243; medium_width=\u00bb0&#8243; mobile_width=\u00bb0&#8243; width=\u00bb1\/2&#8243; uncode_shortcode_id=\u00bb612813&#8243; back_color_type=\u00bbuncode-palette\u00bb][vc_single_image media=\u00bb2940&#8243; media_width_use_pixel=\u00bbyes\u00bb uncode_shortcode_id=\u00bb366294&#8243; media_width_pixel=\u00bb200&#8243;][vc_column_text uncode_shortcode_id=\u00bb316772&#8243;]Estamos <strong>altamente especializados en la renovaci\u00f3n de la parte el\u00e9ctrica<\/strong> de las unidades de propulsi\u00f3n de veh\u00edculos el\u00e9ctricos. Si desea aprovechar nuestra experiencia y servicios, env\u00edenos la parte de propulsi\u00f3n el\u00e9ctrica de la unidad (estator y rotor) a nuestra direcci\u00f3n. Despu\u00e9s de la recepci\u00f3n, desmontaje e inspecci\u00f3n del estado, le enviaremos una oferta de renovaci\u00f3n. Una vez que la confirme, comenzaremos el trabajo. Siempre recibir\u00e1 una garant\u00eda Matris de 1 a\u00f1o por el trabajo realizado. Con un cargo adicional, tambi\u00e9n 2 a\u00f1os.     <\/p>\n<p><em>No somos un taller de reparaci\u00f3n de autom\u00f3viles y no reparamos veh\u00edculos; tampoco desmontamos unidades de propulsi\u00f3n.<\/em>[\/vc_column_text][\/vc_column][\/vc_row]<\/p>\n<\/div>","protected":false},"excerpt":{"rendered":"<p>Estamos altamente especializados en la renovaci\u00f3n de la parte el\u00e9ctrica de las unidades de propulsi\u00f3n de veh\u00edculos el\u00e9ctricos.<\/p>\n","protected":false},"author":3,"featured_media":4408,"parent":2531,"menu_order":5,"comment_status":"closed","ping_status":"closed","template":"","meta":{"footnotes":""},"class_list":["post-2828","page","type-page","status-publish","has-post-thumbnail","hentry"],"yoast_head":"<!-- This site is optimized with the Yoast SEO plugin v27.3 - https:\/\/yoast.com\/product\/yoast-seo-wordpress\/ -->\n<title>Rebobinado de grandes unidades de propulsi\u00f3n Tesla (LDU) | Matris<\/title>\n<meta name=\"description\" content=\"Rebobinado especializado de unidades de propulsi\u00f3n de Tesla Model S, Model X y Mercedes B250e. Protecci\u00f3n superior: m\u00e1s duradero que el OEM.\" \/>\n<meta name=\"robots\" content=\"index, follow, max-snippet:-1, max-image-preview:large, max-video-preview:-1\" \/>\n<link rel=\"canonical\" href=\"https:\/\/matris.eu\/es\/servicios\/servicio-de-tren-motriz-automotriz\/\" \/>\n<meta property=\"og:locale\" content=\"es_ES\" \/>\n<meta property=\"og:type\" content=\"article\" \/>\n<meta property=\"og:title\" content=\"Rebobinado de grandes unidades de propulsi\u00f3n Tesla (LDU) | Matris\" \/>\n<meta property=\"og:description\" content=\"Rebobinado especializado de unidades de propulsi\u00f3n de Tesla Model S, Model X y Mercedes B250e. Protecci\u00f3n superior: m\u00e1s duradero que el OEM.\" \/>\n<meta property=\"og:url\" content=\"https:\/\/matris.eu\/es\/servicios\/servicio-de-tren-motriz-automotriz\/\" \/>\n<meta property=\"og:site_name\" content=\"Matris\" \/>\n<meta property=\"article:publisher\" content=\"https:\/\/www.facebook.com\/Matrisdoo\" \/>\n<meta property=\"article:modified_time\" content=\"2026-03-10T09:09:17+00:00\" \/>\n<meta property=\"og:image\" content=\"https:\/\/matris.eu\/wp-content\/uploads\/2026\/03\/2026-03-04_14h25_33-concentrate-1024x776.png\" \/>\n\t<meta property=\"og:image:width\" content=\"1024\" \/>\n\t<meta property=\"og:image:height\" content=\"776\" \/>\n\t<meta property=\"og:image:type\" content=\"image\/png\" \/>\n<meta name=\"twitter:card\" content=\"summary_large_image\" \/>\n<meta name=\"twitter:label1\" content=\"Tiempo de lectura\" \/>\n\t<meta name=\"twitter:data1\" content=\"3 minutos\" \/>\n<script type=\"application\/ld+json\" class=\"yoast-schema-graph\">{\"@context\":\"https:\\\/\\\/schema.org\",\"@graph\":[{\"@type\":\"WebPage\",\"@id\":\"https:\\\/\\\/matris.eu\\\/es\\\/servicios\\\/servicio-de-tren-motriz-automotriz\\\/\",\"url\":\"https:\\\/\\\/matris.eu\\\/es\\\/servicios\\\/servicio-de-tren-motriz-automotriz\\\/\",\"name\":\"Rebobinado de grandes unidades de propulsi\u00f3n Tesla (LDU) | Matris\",\"isPartOf\":{\"@id\":\"https:\\\/\\\/matris.eu\\\/es\\\/#website\"},\"primaryImageOfPage\":{\"@id\":\"https:\\\/\\\/matris.eu\\\/es\\\/servicios\\\/servicio-de-tren-motriz-automotriz\\\/#primaryimage\"},\"image\":{\"@id\":\"https:\\\/\\\/matris.eu\\\/es\\\/servicios\\\/servicio-de-tren-motriz-automotriz\\\/#primaryimage\"},\"thumbnailUrl\":\"https:\\\/\\\/matris.eu\\\/wp-content\\\/uploads\\\/2026\\\/03\\\/2026-03-04_14h25_33-concentrate.png\",\"datePublished\":\"2024-07-31T14:03:10+00:00\",\"dateModified\":\"2026-03-10T09:09:17+00:00\",\"description\":\"Rebobinado especializado de unidades de propulsi\u00f3n de Tesla Model S, Model X y Mercedes B250e. Protecci\u00f3n superior: m\u00e1s duradero que el OEM.\",\"breadcrumb\":{\"@id\":\"https:\\\/\\\/matris.eu\\\/es\\\/servicios\\\/servicio-de-tren-motriz-automotriz\\\/#breadcrumb\"},\"inLanguage\":\"es\",\"potentialAction\":[{\"@type\":\"ReadAction\",\"target\":[\"https:\\\/\\\/matris.eu\\\/es\\\/servicios\\\/servicio-de-tren-motriz-automotriz\\\/\"]}]},{\"@type\":\"ImageObject\",\"inLanguage\":\"es\",\"@id\":\"https:\\\/\\\/matris.eu\\\/es\\\/servicios\\\/servicio-de-tren-motriz-automotriz\\\/#primaryimage\",\"url\":\"https:\\\/\\\/matris.eu\\\/wp-content\\\/uploads\\\/2026\\\/03\\\/2026-03-04_14h25_33-concentrate.png\",\"contentUrl\":\"https:\\\/\\\/matris.eu\\\/wp-content\\\/uploads\\\/2026\\\/03\\\/2026-03-04_14h25_33-concentrate.png\",\"width\":1279,\"height\":969},{\"@type\":\"BreadcrumbList\",\"@id\":\"https:\\\/\\\/matris.eu\\\/es\\\/servicios\\\/servicio-de-tren-motriz-automotriz\\\/#breadcrumb\",\"itemListElement\":[{\"@type\":\"ListItem\",\"position\":1,\"name\":\"Home\",\"item\":\"https:\\\/\\\/matris.eu\\\/es\\\/\"},{\"@type\":\"ListItem\",\"position\":2,\"name\":\"Servicios\",\"item\":\"https:\\\/\\\/matris.eu\\\/es\\\/servicios\\\/\"},{\"@type\":\"ListItem\",\"position\":3,\"name\":\"Rebobinado de grandes unidades de propulsi\u00f3n Tesla (LDU)\"}]},{\"@type\":\"WebSite\",\"@id\":\"https:\\\/\\\/matris.eu\\\/es\\\/#website\",\"url\":\"https:\\\/\\\/matris.eu\\\/es\\\/\",\"name\":\"Servisni center Matris\",\"description\":\"Servis elektro, servo in vretenskih motorjev\",\"publisher\":{\"@id\":\"https:\\\/\\\/matris.eu\\\/es\\\/#organization\"},\"alternateName\":\"Matris\",\"potentialAction\":[{\"@type\":\"SearchAction\",\"target\":{\"@type\":\"EntryPoint\",\"urlTemplate\":\"https:\\\/\\\/matris.eu\\\/es\\\/?s={search_term_string}\"},\"query-input\":{\"@type\":\"PropertyValueSpecification\",\"valueRequired\":true,\"valueName\":\"search_term_string\"}}],\"inLanguage\":\"es\"},{\"@type\":\"Organization\",\"@id\":\"https:\\\/\\\/matris.eu\\\/es\\\/#organization\",\"name\":\"Servisni center Matris\",\"alternateName\":\"Matris\",\"url\":\"https:\\\/\\\/matris.eu\\\/es\\\/\",\"logo\":{\"@type\":\"ImageObject\",\"inLanguage\":\"es\",\"@id\":\"https:\\\/\\\/matris.eu\\\/es\\\/#\\\/schema\\\/logo\\\/image\\\/\",\"url\":\"\",\"contentUrl\":\"\",\"caption\":\"Servisni center Matris\"},\"image\":{\"@id\":\"https:\\\/\\\/matris.eu\\\/es\\\/#\\\/schema\\\/logo\\\/image\\\/\"},\"sameAs\":[\"https:\\\/\\\/www.facebook.com\\\/Matrisdoo\",\"https:\\\/\\\/www.linkedin.com\\\/company\\\/matris_doo\\\/\"]}]}<\/script>\n<!-- \/ Yoast SEO plugin. -->","yoast_head_json":{"title":"Rebobinado de grandes unidades de propulsi\u00f3n Tesla (LDU) | Matris","description":"Rebobinado especializado de unidades de propulsi\u00f3n de Tesla Model S, Model X y Mercedes B250e. Protecci\u00f3n superior: m\u00e1s duradero que el OEM.","robots":{"index":"index","follow":"follow","max-snippet":"max-snippet:-1","max-image-preview":"max-image-preview:large","max-video-preview":"max-video-preview:-1"},"canonical":"https:\/\/matris.eu\/es\/servicios\/servicio-de-tren-motriz-automotriz\/","og_locale":"es_ES","og_type":"article","og_title":"Rebobinado de grandes unidades de propulsi\u00f3n Tesla (LDU) | Matris","og_description":"Rebobinado especializado de unidades de propulsi\u00f3n de Tesla Model S, Model X y Mercedes B250e. Protecci\u00f3n superior: m\u00e1s duradero que el OEM.","og_url":"https:\/\/matris.eu\/es\/servicios\/servicio-de-tren-motriz-automotriz\/","og_site_name":"Matris","article_publisher":"https:\/\/www.facebook.com\/Matrisdoo","article_modified_time":"2026-03-10T09:09:17+00:00","og_image":[{"width":1024,"height":776,"url":"https:\/\/matris.eu\/wp-content\/uploads\/2026\/03\/2026-03-04_14h25_33-concentrate-1024x776.png","type":"image\/png"}],"twitter_card":"summary_large_image","twitter_misc":{"Tiempo de lectura":"3 minutos"},"schema":{"@context":"https:\/\/schema.org","@graph":[{"@type":"WebPage","@id":"https:\/\/matris.eu\/es\/servicios\/servicio-de-tren-motriz-automotriz\/","url":"https:\/\/matris.eu\/es\/servicios\/servicio-de-tren-motriz-automotriz\/","name":"Rebobinado de grandes unidades de propulsi\u00f3n Tesla (LDU) | Matris","isPartOf":{"@id":"https:\/\/matris.eu\/es\/#website"},"primaryImageOfPage":{"@id":"https:\/\/matris.eu\/es\/servicios\/servicio-de-tren-motriz-automotriz\/#primaryimage"},"image":{"@id":"https:\/\/matris.eu\/es\/servicios\/servicio-de-tren-motriz-automotriz\/#primaryimage"},"thumbnailUrl":"https:\/\/matris.eu\/wp-content\/uploads\/2026\/03\/2026-03-04_14h25_33-concentrate.png","datePublished":"2024-07-31T14:03:10+00:00","dateModified":"2026-03-10T09:09:17+00:00","description":"Rebobinado especializado de unidades de propulsi\u00f3n de Tesla Model S, Model X y Mercedes B250e. Protecci\u00f3n superior: m\u00e1s duradero que el OEM.","breadcrumb":{"@id":"https:\/\/matris.eu\/es\/servicios\/servicio-de-tren-motriz-automotriz\/#breadcrumb"},"inLanguage":"es","potentialAction":[{"@type":"ReadAction","target":["https:\/\/matris.eu\/es\/servicios\/servicio-de-tren-motriz-automotriz\/"]}]},{"@type":"ImageObject","inLanguage":"es","@id":"https:\/\/matris.eu\/es\/servicios\/servicio-de-tren-motriz-automotriz\/#primaryimage","url":"https:\/\/matris.eu\/wp-content\/uploads\/2026\/03\/2026-03-04_14h25_33-concentrate.png","contentUrl":"https:\/\/matris.eu\/wp-content\/uploads\/2026\/03\/2026-03-04_14h25_33-concentrate.png","width":1279,"height":969},{"@type":"BreadcrumbList","@id":"https:\/\/matris.eu\/es\/servicios\/servicio-de-tren-motriz-automotriz\/#breadcrumb","itemListElement":[{"@type":"ListItem","position":1,"name":"Home","item":"https:\/\/matris.eu\/es\/"},{"@type":"ListItem","position":2,"name":"Servicios","item":"https:\/\/matris.eu\/es\/servicios\/"},{"@type":"ListItem","position":3,"name":"Rebobinado de grandes unidades de propulsi\u00f3n Tesla (LDU)"}]},{"@type":"WebSite","@id":"https:\/\/matris.eu\/es\/#website","url":"https:\/\/matris.eu\/es\/","name":"Servisni center Matris","description":"Servis elektro, servo in vretenskih motorjev","publisher":{"@id":"https:\/\/matris.eu\/es\/#organization"},"alternateName":"Matris","potentialAction":[{"@type":"SearchAction","target":{"@type":"EntryPoint","urlTemplate":"https:\/\/matris.eu\/es\/?s={search_term_string}"},"query-input":{"@type":"PropertyValueSpecification","valueRequired":true,"valueName":"search_term_string"}}],"inLanguage":"es"},{"@type":"Organization","@id":"https:\/\/matris.eu\/es\/#organization","name":"Servisni center Matris","alternateName":"Matris","url":"https:\/\/matris.eu\/es\/","logo":{"@type":"ImageObject","inLanguage":"es","@id":"https:\/\/matris.eu\/es\/#\/schema\/logo\/image\/","url":"","contentUrl":"","caption":"Servisni center Matris"},"image":{"@id":"https:\/\/matris.eu\/es\/#\/schema\/logo\/image\/"},"sameAs":["https:\/\/www.facebook.com\/Matrisdoo","https:\/\/www.linkedin.com\/company\/matris_doo\/"]}]}},"_links":{"self":[{"href":"https:\/\/matris.eu\/es\/wp-json\/wp\/v2\/pages\/2828","targetHints":{"allow":["GET"]}}],"collection":[{"href":"https:\/\/matris.eu\/es\/wp-json\/wp\/v2\/pages"}],"about":[{"href":"https:\/\/matris.eu\/es\/wp-json\/wp\/v2\/types\/page"}],"author":[{"embeddable":true,"href":"https:\/\/matris.eu\/es\/wp-json\/wp\/v2\/users\/3"}],"replies":[{"embeddable":true,"href":"https:\/\/matris.eu\/es\/wp-json\/wp\/v2\/comments?post=2828"}],"version-history":[{"count":7,"href":"https:\/\/matris.eu\/es\/wp-json\/wp\/v2\/pages\/2828\/revisions"}],"predecessor-version":[{"id":4475,"href":"https:\/\/matris.eu\/es\/wp-json\/wp\/v2\/pages\/2828\/revisions\/4475"}],"up":[{"embeddable":true,"href":"https:\/\/matris.eu\/es\/wp-json\/wp\/v2\/pages\/2531"}],"wp:featuredmedia":[{"embeddable":true,"href":"https:\/\/matris.eu\/es\/wp-json\/wp\/v2\/media\/4408"}],"wp:attachment":[{"href":"https:\/\/matris.eu\/es\/wp-json\/wp\/v2\/media?parent=2828"}],"curies":[{"name":"wp","href":"https:\/\/api.w.org\/{rel}","templated":true}]}}