{"id":3690,"date":"2023-12-18T14:11:46","date_gmt":"2023-12-18T13:11:46","guid":{"rendered":"https:\/\/matris.eu\/cookie-hinweis\/"},"modified":"2025-06-23T14:59:23","modified_gmt":"2025-06-23T12:59:23","slug":"cookie-hinweis","status":"publish","type":"page","link":"https:\/\/matris.eu\/de\/cookie-hinweis\/","title":{"rendered":"Cookie-Hinweis"},"content":{"rendered":"<div class=\"wpb-content-wrapper\"><p>[vc_row row_height_percent=&#8220;0&#8243; override_padding=&#8220;yes&#8220; h_padding=&#8220;2&#8243; top_padding=&#8220;3&#8243; bottom_padding=&#8220;3&#8243; back_color=&#8220;color-193339&#8243; overlay_alpha=&#8220;50&#8243; gutter_size=&#8220;3&#8243; column_width_use_pixel=&#8220;yes&#8220; shift_y=&#8220;0&#8243; z_index=&#8220;0&#8243; uncode_shortcode_id=&#8220;112108&#8243; back_color_type=&#8220;uncode-palette&#8220; shape_dividers=&#8220;&#8220;][vc_column column_width_percent=&#8220;100&#8243; align_horizontal=&#8220;align_center&#8220; gutter_size=&#8220;3&#8243; overlay_alpha=&#8220;50&#8243; shift_x=&#8220;0&#8243; shift_y=&#8220;0&#8243; shift_y_down=&#8220;0&#8243; z_index=&#8220;0&#8243; medium_width=&#8220;0&#8243; mobile_width=&#8220;0&#8243; width=&#8220;1\/1&#8243; uncode_shortcode_id=&#8220;110546&#8243;][vc_custom_heading heading_semantic=&#8220;h1&#8243; text_size=&#8220;h1&#8243; separator=&#8220;under&#8220; separator_color=&#8220;yes&#8220; sub_lead=&#8220;yes&#8220; sub_reduced=&#8220;yes&#8220; uncode_shortcode_id=&#8220;179961&#8243; subheading=&#8220;Cookies sind einfache Textdateien, die manche Websites \u00fcber Ihren Browser auf Ihrem Computer ablegen und bestimmte nicht personenbezogene Daten speichern. Dadurch kann die Website Sie bei Ihrem n\u00e4chsten Besuch wiedererkennen. &#8222;]Cookie-Hinweis[\/vc_custom_heading][\/vc_column][\/vc_row][vc_row row_height_percent=&#8220;0&#8243; override_padding=&#8220;yes&#8220; h_padding=&#8220;2&#8243; top_padding=&#8220;3&#8243; bottom_padding=&#8220;3&#8243; overlay_alpha=&#8220;50&#8243; gutter_size=&#8220;3&#8243; column_width_percent=&#8220;100&#8243; shift_y=&#8220;0&#8243; z_index=&#8220;0&#8243; uncode_shortcode_id=&#8220;315395&#8243; shape_dividers=&#8220;&#8220;][vc_column column_width_percent=&#8220;100&#8243; gutter_size=&#8220;3&#8243; overlay_alpha=&#8220;50&#8243; shift_x=&#8220;0&#8243; shift_y=&#8220;0&#8243; shift_y_down=&#8220;0&#8243; z_index=&#8220;0&#8243; medium_width=&#8220;0&#8243; mobile_width=&#8220;0&#8243; width=&#8220;1\/1&#8243; uncode_shortcode_id=&#8220;737043&#8243;][vc_column_text uncode_shortcode_id=&#8220;133944&#8243;]<\/p>\n<h3>Cookies auf www.matris.eu<\/h3>\n<p>Die Website www.matris.eu verwendet die folgenden Cookies.[\/vc_column_text][vc_separator sep_color=&#8220;color-uydo&#8220; uncode_shortcode_id=&#8220;544133&#8243; sep_color_type=&#8220;uncode-palette&#8220;][vc_row_inner row_inner_height_percent=&#8220;0&#8243; overlay_alpha=&#8220;50&#8243; gutter_size=&#8220;3&#8243; border_color=&#8220;color-193339&#8243; border_style=&#8220;solid&#8220; shift_y=&#8220;0&#8243; z_index=&#8220;0&#8243; uncode_shortcode_id=&#8220;137539&#8243; border_color_type=&#8220;uncode-palette&#8220;][vc_column_inner column_width_percent=&#8220;100&#8243; gutter_size=&#8220;3&#8243; overlay_alpha=&#8220;50&#8243; border_color=&#8220;color-193339&#8243; border_style=&#8220;solid&#8220; shift_x=&#8220;0&#8243; shift_y=&#8220;0&#8243; shift_y_down=&#8220;0&#8243; z_index=&#8220;0&#8243; medium_width=&#8220;0&#8243; mobile_width=&#8220;0&#8243; width=&#8220;1\/4&#8243; uncode_shortcode_id=&#8220;132771&#8243; border_color_type=&#8220;uncode-palette&#8220;][vc_column_text uncode_shortcode_id=&#8220;253192&#8243;]<strong>_Es<\/strong><br \/>\n <strong>_gat_gtag<\/strong><br \/>\n <strong>_gid<\/strong>[\/vc_column_text][\/vc_column_inner][vc_column_inner column_width_percent=&#8220;100&#8243; gutter_size=&#8220;3&#8243; overlay_alpha=&#8220;50&#8243; border_color=&#8220;color-193339&#8243; border_style=&#8220;solid&#8220; shift_x=&#8220;0&#8243; shift_y=&#8220;0&#8243; shift_y_down=&#8220;0&#8243; z_index=&#8220;0&#8243; medium_width=&#8220;0&#8243; mobile_width=&#8220;0&#8243; width=&#8220;3\/4&#8243; uncode_shortcode_id=&#8220;776423&#8243; border_color_type=&#8220;uncode-palette&#8220;][vc_column_text uncode_shortcode_id=&#8220;204995&#8243;]Diese Cookies werden von Google Analytics gesetzt, um den Besuch der Website aufzuzeichnen (Details). Manche bleiben bis zum Ende der Sitzung bestehen, manche l\u00e4nger. Sie sind nicht obligatorisch und enthalten keine personenbezogenen Daten. Die IP-Adresserkennung ist deaktiviert.[\/vc_column_text][\/vc_column_inner][\/vc_row_inner][vc_separator sep_color=&#8220;color-uydo&#8220; uncode_shortcode_id=&#8220;544133&#8243; sep_color_type=&#8220;uncode-palette&#8220;][vc_row_inner row_inner_height_percent=&#8220;0&#8243; overlay_alpha=&#8220;50&#8243; gutter_size=&#8220;3&#8243; border_color=&#8220;color-193339&#8243; border_style=&#8220;solid&#8220; shift_y=&#8220;0&#8243; z_index=&#8220;0&#8243; uncode_shortcode_id=&#8220;210274&#8243; border_color_type=&#8220;uncode-palette&#8220;][vc_column_inner width=&#8220;1\/4&#8243;][vc_column_text uncode_shortcode_id=&#8220;278532&#8243;]<strong>angesehene Cookie-Richtlinie<\/strong>[\/vc_column_text][\/vc_column_inner][vc_column_inner width=&#8220;3\/4&#8243;][vc_column_text uncode_shortcode_id=&#8220;116964&#8243;]Ein Cookie, das Ihre Best\u00e4tigung speichert, dass Sie die Verwendung von Cookies akzeptieren. Es ist 1 Jahr lang g\u00fcltig und sorgt daf\u00fcr, dass der Cookie-Hinweis w\u00e4hrend dieser Zeit nicht mehr angezeigt wird.[\/vc_column_text][\/vc_column_inner][\/vc_row_inner][vc_separator sep_color=&#8220;color-uydo&#8220; uncode_shortcode_id=&#8220;544133&#8243; sep_color_type=&#8220;uncode-palette&#8220;][vc_column_text uncode_shortcode_id=&#8220;128306&#8243;]Weitere Informationen zum Schutz personenbezogener Daten finden Sie in <a href=\"https:\/\/matris.eu\/de\/datenschutzrichtlinie\/\">der Datenschutzrichtlinie<\/a> . Bei Problemen oder Fragen kontaktieren Sie uns bitte unter <a href=\"mailto:info@matris.eu\">info@matris.eu<\/a>.[\/vc_column_text][vc_column_text uncode_shortcode_id=&#8220;115002&#8243;]<\/p>\n<h3>Cookie-Einstellungen in Ihrem Browser<\/h3>\n<p>Browser erlauben Cookies standardm\u00e4\u00dfig. Um Cookies zu l\u00f6schen oder Ihre Browsereinstellungen entsprechend zu \u00e4ndern, folgen Sie den unten stehenden Anweisungen f\u00fcr die g\u00e4ngigsten Browser. <\/p>\n<ul>\n<li><a href=\"https:\/\/support.microsoft.com\/sl-si\/windows\/brisanje-in-upravljanje-pi%C5%A1kotkov-168dab11-0753-043d-7c16-ede5947fc64d\">Internet Explorer<\/a><\/li>\n<li><a href=\"https:\/\/support.mozilla.org\/sl\/kb\/izboljsana-zascita-pred-sledenjem?redirectslug=kako-omogocite-onemogocite-piskotke&amp;redirectlocale=sl\">Feuerfuchs<\/a><\/li>\n<li><a href=\"https:\/\/support.google.com\/chrome\/answer\/95647?hl=sl\">Chrom<\/a><\/li>\n<li><a href=\"https:\/\/help.opera.com\/en\/latest\/web-preferences\/\">Oper<\/a><\/li>\n<li><a href=\"https:\/\/support.apple.com\/sl-si\/guide\/safari\/sfri11471\/mac\">Safari<\/a><\/li>\n<\/ul>\n<p>Sobald Sie Ihren Browser so eingestellt haben, dass er Cookies akzeptiert und ablehnt, folgt die Website Ihren Pr\u00e4ferenzen. Sie k\u00f6nnen vorhandene Cookies \u00fcber Ihren Browser l\u00f6schen.[\/vc_column_text][vc_separator sep_color=&#8220;color-uydo&#8220; uncode_shortcode_id=&#8220;119772&#8243; sep_color_type=&#8220;uncode-palette&#8220;][vc_column_text uncode_shortcode_id=&#8220;177960&#8243;]Die Website wird verwaltet von: Matris d.o.o., Jelen\u010deva ulica 1, SI-4000 Kranj.[\/vc_column_text][\/vc_column][\/vc_row]<\/p>\n<\/div>","protected":false},"excerpt":{"rendered":"<p>[vc_row row_height_percent=&#8220;0&#8243; override_padding=&#8220;yes&#8220; h_padding=&#8220;2&#8243; top_padding=&#8220;3&#8243; bottom_padding=&#8220;3&#8243; back_color=&#8220;color-193339&#8243; overlay_alpha=&#8220;50&#8243; gutter_size=&#8220;3&#8243; column_width_use_pixel=&#8220;yes&#8220; shift_y=&#8220;0&#8243; z_index=&#8220;0&#8243; uncode_shortcode_id=&#8220;112108&#8243; back_color_type=&#8220;uncode-palette&#8220; shape_dividers=&#8220;&#8220;][vc_column column_width_percent=&#8220;100&#8243; align_horizontal=&#8220;align_center&#8220; gutter_size=&#8220;3&#8243; overlay_alpha=&#8220;50&#8243; shift_x=&#8220;0&#8243; [&hellip;]<\/p>\n","protected":false},"author":1,"featured_media":79,"parent":0,"menu_order":21,"comment_status":"closed","ping_status":"closed","template":"","meta":{"footnotes":""},"class_list":["post-3690","page","type-page","status-publish","has-post-thumbnail","hentry"],"yoast_head":"<!-- This site is optimized with the Yoast SEO plugin v27.3 - https:\/\/yoast.com\/product\/yoast-seo-wordpress\/ -->\n<title>Cookie-Hinweis | Matris<\/title>\n<meta name=\"robots\" content=\"index, follow, max-snippet:-1, max-image-preview:large, max-video-preview:-1\" \/>\n<link rel=\"canonical\" href=\"https:\/\/matris.eu\/de\/cookie-hinweis\/\" \/>\n<meta property=\"og:locale\" content=\"de_DE\" \/>\n<meta property=\"og:type\" content=\"article\" \/>\n<meta property=\"og:title\" content=\"Cookie-Hinweis | Matris\" \/>\n<meta property=\"og:description\" content=\"[vc_row row_height_percent=&#8220;0&#8243; override_padding=&#8220;yes&#8220; h_padding=&#8220;2&#8243; top_padding=&#8220;3&#8243; bottom_padding=&#8220;3&#8243; back_color=&#8220;color-193339&#8243; overlay_alpha=&#8220;50&#8243; gutter_size=&#8220;3&#8243; column_width_use_pixel=&#8220;yes&#8220; shift_y=&#8220;0&#8243; z_index=&#8220;0&#8243; uncode_shortcode_id=&#8220;112108&#8243; back_color_type=&#8220;uncode-palette&#8220; shape_dividers=&#8220;&#8220;][vc_column column_width_percent=&#8220;100&#8243; align_horizontal=&#8220;align_center&#8220; gutter_size=&#8220;3&#8243; overlay_alpha=&#8220;50&#8243; shift_x=&#8220;0&#8243; [&hellip;]\" \/>\n<meta property=\"og:url\" content=\"https:\/\/matris.eu\/de\/cookie-hinweis\/\" \/>\n<meta property=\"og:site_name\" content=\"Matris\" \/>\n<meta property=\"article:publisher\" content=\"https:\/\/www.facebook.com\/Matrisdoo\" \/>\n<meta property=\"article:modified_time\" content=\"2025-06-23T12:59:23+00:00\" \/>\n<meta property=\"og:image\" content=\"https:\/\/matris.eu\/wp-content\/uploads\/2023\/09\/matris_naslovna_slika_1500x1000px_2.jpg\" \/>\n\t<meta property=\"og:image:width\" content=\"1500\" \/>\n\t<meta property=\"og:image:height\" content=\"1000\" \/>\n\t<meta property=\"og:image:type\" content=\"image\/jpeg\" \/>\n<meta name=\"twitter:card\" content=\"summary_large_image\" \/>\n<meta name=\"twitter:label1\" content=\"Gesch\u00e4tzte Lesezeit\" \/>\n\t<meta name=\"twitter:data1\" content=\"3\u00a0Minuten\" \/>\n<script type=\"application\/ld+json\" class=\"yoast-schema-graph\">{\"@context\":\"https:\\\/\\\/schema.org\",\"@graph\":[{\"@type\":\"WebPage\",\"@id\":\"https:\\\/\\\/matris.eu\\\/de\\\/cookie-hinweis\\\/\",\"url\":\"https:\\\/\\\/matris.eu\\\/de\\\/cookie-hinweis\\\/\",\"name\":\"Cookie-Hinweis | Matris\",\"isPartOf\":{\"@id\":\"https:\\\/\\\/matris.eu\\\/de\\\/#website\"},\"primaryImageOfPage\":{\"@id\":\"https:\\\/\\\/matris.eu\\\/de\\\/cookie-hinweis\\\/#primaryimage\"},\"image\":{\"@id\":\"https:\\\/\\\/matris.eu\\\/de\\\/cookie-hinweis\\\/#primaryimage\"},\"thumbnailUrl\":\"https:\\\/\\\/matris.eu\\\/wp-content\\\/uploads\\\/2023\\\/09\\\/matris_naslovna_slika_1500x1000px_2.jpg\",\"datePublished\":\"2023-12-18T13:11:46+00:00\",\"dateModified\":\"2025-06-23T12:59:23+00:00\",\"breadcrumb\":{\"@id\":\"https:\\\/\\\/matris.eu\\\/de\\\/cookie-hinweis\\\/#breadcrumb\"},\"inLanguage\":\"de\",\"potentialAction\":[{\"@type\":\"ReadAction\",\"target\":[\"https:\\\/\\\/matris.eu\\\/de\\\/cookie-hinweis\\\/\"]}]},{\"@type\":\"ImageObject\",\"inLanguage\":\"de\",\"@id\":\"https:\\\/\\\/matris.eu\\\/de\\\/cookie-hinweis\\\/#primaryimage\",\"url\":\"https:\\\/\\\/matris.eu\\\/wp-content\\\/uploads\\\/2023\\\/09\\\/matris_naslovna_slika_1500x1000px_2.jpg\",\"contentUrl\":\"https:\\\/\\\/matris.eu\\\/wp-content\\\/uploads\\\/2023\\\/09\\\/matris_naslovna_slika_1500x1000px_2.jpg\",\"width\":1500,\"height\":1000},{\"@type\":\"BreadcrumbList\",\"@id\":\"https:\\\/\\\/matris.eu\\\/de\\\/cookie-hinweis\\\/#breadcrumb\",\"itemListElement\":[{\"@type\":\"ListItem\",\"position\":1,\"name\":\"Home\",\"item\":\"https:\\\/\\\/matris.eu\\\/de\\\/\"},{\"@type\":\"ListItem\",\"position\":2,\"name\":\"Cookie-Hinweis\"}]},{\"@type\":\"WebSite\",\"@id\":\"https:\\\/\\\/matris.eu\\\/de\\\/#website\",\"url\":\"https:\\\/\\\/matris.eu\\\/de\\\/\",\"name\":\"Servisni center Matris\",\"description\":\"Servis elektro, servo in vretenskih motorjev\",\"publisher\":{\"@id\":\"https:\\\/\\\/matris.eu\\\/de\\\/#organization\"},\"alternateName\":\"Matris\",\"potentialAction\":[{\"@type\":\"SearchAction\",\"target\":{\"@type\":\"EntryPoint\",\"urlTemplate\":\"https:\\\/\\\/matris.eu\\\/de\\\/?s={search_term_string}\"},\"query-input\":{\"@type\":\"PropertyValueSpecification\",\"valueRequired\":true,\"valueName\":\"search_term_string\"}}],\"inLanguage\":\"de\"},{\"@type\":\"Organization\",\"@id\":\"https:\\\/\\\/matris.eu\\\/de\\\/#organization\",\"name\":\"Servisni center Matris\",\"alternateName\":\"Matris\",\"url\":\"https:\\\/\\\/matris.eu\\\/de\\\/\",\"logo\":{\"@type\":\"ImageObject\",\"inLanguage\":\"de\",\"@id\":\"https:\\\/\\\/matris.eu\\\/de\\\/#\\\/schema\\\/logo\\\/image\\\/\",\"url\":\"\",\"contentUrl\":\"\",\"caption\":\"Servisni center Matris\"},\"image\":{\"@id\":\"https:\\\/\\\/matris.eu\\\/de\\\/#\\\/schema\\\/logo\\\/image\\\/\"},\"sameAs\":[\"https:\\\/\\\/www.facebook.com\\\/Matrisdoo\",\"https:\\\/\\\/www.linkedin.com\\\/company\\\/matris_doo\\\/\"]}]}<\/script>\n<!-- \/ Yoast SEO plugin. -->","yoast_head_json":{"title":"Cookie-Hinweis | Matris","robots":{"index":"index","follow":"follow","max-snippet":"max-snippet:-1","max-image-preview":"max-image-preview:large","max-video-preview":"max-video-preview:-1"},"canonical":"https:\/\/matris.eu\/de\/cookie-hinweis\/","og_locale":"de_DE","og_type":"article","og_title":"Cookie-Hinweis | Matris","og_description":"[vc_row row_height_percent=&#8220;0&#8243; override_padding=&#8220;yes&#8220; h_padding=&#8220;2&#8243; top_padding=&#8220;3&#8243; bottom_padding=&#8220;3&#8243; back_color=&#8220;color-193339&#8243; overlay_alpha=&#8220;50&#8243; gutter_size=&#8220;3&#8243; column_width_use_pixel=&#8220;yes&#8220; shift_y=&#8220;0&#8243; z_index=&#8220;0&#8243; uncode_shortcode_id=&#8220;112108&#8243; back_color_type=&#8220;uncode-palette&#8220; shape_dividers=&#8220;&#8220;][vc_column column_width_percent=&#8220;100&#8243; align_horizontal=&#8220;align_center&#8220; gutter_size=&#8220;3&#8243; overlay_alpha=&#8220;50&#8243; shift_x=&#8220;0&#8243; [&hellip;]","og_url":"https:\/\/matris.eu\/de\/cookie-hinweis\/","og_site_name":"Matris","article_publisher":"https:\/\/www.facebook.com\/Matrisdoo","article_modified_time":"2025-06-23T12:59:23+00:00","og_image":[{"width":1500,"height":1000,"url":"https:\/\/matris.eu\/wp-content\/uploads\/2023\/09\/matris_naslovna_slika_1500x1000px_2.jpg","type":"image\/jpeg"}],"twitter_card":"summary_large_image","twitter_misc":{"Gesch\u00e4tzte Lesezeit":"3\u00a0Minuten"},"schema":{"@context":"https:\/\/schema.org","@graph":[{"@type":"WebPage","@id":"https:\/\/matris.eu\/de\/cookie-hinweis\/","url":"https:\/\/matris.eu\/de\/cookie-hinweis\/","name":"Cookie-Hinweis | Matris","isPartOf":{"@id":"https:\/\/matris.eu\/de\/#website"},"primaryImageOfPage":{"@id":"https:\/\/matris.eu\/de\/cookie-hinweis\/#primaryimage"},"image":{"@id":"https:\/\/matris.eu\/de\/cookie-hinweis\/#primaryimage"},"thumbnailUrl":"https:\/\/matris.eu\/wp-content\/uploads\/2023\/09\/matris_naslovna_slika_1500x1000px_2.jpg","datePublished":"2023-12-18T13:11:46+00:00","dateModified":"2025-06-23T12:59:23+00:00","breadcrumb":{"@id":"https:\/\/matris.eu\/de\/cookie-hinweis\/#breadcrumb"},"inLanguage":"de","potentialAction":[{"@type":"ReadAction","target":["https:\/\/matris.eu\/de\/cookie-hinweis\/"]}]},{"@type":"ImageObject","inLanguage":"de","@id":"https:\/\/matris.eu\/de\/cookie-hinweis\/#primaryimage","url":"https:\/\/matris.eu\/wp-content\/uploads\/2023\/09\/matris_naslovna_slika_1500x1000px_2.jpg","contentUrl":"https:\/\/matris.eu\/wp-content\/uploads\/2023\/09\/matris_naslovna_slika_1500x1000px_2.jpg","width":1500,"height":1000},{"@type":"BreadcrumbList","@id":"https:\/\/matris.eu\/de\/cookie-hinweis\/#breadcrumb","itemListElement":[{"@type":"ListItem","position":1,"name":"Home","item":"https:\/\/matris.eu\/de\/"},{"@type":"ListItem","position":2,"name":"Cookie-Hinweis"}]},{"@type":"WebSite","@id":"https:\/\/matris.eu\/de\/#website","url":"https:\/\/matris.eu\/de\/","name":"Servisni center Matris","description":"Servis elektro, servo in vretenskih motorjev","publisher":{"@id":"https:\/\/matris.eu\/de\/#organization"},"alternateName":"Matris","potentialAction":[{"@type":"SearchAction","target":{"@type":"EntryPoint","urlTemplate":"https:\/\/matris.eu\/de\/?s={search_term_string}"},"query-input":{"@type":"PropertyValueSpecification","valueRequired":true,"valueName":"search_term_string"}}],"inLanguage":"de"},{"@type":"Organization","@id":"https:\/\/matris.eu\/de\/#organization","name":"Servisni center Matris","alternateName":"Matris","url":"https:\/\/matris.eu\/de\/","logo":{"@type":"ImageObject","inLanguage":"de","@id":"https:\/\/matris.eu\/de\/#\/schema\/logo\/image\/","url":"","contentUrl":"","caption":"Servisni center Matris"},"image":{"@id":"https:\/\/matris.eu\/de\/#\/schema\/logo\/image\/"},"sameAs":["https:\/\/www.facebook.com\/Matrisdoo","https:\/\/www.linkedin.com\/company\/matris_doo\/"]}]}},"_links":{"self":[{"href":"https:\/\/matris.eu\/de\/wp-json\/wp\/v2\/pages\/3690","targetHints":{"allow":["GET"]}}],"collection":[{"href":"https:\/\/matris.eu\/de\/wp-json\/wp\/v2\/pages"}],"about":[{"href":"https:\/\/matris.eu\/de\/wp-json\/wp\/v2\/types\/page"}],"author":[{"embeddable":true,"href":"https:\/\/matris.eu\/de\/wp-json\/wp\/v2\/users\/1"}],"replies":[{"embeddable":true,"href":"https:\/\/matris.eu\/de\/wp-json\/wp\/v2\/comments?post=3690"}],"version-history":[{"count":7,"href":"https:\/\/matris.eu\/de\/wp-json\/wp\/v2\/pages\/3690\/revisions"}],"predecessor-version":[{"id":3955,"href":"https:\/\/matris.eu\/de\/wp-json\/wp\/v2\/pages\/3690\/revisions\/3955"}],"wp:featuredmedia":[{"embeddable":true,"href":"https:\/\/matris.eu\/de\/wp-json\/wp\/v2\/media\/79"}],"wp:attachment":[{"href":"https:\/\/matris.eu\/de\/wp-json\/wp\/v2\/media?parent=3690"}],"curies":[{"name":"wp","href":"https:\/\/api.w.org\/{rel}","templated":true}]}}