{"id":3689,"date":"2023-12-21T12:51:20","date_gmt":"2023-12-21T11:51:20","guid":{"rendered":"https:\/\/matris.eu\/anstellung\/"},"modified":"2026-03-03T14:21:35","modified_gmt":"2026-03-03T13:21:35","slug":"anstellung","status":"publish","type":"page","link":"https:\/\/matris.eu\/de\/anstellung\/","title":{"rendered":"Anstellung"},"content":{"rendered":"<div class=\"wpb-content-wrapper\"><p>[vc_row row_height_percent=&#8220;0&#8243; override_padding=&#8220;yes&#8220; h_padding=&#8220;2&#8243; top_padding=&#8220;3&#8243; bottom_padding=&#8220;3&#8243; back_color=&#8220;color-193339&#8243; overlay_alpha=&#8220;50&#8243; gutter_size=&#8220;3&#8243; column_width_percent=&#8220;100&#8243; shift_y=&#8220;0&#8243; z_index=&#8220;0&#8243; uncode_shortcode_id=&#8220;213580&#8243; back_color_type=&#8220;uncode-palette&#8220;][vc_column column_width_percent=&#8220;100&#8243; align_horizontal=&#8220;align_center&#8220; gutter_size=&#8220;3&#8243; overlay_alpha=&#8220;50&#8243; shift_x=&#8220;0&#8243; shift_y=&#8220;0&#8243; shift_y_down=&#8220;0&#8243; z_index=&#8220;0&#8243; medium_width=&#8220;0&#8243; mobile_width=&#8220;0&#8243; width=&#8220;1\/1&#8243; uncode_shortcode_id=&#8220;164675&#8243;][vc_custom_heading heading_semantic=&#8220;h1&#8243; text_size=&#8220;h1&#8243; separator_color=&#8220;yes&#8220; separator=&#8220;under&#8220; sub_lead=&#8220;yes&#8220; sub_reduced=&#8220;yes&#8220; uncode_shortcode_id=&#8220;138822&#8243; subheading=&#8220;Wir laden alle, die sich in der folgenden Beschreibung wiedererkennen, ein, ihre Kenntnisse, F\u00e4higkeiten und Berufserfahrung darzulegen. Bitte f\u00fcllen Sie das Formular aus und f\u00fcgen Sie Ihren Lebenslauf bei. &#8222;]Besch\u00e4ftigung in Matris[\/vc_custom_heading][\/vc_column][\/vc_row][vc_row row_height_percent=&#8220;0&#8243; override_padding=&#8220;yes&#8220; h_padding=&#8220;2&#8243; top_padding=&#8220;3&#8243; bottom_padding=&#8220;2&#8243; overlay_alpha=&#8220;50&#8243; gutter_size=&#8220;3&#8243; column_width_percent=&#8220;100&#8243; shift_y=&#8220;0&#8243; z_index=&#8220;0&#8243; content_parallax=&#8220;0&#8243; uncode_shortcode_id=&#8220;149612&#8243;][vc_column column_width_percent=&#8220;100&#8243; gutter_size=&#8220;3&#8243; overlay_alpha=&#8220;50&#8243; shift_x=&#8220;0&#8243; shift_y=&#8220;0&#8243; shift_y_down=&#8220;0&#8243; z_index=&#8220;0&#8243; medium_width=&#8220;0&#8243; mobile_width=&#8220;0&#8243; width=&#8220;1\/1&#8243; uncode_shortcode_id=&#8220;105618&#8243;][vc_row_inner][vc_column_inner column_width_percent=&#8220;100&#8243; align_horizontal=&#8220;align_center&#8220; gutter_size=&#8220;3&#8243; overlay_alpha=&#8220;50&#8243; shift_x=&#8220;0&#8243; shift_y=&#8220;0&#8243; shift_y_down=&#8220;0&#8243; z_index=&#8220;0&#8243; medium_width=&#8220;0&#8243; mobile_width=&#8220;0&#8243; width=&#8220;1\/1&#8243; uncode_shortcode_id=&#8220;167697&#8243;][vc_custom_heading uncode_shortcode_id=&#8220;689680&#8243; subheading=&#8220;Wir suchen derzeit Mitarbeiter f\u00fcr die folgenden Positionen (klicken Sie auf den Titel, um weitere Informationen zu erhalten):&#8220;]Offene Stellen[\/vc_custom_heading][\/vc_column_inner][\/vc_row_inner][vc_accordion typography=&#8220;advanced&#8220; sign=&#8220;plus&#8220; gutter_simple=&#8220;0&#8243; titles_font=&#8220;font-208316&#8243; titles_size=&#8220;h3&#8243; titles_weight=&#8220;700&#8243; uncode_shortcode_id=&#8220;122173&#8243; active_tab=&#8220;0&#8243;][vc_accordion_tab gutter_size=&#8220;2&#8243; column_padding=&#8220;2&#8243; title=&#8220;Servicetechniker\/Produktionsmitarbeiter (m\/w)&#8220; tab_id=&#8220;1727769067-1-2&#8243;][vc_column_text uncode_shortcode_id=&#8220;110617&#8243;]<\/p>\n<h5>Berufsbezeichnung:<\/h5>\n<p>Servicetechniker\/Produktionsmitarbeiter (m\/w)<\/p>\n<h5>Firmenbeschreibung:<\/h5>\n<p>Matris doo ist spezialisiert auf <strong>das Neuwickeln von Servomotoren, Spindelmotoren und Asynchronmotoren<\/strong> . Wir sind ein etabliertes Unternehmen mit langj\u00e4hriger Branchenerfahrung und streben nach Pr\u00e4zision, Zuverl\u00e4ssigkeit und h\u00f6chster Qualit\u00e4t unserer Dienstleistungen. <\/p>\n<h5>Stellenbeschreibung:<\/h5>\n<p>Ort: Kranj<br \/>\nBesch\u00e4ftigung: Vollzeit<\/p>\n<p>Wenn Sie bei dem Wort \u201eSchl\u00fcssel\u201c zun\u00e4chst an ein Werkzeug und nicht an ein Passwort denken\u2026<br \/>\nWenn der Anblick einer zerlegten Maschine Sie nicht in Panik versetzt, sondern eher neugierig macht&#8230;<br \/>\nWenn Sie den Unterschied zwischen einer Zange, einem Drehmomentschl\u00fcssel und einem Schraubenschl\u00fcssel erkennen k\u00f6nnen (wir sprechen hier nicht von Sprache)&#8230;<br \/>\n&#8230;dann sind vielleicht SIE genau die Person, die wir suchen!<\/p>\n<h5>Wer sind wir?<\/h5>\n<p>Wir sind ein Unternehmen, das sich mit der Wartung, \u00dcberholung und Herstellung elektromechanischer Komponenten befasst. Die Arbeit ist abwechslungsreich \u2013 jeden Tag erwartet Sie eine neue technische Herausforderung und die M\u00f6glichkeit, Ihr K\u00f6nnen unter Beweis zu stellen. <\/p>\n<h5>Wen suchen wir?<\/h5>\n<p>Jemand, der:<\/p>\n<ul>\n<li>hat Erfahrung mit Maschinen oder in einem technischen\/mechanischen Bereich<\/li>\n<li>Er wei\u00df, wie man einfache Handwerkzeuge benutzt (und mit einem guten Schraubenzieher kann er den Tag im Handumdrehen retten).<\/li>\n<li>kann selbstst\u00e4ndig und verantwortungsbewusst arbeiten,<\/li>\n<li>versteht, dass dies keine \u201eEinheitsl\u00f6sung\u201c ist.<\/li>\n<li>ist ernsthaft an der Stelle interessiert \u2013 wir stellen keine Zertifikate f\u00fcr die Institution aus!<\/li>\n<\/ul>\n<h5>Was bieten wir an?<\/h5>\n<ul>\n<li>Regelm\u00e4\u00dfige Besch\u00e4ftigung und faire Bezahlung,<\/li>\n<li>Ein tolles Team, das wei\u00df, wie man arbeitet&#8230; und auch wie man lacht.<\/li>\n<li>interessante Projekte und Wissensentwicklung,<\/li>\n<li>Ein flexibles Umfeld, in dem Ergebnisse z\u00e4hlen.<\/li>\n<\/ul>\n<p>Wer zu denjenigen geh\u00f6rt, die die \u00c4rmel hochkrempeln k\u00f6nnen, ist auf dem richtigen Weg.<\/p>\n<h5>Anwendungen<\/h5>\n<p>Bewerbungen (Lebenslauf oder kurze Pr\u00e4sentation) werden unter <a href=\"mailto:info@matris.eu\">info@matris.eu<\/a> entgegengenommen.<br \/>\nBewerbungsschluss: Wir sch\u00e4tzen jeden Tag die richtige Hand!<\/p>\n<p>Lass die Schrauben nicht ohne dich drehen![\/vc_column_text][\/vc_accordion_tab][\/vc_accordion][\/vc_column][\/vc_row][vc_row row_height_percent=&#8220;0&#8243; override_padding=&#8220;yes&#8220; h_padding=&#8220;2&#8243; top_padding=&#8220;3&#8243; bottom_padding=&#8220;3&#8243; overlay_alpha=&#8220;50&#8243; gutter_size=&#8220;3&#8243; column_width_percent=&#8220;100&#8243; shift_y=&#8220;0&#8243; z_index=&#8220;0&#8243; uncode_shortcode_id=&#8220;771619&#8243;][vc_column column_width_percent=&#8220;100&#8243; align_horizontal=&#8220;align_center&#8220; gutter_size=&#8220;3&#8243; overlay_alpha=&#8220;50&#8243; shift_x=&#8220;0&#8243; shift_y=&#8220;0&#8243; shift_y_down=&#8220;0&#8243; z_index=&#8220;0&#8243; medium_width=&#8220;0&#8243; mobile_width=&#8220;0&#8243; width=&#8220;1\/1&#8243; uncode_shortcode_id=&#8220;131061&#8243;][vc_custom_heading uncode_shortcode_id=&#8220;906645&#8243;]Antragsformular[\/vc_custom_heading]\n<div class=\"wpcf7 no-js\" id=\"wpcf7-f2665-o1\" lang=\"de-DE\" dir=\"ltr\" data-wpcf7-id=\"2665\">\n<div class=\"screen-reader-response\"><p role=\"status\" aria-live=\"polite\" aria-atomic=\"true\"><\/p> <ul><\/ul><\/div>\n<form action=\"\/de\/wp-json\/wp\/v2\/pages\/3689#wpcf7-f2665-o1\" method=\"post\" class=\"wpcf7-form init input-background\" aria-label=\"Kontaktformular\" enctype=\"multipart\/form-data\" novalidate=\"novalidate\" data-status=\"init\">\n<fieldset class=\"hidden-fields-container\"><input type=\"hidden\" name=\"_wpcf7\" value=\"2665\" \/><input type=\"hidden\" name=\"_wpcf7_version\" value=\"6.1.5\" \/><input type=\"hidden\" name=\"_wpcf7_locale\" value=\"de_DE\" \/><input type=\"hidden\" name=\"_wpcf7_unit_tag\" value=\"wpcf7-f2665-o1\" \/><input type=\"hidden\" name=\"_wpcf7_container_post\" value=\"0\" \/><input type=\"hidden\" name=\"_wpcf7_posted_data_hash\" value=\"\" \/><input type=\"hidden\" name=\"_wpcf7_recaptcha_response\" value=\"\" \/>\n<\/fieldset>\n<div class=\"wpcf7-inline-wrapper\">\n\t<p class=\"wpcf7-inline-field\"><span class=\"wpcf7-form-control-wrap\" data-name=\"matris-ime\"><input size=\"40\" maxlength=\"400\" class=\"wpcf7-form-control wpcf7-text wpcf7-validates-as-required\" aria-required=\"true\" aria-invalid=\"false\" placeholder=\"Name*\" value=\"\" type=\"text\" name=\"matris-ime\" \/><\/span>\n\t<\/p>\n\t<p class=\"wpcf7-inline-field\"><span class=\"wpcf7-form-control-wrap\" data-name=\"matris-priimek\"><input size=\"40\" maxlength=\"400\" class=\"wpcf7-form-control wpcf7-text wpcf7-validates-as-required\" aria-required=\"true\" aria-invalid=\"false\" placeholder=\"Nachname*\" value=\"\" type=\"text\" name=\"matris-priimek\" \/><\/span>\n\t<\/p>\n<\/div>\n<div class=\"wpcf7-inline-wrapper\">\n\t<p class=\"wpcf7-inline-field\"><span class=\"wpcf7-form-control-wrap\" data-name=\"matris-tel\"><input size=\"40\" maxlength=\"400\" class=\"wpcf7-form-control wpcf7-text\" aria-invalid=\"false\" placeholder=\"Telefon\" value=\"\" type=\"text\" name=\"matris-tel\" \/><\/span>\n\t<\/p>\n\t<p class=\"wpcf7-inline-field\"><span class=\"wpcf7-form-control-wrap\" data-name=\"matris-enaslov\"><input size=\"40\" maxlength=\"400\" class=\"wpcf7-form-control wpcf7-email wpcf7-validates-as-required wpcf7-text wpcf7-validates-as-email\" aria-required=\"true\" aria-invalid=\"false\" placeholder=\"E-Mail-Adresse*\" value=\"\" type=\"email\" name=\"matris-enaslov\" \/><\/span>\n\t<\/p>\n<\/div>\n<p><span class=\"wpcf7-form-control-wrap\" data-name=\"matris-sporocilo\"><textarea cols=\"40\" rows=\"10\" maxlength=\"2000\" class=\"wpcf7-form-control wpcf7-textarea wpcf7-validates-as-required\" aria-required=\"true\" aria-invalid=\"false\" placeholder=\"Kurzpr\u00e4sentation*\" name=\"matris-sporocilo\"><\/textarea><\/span>\n<\/p>\n<p><small>Die maximale Dateigr\u00f6\u00dfe betr\u00e4gt 10 MB. Die Pr\u00e4sentation sollte im PDF-, DOCX- oder PPTX-Format vorliegen.<\/small><br \/>\n<span class=\"wpcf7-form-control-wrap\" data-name=\"matris-cv-upload\"><input size=\"40\" class=\"wpcf7-form-control wpcf7-file\" accept=\".pdf,.docx,.pptx\" aria-invalid=\"false\" type=\"file\" name=\"matris-cv-upload\" \/><\/span>\n<\/p>\n<p><span class=\"wpcf7-form-control-wrap\" data-name=\"matris-zasebnost\"><span class=\"wpcf7-form-control wpcf7-acceptance\"><span class=\"wpcf7-list-item\"><label><input type=\"checkbox\" name=\"matris-zasebnost\" value=\"1\" aria-invalid=\"false\" \/><span class=\"wpcf7-list-item-label\">Mit der \u00dcbermittlung Ihrer Daten sind Sie sich der Allgemeinen Gesch\u00e4ftsbedingungen, der spezifischen Verwendungszwecke und Ihrer Rechte hinsichtlich der Verwendung personenbezogener Daten bewusst. (<a href=\"\/de\/datenschutzrichtlinie\/\">Datenschutzrichtlinie<\/a>)<\/span><\/label><\/span><\/span><\/span>\n<\/p>\n<p><input class=\"wpcf7-form-control wpcf7-submit has-spinner btn btn-accent\" type=\"submit\" value=\"Bewerbung einreichen\" \/>\n<\/p><div class=\"wpcf7-response-output\" aria-hidden=\"true\"><\/div>\n<\/form>\n<\/div>\n[\/vc_column][\/vc_row]<\/p>\n<\/div>","protected":false},"excerpt":{"rendered":"<p>[vc_row row_height_percent=&#8220;0&#8243; override_padding=&#8220;yes&#8220; h_padding=&#8220;2&#8243; top_padding=&#8220;3&#8243; bottom_padding=&#8220;3&#8243; back_color=&#8220;color-193339&#8243; overlay_alpha=&#8220;50&#8243; gutter_size=&#8220;3&#8243; column_width_percent=&#8220;100&#8243; shift_y=&#8220;0&#8243; z_index=&#8220;0&#8243; uncode_shortcode_id=&#8220;213580&#8243; back_color_type=&#8220;uncode-palette&#8220;][vc_column column_width_percent=&#8220;100&#8243; align_horizontal=&#8220;align_center&#8220; gutter_size=&#8220;3&#8243; overlay_alpha=&#8220;50&#8243; shift_x=&#8220;0&#8243; shift_y=&#8220;0&#8243; [&hellip;]<\/p>\n","protected":false},"author":1,"featured_media":0,"parent":0,"menu_order":12,"comment_status":"closed","ping_status":"closed","template":"","meta":{"footnotes":""},"class_list":["post-3689","page","type-page","status-publish","hentry"],"yoast_head":"<!-- This site is optimized with the Yoast SEO plugin v27.3 - https:\/\/yoast.com\/product\/yoast-seo-wordpress\/ -->\n<title>Anstellung | Matris<\/title>\n<meta name=\"robots\" content=\"index, follow, max-snippet:-1, max-image-preview:large, max-video-preview:-1\" \/>\n<link rel=\"canonical\" href=\"https:\/\/matris.eu\/de\/anstellung\/\" \/>\n<meta property=\"og:locale\" content=\"de_DE\" \/>\n<meta property=\"og:type\" content=\"article\" \/>\n<meta property=\"og:title\" content=\"Anstellung | Matris\" \/>\n<meta property=\"og:description\" content=\"[vc_row row_height_percent=&#8220;0&#8243; override_padding=&#8220;yes&#8220; h_padding=&#8220;2&#8243; top_padding=&#8220;3&#8243; bottom_padding=&#8220;3&#8243; back_color=&#8220;color-193339&#8243; overlay_alpha=&#8220;50&#8243; gutter_size=&#8220;3&#8243; column_width_percent=&#8220;100&#8243; shift_y=&#8220;0&#8243; z_index=&#8220;0&#8243; uncode_shortcode_id=&#8220;213580&#8243; back_color_type=&#8220;uncode-palette&#8220;][vc_column column_width_percent=&#8220;100&#8243; align_horizontal=&#8220;align_center&#8220; gutter_size=&#8220;3&#8243; overlay_alpha=&#8220;50&#8243; shift_x=&#8220;0&#8243; shift_y=&#8220;0&#8243; [&hellip;]\" \/>\n<meta property=\"og:url\" content=\"https:\/\/matris.eu\/de\/anstellung\/\" \/>\n<meta property=\"og:site_name\" content=\"Matris\" \/>\n<meta property=\"article:publisher\" content=\"https:\/\/www.facebook.com\/Matrisdoo\" \/>\n<meta property=\"article:modified_time\" content=\"2026-03-03T13:21:35+00:00\" \/>\n<meta property=\"og:image\" content=\"https:\/\/matris.eu\/wp-content\/uploads\/2024\/02\/matris_seo_image.jpg\" \/>\n\t<meta property=\"og:image:width\" content=\"1200\" \/>\n\t<meta property=\"og:image:height\" content=\"1000\" \/>\n\t<meta property=\"og:image:type\" content=\"image\/jpeg\" \/>\n<meta name=\"twitter:card\" content=\"summary_large_image\" \/>\n<meta name=\"twitter:label1\" content=\"Gesch\u00e4tzte Lesezeit\" \/>\n\t<meta name=\"twitter:data1\" content=\"3\u00a0Minuten\" \/>\n<script type=\"application\/ld+json\" class=\"yoast-schema-graph\">{\"@context\":\"https:\\\/\\\/schema.org\",\"@graph\":[{\"@type\":\"WebPage\",\"@id\":\"https:\\\/\\\/matris.eu\\\/de\\\/anstellung\\\/\",\"url\":\"https:\\\/\\\/matris.eu\\\/de\\\/anstellung\\\/\",\"name\":\"Anstellung | Matris\",\"isPartOf\":{\"@id\":\"https:\\\/\\\/matris.eu\\\/de\\\/#website\"},\"datePublished\":\"2023-12-21T11:51:20+00:00\",\"dateModified\":\"2026-03-03T13:21:35+00:00\",\"breadcrumb\":{\"@id\":\"https:\\\/\\\/matris.eu\\\/de\\\/anstellung\\\/#breadcrumb\"},\"inLanguage\":\"de\",\"potentialAction\":[{\"@type\":\"ReadAction\",\"target\":[\"https:\\\/\\\/matris.eu\\\/de\\\/anstellung\\\/\"]}]},{\"@type\":\"BreadcrumbList\",\"@id\":\"https:\\\/\\\/matris.eu\\\/de\\\/anstellung\\\/#breadcrumb\",\"itemListElement\":[{\"@type\":\"ListItem\",\"position\":1,\"name\":\"Home\",\"item\":\"https:\\\/\\\/matris.eu\\\/de\\\/\"},{\"@type\":\"ListItem\",\"position\":2,\"name\":\"Anstellung\"}]},{\"@type\":\"WebSite\",\"@id\":\"https:\\\/\\\/matris.eu\\\/de\\\/#website\",\"url\":\"https:\\\/\\\/matris.eu\\\/de\\\/\",\"name\":\"Servisni center Matris\",\"description\":\"Servis elektro, servo in vretenskih motorjev\",\"publisher\":{\"@id\":\"https:\\\/\\\/matris.eu\\\/de\\\/#organization\"},\"alternateName\":\"Matris\",\"potentialAction\":[{\"@type\":\"SearchAction\",\"target\":{\"@type\":\"EntryPoint\",\"urlTemplate\":\"https:\\\/\\\/matris.eu\\\/de\\\/?s={search_term_string}\"},\"query-input\":{\"@type\":\"PropertyValueSpecification\",\"valueRequired\":true,\"valueName\":\"search_term_string\"}}],\"inLanguage\":\"de\"},{\"@type\":\"Organization\",\"@id\":\"https:\\\/\\\/matris.eu\\\/de\\\/#organization\",\"name\":\"Servisni center Matris\",\"alternateName\":\"Matris\",\"url\":\"https:\\\/\\\/matris.eu\\\/de\\\/\",\"logo\":{\"@type\":\"ImageObject\",\"inLanguage\":\"de\",\"@id\":\"https:\\\/\\\/matris.eu\\\/de\\\/#\\\/schema\\\/logo\\\/image\\\/\",\"url\":\"\",\"contentUrl\":\"\",\"caption\":\"Servisni center Matris\"},\"image\":{\"@id\":\"https:\\\/\\\/matris.eu\\\/de\\\/#\\\/schema\\\/logo\\\/image\\\/\"},\"sameAs\":[\"https:\\\/\\\/www.facebook.com\\\/Matrisdoo\",\"https:\\\/\\\/www.linkedin.com\\\/company\\\/matris_doo\\\/\"]}]}<\/script>\n<!-- \/ Yoast SEO plugin. -->","yoast_head_json":{"title":"Anstellung | Matris","robots":{"index":"index","follow":"follow","max-snippet":"max-snippet:-1","max-image-preview":"max-image-preview:large","max-video-preview":"max-video-preview:-1"},"canonical":"https:\/\/matris.eu\/de\/anstellung\/","og_locale":"de_DE","og_type":"article","og_title":"Anstellung | Matris","og_description":"[vc_row row_height_percent=&#8220;0&#8243; override_padding=&#8220;yes&#8220; h_padding=&#8220;2&#8243; top_padding=&#8220;3&#8243; bottom_padding=&#8220;3&#8243; back_color=&#8220;color-193339&#8243; overlay_alpha=&#8220;50&#8243; gutter_size=&#8220;3&#8243; column_width_percent=&#8220;100&#8243; shift_y=&#8220;0&#8243; z_index=&#8220;0&#8243; uncode_shortcode_id=&#8220;213580&#8243; back_color_type=&#8220;uncode-palette&#8220;][vc_column column_width_percent=&#8220;100&#8243; align_horizontal=&#8220;align_center&#8220; gutter_size=&#8220;3&#8243; overlay_alpha=&#8220;50&#8243; shift_x=&#8220;0&#8243; shift_y=&#8220;0&#8243; [&hellip;]","og_url":"https:\/\/matris.eu\/de\/anstellung\/","og_site_name":"Matris","article_publisher":"https:\/\/www.facebook.com\/Matrisdoo","article_modified_time":"2026-03-03T13:21:35+00:00","og_image":[{"width":1200,"height":1000,"url":"https:\/\/matris.eu\/wp-content\/uploads\/2024\/02\/matris_seo_image.jpg","type":"image\/jpeg"}],"twitter_card":"summary_large_image","twitter_misc":{"Gesch\u00e4tzte Lesezeit":"3\u00a0Minuten"},"schema":{"@context":"https:\/\/schema.org","@graph":[{"@type":"WebPage","@id":"https:\/\/matris.eu\/de\/anstellung\/","url":"https:\/\/matris.eu\/de\/anstellung\/","name":"Anstellung | Matris","isPartOf":{"@id":"https:\/\/matris.eu\/de\/#website"},"datePublished":"2023-12-21T11:51:20+00:00","dateModified":"2026-03-03T13:21:35+00:00","breadcrumb":{"@id":"https:\/\/matris.eu\/de\/anstellung\/#breadcrumb"},"inLanguage":"de","potentialAction":[{"@type":"ReadAction","target":["https:\/\/matris.eu\/de\/anstellung\/"]}]},{"@type":"BreadcrumbList","@id":"https:\/\/matris.eu\/de\/anstellung\/#breadcrumb","itemListElement":[{"@type":"ListItem","position":1,"name":"Home","item":"https:\/\/matris.eu\/de\/"},{"@type":"ListItem","position":2,"name":"Anstellung"}]},{"@type":"WebSite","@id":"https:\/\/matris.eu\/de\/#website","url":"https:\/\/matris.eu\/de\/","name":"Servisni center Matris","description":"Servis elektro, servo in vretenskih motorjev","publisher":{"@id":"https:\/\/matris.eu\/de\/#organization"},"alternateName":"Matris","potentialAction":[{"@type":"SearchAction","target":{"@type":"EntryPoint","urlTemplate":"https:\/\/matris.eu\/de\/?s={search_term_string}"},"query-input":{"@type":"PropertyValueSpecification","valueRequired":true,"valueName":"search_term_string"}}],"inLanguage":"de"},{"@type":"Organization","@id":"https:\/\/matris.eu\/de\/#organization","name":"Servisni center Matris","alternateName":"Matris","url":"https:\/\/matris.eu\/de\/","logo":{"@type":"ImageObject","inLanguage":"de","@id":"https:\/\/matris.eu\/de\/#\/schema\/logo\/image\/","url":"","contentUrl":"","caption":"Servisni center Matris"},"image":{"@id":"https:\/\/matris.eu\/de\/#\/schema\/logo\/image\/"},"sameAs":["https:\/\/www.facebook.com\/Matrisdoo","https:\/\/www.linkedin.com\/company\/matris_doo\/"]}]}},"_links":{"self":[{"href":"https:\/\/matris.eu\/de\/wp-json\/wp\/v2\/pages\/3689","targetHints":{"allow":["GET"]}}],"collection":[{"href":"https:\/\/matris.eu\/de\/wp-json\/wp\/v2\/pages"}],"about":[{"href":"https:\/\/matris.eu\/de\/wp-json\/wp\/v2\/types\/page"}],"author":[{"embeddable":true,"href":"https:\/\/matris.eu\/de\/wp-json\/wp\/v2\/users\/1"}],"replies":[{"embeddable":true,"href":"https:\/\/matris.eu\/de\/wp-json\/wp\/v2\/comments?post=3689"}],"version-history":[{"count":9,"href":"https:\/\/matris.eu\/de\/wp-json\/wp\/v2\/pages\/3689\/revisions"}],"predecessor-version":[{"id":4360,"href":"https:\/\/matris.eu\/de\/wp-json\/wp\/v2\/pages\/3689\/revisions\/4360"}],"wp:attachment":[{"href":"https:\/\/matris.eu\/de\/wp-json\/wp\/v2\/media?parent=3689"}],"curies":[{"name":"wp","href":"https:\/\/api.w.org\/{rel}","templated":true}]}}