{"id":3659,"date":"2023-12-20T16:20:15","date_gmt":"2023-12-20T15:20:15","guid":{"rendered":"https:\/\/matris.eu\/leistungen\/abbildung-des-rotormagnetfelds\/"},"modified":"2025-06-17T18:27:39","modified_gmt":"2025-06-17T16:27:39","slug":"abbildung-des-rotormagnetfelds","status":"publish","type":"page","link":"https:\/\/matris.eu\/de\/leistungen\/abbildung-des-rotormagnetfelds\/","title":{"rendered":"Abbildung des Rotormagnetfelds"},"content":{"rendered":"<div class=\"wpb-content-wrapper\"><p>[vc_row row_height_percent=&#8220;0&#8243; override_padding=&#8220;yes&#8220; h_padding=&#8220;2&#8243; top_padding=&#8220;0&#8243; bottom_padding=&#8220;2&#8243; overlay_alpha=&#8220;50&#8243; gutter_size=&#8220;4&#8243; column_width_percent=&#8220;100&#8243; shift_y=&#8220;0&#8243; z_index=&#8220;0&#8243; uncode_shortcode_id=&#8220;792719&#8243;][vc_column width=&#8220;1\/2&#8243;][vc_column_text uncode_shortcode_id=&#8220;934981&#8243;]<!--StartFragment --><\/p>\n<p class=\"pf0\"><span class=\"cf0\">Im Verifizierungsprozess steht die Qualit\u00e4tskontrolle der Magnete am Ende, der Diagnoseprozess selbst ist jedoch sehr einfach und erspart viele unn\u00f6tige Schritte. In etwa 20 % der F\u00e4lle ist dies die einzige Ursache f\u00fcr einen Motorausfall. <\/span><\/p>\n<p class=\"pf0\"><span class=\"cf0\">Mithilfe des Ger\u00e4ts und des Sensors erfassen wir die magnetischen Eigenschaften des Rotors \u00fcber dessen gesamten Umfang und L\u00e4nge und stellen die magnetische Feldst\u00e4rke auf dem Rotor grafisch dar. Wir spannen den Rotor in die Drehbacken ein, fixieren ihn mit einer der Linearachsen und n\u00e4hern den Sensor anschlie\u00dfend mit zwei Linearachsen an den Rotor an. <\/span><!--EndFragment --><\/p>\n<p>[\/vc_column_text][vc_column_text uncode_shortcode_id=&#8220;621184&#8243;]<!--StartFragment --><\/p>\n<p class=\"pf0\"><span class=\"cf0\">W\u00e4hrend der Messung drehen wir den Rotor, bewegen den Sensor entlang seiner L\u00e4nge und messen die Magnetfeldwerte. Am Ende werden die magnetischen Eigenschaften mit einem Bild angezeigt, auf dem der Rotor entfaltet ist und die Farbe die Polarit\u00e4t und St\u00e4rke des Magnetfelds darstellt. Am Ende besteht die M\u00f6glichkeit, einen Bericht \u00fcber die durchgef\u00fchrte Messung zu erstellen. Geeignet f\u00fcr die Pr\u00fcfung von Rotoren bis 100 kg, bis 800 mm L\u00e4nge und bis 300 mm Durchmesser.   <\/span><!--EndFragment --><\/p>\n<p>[\/vc_column_text][\/vc_column][vc_column width=&#8220;1\/2&#8243;][vc_single_image media=&#8220;628&#8243; media_width_percent=&#8220;100&#8243; uncode_shortcode_id=&#8220;192568&#8243;][\/vc_column][\/vc_row][vc_row][vc_column width=&#8220;1\/1&#8243;][vc_separator sep_color=&#8220;color-uydo&#8220; uncode_shortcode_id=&#8220;149231&#8243; sep_color_type=&#8220;uncode-palette&#8220;][\/vc_column][\/vc_row][vc_row][vc_column width=&#8220;1\/2&#8243;][vc_custom_heading uncode_shortcode_id=&#8220;167348&#8243;]Umbau oder Austausch der Rotormagnete[\/vc_custom_heading][vc_column_text uncode_shortcode_id=&#8220;293536&#8243;]Wir bieten die Analyse von Magneten an, die Bestandteil der Rotoren von Synchronmotoren sind. Bei Defekten bieten wir die Entfernung der Bandage (falls vorhanden), die Demontage alter Magnete, die Neumagnetisierung alter Magnete, die Herstellung neuer Magnete bei besch\u00e4digten Magneten, das Aufkleben erneuerter oder neuer Magnete sowie die Herstellung einer neuen Bandage an.[\/vc_column_text][\/vc_column][vc_column width=&#8220;1\/2&#8243;][vc_custom_heading heading_semantic=&#8220;h3&#8243; text_size=&#8220;h4&#8243; uncode_shortcode_id=&#8220;834488&#8243;]Der Wiederaufbau oder Austausch der Rotormagnete umfasst:[\/vc_custom_heading][uncode_list icon=&#8220;fa fa-check&#8220; icon_color=&#8220;accent&#8220; uncode_shortcode_id=&#8220;122333&#8243; icon_color_type=&#8220;uncode-palette&#8220;]<\/p>\n<ul>\n<li>Magnetanalyse,<\/li>\n<li>Entfernen des Verbandes (falls vorhanden),<\/li>\n<li>Entfernen alter Magnete,<\/li>\n<li>Ummagnetisieren alter Magnete,<\/li>\n<li>Herstellung neuer Magnete im Falle einer Besch\u00e4digung der Originalmagnete,<\/li>\n<li>Aufkleben von aufgearbeiteten oder neuen Magneten,<\/li>\n<li>einen neuen Verband anfertigen.<\/li>\n<\/ul>\n<p>[\/uncode_list][\/vc_column][\/vc_row]<\/p>\n<\/div>","protected":false},"excerpt":{"rendered":"<p>Die Kartierung des Rotormagnetfelds ist eine sehr spezielle Dienstleistung, bei der das Matris Service Center einer der wenigen Anbieter auf dem Markt ist.<\/p>\n","protected":false},"author":1,"featured_media":627,"parent":2530,"menu_order":6,"comment_status":"closed","ping_status":"closed","template":"","meta":{"footnotes":""},"class_list":["post-3659","page","type-page","status-publish","has-post-thumbnail","hentry"],"yoast_head":"<!-- This site is optimized with the Yoast SEO plugin v27.5 - https:\/\/yoast.com\/product\/yoast-seo-wordpress\/ -->\n<title>Abbildung des Rotormagnetfelds | Matris<\/title>\n<meta name=\"robots\" content=\"index, follow, max-snippet:-1, max-image-preview:large, max-video-preview:-1\" \/>\n<link rel=\"canonical\" href=\"https:\/\/matris.eu\/de\/leistungen\/abbildung-des-rotormagnetfelds\/\" \/>\n<meta property=\"og:locale\" content=\"de_DE\" \/>\n<meta property=\"og:type\" content=\"article\" \/>\n<meta property=\"og:title\" content=\"Abbildung des Rotormagnetfelds | Matris\" \/>\n<meta property=\"og:description\" content=\"Die Kartierung des Rotormagnetfelds ist eine sehr spezielle Dienstleistung, bei der das Matris Service Center einer der wenigen Anbieter auf dem Markt ist.\" \/>\n<meta property=\"og:url\" content=\"https:\/\/matris.eu\/de\/leistungen\/abbildung-des-rotormagnetfelds\/\" \/>\n<meta property=\"og:site_name\" content=\"Matris\" \/>\n<meta property=\"article:publisher\" content=\"https:\/\/www.facebook.com\/Matrisdoo\" \/>\n<meta property=\"article:modified_time\" content=\"2025-06-17T16:27:39+00:00\" \/>\n<meta property=\"og:image\" content=\"https:\/\/matris.eu\/wp-content\/uploads\/2024\/02\/header_magnetic_field3.png\" \/>\n\t<meta property=\"og:image:width\" content=\"1116\" \/>\n\t<meta property=\"og:image:height\" content=\"516\" \/>\n\t<meta property=\"og:image:type\" content=\"image\/png\" \/>\n<meta name=\"twitter:card\" content=\"summary_large_image\" \/>\n<meta name=\"twitter:label1\" content=\"Gesch\u00e4tzte Lesezeit\" \/>\n\t<meta name=\"twitter:data1\" content=\"2\u00a0Minuten\" \/>\n<script type=\"application\/ld+json\" class=\"yoast-schema-graph\">{\"@context\":\"https:\\\/\\\/schema.org\",\"@graph\":[{\"@type\":\"WebPage\",\"@id\":\"https:\\\/\\\/matris.eu\\\/de\\\/leistungen\\\/abbildung-des-rotormagnetfelds\\\/\",\"url\":\"https:\\\/\\\/matris.eu\\\/de\\\/leistungen\\\/abbildung-des-rotormagnetfelds\\\/\",\"name\":\"Abbildung des Rotormagnetfelds | Matris\",\"isPartOf\":{\"@id\":\"https:\\\/\\\/matris.eu\\\/de\\\/#website\"},\"primaryImageOfPage\":{\"@id\":\"https:\\\/\\\/matris.eu\\\/de\\\/leistungen\\\/abbildung-des-rotormagnetfelds\\\/#primaryimage\"},\"image\":{\"@id\":\"https:\\\/\\\/matris.eu\\\/de\\\/leistungen\\\/abbildung-des-rotormagnetfelds\\\/#primaryimage\"},\"thumbnailUrl\":\"https:\\\/\\\/matris.eu\\\/wp-content\\\/uploads\\\/2024\\\/02\\\/header_magnetic_field3.png\",\"datePublished\":\"2023-12-20T15:20:15+00:00\",\"dateModified\":\"2025-06-17T16:27:39+00:00\",\"breadcrumb\":{\"@id\":\"https:\\\/\\\/matris.eu\\\/de\\\/leistungen\\\/abbildung-des-rotormagnetfelds\\\/#breadcrumb\"},\"inLanguage\":\"de\",\"potentialAction\":[{\"@type\":\"ReadAction\",\"target\":[\"https:\\\/\\\/matris.eu\\\/de\\\/leistungen\\\/abbildung-des-rotormagnetfelds\\\/\"]}]},{\"@type\":\"ImageObject\",\"inLanguage\":\"de\",\"@id\":\"https:\\\/\\\/matris.eu\\\/de\\\/leistungen\\\/abbildung-des-rotormagnetfelds\\\/#primaryimage\",\"url\":\"https:\\\/\\\/matris.eu\\\/wp-content\\\/uploads\\\/2024\\\/02\\\/header_magnetic_field3.png\",\"contentUrl\":\"https:\\\/\\\/matris.eu\\\/wp-content\\\/uploads\\\/2024\\\/02\\\/header_magnetic_field3.png\",\"width\":1116,\"height\":516,\"caption\":\"Mapiranje magnetnega polja rotorja\"},{\"@type\":\"BreadcrumbList\",\"@id\":\"https:\\\/\\\/matris.eu\\\/de\\\/leistungen\\\/abbildung-des-rotormagnetfelds\\\/#breadcrumb\",\"itemListElement\":[{\"@type\":\"ListItem\",\"position\":1,\"name\":\"Home\",\"item\":\"https:\\\/\\\/matris.eu\\\/de\\\/\"},{\"@type\":\"ListItem\",\"position\":2,\"name\":\"Leistungen\",\"item\":\"https:\\\/\\\/matris.eu\\\/de\\\/leistungen\\\/\"},{\"@type\":\"ListItem\",\"position\":3,\"name\":\"Abbildung des Rotormagnetfelds\"}]},{\"@type\":\"WebSite\",\"@id\":\"https:\\\/\\\/matris.eu\\\/de\\\/#website\",\"url\":\"https:\\\/\\\/matris.eu\\\/de\\\/\",\"name\":\"Servisni center Matris\",\"description\":\"Servis elektro, servo in vretenskih motorjev\",\"publisher\":{\"@id\":\"https:\\\/\\\/matris.eu\\\/de\\\/#organization\"},\"alternateName\":\"Matris\",\"potentialAction\":[{\"@type\":\"SearchAction\",\"target\":{\"@type\":\"EntryPoint\",\"urlTemplate\":\"https:\\\/\\\/matris.eu\\\/de\\\/?s={search_term_string}\"},\"query-input\":{\"@type\":\"PropertyValueSpecification\",\"valueRequired\":true,\"valueName\":\"search_term_string\"}}],\"inLanguage\":\"de\"},{\"@type\":\"Organization\",\"@id\":\"https:\\\/\\\/matris.eu\\\/de\\\/#organization\",\"name\":\"Servisni center Matris\",\"alternateName\":\"Matris\",\"url\":\"https:\\\/\\\/matris.eu\\\/de\\\/\",\"logo\":{\"@type\":\"ImageObject\",\"inLanguage\":\"de\",\"@id\":\"https:\\\/\\\/matris.eu\\\/de\\\/#\\\/schema\\\/logo\\\/image\\\/\",\"url\":\"\",\"contentUrl\":\"\",\"caption\":\"Servisni center Matris\"},\"image\":{\"@id\":\"https:\\\/\\\/matris.eu\\\/de\\\/#\\\/schema\\\/logo\\\/image\\\/\"},\"sameAs\":[\"https:\\\/\\\/www.facebook.com\\\/Matrisdoo\",\"https:\\\/\\\/www.linkedin.com\\\/company\\\/matris_doo\\\/\"]}]}<\/script>\n<!-- \/ Yoast SEO plugin. -->","yoast_head_json":{"title":"Abbildung des Rotormagnetfelds | Matris","robots":{"index":"index","follow":"follow","max-snippet":"max-snippet:-1","max-image-preview":"max-image-preview:large","max-video-preview":"max-video-preview:-1"},"canonical":"https:\/\/matris.eu\/de\/leistungen\/abbildung-des-rotormagnetfelds\/","og_locale":"de_DE","og_type":"article","og_title":"Abbildung des Rotormagnetfelds | Matris","og_description":"Die Kartierung des Rotormagnetfelds ist eine sehr spezielle Dienstleistung, bei der das Matris Service Center einer der wenigen Anbieter auf dem Markt ist.","og_url":"https:\/\/matris.eu\/de\/leistungen\/abbildung-des-rotormagnetfelds\/","og_site_name":"Matris","article_publisher":"https:\/\/www.facebook.com\/Matrisdoo","article_modified_time":"2025-06-17T16:27:39+00:00","og_image":[{"width":1116,"height":516,"url":"https:\/\/matris.eu\/wp-content\/uploads\/2024\/02\/header_magnetic_field3.png","type":"image\/png"}],"twitter_card":"summary_large_image","twitter_misc":{"Gesch\u00e4tzte Lesezeit":"2\u00a0Minuten"},"schema":{"@context":"https:\/\/schema.org","@graph":[{"@type":"WebPage","@id":"https:\/\/matris.eu\/de\/leistungen\/abbildung-des-rotormagnetfelds\/","url":"https:\/\/matris.eu\/de\/leistungen\/abbildung-des-rotormagnetfelds\/","name":"Abbildung des Rotormagnetfelds | Matris","isPartOf":{"@id":"https:\/\/matris.eu\/de\/#website"},"primaryImageOfPage":{"@id":"https:\/\/matris.eu\/de\/leistungen\/abbildung-des-rotormagnetfelds\/#primaryimage"},"image":{"@id":"https:\/\/matris.eu\/de\/leistungen\/abbildung-des-rotormagnetfelds\/#primaryimage"},"thumbnailUrl":"https:\/\/matris.eu\/wp-content\/uploads\/2024\/02\/header_magnetic_field3.png","datePublished":"2023-12-20T15:20:15+00:00","dateModified":"2025-06-17T16:27:39+00:00","breadcrumb":{"@id":"https:\/\/matris.eu\/de\/leistungen\/abbildung-des-rotormagnetfelds\/#breadcrumb"},"inLanguage":"de","potentialAction":[{"@type":"ReadAction","target":["https:\/\/matris.eu\/de\/leistungen\/abbildung-des-rotormagnetfelds\/"]}]},{"@type":"ImageObject","inLanguage":"de","@id":"https:\/\/matris.eu\/de\/leistungen\/abbildung-des-rotormagnetfelds\/#primaryimage","url":"https:\/\/matris.eu\/wp-content\/uploads\/2024\/02\/header_magnetic_field3.png","contentUrl":"https:\/\/matris.eu\/wp-content\/uploads\/2024\/02\/header_magnetic_field3.png","width":1116,"height":516,"caption":"Mapiranje magnetnega polja rotorja"},{"@type":"BreadcrumbList","@id":"https:\/\/matris.eu\/de\/leistungen\/abbildung-des-rotormagnetfelds\/#breadcrumb","itemListElement":[{"@type":"ListItem","position":1,"name":"Home","item":"https:\/\/matris.eu\/de\/"},{"@type":"ListItem","position":2,"name":"Leistungen","item":"https:\/\/matris.eu\/de\/leistungen\/"},{"@type":"ListItem","position":3,"name":"Abbildung des Rotormagnetfelds"}]},{"@type":"WebSite","@id":"https:\/\/matris.eu\/de\/#website","url":"https:\/\/matris.eu\/de\/","name":"Servisni center Matris","description":"Servis elektro, servo in vretenskih motorjev","publisher":{"@id":"https:\/\/matris.eu\/de\/#organization"},"alternateName":"Matris","potentialAction":[{"@type":"SearchAction","target":{"@type":"EntryPoint","urlTemplate":"https:\/\/matris.eu\/de\/?s={search_term_string}"},"query-input":{"@type":"PropertyValueSpecification","valueRequired":true,"valueName":"search_term_string"}}],"inLanguage":"de"},{"@type":"Organization","@id":"https:\/\/matris.eu\/de\/#organization","name":"Servisni center Matris","alternateName":"Matris","url":"https:\/\/matris.eu\/de\/","logo":{"@type":"ImageObject","inLanguage":"de","@id":"https:\/\/matris.eu\/de\/#\/schema\/logo\/image\/","url":"","contentUrl":"","caption":"Servisni center Matris"},"image":{"@id":"https:\/\/matris.eu\/de\/#\/schema\/logo\/image\/"},"sameAs":["https:\/\/www.facebook.com\/Matrisdoo","https:\/\/www.linkedin.com\/company\/matris_doo\/"]}]}},"_links":{"self":[{"href":"https:\/\/matris.eu\/de\/wp-json\/wp\/v2\/pages\/3659","targetHints":{"allow":["GET"]}}],"collection":[{"href":"https:\/\/matris.eu\/de\/wp-json\/wp\/v2\/pages"}],"about":[{"href":"https:\/\/matris.eu\/de\/wp-json\/wp\/v2\/types\/page"}],"author":[{"embeddable":true,"href":"https:\/\/matris.eu\/de\/wp-json\/wp\/v2\/users\/1"}],"replies":[{"embeddable":true,"href":"https:\/\/matris.eu\/de\/wp-json\/wp\/v2\/comments?post=3659"}],"version-history":[{"count":10,"href":"https:\/\/matris.eu\/de\/wp-json\/wp\/v2\/pages\/3659\/revisions"}],"predecessor-version":[{"id":3705,"href":"https:\/\/matris.eu\/de\/wp-json\/wp\/v2\/pages\/3659\/revisions\/3705"}],"up":[{"embeddable":true,"href":"https:\/\/matris.eu\/de\/wp-json\/wp\/v2\/pages\/2530"}],"wp:featuredmedia":[{"embeddable":true,"href":"https:\/\/matris.eu\/de\/wp-json\/wp\/v2\/media\/627"}],"wp:attachment":[{"href":"https:\/\/matris.eu\/de\/wp-json\/wp\/v2\/media?parent=3659"}],"curies":[{"name":"wp","href":"https:\/\/api.w.org\/{rel}","templated":true}]}}