{"id":3583,"date":"2024-07-26T15:58:21","date_gmt":"2024-07-26T13:58:21","guid":{"rendered":"https:\/\/matris.eu\/leistungen\/cnc-bearbeitung\/"},"modified":"2025-06-17T18:27:32","modified_gmt":"2025-06-17T16:27:32","slug":"cnc-bearbeitung","status":"publish","type":"page","link":"https:\/\/matris.eu\/de\/leistungen\/cnc-bearbeitung\/","title":{"rendered":"CNC-Bearbeitung"},"content":{"rendered":"<div class=\"wpb-content-wrapper\"><p>[vc_row row_height_percent=&#8220;0&#8243; override_padding=&#8220;yes&#8220; h_padding=&#8220;2&#8243; top_padding=&#8220;0&#8243; bottom_padding=&#8220;2&#8243; overlay_alpha=&#8220;50&#8243; gutter_size=&#8220;4&#8243; column_width_percent=&#8220;100&#8243; shift_y=&#8220;0&#8243; z_index=&#8220;0&#8243; uncode_shortcode_id=&#8220;792719&#8243;][vc_column width=&#8220;1\/2&#8243;][vc_custom_heading uncode_shortcode_id=&#8220;187817&#8243;]3- und 5-achsige CNC-Bearbeitung von Materialien[\/vc_custom_heading][vc_column_text uncode_shortcode_id=&#8220;121180&#8243;]Wir bieten 3- und 5-Achsen-Fr\u00e4sdienste f\u00fcr Materialien wie Werkzeugstahl, klassisches Eisen, Aluminium, Kupfer, Kunststoffe und Holz f\u00fcr die Energie-, Werkzeugherstellungs-, Luft- und Raumfahrt- und Automobilindustrie an.<\/p>\n<p>F\u00fcr die Herstellung komplexerer Produkte eignet sich oft nur das 5-Achs-Fr\u00e4sen. Diese Bearbeitung dient der Herstellung von Werkst\u00fccken mit komplexen Geometrien und unterschiedlich gekr\u00fcmmten Oberfl\u00e4chen. Vor der Einf\u00fchrung der 5-Achs-Bearbeitung wurde das Problem solcher Werkst\u00fccke durch 3-Achs-Bearbeitung und den Einsatz von Spezialwerkzeugen gel\u00f6st, was die Produktionszeit verl\u00e4ngerte und den Preis des Endprodukts erh\u00f6hte.  <\/p>\n<p>Die 5-Achs-Bearbeitung erm\u00f6glicht auch negative Wandneigungen. Der Vorteil dieser Fr\u00e4sart: <\/p>\n<ul>\n<li>Reduzierung der Anzahl der Bearbeitungsvorrichtungen,<\/li>\n<li>k\u00fcrzere Schneidwerkzeuge,<\/li>\n<li>verbesserte Steifigkeit k\u00fcrzerer Werkzeuge.<\/li>\n<\/ul>\n<p>[\/vc_column_text][vc_row_inner][vc_column_inner column_width_percent=&#8220;100&#8243; gutter_size=&#8220;2&#8243; overlay_alpha=&#8220;50&#8243; shift_x=&#8220;0&#8243; shift_y=&#8220;0&#8243; shift_y_down=&#8220;0&#8243; z_index=&#8220;0&#8243; medium_width=&#8220;0&#8243; mobile_width=&#8220;0&#8243; width=&#8220;1\/1&#8243; uncode_shortcode_id=&#8220;105453&#8243;][vc_custom_heading heading_semantic=&#8220;h3&#8243; text_size=&#8220;h4&#8243; uncode_shortcode_id=&#8220;259552&#8243;]Die 3- und 5-achsige CNC-Metallbearbeitung umfasst:[\/vc_custom_heading][uncode_list icon=&#8220;fa fa-check&#8220; icon_color=&#8220;accent&#8220; uncode_shortcode_id=&#8220;110080&#8243; icon_color_type=&#8220;uncode-palette&#8220;]<\/p>\n<ul>\n<li>Erstellung eines Verarbeitungsprogramms,<\/li>\n<li>CNC-Bearbeitung des St\u00fccks,<\/li>\n<li>Endmessungen.<\/li>\n<\/ul>\n<p>[\/uncode_list][\/vc_column_inner][\/vc_row_inner][\/vc_column][vc_column width=&#8220;1\/2&#8243;][vc_row_inner][vc_column_inner column_width_percent=&#8220;100&#8243; gutter_size=&#8220;3&#8243; override_padding=&#8220;yes&#8220; column_padding=&#8220;3&#8243; back_color=&#8220;color-193339&#8243; overlay_alpha=&#8220;50&#8243; shift_x=&#8220;0&#8243; shift_y=&#8220;0&#8243; shift_y_down=&#8220;0&#8243; z_index=&#8220;0&#8243; medium_width=&#8220;0&#8243; mobile_width=&#8220;0&#8243; width=&#8220;1\/1&#8243; uncode_shortcode_id=&#8220;942628&#8243; back_color_type=&#8220;uncode-palette&#8220;][vc_column_text uncode_shortcode_id=&#8220;342642&#8243;]<\/p>\n<h5>Abmessungen der Werkst\u00fccke beim 5-Achs-CNC-Fr\u00e4sen:<\/h5>\n<ul>\n<li>x = 500 mm<\/li>\n<li>y = 450 mm<\/li>\n<li>mit = 400 mm<\/li>\n<\/ul>\n<h5>Werkst\u00fcckabmessungen:<\/h5>\n<ul>\n<li>max. Durchmesser = 630 mm <\/li>\n<li>max. Arbeitsh\u00f6he = 500 mm <\/li>\n<li>max. Gewicht = 300 kg <\/li>\n<\/ul>\n<h5>Abmessungen von 3-Achs-CNC-Fr\u00e4swerkst\u00fccken:<\/h5>\n<ul>\n<li>x = 800 mm<\/li>\n<li>y = 560 mm<\/li>\n<li>mit = 1100 mm<\/li>\n<li>max. Gewicht = 800 kg <\/li>\n<\/ul>\n<p>[\/vc_column_text][vc_column_text text_lead=&#8220;small&#8220; uncode_shortcode_id=&#8220;162753&#8243;]<em><span class=\"normaltextrun\">Die Endma\u00dfe m\u00fcssen \u00fcberpr\u00fcft werden, da je nach Bearbeitung und Werkst\u00fcckform Abweichungen m\u00f6glich sind.<\/span><span class=\"eop\"> <\/span><\/em>[\/vc_column_text][\/vc_column_inner][\/vc_row_inner][\/vc_column][\/vc_row][vc_row][vc_column width=&#8220;1\/2&#8243;][vc_single_image media=&#8220;311&#8243; caption=&#8220;yes&#8220; media_width_use_pixel=&#8220;yes&#8220; uncode_shortcode_id=&#8220;181757&#8243; media_width_pixel=&#8220;450&#8243;][\/vc_column][vc_column width=&#8220;1\/2&#8243;][vc_single_image media=&#8220;312&#8243; caption=&#8220;yes&#8220; media_width_use_pixel=&#8220;yes&#8220; uncode_shortcode_id=&#8220;152296&#8243; media_width_pixel=&#8220;470&#8243;][\/vc_column][\/vc_row][vc_row][vc_column width=&#8220;1\/1&#8243;][vc_separator sep_color=&#8220;color-uydo&#8220; uncode_shortcode_id=&#8220;979609&#8243; sep_color_type=&#8220;uncode-palette&#8220;][\/vc_column][\/vc_row][vc_row][vc_column width=&#8220;1\/2&#8243;][vc_custom_heading uncode_shortcode_id=&#8220;409568&#8243;]Laserschwei\u00dfen[\/vc_custom_heading][vc_column_text uncode_shortcode_id=&#8220;918064&#8243;]Beim Laserwellenschwei\u00dfen schwei\u00dfen wir Zusatzwerkstoff auf eine verschlissene Welle oder ein Lagergeh\u00e4use. Dadurch wird die Oberfl\u00e4che, die durch den Zusatzwerkstoff und den Prozess selbst geh\u00e4rtet wird, ohne zus\u00e4tzliche W\u00e4rmebehandlung repariert. Gleichzeitig vermeiden wir die Herstellung einer neuen Welle, was Zeit und Kosten spart.[\/vc_column_text][vc_row_inner][vc_column_inner column_width_percent=&#8220;100&#8243; gutter_size=&#8220;2&#8243; overlay_alpha=&#8220;50&#8243; shift_x=&#8220;0&#8243; shift_y=&#8220;0&#8243; shift_y_down=&#8220;0&#8243; z_index=&#8220;0&#8243; medium_width=&#8220;0&#8243; mobile_width=&#8220;0&#8243; width=&#8220;1\/1&#8243; uncode_shortcode_id=&#8220;105453&#8243;][vc_custom_heading heading_semantic=&#8220;h3&#8243; text_size=&#8220;h4&#8243; uncode_shortcode_id=&#8220;313782&#8243;]Das Laserschwei\u00dfen umfasst:[\/vc_custom_heading][uncode_list icon=&#8220;fa fa-check&#8220; icon_color=&#8220;accent&#8220; uncode_shortcode_id=&#8220;141165&#8243; icon_color_type=&#8220;uncode-palette&#8220;]<\/p>\n<ul>\n<li>Vorschleifen der Oberfl\u00e4che, falls erforderlich,<\/li>\n<li>Laserschwei\u00dfen mit Materialauftrag,<\/li>\n<li>Schleifen nach Werkstoleranzen,<\/li>\n<li>Durchf\u00fchren der letzten Messung.<\/li>\n<\/ul>\n<p>[\/uncode_list][\/vc_column_inner][\/vc_row_inner][\/vc_column][vc_column width=&#8220;1\/2&#8243;][vc_custom_heading uncode_shortcode_id=&#8220;186585&#8243;]Rundschleifen[\/vc_custom_heading][vc_column_text uncode_shortcode_id=&#8220;352437&#8243;]Beim Rundschleifen schleifen wir den geschwei\u00dften Teil der Welle auf Endma\u00df oder korrigieren die seitlichen Lagerstellen entsprechend den Einbauanforderungen. Das Schleifen ist bis zu einer maximalen Au\u00dfenbreite von 400 mm, einem Innendurchmesser von 10 mm bis 300 mm und einer maximalen L\u00e4nge von 1000 mm m\u00f6glich.[\/vc_column_text][vc_row_inner][vc_column_inner column_width_percent=&#8220;100&#8243; gutter_size=&#8220;2&#8243; overlay_alpha=&#8220;50&#8243; shift_x=&#8220;0&#8243; shift_y=&#8220;0&#8243; shift_y_down=&#8220;0&#8243; z_index=&#8220;0&#8243; medium_width=&#8220;0&#8243; mobile_width=&#8220;0&#8243; width=&#8220;1\/1&#8243; uncode_shortcode_id=&#8220;105453&#8243;][vc_custom_heading heading_semantic=&#8220;h3&#8243; text_size=&#8220;h4&#8243; uncode_shortcode_id=&#8220;631870&#8243;]Das Rundschleifen umfasst:[\/vc_custom_heading][uncode_list icon=&#8220;fa fa-check&#8220; icon_color=&#8220;accent&#8220; uncode_shortcode_id=&#8220;150227&#8243; icon_color_type=&#8220;uncode-palette&#8220;]<\/p>\n<ul>\n<li>Schleifen nach Werkstoleranzen,<\/li>\n<li>Durchf\u00fchren der letzten Messung.<\/li>\n<\/ul>\n<p>[\/uncode_list][\/vc_column_inner][\/vc_row_inner][\/vc_column][\/vc_row][vc_row][vc_column width=&#8220;1\/1&#8243;][vc_separator sep_color=&#8220;color-uydo&#8220; uncode_shortcode_id=&#8220;979609&#8243; sep_color_type=&#8220;uncode-palette&#8220;][\/vc_column][\/vc_row][vc_row row_height_percent=&#8220;0&#8243; override_padding=&#8220;yes&#8220; h_padding=&#8220;2&#8243; top_padding=&#8220;2&#8243; bottom_padding=&#8220;3&#8243; overlay_alpha=&#8220;50&#8243; gutter_size=&#8220;4&#8243; column_width_percent=&#8220;100&#8243; shift_y=&#8220;0&#8243; z_index=&#8220;0&#8243; uncode_shortcode_id=&#8220;502530&#8243;][vc_column width=&#8220;1\/2&#8243;][vc_custom_heading uncode_shortcode_id=&#8220;285343&#8243;]Statisches und dynamisches Auswuchten[\/vc_custom_heading][vc_column_text uncode_shortcode_id=&#8220;984649&#8243;]Das statische und dynamische Auswuchten des Motorrotors ist ein Verfahren, das bei jeder Rotorreparatur und -restaurierung durchgef\u00fchrt wird. Das statische Auswuchten des Motorrotors korrigiert die Unwucht, die im Ruhezustand Vibrationen verursacht. Das dynamische Auswuchten, das auch das statische Auswuchten umfasst, korrigiert die Unwucht bei rotierendem Rotor. Beide Methoden sind unerl\u00e4sslich, um Vibrationen und Verschlei\u00df zu reduzieren, was die Lebensdauer des Motors verl\u00e4ngert und seine Effizienz und Zuverl\u00e4ssigkeit verbessert. Das statische Auswuchten konzentriert sich auf eine Ebene, das dynamische Auswuchten auf zwei oder mehr Ebenen.[\/vc_column_text][vc_row_inner][vc_column_inner column_width_percent=&#8220;100&#8243; gutter_size=&#8220;2&#8243; overlay_alpha=&#8220;50&#8243; shift_x=&#8220;0&#8243; shift_y=&#8220;0&#8243; shift_y_down=&#8220;0&#8243; z_index=&#8220;0&#8243; medium_width=&#8220;0&#8243; mobile_width=&#8220;0&#8243; width=&#8220;1\/1&#8243; uncode_shortcode_id=&#8220;105453&#8243;][vc_custom_heading heading_semantic=&#8220;h3&#8243; text_size=&#8220;h4&#8243; uncode_shortcode_id=&#8220;142482&#8243;]Das dynamische Auswuchten und Feinauswuchten umfasst:[\/vc_custom_heading][uncode_list icon=&#8220;fa fa-check&#8220; icon_color=&#8220;accent&#8220; uncode_shortcode_id=&#8220;580173&#8243; icon_color_type=&#8220;uncode-palette&#8220;]<\/p>\n<ul>\n<li>Erstmessungen und Kalibrierung,<\/li>\n<li>Ermittlung von Ausgleichspunkten,<\/li>\n<li>Hinzuf\u00fcgen oder Entfernen von Material,<\/li>\n<li>Zwischenmessungen,<\/li>\n<li>Best\u00e4tigung der Angemessenheit der verbleibenden Schwingungen,<\/li>\n<li>Abschlussbericht.<\/li>\n<\/ul>\n<p>[\/uncode_list][\/vc_column_inner][\/vc_row_inner][\/vc_column][vc_column width=&#8220;1\/2&#8243;][vc_single_image media=&#8220;487&#8243; media_width_percent=&#8220;100&#8243; uncode_shortcode_id=&#8220;131361&#8243;][\/vc_column][\/vc_row]<\/p>\n<\/div>","protected":false},"excerpt":{"rendered":"<p>Wir verarbeiten Kunststoffe, Metalle, Edelstahl und Holz f\u00fcr Prototypen (auch nur ein St\u00fcck) oder Halbserien.<\/p>\n","protected":false},"author":3,"featured_media":1610,"parent":2530,"menu_order":8,"comment_status":"closed","ping_status":"closed","template":"","meta":{"footnotes":""},"class_list":["post-3583","page","type-page","status-publish","has-post-thumbnail","hentry"],"yoast_head":"<!-- This site is optimized with the Yoast SEO plugin v27.3 - https:\/\/yoast.com\/product\/yoast-seo-wordpress\/ -->\n<title>CNC-Bearbeitung | Matris<\/title>\n<meta name=\"robots\" content=\"index, follow, max-snippet:-1, max-image-preview:large, max-video-preview:-1\" \/>\n<link rel=\"canonical\" href=\"https:\/\/matris.eu\/de\/leistungen\/cnc-bearbeitung\/\" \/>\n<meta property=\"og:locale\" content=\"de_DE\" \/>\n<meta property=\"og:type\" content=\"article\" \/>\n<meta property=\"og:title\" content=\"CNC-Bearbeitung | Matris\" \/>\n<meta property=\"og:description\" content=\"Wir verarbeiten Kunststoffe, Metalle, Edelstahl und Holz f\u00fcr Prototypen (auch nur ein St\u00fcck) oder Halbserien.\" \/>\n<meta property=\"og:url\" content=\"https:\/\/matris.eu\/de\/leistungen\/cnc-bearbeitung\/\" \/>\n<meta property=\"og:site_name\" content=\"Matris\" \/>\n<meta property=\"article:publisher\" content=\"https:\/\/www.facebook.com\/Matrisdoo\" \/>\n<meta property=\"article:modified_time\" content=\"2025-06-17T16:27:32+00:00\" \/>\n<meta property=\"og:image\" content=\"https:\/\/matris.eu\/wp-content\/uploads\/2024\/07\/hero_image_cnc_obdelava-1.jpg\" \/>\n\t<meta property=\"og:image:width\" content=\"2048\" \/>\n\t<meta property=\"og:image:height\" content=\"800\" \/>\n\t<meta property=\"og:image:type\" content=\"image\/jpeg\" \/>\n<meta name=\"twitter:card\" content=\"summary_large_image\" \/>\n<meta name=\"twitter:label1\" content=\"Gesch\u00e4tzte Lesezeit\" \/>\n\t<meta name=\"twitter:data1\" content=\"5\u00a0Minuten\" \/>\n<script type=\"application\/ld+json\" class=\"yoast-schema-graph\">{\"@context\":\"https:\\\/\\\/schema.org\",\"@graph\":[{\"@type\":\"WebPage\",\"@id\":\"https:\\\/\\\/matris.eu\\\/de\\\/leistungen\\\/cnc-bearbeitung\\\/\",\"url\":\"https:\\\/\\\/matris.eu\\\/de\\\/leistungen\\\/cnc-bearbeitung\\\/\",\"name\":\"CNC-Bearbeitung | Matris\",\"isPartOf\":{\"@id\":\"https:\\\/\\\/matris.eu\\\/de\\\/#website\"},\"primaryImageOfPage\":{\"@id\":\"https:\\\/\\\/matris.eu\\\/de\\\/leistungen\\\/cnc-bearbeitung\\\/#primaryimage\"},\"image\":{\"@id\":\"https:\\\/\\\/matris.eu\\\/de\\\/leistungen\\\/cnc-bearbeitung\\\/#primaryimage\"},\"thumbnailUrl\":\"https:\\\/\\\/matris.eu\\\/wp-content\\\/uploads\\\/2024\\\/07\\\/hero_image_cnc_obdelava-1.jpg\",\"datePublished\":\"2024-07-26T13:58:21+00:00\",\"dateModified\":\"2025-06-17T16:27:32+00:00\",\"breadcrumb\":{\"@id\":\"https:\\\/\\\/matris.eu\\\/de\\\/leistungen\\\/cnc-bearbeitung\\\/#breadcrumb\"},\"inLanguage\":\"de\",\"potentialAction\":[{\"@type\":\"ReadAction\",\"target\":[\"https:\\\/\\\/matris.eu\\\/de\\\/leistungen\\\/cnc-bearbeitung\\\/\"]}]},{\"@type\":\"ImageObject\",\"inLanguage\":\"de\",\"@id\":\"https:\\\/\\\/matris.eu\\\/de\\\/leistungen\\\/cnc-bearbeitung\\\/#primaryimage\",\"url\":\"https:\\\/\\\/matris.eu\\\/wp-content\\\/uploads\\\/2024\\\/07\\\/hero_image_cnc_obdelava-1.jpg\",\"contentUrl\":\"https:\\\/\\\/matris.eu\\\/wp-content\\\/uploads\\\/2024\\\/07\\\/hero_image_cnc_obdelava-1.jpg\",\"width\":2048,\"height\":800,\"caption\":\"CNC obdelava\"},{\"@type\":\"BreadcrumbList\",\"@id\":\"https:\\\/\\\/matris.eu\\\/de\\\/leistungen\\\/cnc-bearbeitung\\\/#breadcrumb\",\"itemListElement\":[{\"@type\":\"ListItem\",\"position\":1,\"name\":\"Home\",\"item\":\"https:\\\/\\\/matris.eu\\\/de\\\/\"},{\"@type\":\"ListItem\",\"position\":2,\"name\":\"Leistungen\",\"item\":\"https:\\\/\\\/matris.eu\\\/de\\\/leistungen\\\/\"},{\"@type\":\"ListItem\",\"position\":3,\"name\":\"CNC-Bearbeitung\"}]},{\"@type\":\"WebSite\",\"@id\":\"https:\\\/\\\/matris.eu\\\/de\\\/#website\",\"url\":\"https:\\\/\\\/matris.eu\\\/de\\\/\",\"name\":\"Servisni center Matris\",\"description\":\"Servis elektro, servo in vretenskih motorjev\",\"publisher\":{\"@id\":\"https:\\\/\\\/matris.eu\\\/de\\\/#organization\"},\"alternateName\":\"Matris\",\"potentialAction\":[{\"@type\":\"SearchAction\",\"target\":{\"@type\":\"EntryPoint\",\"urlTemplate\":\"https:\\\/\\\/matris.eu\\\/de\\\/?s={search_term_string}\"},\"query-input\":{\"@type\":\"PropertyValueSpecification\",\"valueRequired\":true,\"valueName\":\"search_term_string\"}}],\"inLanguage\":\"de\"},{\"@type\":\"Organization\",\"@id\":\"https:\\\/\\\/matris.eu\\\/de\\\/#organization\",\"name\":\"Servisni center Matris\",\"alternateName\":\"Matris\",\"url\":\"https:\\\/\\\/matris.eu\\\/de\\\/\",\"logo\":{\"@type\":\"ImageObject\",\"inLanguage\":\"de\",\"@id\":\"https:\\\/\\\/matris.eu\\\/de\\\/#\\\/schema\\\/logo\\\/image\\\/\",\"url\":\"\",\"contentUrl\":\"\",\"caption\":\"Servisni center Matris\"},\"image\":{\"@id\":\"https:\\\/\\\/matris.eu\\\/de\\\/#\\\/schema\\\/logo\\\/image\\\/\"},\"sameAs\":[\"https:\\\/\\\/www.facebook.com\\\/Matrisdoo\",\"https:\\\/\\\/www.linkedin.com\\\/company\\\/matris_doo\\\/\"]}]}<\/script>\n<!-- \/ Yoast SEO plugin. -->","yoast_head_json":{"title":"CNC-Bearbeitung | Matris","robots":{"index":"index","follow":"follow","max-snippet":"max-snippet:-1","max-image-preview":"max-image-preview:large","max-video-preview":"max-video-preview:-1"},"canonical":"https:\/\/matris.eu\/de\/leistungen\/cnc-bearbeitung\/","og_locale":"de_DE","og_type":"article","og_title":"CNC-Bearbeitung | Matris","og_description":"Wir verarbeiten Kunststoffe, Metalle, Edelstahl und Holz f\u00fcr Prototypen (auch nur ein St\u00fcck) oder Halbserien.","og_url":"https:\/\/matris.eu\/de\/leistungen\/cnc-bearbeitung\/","og_site_name":"Matris","article_publisher":"https:\/\/www.facebook.com\/Matrisdoo","article_modified_time":"2025-06-17T16:27:32+00:00","og_image":[{"width":2048,"height":800,"url":"https:\/\/matris.eu\/wp-content\/uploads\/2024\/07\/hero_image_cnc_obdelava-1.jpg","type":"image\/jpeg"}],"twitter_card":"summary_large_image","twitter_misc":{"Gesch\u00e4tzte Lesezeit":"5\u00a0Minuten"},"schema":{"@context":"https:\/\/schema.org","@graph":[{"@type":"WebPage","@id":"https:\/\/matris.eu\/de\/leistungen\/cnc-bearbeitung\/","url":"https:\/\/matris.eu\/de\/leistungen\/cnc-bearbeitung\/","name":"CNC-Bearbeitung | Matris","isPartOf":{"@id":"https:\/\/matris.eu\/de\/#website"},"primaryImageOfPage":{"@id":"https:\/\/matris.eu\/de\/leistungen\/cnc-bearbeitung\/#primaryimage"},"image":{"@id":"https:\/\/matris.eu\/de\/leistungen\/cnc-bearbeitung\/#primaryimage"},"thumbnailUrl":"https:\/\/matris.eu\/wp-content\/uploads\/2024\/07\/hero_image_cnc_obdelava-1.jpg","datePublished":"2024-07-26T13:58:21+00:00","dateModified":"2025-06-17T16:27:32+00:00","breadcrumb":{"@id":"https:\/\/matris.eu\/de\/leistungen\/cnc-bearbeitung\/#breadcrumb"},"inLanguage":"de","potentialAction":[{"@type":"ReadAction","target":["https:\/\/matris.eu\/de\/leistungen\/cnc-bearbeitung\/"]}]},{"@type":"ImageObject","inLanguage":"de","@id":"https:\/\/matris.eu\/de\/leistungen\/cnc-bearbeitung\/#primaryimage","url":"https:\/\/matris.eu\/wp-content\/uploads\/2024\/07\/hero_image_cnc_obdelava-1.jpg","contentUrl":"https:\/\/matris.eu\/wp-content\/uploads\/2024\/07\/hero_image_cnc_obdelava-1.jpg","width":2048,"height":800,"caption":"CNC obdelava"},{"@type":"BreadcrumbList","@id":"https:\/\/matris.eu\/de\/leistungen\/cnc-bearbeitung\/#breadcrumb","itemListElement":[{"@type":"ListItem","position":1,"name":"Home","item":"https:\/\/matris.eu\/de\/"},{"@type":"ListItem","position":2,"name":"Leistungen","item":"https:\/\/matris.eu\/de\/leistungen\/"},{"@type":"ListItem","position":3,"name":"CNC-Bearbeitung"}]},{"@type":"WebSite","@id":"https:\/\/matris.eu\/de\/#website","url":"https:\/\/matris.eu\/de\/","name":"Servisni center Matris","description":"Servis elektro, servo in vretenskih motorjev","publisher":{"@id":"https:\/\/matris.eu\/de\/#organization"},"alternateName":"Matris","potentialAction":[{"@type":"SearchAction","target":{"@type":"EntryPoint","urlTemplate":"https:\/\/matris.eu\/de\/?s={search_term_string}"},"query-input":{"@type":"PropertyValueSpecification","valueRequired":true,"valueName":"search_term_string"}}],"inLanguage":"de"},{"@type":"Organization","@id":"https:\/\/matris.eu\/de\/#organization","name":"Servisni center Matris","alternateName":"Matris","url":"https:\/\/matris.eu\/de\/","logo":{"@type":"ImageObject","inLanguage":"de","@id":"https:\/\/matris.eu\/de\/#\/schema\/logo\/image\/","url":"","contentUrl":"","caption":"Servisni center Matris"},"image":{"@id":"https:\/\/matris.eu\/de\/#\/schema\/logo\/image\/"},"sameAs":["https:\/\/www.facebook.com\/Matrisdoo","https:\/\/www.linkedin.com\/company\/matris_doo\/"]}]}},"_links":{"self":[{"href":"https:\/\/matris.eu\/de\/wp-json\/wp\/v2\/pages\/3583","targetHints":{"allow":["GET"]}}],"collection":[{"href":"https:\/\/matris.eu\/de\/wp-json\/wp\/v2\/pages"}],"about":[{"href":"https:\/\/matris.eu\/de\/wp-json\/wp\/v2\/types\/page"}],"author":[{"embeddable":true,"href":"https:\/\/matris.eu\/de\/wp-json\/wp\/v2\/users\/3"}],"replies":[{"embeddable":true,"href":"https:\/\/matris.eu\/de\/wp-json\/wp\/v2\/comments?post=3583"}],"version-history":[{"count":8,"href":"https:\/\/matris.eu\/de\/wp-json\/wp\/v2\/pages\/3583\/revisions"}],"predecessor-version":[{"id":3645,"href":"https:\/\/matris.eu\/de\/wp-json\/wp\/v2\/pages\/3583\/revisions\/3645"}],"up":[{"embeddable":true,"href":"https:\/\/matris.eu\/de\/wp-json\/wp\/v2\/pages\/2530"}],"wp:featuredmedia":[{"embeddable":true,"href":"https:\/\/matris.eu\/de\/wp-json\/wp\/v2\/media\/1610"}],"wp:attachment":[{"href":"https:\/\/matris.eu\/de\/wp-json\/wp\/v2\/media?parent=3583"}],"curies":[{"name":"wp","href":"https:\/\/api.w.org\/{rel}","templated":true}]}}