{"id":3568,"date":"2024-07-18T16:08:04","date_gmt":"2024-07-18T14:08:04","guid":{"rendered":"https:\/\/matris.eu\/leistungen\/wartung-von-ex-geraeten\/"},"modified":"2025-06-17T18:27:31","modified_gmt":"2025-06-17T16:27:31","slug":"wartung-von-ex-geraeten","status":"publish","type":"page","link":"https:\/\/matris.eu\/de\/leistungen\/wartung-von-ex-geraeten\/","title":{"rendered":"Wartung von EX-Ger\u00e4ten"},"content":{"rendered":"<div class=\"wpb-content-wrapper\"><p>[vc_row row_height_percent=&#8220;0&#8243; override_padding=&#8220;yes&#8220; h_padding=&#8220;2&#8243; top_padding=&#8220;0&#8243; bottom_padding=&#8220;2&#8243; overlay_alpha=&#8220;50&#8243; gutter_size=&#8220;4&#8243; column_width_percent=&#8220;100&#8243; shift_y=&#8220;0&#8243; z_index=&#8220;0&#8243; uncode_shortcode_id=&#8220;792719&#8243;][vc_column width=&#8220;1\/2&#8243;][vc_custom_heading heading_semantic=&#8220;h3&#8243; text_size=&#8220;h4&#8243; uncode_shortcode_id=&#8220;135527&#8243;]Ma\u00dfnahmen f\u00fcr sicheres Arbeiten und Arbeiten in explosionsgef\u00e4hrdeten Bereichen[\/vc_custom_heading][vc_column_text uncode_shortcode_id=&#8220;171137&#8243;]Unter den Explosionsschutz fallen Ger\u00e4te, die in explosionsgef\u00e4hrdeten <em>Bereichen<\/em> (ATEX) eingesetzt werden, also in Umgebungen, die durch Gemische brennbarer Stoffe in Form von Gasen, D\u00e4mpfen, Nebeln oder St\u00e4uben mit Luft unter atmosph\u00e4rischen Bedingungen explosionsf\u00e4hig werden k\u00f6nnen und bei denen sich die Flamme bei einer Entz\u00fcndung auf das gesamte unverbrannte Gemisch ausbreitet.<\/p>\n<p>Es ist die Pflicht des Staates, die Gesundheit und Sicherheit der Menschen, insbesondere der Arbeitnehmer, auf seinem Territorium zu sch\u00fctzen, insbesondere vor den Gefahren, die sich aus der Verwendung von Ger\u00e4ten und Systemen ergeben, die Schutz vor explosionsgef\u00e4hrdeten Bereichen bieten.<\/p>\n<p>Die betreffenden Produkte d\u00fcrfen nur in Verkehr gebracht und in Betrieb genommen werden, wenn sie bei ordnungsgem\u00e4\u00dfer Installation und Wartung sowie bestimmungsgem\u00e4\u00dfer Verwendung den Anforderungen der Explosionsschutzverordnung entsprechen. Die Verordnung legt au\u00dferdem Anforderungen an die Sicherheit und den Gesundheitsschutz von Arbeitnehmern fest, die durch explosionsf\u00e4hige Atmosph\u00e4ren gef\u00e4hrdet sein k\u00f6nnen, sowie Ma\u00dfnahmen f\u00fcr den sicheren Betrieb und die sichere Arbeit in solchen Atmosph\u00e4ren.[\/vc_column_text][vc_custom_heading heading_semantic=&#8220;h3&#8243; text_size=&#8220;h4&#8243; uncode_shortcode_id=&#8220;404933&#8243;]Die Anforderungen gelten f\u00fcr folgende Produkte:[\/vc_custom_heading][uncode_list icon=&#8220;fa fa-check&#8220; icon_color=&#8220;accent&#8220; uncode_shortcode_id=&#8220;157197&#8243; icon_color_type=&#8220;uncode-palette&#8220;]<\/p>\n<ul>\n<li>Ger\u00e4te und Schutzsysteme zur Verwendung in explosionsgef\u00e4hrdeten Bereichen;<\/li>\n<li>Sicherheitseinrichtungen, Steuerger\u00e4te und Bedienger\u00e4te, die zur Verwendung au\u00dferhalb explosionsgef\u00e4hrdeter Bereiche bestimmt sind, jedoch f\u00fcr den sicheren Betrieb von Ger\u00e4ten oder Schutzsystemen im Hinblick auf die Explosionsgefahr notwendig oder n\u00fctzlich sind;<\/li>\n<li>Komponenten, die zum Einbau in Ger\u00e4te und Schutzsysteme bestimmt sind.<\/li>\n<\/ul>\n<p>[\/uncode_list][vc_column_text uncode_shortcode_id=&#8220;204057&#8243;]Konformit\u00e4tsbewertungsverfahren gew\u00e4hrleisten die Konformit\u00e4t von Ger\u00e4ten und Schutzsystemen zur Verwendung in explosionsgef\u00e4hrdeten Bereichen mit den grundlegenden Gesundheits- und Sicherheitsanforderungen. Auch die Konformit\u00e4t von Ma\u00dfnahmen zur Explosionsverh\u00fctung und zum Explosionsschutz wird bewertet. Benannte Stellen sind Stellen, die f\u00fcr die Konformit\u00e4tsbewertung von Produkten im Rahmen der Explosionsschutzverordnung zust\u00e4ndig sind und bei der Europ\u00e4ischen Kommission notifiziert sind.[\/vc_column_text][\/vc_column][vc_column width=&#8220;1\/2&#8243;][vc_single_image media=&#8220;1884&#8243; media_lightbox=&#8220;yes&#8220; media_width_percent=&#8220;100&#8243; shadow=&#8220;yes&#8220; shadow_weight=&#8220;sm&#8220; uncode_shortcode_id=&#8220;768735&#8243;][vc_row_inner row_inner_height_percent=&#8220;0&#8243; overlay_alpha=&#8220;50&#8243; gutter_size=&#8220;3&#8243; shift_y=&#8220;0&#8243; z_index=&#8220;0&#8243; uncode_shortcode_id=&#8220;564069&#8243; css=&#8220;.vc_custom_1731511811180{margin-top: 50px !important;}&#8220; shape_dividers=&#8220;&#8220;][vc_column_inner width=&#8220;1\/1&#8243;][vc_separator sep_color=&#8220;color-uydo&#8220; uncode_shortcode_id=&#8220;979609&#8243; sep_color_type=&#8220;uncode-palette&#8220;][vc_single_image media=&#8220;1934&#8243; media_width_use_pixel=&#8220;yes&#8220; uncode_shortcode_id=&#8220;148119&#8243; media_width_pixel=&#8220;250&#8243;][vc_column_text uncode_shortcode_id=&#8220;106001&#8243;]Matris ist ein f\u00fcr die Konformit\u00e4tsbewertung gem\u00e4\u00df den Vorschriften zum Explosionsschutz (Amtsblatt der Republik Slowenien Nr. 41\/2016) zertifiziertes Unternehmen im Rahmen der Auftragnehmerqualifikation f\u00fcr die Inspektion und Wartung elektrischer Anlagen (SIST EN 60079-17) gem\u00e4\u00df Artikel 43.[\/vc_column_text][vc_separator sep_color=&#8220;color-uydo&#8220; uncode_shortcode_id=&#8220;979609&#8243; sep_color_type=&#8220;uncode-palette&#8220;][vc_column_text text_lead=&#8220;small&#8220; uncode_shortcode_id=&#8220;145280&#8243;]Quelle: <a href=\"https:\/\/www.gov.si\/teme\/protieksplozijska-zascita\/\" target=\"_blank\" rel=\"noopener\">https:\/\/www.gov.si\/teme\/protieksplozijska-zascita\/<\/a>[\/vc_column_text][\/vc_column_inner][\/vc_row_inner][\/vc_column][\/vc_row]<\/p>\n<\/div>","protected":false},"excerpt":{"rendered":"<p>Die Firma Matris verf\u00fcgt \u00fcber einen Kompetenznachweis f\u00fcr die Wartung von EX-Ger\u00e4ten.<\/p>\n","protected":false},"author":3,"featured_media":1361,"parent":2530,"menu_order":10,"comment_status":"closed","ping_status":"closed","template":"","meta":{"footnotes":""},"class_list":["post-3568","page","type-page","status-publish","has-post-thumbnail","hentry"],"yoast_head":"<!-- This site is optimized with the Yoast SEO plugin v27.4 - https:\/\/yoast.com\/product\/yoast-seo-wordpress\/ -->\n<title>Wartung von EX-Ger\u00e4ten | Matris<\/title>\n<meta name=\"robots\" content=\"index, follow, max-snippet:-1, max-image-preview:large, max-video-preview:-1\" \/>\n<link rel=\"canonical\" href=\"https:\/\/matris.eu\/de\/leistungen\/wartung-von-ex-geraeten\/\" \/>\n<meta property=\"og:locale\" content=\"de_DE\" \/>\n<meta property=\"og:type\" content=\"article\" \/>\n<meta property=\"og:title\" content=\"Wartung von EX-Ger\u00e4ten | Matris\" \/>\n<meta property=\"og:description\" content=\"Die Firma Matris verf\u00fcgt \u00fcber einen Kompetenznachweis f\u00fcr die Wartung von EX-Ger\u00e4ten.\" \/>\n<meta property=\"og:url\" content=\"https:\/\/matris.eu\/de\/leistungen\/wartung-von-ex-geraeten\/\" \/>\n<meta property=\"og:site_name\" content=\"Matris\" \/>\n<meta property=\"article:publisher\" content=\"https:\/\/www.facebook.com\/Matrisdoo\" \/>\n<meta property=\"article:modified_time\" content=\"2025-06-17T16:27:31+00:00\" \/>\n<meta property=\"og:image\" content=\"https:\/\/matris.eu\/wp-content\/uploads\/2024\/07\/hero_image_protieksplozijska_zascita.jpg\" \/>\n\t<meta property=\"og:image:width\" content=\"2048\" \/>\n\t<meta property=\"og:image:height\" content=\"800\" \/>\n\t<meta property=\"og:image:type\" content=\"image\/jpeg\" \/>\n<meta name=\"twitter:card\" content=\"summary_large_image\" \/>\n<meta name=\"twitter:label1\" content=\"Gesch\u00e4tzte Lesezeit\" \/>\n\t<meta name=\"twitter:data1\" content=\"3\u00a0Minuten\" \/>\n<script type=\"application\/ld+json\" class=\"yoast-schema-graph\">{\"@context\":\"https:\\\/\\\/schema.org\",\"@graph\":[{\"@type\":\"WebPage\",\"@id\":\"https:\\\/\\\/matris.eu\\\/de\\\/leistungen\\\/wartung-von-ex-geraeten\\\/\",\"url\":\"https:\\\/\\\/matris.eu\\\/de\\\/leistungen\\\/wartung-von-ex-geraeten\\\/\",\"name\":\"Wartung von EX-Ger\u00e4ten | Matris\",\"isPartOf\":{\"@id\":\"https:\\\/\\\/matris.eu\\\/de\\\/#website\"},\"primaryImageOfPage\":{\"@id\":\"https:\\\/\\\/matris.eu\\\/de\\\/leistungen\\\/wartung-von-ex-geraeten\\\/#primaryimage\"},\"image\":{\"@id\":\"https:\\\/\\\/matris.eu\\\/de\\\/leistungen\\\/wartung-von-ex-geraeten\\\/#primaryimage\"},\"thumbnailUrl\":\"https:\\\/\\\/matris.eu\\\/wp-content\\\/uploads\\\/2024\\\/07\\\/hero_image_protieksplozijska_zascita.jpg\",\"datePublished\":\"2024-07-18T14:08:04+00:00\",\"dateModified\":\"2025-06-17T16:27:31+00:00\",\"breadcrumb\":{\"@id\":\"https:\\\/\\\/matris.eu\\\/de\\\/leistungen\\\/wartung-von-ex-geraeten\\\/#breadcrumb\"},\"inLanguage\":\"de\",\"potentialAction\":[{\"@type\":\"ReadAction\",\"target\":[\"https:\\\/\\\/matris.eu\\\/de\\\/leistungen\\\/wartung-von-ex-geraeten\\\/\"]}]},{\"@type\":\"ImageObject\",\"inLanguage\":\"de\",\"@id\":\"https:\\\/\\\/matris.eu\\\/de\\\/leistungen\\\/wartung-von-ex-geraeten\\\/#primaryimage\",\"url\":\"https:\\\/\\\/matris.eu\\\/wp-content\\\/uploads\\\/2024\\\/07\\\/hero_image_protieksplozijska_zascita.jpg\",\"contentUrl\":\"https:\\\/\\\/matris.eu\\\/wp-content\\\/uploads\\\/2024\\\/07\\\/hero_image_protieksplozijska_zascita.jpg\",\"width\":2048,\"height\":800,\"caption\":\"Protieksplozijska za\u0161\u010dita\"},{\"@type\":\"BreadcrumbList\",\"@id\":\"https:\\\/\\\/matris.eu\\\/de\\\/leistungen\\\/wartung-von-ex-geraeten\\\/#breadcrumb\",\"itemListElement\":[{\"@type\":\"ListItem\",\"position\":1,\"name\":\"Home\",\"item\":\"https:\\\/\\\/matris.eu\\\/de\\\/\"},{\"@type\":\"ListItem\",\"position\":2,\"name\":\"Leistungen\",\"item\":\"https:\\\/\\\/matris.eu\\\/de\\\/leistungen\\\/\"},{\"@type\":\"ListItem\",\"position\":3,\"name\":\"Wartung von EX-Ger\u00e4ten\"}]},{\"@type\":\"WebSite\",\"@id\":\"https:\\\/\\\/matris.eu\\\/de\\\/#website\",\"url\":\"https:\\\/\\\/matris.eu\\\/de\\\/\",\"name\":\"Servisni center Matris\",\"description\":\"Servis elektro, servo in vretenskih motorjev\",\"publisher\":{\"@id\":\"https:\\\/\\\/matris.eu\\\/de\\\/#organization\"},\"alternateName\":\"Matris\",\"potentialAction\":[{\"@type\":\"SearchAction\",\"target\":{\"@type\":\"EntryPoint\",\"urlTemplate\":\"https:\\\/\\\/matris.eu\\\/de\\\/?s={search_term_string}\"},\"query-input\":{\"@type\":\"PropertyValueSpecification\",\"valueRequired\":true,\"valueName\":\"search_term_string\"}}],\"inLanguage\":\"de\"},{\"@type\":\"Organization\",\"@id\":\"https:\\\/\\\/matris.eu\\\/de\\\/#organization\",\"name\":\"Servisni center Matris\",\"alternateName\":\"Matris\",\"url\":\"https:\\\/\\\/matris.eu\\\/de\\\/\",\"logo\":{\"@type\":\"ImageObject\",\"inLanguage\":\"de\",\"@id\":\"https:\\\/\\\/matris.eu\\\/de\\\/#\\\/schema\\\/logo\\\/image\\\/\",\"url\":\"\",\"contentUrl\":\"\",\"caption\":\"Servisni center Matris\"},\"image\":{\"@id\":\"https:\\\/\\\/matris.eu\\\/de\\\/#\\\/schema\\\/logo\\\/image\\\/\"},\"sameAs\":[\"https:\\\/\\\/www.facebook.com\\\/Matrisdoo\",\"https:\\\/\\\/www.linkedin.com\\\/company\\\/matris_doo\\\/\"]}]}<\/script>\n<!-- \/ Yoast SEO plugin. -->","yoast_head_json":{"title":"Wartung von EX-Ger\u00e4ten | Matris","robots":{"index":"index","follow":"follow","max-snippet":"max-snippet:-1","max-image-preview":"max-image-preview:large","max-video-preview":"max-video-preview:-1"},"canonical":"https:\/\/matris.eu\/de\/leistungen\/wartung-von-ex-geraeten\/","og_locale":"de_DE","og_type":"article","og_title":"Wartung von EX-Ger\u00e4ten | Matris","og_description":"Die Firma Matris verf\u00fcgt \u00fcber einen Kompetenznachweis f\u00fcr die Wartung von EX-Ger\u00e4ten.","og_url":"https:\/\/matris.eu\/de\/leistungen\/wartung-von-ex-geraeten\/","og_site_name":"Matris","article_publisher":"https:\/\/www.facebook.com\/Matrisdoo","article_modified_time":"2025-06-17T16:27:31+00:00","og_image":[{"width":2048,"height":800,"url":"https:\/\/matris.eu\/wp-content\/uploads\/2024\/07\/hero_image_protieksplozijska_zascita.jpg","type":"image\/jpeg"}],"twitter_card":"summary_large_image","twitter_misc":{"Gesch\u00e4tzte Lesezeit":"3\u00a0Minuten"},"schema":{"@context":"https:\/\/schema.org","@graph":[{"@type":"WebPage","@id":"https:\/\/matris.eu\/de\/leistungen\/wartung-von-ex-geraeten\/","url":"https:\/\/matris.eu\/de\/leistungen\/wartung-von-ex-geraeten\/","name":"Wartung von EX-Ger\u00e4ten | Matris","isPartOf":{"@id":"https:\/\/matris.eu\/de\/#website"},"primaryImageOfPage":{"@id":"https:\/\/matris.eu\/de\/leistungen\/wartung-von-ex-geraeten\/#primaryimage"},"image":{"@id":"https:\/\/matris.eu\/de\/leistungen\/wartung-von-ex-geraeten\/#primaryimage"},"thumbnailUrl":"https:\/\/matris.eu\/wp-content\/uploads\/2024\/07\/hero_image_protieksplozijska_zascita.jpg","datePublished":"2024-07-18T14:08:04+00:00","dateModified":"2025-06-17T16:27:31+00:00","breadcrumb":{"@id":"https:\/\/matris.eu\/de\/leistungen\/wartung-von-ex-geraeten\/#breadcrumb"},"inLanguage":"de","potentialAction":[{"@type":"ReadAction","target":["https:\/\/matris.eu\/de\/leistungen\/wartung-von-ex-geraeten\/"]}]},{"@type":"ImageObject","inLanguage":"de","@id":"https:\/\/matris.eu\/de\/leistungen\/wartung-von-ex-geraeten\/#primaryimage","url":"https:\/\/matris.eu\/wp-content\/uploads\/2024\/07\/hero_image_protieksplozijska_zascita.jpg","contentUrl":"https:\/\/matris.eu\/wp-content\/uploads\/2024\/07\/hero_image_protieksplozijska_zascita.jpg","width":2048,"height":800,"caption":"Protieksplozijska za\u0161\u010dita"},{"@type":"BreadcrumbList","@id":"https:\/\/matris.eu\/de\/leistungen\/wartung-von-ex-geraeten\/#breadcrumb","itemListElement":[{"@type":"ListItem","position":1,"name":"Home","item":"https:\/\/matris.eu\/de\/"},{"@type":"ListItem","position":2,"name":"Leistungen","item":"https:\/\/matris.eu\/de\/leistungen\/"},{"@type":"ListItem","position":3,"name":"Wartung von EX-Ger\u00e4ten"}]},{"@type":"WebSite","@id":"https:\/\/matris.eu\/de\/#website","url":"https:\/\/matris.eu\/de\/","name":"Servisni center Matris","description":"Servis elektro, servo in vretenskih motorjev","publisher":{"@id":"https:\/\/matris.eu\/de\/#organization"},"alternateName":"Matris","potentialAction":[{"@type":"SearchAction","target":{"@type":"EntryPoint","urlTemplate":"https:\/\/matris.eu\/de\/?s={search_term_string}"},"query-input":{"@type":"PropertyValueSpecification","valueRequired":true,"valueName":"search_term_string"}}],"inLanguage":"de"},{"@type":"Organization","@id":"https:\/\/matris.eu\/de\/#organization","name":"Servisni center Matris","alternateName":"Matris","url":"https:\/\/matris.eu\/de\/","logo":{"@type":"ImageObject","inLanguage":"de","@id":"https:\/\/matris.eu\/de\/#\/schema\/logo\/image\/","url":"","contentUrl":"","caption":"Servisni center Matris"},"image":{"@id":"https:\/\/matris.eu\/de\/#\/schema\/logo\/image\/"},"sameAs":["https:\/\/www.facebook.com\/Matrisdoo","https:\/\/www.linkedin.com\/company\/matris_doo\/"]}]}},"_links":{"self":[{"href":"https:\/\/matris.eu\/de\/wp-json\/wp\/v2\/pages\/3568","targetHints":{"allow":["GET"]}}],"collection":[{"href":"https:\/\/matris.eu\/de\/wp-json\/wp\/v2\/pages"}],"about":[{"href":"https:\/\/matris.eu\/de\/wp-json\/wp\/v2\/types\/page"}],"author":[{"embeddable":true,"href":"https:\/\/matris.eu\/de\/wp-json\/wp\/v2\/users\/3"}],"replies":[{"embeddable":true,"href":"https:\/\/matris.eu\/de\/wp-json\/wp\/v2\/comments?post=3568"}],"version-history":[{"count":10,"href":"https:\/\/matris.eu\/de\/wp-json\/wp\/v2\/pages\/3568\/revisions"}],"predecessor-version":[{"id":3634,"href":"https:\/\/matris.eu\/de\/wp-json\/wp\/v2\/pages\/3568\/revisions\/3634"}],"up":[{"embeddable":true,"href":"https:\/\/matris.eu\/de\/wp-json\/wp\/v2\/pages\/2530"}],"wp:featuredmedia":[{"embeddable":true,"href":"https:\/\/matris.eu\/de\/wp-json\/wp\/v2\/media\/1361"}],"wp:attachment":[{"href":"https:\/\/matris.eu\/de\/wp-json\/wp\/v2\/media?parent=3568"}],"curies":[{"name":"wp","href":"https:\/\/api.w.org\/{rel}","templated":true}]}}