{"id":3207,"date":"2023-09-26T18:57:40","date_gmt":"2023-09-26T16:57:40","guid":{"rendered":"https:\/\/matris.eu\/datenschutzrichtlinie\/"},"modified":"2025-06-23T14:57:41","modified_gmt":"2025-06-23T12:57:41","slug":"datenschutzrichtlinie","status":"publish","type":"page","link":"https:\/\/matris.eu\/de\/datenschutzrichtlinie\/","title":{"rendered":"Datenschutzrichtlinie"},"content":{"rendered":"<div class=\"wpb-content-wrapper\"><p>[vc_row row_height_percent=&#8220;0&#8243; override_padding=&#8220;yes&#8220; h_padding=&#8220;2&#8243; top_padding=&#8220;3&#8243; bottom_padding=&#8220;3&#8243; back_color=&#8220;color-193339&#8243; overlay_alpha=&#8220;50&#8243; gutter_size=&#8220;3&#8243; column_width_use_pixel=&#8220;yes&#8220; shift_y=&#8220;0&#8243; z_index=&#8220;10&#8243; uncode_shortcode_id=&#8220;274921&#8243; back_color_type=&#8220;uncode-palette&#8220; css=&#8220;.vc_custom_1703155656632{padding-bottom: 0px !important;}&#8220; shape_dividers=&#8220;&#8220;][vc_column column_width_percent=&#8220;100&#8243; align_horizontal=&#8220;align_center&#8220; gutter_size=&#8220;3&#8243; overlay_alpha=&#8220;50&#8243; shift_x=&#8220;0&#8243; shift_y=&#8220;0&#8243; shift_y_down=&#8220;0&#8243; z_index=&#8220;0&#8243; medium_width=&#8220;0&#8243; mobile_width=&#8220;0&#8243; width=&#8220;1\/1&#8243; uncode_shortcode_id=&#8220;157212&#8243;][vc_custom_heading heading_semantic=&#8220;h1&#8243; text_size=&#8220;h1&#8243; separator=&#8220;under&#8220; separator_color=&#8220;yes&#8220; sub_lead=&#8220;yes&#8220; sub_reduced=&#8220;yes&#8220; uncode_shortcode_id=&#8220;614638&#8243; subheading=&#8220;Unsere Datenschutzrichtlinie wurde in \u00dcbereinstimmung mit dem Verbraucherschutzgesetz und dem Gesetz zum Schutz personenbezogener Daten erstellt. Sie legt die Nutzungsbedingungen der von Matris d.o.o. (im Folgenden: Anbieter) betriebenen Website www.matris.si sowie die Bedingungen f\u00fcr die Verarbeitung der vom Anbieter erhobenen personenbezogenen Daten fest. &#8222;]Datenschutzrichtlinie[\/vc_custom_heading][\/vc_column][\/vc_row][vc_row row_height_percent=&#8220;0&#8243; override_padding=&#8220;yes&#8220; h_padding=&#8220;2&#8243; top_padding=&#8220;3&#8243; bottom_padding=&#8220;3&#8243; overlay_alpha=&#8220;50&#8243; gutter_size=&#8220;3&#8243; column_width_percent=&#8220;100&#8243; shift_y=&#8220;0&#8243; z_index=&#8220;0&#8243; uncode_shortcode_id=&#8220;144037&#8243; shape_dividers=&#8220;&#8220;][vc_column column_width_percent=&#8220;100&#8243; gutter_size=&#8220;3&#8243; overlay_alpha=&#8220;50&#8243; shift_x=&#8220;0&#8243; shift_y=&#8220;0&#8243; shift_y_down=&#8220;0&#8243; z_index=&#8220;0&#8243; medium_width=&#8220;0&#8243; mobile_width=&#8220;0&#8243; width=&#8220;1\/1&#8243; uncode_shortcode_id=&#8220;144776&#8243;][vc_column_text uncode_shortcode_id=&#8220;157503&#8243; css=&#8220;.vc_custom_1703156400047{margin-right: 50px !important;}&#8220;]In modernen Unternehmen ist das Recht auf Privatsph\u00e4re eines der wichtigsten Menschenrechte. Bei Matris d.o.o. sind wir uns dessen bewusst und respektieren die Privatsph\u00e4re unserer Kunden. Deshalb gehen wir verantwortungsvoll, sorgf\u00e4ltig und gem\u00e4\u00df den geltenden Vorschriften der Republik Slowenien mit ihren personenbezogenen Daten um. Der Zugriff auf personenbezogene Daten ist nur autorisierten Mitarbeitern von Matris d.o.o. gestattet.  <\/p>\n<p>Matris d.o.o. verwendet Ihre personenbezogenen Daten ausschlie\u00dflich zum Zwecke der Erf\u00fcllung Ihrer Anfrage (Erstellung von Angeboten, Rechnungen, Bestellformularen, Zusendung von Informationsmaterialien) und f\u00fcr sonstige mit der Bestellung und der erforderlichen Kommunikation verbundene Zwecke, entsprechend den Zwecken zur erfolgreichen Durchf\u00fchrung der Dienstleistung.[\/vc_column_text][vc_separator sep_color=&#8220;color-uydo&#8220; uncode_shortcode_id=&#8220;120273&#8243; sep_color_type=&#8220;uncode-palette&#8220;][vc_column_text uncode_shortcode_id=&#8220;132755&#8243;]<\/p>\n<h3>Schutz personenbezogener Daten<\/h3>\n<p>Der Anbieter erhebt personenbezogene Daten von Kunden \u00fcber die Website www.matris.si. Als Verantwortlicher f\u00fcr personenbezogene Daten verarbeitet er die erhobenen personenbezogenen Daten gem\u00e4\u00df den geltenden Rechtsvorschriften zum Schutz personenbezogener Daten. <\/p>\n<p>Unsere Politik zum Schutz personenbezogener Daten:<\/p>\n<ul>\n<li>Wir vermieten oder verkaufen Ihre personenbezogenen Daten niemals und gestatten auch nicht die Verarbeitung durch Dritte.<\/li>\n<li>Wir speichern personenbezogene Daten so lange, wie es unbedingt erforderlich ist, um den Zweck zu erf\u00fcllen, f\u00fcr den sie erhoben wurden, oder bis die betroffene Person ihre Einwilligung widerruft.<\/li>\n<li>Wir verpflichten uns, alle personenbezogenen Daten unserer Kunden dauerhaft zu sch\u00fctzen.<\/li>\n<li>Die Verarbeitung personenbezogener Daten erfolgt ausschlie\u00dflich durch autorisierte Personen des Anbieters.<\/li>\n<li>Zuk\u00fcnftig werden wir die Vorschriften zum Schutz personenbezogener Daten entsprechend den Gesetzes\u00e4nderungen im Bereich des Schutzes personenbezogener Daten \u00e4ndern und erg\u00e4nzen.<\/li>\n<\/ul>\n<p>[\/vc_column_text][vc_separator sep_color=&#8220;color-uydo&#8220; uncode_shortcode_id=&#8220;120273&#8243; sep_color_type=&#8220;uncode-palette&#8220;][vc_column_text uncode_shortcode_id=&#8220;123103&#8243;]<\/p>\n<h3>Der Prozess der Aus\u00fcbung individueller Rechte<\/h3>\n<ul>\n<li>F\u00fcr s\u00e4mtliche Informationen zur Verarbeitung personenbezogener Daten oder zu den Rechten der Person, auf die sich die personenbezogenen Daten beziehen (Recht auf Zugriff, Berichtigung, L\u00f6schung, Einschr\u00e4nkung der Verarbeitung, Portabilit\u00e4t und Widerspruch), k\u00f6nnen Sie sich per Post, per E-Mail an info@matris.eu oder telefonisch unter +386 4 29 26 900 an den Verantwortlichen f\u00fcr personenbezogene Daten, Matris d.o.o., Jelen\u010deva ulica 1, SI-4000 Kranj, wenden.<\/li>\n<li>Wir werden auf Ihre Anfrage zur Aus\u00fcbung Ihrer Rechte in Bezug auf personenbezogene Daten unverz\u00fcglich und sp\u00e4testens innerhalb eines Monats nach Eingang der Anfrage antworten.<\/li>\n<li>Zum Zwecke einer zuverl\u00e4ssigen Identifizierung im Falle der Aus\u00fcbung von Rechten in Bezug auf personenbezogene Daten k\u00f6nnen wir zus\u00e4tzliche Informationen von Ihnen anfordern und Ma\u00dfnahmen nur dann ablehnen, wenn wir nachweisen k\u00f6nnen, dass wir Sie nicht zuverl\u00e4ssig identifizieren k\u00f6nnen.<\/li>\n<\/ul>\n<p>[\/vc_column_text][vc_separator sep_color=&#8220;color-uydo&#8220; uncode_shortcode_id=&#8220;120273&#8243; sep_color_type=&#8220;uncode-palette&#8220;][vc_column_text uncode_shortcode_id=&#8220;375909&#8243;]<\/p>\n<h3>Benachrichtigungen abbestellen<\/h3>\n<ul>\n<li>Sie k\u00f6nnen den Erhalt von E-Mail-Benachrichtigungen jederzeit abbestellen, indem Sie in der E-Mail, die Sie erhalten, auf den Abmeldelink klicken. Sie k\u00f6nnen uns Ihren Wunsch auch schriftlich an die Firmenadresse mitteilen. <\/li>\n<li>Sollten Sie trotz Abmeldung weiterhin Benachrichtigungen erhalten, bitten wir Sie um Entschuldigung und bitten Sie, uns umgehend zu benachrichtigen.<\/li>\n<\/ul>\n<p>[\/vc_column_text][vc_separator sep_color=&#8220;color-uydo&#8220; uncode_shortcode_id=&#8220;120273&#8243; sep_color_type=&#8220;uncode-palette&#8220;][vc_column_text uncode_shortcode_id=&#8220;242075&#8243;]<\/p>\n<h3>Beschwerderecht<\/h3>\n<p>Wenn Sie der Meinung sind, dass unsere Verarbeitung personenbezogener Daten gegen geltende Gesetze zum Schutz personenbezogener Daten verst\u00f6\u00dft, haben Sie das Recht, eine Beschwerde beim Information Commissioner unter der Adresse Information Commissioner, Dunajska cesta 22, 1000 Ljubljana, Telefon 01 230 97 30, E-Mail gp.ip@ip-rs.si einzureichen.<\/p>\n<p>Matris d.o.o., 2023[\/vc_column_text][\/vc_column][\/vc_row]<\/p>\n<\/div>","protected":false},"excerpt":{"rendered":"<p>[vc_row row_height_percent=&#8220;0&#8243; override_padding=&#8220;yes&#8220; h_padding=&#8220;2&#8243; top_padding=&#8220;3&#8243; bottom_padding=&#8220;3&#8243; back_color=&#8220;color-193339&#8243; overlay_alpha=&#8220;50&#8243; gutter_size=&#8220;3&#8243; column_width_use_pixel=&#8220;yes&#8220; shift_y=&#8220;0&#8243; z_index=&#8220;10&#8243; uncode_shortcode_id=&#8220;274921&#8243; back_color_type=&#8220;uncode-palette&#8220; css=&#8220;.vc_custom_1703155656632{padding-bottom: 0px !important;}&#8220; shape_dividers=&#8220;&#8220;][vc_column column_width_percent=&#8220;100&#8243; align_horizontal=&#8220;align_center&#8220; [&hellip;]<\/p>\n","protected":false},"author":1,"featured_media":79,"parent":0,"menu_order":20,"comment_status":"closed","ping_status":"closed","template":"","meta":{"footnotes":""},"class_list":["post-3207","page","type-page","status-publish","has-post-thumbnail","hentry"],"yoast_head":"<!-- This site is optimized with the Yoast SEO plugin v27.4 - https:\/\/yoast.com\/product\/yoast-seo-wordpress\/ -->\n<title>Datenschutzrichtlinie | Matris<\/title>\n<meta name=\"robots\" content=\"index, follow, max-snippet:-1, max-image-preview:large, max-video-preview:-1\" \/>\n<link rel=\"canonical\" href=\"https:\/\/matris.eu\/de\/datenschutzrichtlinie\/\" \/>\n<meta property=\"og:locale\" content=\"de_DE\" \/>\n<meta property=\"og:type\" content=\"article\" \/>\n<meta property=\"og:title\" content=\"Datenschutzrichtlinie | Matris\" \/>\n<meta property=\"og:description\" content=\"[vc_row row_height_percent=&#8220;0&#8243; override_padding=&#8220;yes&#8220; h_padding=&#8220;2&#8243; top_padding=&#8220;3&#8243; bottom_padding=&#8220;3&#8243; back_color=&#8220;color-193339&#8243; overlay_alpha=&#8220;50&#8243; gutter_size=&#8220;3&#8243; column_width_use_pixel=&#8220;yes&#8220; shift_y=&#8220;0&#8243; z_index=&#8220;10&#8243; uncode_shortcode_id=&#8220;274921&#8243; back_color_type=&#8220;uncode-palette&#8220; css=&#8220;.vc_custom_1703155656632{padding-bottom: 0px !important;}&#8220; shape_dividers=&#8220;&#8220;][vc_column column_width_percent=&#8220;100&#8243; align_horizontal=&#8220;align_center&#8220; [&hellip;]\" \/>\n<meta property=\"og:url\" content=\"https:\/\/matris.eu\/de\/datenschutzrichtlinie\/\" \/>\n<meta property=\"og:site_name\" content=\"Matris\" \/>\n<meta property=\"article:publisher\" content=\"https:\/\/www.facebook.com\/Matrisdoo\" \/>\n<meta property=\"article:modified_time\" content=\"2025-06-23T12:57:41+00:00\" \/>\n<meta property=\"og:image\" content=\"https:\/\/matris.eu\/wp-content\/uploads\/2023\/09\/matris_naslovna_slika_1500x1000px_2.jpg\" \/>\n\t<meta property=\"og:image:width\" content=\"1500\" \/>\n\t<meta property=\"og:image:height\" content=\"1000\" \/>\n\t<meta property=\"og:image:type\" content=\"image\/jpeg\" \/>\n<meta name=\"twitter:card\" content=\"summary_large_image\" \/>\n<meta name=\"twitter:label1\" content=\"Gesch\u00e4tzte Lesezeit\" \/>\n\t<meta name=\"twitter:data1\" content=\"4\u00a0Minuten\" \/>\n<script type=\"application\/ld+json\" class=\"yoast-schema-graph\">{\"@context\":\"https:\\\/\\\/schema.org\",\"@graph\":[{\"@type\":\"WebPage\",\"@id\":\"https:\\\/\\\/matris.eu\\\/de\\\/datenschutzrichtlinie\\\/\",\"url\":\"https:\\\/\\\/matris.eu\\\/de\\\/datenschutzrichtlinie\\\/\",\"name\":\"Datenschutzrichtlinie | Matris\",\"isPartOf\":{\"@id\":\"https:\\\/\\\/matris.eu\\\/de\\\/#website\"},\"primaryImageOfPage\":{\"@id\":\"https:\\\/\\\/matris.eu\\\/de\\\/datenschutzrichtlinie\\\/#primaryimage\"},\"image\":{\"@id\":\"https:\\\/\\\/matris.eu\\\/de\\\/datenschutzrichtlinie\\\/#primaryimage\"},\"thumbnailUrl\":\"https:\\\/\\\/matris.eu\\\/wp-content\\\/uploads\\\/2023\\\/09\\\/matris_naslovna_slika_1500x1000px_2.jpg\",\"datePublished\":\"2023-09-26T16:57:40+00:00\",\"dateModified\":\"2025-06-23T12:57:41+00:00\",\"breadcrumb\":{\"@id\":\"https:\\\/\\\/matris.eu\\\/de\\\/datenschutzrichtlinie\\\/#breadcrumb\"},\"inLanguage\":\"de\",\"potentialAction\":[{\"@type\":\"ReadAction\",\"target\":[\"https:\\\/\\\/matris.eu\\\/de\\\/datenschutzrichtlinie\\\/\"]}]},{\"@type\":\"ImageObject\",\"inLanguage\":\"de\",\"@id\":\"https:\\\/\\\/matris.eu\\\/de\\\/datenschutzrichtlinie\\\/#primaryimage\",\"url\":\"https:\\\/\\\/matris.eu\\\/wp-content\\\/uploads\\\/2023\\\/09\\\/matris_naslovna_slika_1500x1000px_2.jpg\",\"contentUrl\":\"https:\\\/\\\/matris.eu\\\/wp-content\\\/uploads\\\/2023\\\/09\\\/matris_naslovna_slika_1500x1000px_2.jpg\",\"width\":1500,\"height\":1000},{\"@type\":\"BreadcrumbList\",\"@id\":\"https:\\\/\\\/matris.eu\\\/de\\\/datenschutzrichtlinie\\\/#breadcrumb\",\"itemListElement\":[{\"@type\":\"ListItem\",\"position\":1,\"name\":\"Home\",\"item\":\"https:\\\/\\\/matris.eu\\\/de\\\/\"},{\"@type\":\"ListItem\",\"position\":2,\"name\":\"Datenschutzrichtlinie\"}]},{\"@type\":\"WebSite\",\"@id\":\"https:\\\/\\\/matris.eu\\\/de\\\/#website\",\"url\":\"https:\\\/\\\/matris.eu\\\/de\\\/\",\"name\":\"Servisni center Matris\",\"description\":\"Servis elektro, servo in vretenskih motorjev\",\"publisher\":{\"@id\":\"https:\\\/\\\/matris.eu\\\/de\\\/#organization\"},\"alternateName\":\"Matris\",\"potentialAction\":[{\"@type\":\"SearchAction\",\"target\":{\"@type\":\"EntryPoint\",\"urlTemplate\":\"https:\\\/\\\/matris.eu\\\/de\\\/?s={search_term_string}\"},\"query-input\":{\"@type\":\"PropertyValueSpecification\",\"valueRequired\":true,\"valueName\":\"search_term_string\"}}],\"inLanguage\":\"de\"},{\"@type\":\"Organization\",\"@id\":\"https:\\\/\\\/matris.eu\\\/de\\\/#organization\",\"name\":\"Servisni center Matris\",\"alternateName\":\"Matris\",\"url\":\"https:\\\/\\\/matris.eu\\\/de\\\/\",\"logo\":{\"@type\":\"ImageObject\",\"inLanguage\":\"de\",\"@id\":\"https:\\\/\\\/matris.eu\\\/de\\\/#\\\/schema\\\/logo\\\/image\\\/\",\"url\":\"\",\"contentUrl\":\"\",\"caption\":\"Servisni center Matris\"},\"image\":{\"@id\":\"https:\\\/\\\/matris.eu\\\/de\\\/#\\\/schema\\\/logo\\\/image\\\/\"},\"sameAs\":[\"https:\\\/\\\/www.facebook.com\\\/Matrisdoo\",\"https:\\\/\\\/www.linkedin.com\\\/company\\\/matris_doo\\\/\"]}]}<\/script>\n<!-- \/ Yoast SEO plugin. -->","yoast_head_json":{"title":"Datenschutzrichtlinie | Matris","robots":{"index":"index","follow":"follow","max-snippet":"max-snippet:-1","max-image-preview":"max-image-preview:large","max-video-preview":"max-video-preview:-1"},"canonical":"https:\/\/matris.eu\/de\/datenschutzrichtlinie\/","og_locale":"de_DE","og_type":"article","og_title":"Datenschutzrichtlinie | Matris","og_description":"[vc_row row_height_percent=&#8220;0&#8243; override_padding=&#8220;yes&#8220; h_padding=&#8220;2&#8243; top_padding=&#8220;3&#8243; bottom_padding=&#8220;3&#8243; back_color=&#8220;color-193339&#8243; overlay_alpha=&#8220;50&#8243; gutter_size=&#8220;3&#8243; column_width_use_pixel=&#8220;yes&#8220; shift_y=&#8220;0&#8243; z_index=&#8220;10&#8243; uncode_shortcode_id=&#8220;274921&#8243; back_color_type=&#8220;uncode-palette&#8220; css=&#8220;.vc_custom_1703155656632{padding-bottom: 0px !important;}&#8220; shape_dividers=&#8220;&#8220;][vc_column column_width_percent=&#8220;100&#8243; align_horizontal=&#8220;align_center&#8220; [&hellip;]","og_url":"https:\/\/matris.eu\/de\/datenschutzrichtlinie\/","og_site_name":"Matris","article_publisher":"https:\/\/www.facebook.com\/Matrisdoo","article_modified_time":"2025-06-23T12:57:41+00:00","og_image":[{"width":1500,"height":1000,"url":"https:\/\/matris.eu\/wp-content\/uploads\/2023\/09\/matris_naslovna_slika_1500x1000px_2.jpg","type":"image\/jpeg"}],"twitter_card":"summary_large_image","twitter_misc":{"Gesch\u00e4tzte Lesezeit":"4\u00a0Minuten"},"schema":{"@context":"https:\/\/schema.org","@graph":[{"@type":"WebPage","@id":"https:\/\/matris.eu\/de\/datenschutzrichtlinie\/","url":"https:\/\/matris.eu\/de\/datenschutzrichtlinie\/","name":"Datenschutzrichtlinie | Matris","isPartOf":{"@id":"https:\/\/matris.eu\/de\/#website"},"primaryImageOfPage":{"@id":"https:\/\/matris.eu\/de\/datenschutzrichtlinie\/#primaryimage"},"image":{"@id":"https:\/\/matris.eu\/de\/datenschutzrichtlinie\/#primaryimage"},"thumbnailUrl":"https:\/\/matris.eu\/wp-content\/uploads\/2023\/09\/matris_naslovna_slika_1500x1000px_2.jpg","datePublished":"2023-09-26T16:57:40+00:00","dateModified":"2025-06-23T12:57:41+00:00","breadcrumb":{"@id":"https:\/\/matris.eu\/de\/datenschutzrichtlinie\/#breadcrumb"},"inLanguage":"de","potentialAction":[{"@type":"ReadAction","target":["https:\/\/matris.eu\/de\/datenschutzrichtlinie\/"]}]},{"@type":"ImageObject","inLanguage":"de","@id":"https:\/\/matris.eu\/de\/datenschutzrichtlinie\/#primaryimage","url":"https:\/\/matris.eu\/wp-content\/uploads\/2023\/09\/matris_naslovna_slika_1500x1000px_2.jpg","contentUrl":"https:\/\/matris.eu\/wp-content\/uploads\/2023\/09\/matris_naslovna_slika_1500x1000px_2.jpg","width":1500,"height":1000},{"@type":"BreadcrumbList","@id":"https:\/\/matris.eu\/de\/datenschutzrichtlinie\/#breadcrumb","itemListElement":[{"@type":"ListItem","position":1,"name":"Home","item":"https:\/\/matris.eu\/de\/"},{"@type":"ListItem","position":2,"name":"Datenschutzrichtlinie"}]},{"@type":"WebSite","@id":"https:\/\/matris.eu\/de\/#website","url":"https:\/\/matris.eu\/de\/","name":"Servisni center Matris","description":"Servis elektro, servo in vretenskih motorjev","publisher":{"@id":"https:\/\/matris.eu\/de\/#organization"},"alternateName":"Matris","potentialAction":[{"@type":"SearchAction","target":{"@type":"EntryPoint","urlTemplate":"https:\/\/matris.eu\/de\/?s={search_term_string}"},"query-input":{"@type":"PropertyValueSpecification","valueRequired":true,"valueName":"search_term_string"}}],"inLanguage":"de"},{"@type":"Organization","@id":"https:\/\/matris.eu\/de\/#organization","name":"Servisni center Matris","alternateName":"Matris","url":"https:\/\/matris.eu\/de\/","logo":{"@type":"ImageObject","inLanguage":"de","@id":"https:\/\/matris.eu\/de\/#\/schema\/logo\/image\/","url":"","contentUrl":"","caption":"Servisni center Matris"},"image":{"@id":"https:\/\/matris.eu\/de\/#\/schema\/logo\/image\/"},"sameAs":["https:\/\/www.facebook.com\/Matrisdoo","https:\/\/www.linkedin.com\/company\/matris_doo\/"]}]}},"_links":{"self":[{"href":"https:\/\/matris.eu\/de\/wp-json\/wp\/v2\/pages\/3207","targetHints":{"allow":["GET"]}}],"collection":[{"href":"https:\/\/matris.eu\/de\/wp-json\/wp\/v2\/pages"}],"about":[{"href":"https:\/\/matris.eu\/de\/wp-json\/wp\/v2\/types\/page"}],"author":[{"embeddable":true,"href":"https:\/\/matris.eu\/de\/wp-json\/wp\/v2\/users\/1"}],"replies":[{"embeddable":true,"href":"https:\/\/matris.eu\/de\/wp-json\/wp\/v2\/comments?post=3207"}],"version-history":[{"count":19,"href":"https:\/\/matris.eu\/de\/wp-json\/wp\/v2\/pages\/3207\/revisions"}],"predecessor-version":[{"id":3949,"href":"https:\/\/matris.eu\/de\/wp-json\/wp\/v2\/pages\/3207\/revisions\/3949"}],"wp:featuredmedia":[{"embeddable":true,"href":"https:\/\/matris.eu\/de\/wp-json\/wp\/v2\/media\/79"}],"wp:attachment":[{"href":"https:\/\/matris.eu\/de\/wp-json\/wp\/v2\/media?parent=3207"}],"curies":[{"name":"wp","href":"https:\/\/api.w.org\/{rel}","templated":true}]}}