{"id":3056,"date":"2023-11-01T19:12:51","date_gmt":"2023-11-01T18:12:51","guid":{"rendered":"https:\/\/matris.eu\/leistungen\/spindelmotorservice\/"},"modified":"2025-06-17T18:26:22","modified_gmt":"2025-06-17T16:26:22","slug":"spindelmotorservice","status":"publish","type":"page","link":"https:\/\/matris.eu\/de\/leistungen\/spindelmotorservice\/","title":{"rendered":"Spindelmotorservice"},"content":{"rendered":"<div class=\"wpb-content-wrapper\"><p>[vc_row row_height_percent=&#8220;0&#8243; override_padding=&#8220;yes&#8220; h_padding=&#8220;2&#8243; top_padding=&#8220;0&#8243; bottom_padding=&#8220;2&#8243; overlay_alpha=&#8220;50&#8243; gutter_size=&#8220;4&#8243; column_width_percent=&#8220;100&#8243; shift_y=&#8220;0&#8243; z_index=&#8220;0&#8243; uncode_shortcode_id=&#8220;792719&#8243;][vc_column width=&#8220;1\/2&#8243;][vc_column_text uncode_shortcode_id=&#8220;211790&#8243;]Bei der Wartung von Spindelmotoren sind neben hervorragenden Kenntnissen der Lager (Funktion, Einlauf, Vorspannung, Schmierung, Temperaturbelastung, Radial- und Axialkr\u00e4fte usw.) auch Kenntnisse \u00fcber die dynamische und Feinauswuchtung des Motorrotors unerl\u00e4sslich. Die Vorbereitung der Spindelmotorkomponenten ist \u00e4u\u00dferst wichtig. <\/p>\n<p>Bei allen Motortypen werden Toleranzen in Tausendstelmillimetern gemessen. Die Arbeit erfordert daher eine pr\u00e4zisere und anspruchsvollere Bearbeitung sowie Spezialausr\u00fcstung, da herk\u00f6mmliche Mikrometer nicht genau genug sind. Kraft- und Druckmessger\u00e4te zur Lagervorspannung m\u00fcssen ebenfalls geeignet und kalibriert sein und erfordern eine erhebliche Investition.  <\/p>\n<p>Bei Matris verf\u00fcgen wir \u00fcber die gesamte erforderliche Ausr\u00fcstung und das Wissen, um qualitativ hochwertigen Service in k\u00fcrzester Zeit zu bieten.<\/p>\n<p>Um die Funktion der Lager, das Temperaturverhalten des Motors und die Wicklungen zu \u00fcberpr\u00fcfen, pr\u00fcfen wir jeden Spindelmotor nach der Fertigstellung. Nach Abschluss des Servicevorgangs liefern wir stets eine Dokumentation mit allen Messungen sowie Berichte zur Fein- und dynamischen Auswuchtung.[\/vc_column_text][\/vc_column][vc_column width=&#8220;1\/2&#8243;][vc_custom_heading heading_semantic=&#8220;h3&#8243; text_size=&#8220;h4&#8243; uncode_shortcode_id=&#8220;117917&#8243;]Der klassische Spindelmotor-Service umfasst:[\/vc_custom_heading][vc_row_inner][vc_column_inner width=&#8220;1\/2&#8243;][uncode_list icon=&#8220;fa fa-check&#8220; icon_color=&#8220;accent&#8220; uncode_shortcode_id=&#8220;180322&#8243; icon_color_type=&#8220;uncode-palette&#8220;]<\/p>\n<ul>\n<li>Sichtpr\u00fcfung,<\/li>\n<li>Motordemontage,<\/li>\n<li>Fehleridentifikation,<\/li>\n<li>Messen der Toleranzen aller angrenzenden Fl\u00e4chen und Kontaktfl\u00e4chen,<\/li>\n<li>\u00dcberpr\u00fcfung der elektrischen Stromanschl\u00fcsse,<\/li>\n<li>\u00dcberpr\u00fcfung der elektrischen Signalverbindungen,<\/li>\n<li>Encoder-\/Sensortest,<\/li>\n<li>Encoder-\/Sensoreinstellung,<\/li>\n<li>Widerstandsmessung mit dem Schleich MTC2 Ger\u00e4t,<\/li>\n<\/ul>\n<p>[\/uncode_list][\/vc_column_inner][vc_column_inner width=&#8220;1\/2&#8243;][uncode_list icon=&#8220;fa fa-check&#8220; icon_color=&#8220;accent&#8220; uncode_shortcode_id=&#8220;974613&#8243; icon_color_type=&#8220;uncode-palette&#8220;]<\/p>\n<ul>\n<li>Reinigung der Bauteile,<\/li>\n<li>Inspektion von Komponenten,<\/li>\n<li>Vermessung von Lagersitzen,<\/li>\n<li>Austausch von Lagern,<\/li>\n<li>statisches Rotorauswuchten,<\/li>\n<li>Lagervorspannung,<\/li>\n<li>Wartung des Zwangsl\u00fcfters,<\/li>\n<li>Montage,<\/li>\n<li>feine Spindelauswuchtung,<\/li>\n<li>Motortests,<\/li>\n<li>Einlaufen der Lager (5 Stunden),<\/li>\n<li>Abschlussbericht.<\/li>\n<\/ul>\n<p>[\/uncode_list][\/vc_column_inner][\/vc_row_inner][\/vc_column][\/vc_row]<\/p>\n<\/div>","protected":false},"excerpt":{"rendered":"<p>Matris doo ist ein f\u00fchrendes Unternehmen in der Region, das auf die Wartung von Spindelmotoren namhafter Hersteller spezialisiert ist.   <\/p>\n","protected":false},"author":1,"featured_media":554,"parent":2530,"menu_order":14,"comment_status":"closed","ping_status":"closed","template":"","meta":{"footnotes":""},"class_list":["post-3056","page","type-page","status-publish","has-post-thumbnail","hentry"],"yoast_head":"<!-- This site is optimized with the Yoast SEO plugin v27.5 - https:\/\/yoast.com\/product\/yoast-seo-wordpress\/ -->\n<title>Spindelmotorservice | Matris<\/title>\n<meta name=\"robots\" content=\"index, follow, max-snippet:-1, max-image-preview:large, max-video-preview:-1\" \/>\n<link rel=\"canonical\" href=\"https:\/\/matris.eu\/de\/leistungen\/spindelmotorservice\/\" \/>\n<meta property=\"og:locale\" content=\"de_DE\" \/>\n<meta property=\"og:type\" content=\"article\" \/>\n<meta property=\"og:title\" content=\"Spindelmotorservice | Matris\" \/>\n<meta property=\"og:description\" content=\"Matris doo ist ein f\u00fchrendes Unternehmen in der Region, das auf die Wartung von Spindelmotoren namhafter Hersteller spezialisiert ist.\" \/>\n<meta property=\"og:url\" content=\"https:\/\/matris.eu\/de\/leistungen\/spindelmotorservice\/\" \/>\n<meta property=\"og:site_name\" content=\"Matris\" \/>\n<meta property=\"article:publisher\" content=\"https:\/\/www.facebook.com\/Matrisdoo\" \/>\n<meta property=\"article:modified_time\" content=\"2025-06-17T16:26:22+00:00\" \/>\n<meta property=\"og:image\" content=\"https:\/\/matris.eu\/wp-content\/uploads\/2024\/01\/header_spindle_motors2.jpg\" \/>\n\t<meta property=\"og:image:width\" content=\"1700\" \/>\n\t<meta property=\"og:image:height\" content=\"800\" \/>\n\t<meta property=\"og:image:type\" content=\"image\/jpeg\" \/>\n<meta name=\"twitter:card\" content=\"summary_large_image\" \/>\n<meta name=\"twitter:label1\" content=\"Gesch\u00e4tzte Lesezeit\" \/>\n\t<meta name=\"twitter:data1\" content=\"2\u00a0Minuten\" \/>\n<script type=\"application\/ld+json\" class=\"yoast-schema-graph\">{\"@context\":\"https:\\\/\\\/schema.org\",\"@graph\":[{\"@type\":\"WebPage\",\"@id\":\"https:\\\/\\\/matris.eu\\\/de\\\/leistungen\\\/spindelmotorservice\\\/\",\"url\":\"https:\\\/\\\/matris.eu\\\/de\\\/leistungen\\\/spindelmotorservice\\\/\",\"name\":\"Spindelmotorservice | Matris\",\"isPartOf\":{\"@id\":\"https:\\\/\\\/matris.eu\\\/de\\\/#website\"},\"primaryImageOfPage\":{\"@id\":\"https:\\\/\\\/matris.eu\\\/de\\\/leistungen\\\/spindelmotorservice\\\/#primaryimage\"},\"image\":{\"@id\":\"https:\\\/\\\/matris.eu\\\/de\\\/leistungen\\\/spindelmotorservice\\\/#primaryimage\"},\"thumbnailUrl\":\"https:\\\/\\\/matris.eu\\\/wp-content\\\/uploads\\\/2024\\\/01\\\/header_spindle_motors2.jpg\",\"datePublished\":\"2023-11-01T18:12:51+00:00\",\"dateModified\":\"2025-06-17T16:26:22+00:00\",\"breadcrumb\":{\"@id\":\"https:\\\/\\\/matris.eu\\\/de\\\/leistungen\\\/spindelmotorservice\\\/#breadcrumb\"},\"inLanguage\":\"de\",\"potentialAction\":[{\"@type\":\"ReadAction\",\"target\":[\"https:\\\/\\\/matris.eu\\\/de\\\/leistungen\\\/spindelmotorservice\\\/\"]}]},{\"@type\":\"ImageObject\",\"inLanguage\":\"de\",\"@id\":\"https:\\\/\\\/matris.eu\\\/de\\\/leistungen\\\/spindelmotorservice\\\/#primaryimage\",\"url\":\"https:\\\/\\\/matris.eu\\\/wp-content\\\/uploads\\\/2024\\\/01\\\/header_spindle_motors2.jpg\",\"contentUrl\":\"https:\\\/\\\/matris.eu\\\/wp-content\\\/uploads\\\/2024\\\/01\\\/header_spindle_motors2.jpg\",\"width\":1700,\"height\":800,\"caption\":\"Servis vretenskih motorjev\"},{\"@type\":\"BreadcrumbList\",\"@id\":\"https:\\\/\\\/matris.eu\\\/de\\\/leistungen\\\/spindelmotorservice\\\/#breadcrumb\",\"itemListElement\":[{\"@type\":\"ListItem\",\"position\":1,\"name\":\"Home\",\"item\":\"https:\\\/\\\/matris.eu\\\/de\\\/\"},{\"@type\":\"ListItem\",\"position\":2,\"name\":\"Leistungen\",\"item\":\"https:\\\/\\\/matris.eu\\\/de\\\/leistungen\\\/\"},{\"@type\":\"ListItem\",\"position\":3,\"name\":\"Spindelmotorservice\"}]},{\"@type\":\"WebSite\",\"@id\":\"https:\\\/\\\/matris.eu\\\/de\\\/#website\",\"url\":\"https:\\\/\\\/matris.eu\\\/de\\\/\",\"name\":\"Servisni center Matris\",\"description\":\"Servis elektro, servo in vretenskih motorjev\",\"publisher\":{\"@id\":\"https:\\\/\\\/matris.eu\\\/de\\\/#organization\"},\"alternateName\":\"Matris\",\"potentialAction\":[{\"@type\":\"SearchAction\",\"target\":{\"@type\":\"EntryPoint\",\"urlTemplate\":\"https:\\\/\\\/matris.eu\\\/de\\\/?s={search_term_string}\"},\"query-input\":{\"@type\":\"PropertyValueSpecification\",\"valueRequired\":true,\"valueName\":\"search_term_string\"}}],\"inLanguage\":\"de\"},{\"@type\":\"Organization\",\"@id\":\"https:\\\/\\\/matris.eu\\\/de\\\/#organization\",\"name\":\"Servisni center Matris\",\"alternateName\":\"Matris\",\"url\":\"https:\\\/\\\/matris.eu\\\/de\\\/\",\"logo\":{\"@type\":\"ImageObject\",\"inLanguage\":\"de\",\"@id\":\"https:\\\/\\\/matris.eu\\\/de\\\/#\\\/schema\\\/logo\\\/image\\\/\",\"url\":\"\",\"contentUrl\":\"\",\"caption\":\"Servisni center Matris\"},\"image\":{\"@id\":\"https:\\\/\\\/matris.eu\\\/de\\\/#\\\/schema\\\/logo\\\/image\\\/\"},\"sameAs\":[\"https:\\\/\\\/www.facebook.com\\\/Matrisdoo\",\"https:\\\/\\\/www.linkedin.com\\\/company\\\/matris_doo\\\/\"]}]}<\/script>\n<!-- \/ Yoast SEO plugin. -->","yoast_head_json":{"title":"Spindelmotorservice | Matris","robots":{"index":"index","follow":"follow","max-snippet":"max-snippet:-1","max-image-preview":"max-image-preview:large","max-video-preview":"max-video-preview:-1"},"canonical":"https:\/\/matris.eu\/de\/leistungen\/spindelmotorservice\/","og_locale":"de_DE","og_type":"article","og_title":"Spindelmotorservice | Matris","og_description":"Matris doo ist ein f\u00fchrendes Unternehmen in der Region, das auf die Wartung von Spindelmotoren namhafter Hersteller spezialisiert ist.","og_url":"https:\/\/matris.eu\/de\/leistungen\/spindelmotorservice\/","og_site_name":"Matris","article_publisher":"https:\/\/www.facebook.com\/Matrisdoo","article_modified_time":"2025-06-17T16:26:22+00:00","og_image":[{"width":1700,"height":800,"url":"https:\/\/matris.eu\/wp-content\/uploads\/2024\/01\/header_spindle_motors2.jpg","type":"image\/jpeg"}],"twitter_card":"summary_large_image","twitter_misc":{"Gesch\u00e4tzte Lesezeit":"2\u00a0Minuten"},"schema":{"@context":"https:\/\/schema.org","@graph":[{"@type":"WebPage","@id":"https:\/\/matris.eu\/de\/leistungen\/spindelmotorservice\/","url":"https:\/\/matris.eu\/de\/leistungen\/spindelmotorservice\/","name":"Spindelmotorservice | Matris","isPartOf":{"@id":"https:\/\/matris.eu\/de\/#website"},"primaryImageOfPage":{"@id":"https:\/\/matris.eu\/de\/leistungen\/spindelmotorservice\/#primaryimage"},"image":{"@id":"https:\/\/matris.eu\/de\/leistungen\/spindelmotorservice\/#primaryimage"},"thumbnailUrl":"https:\/\/matris.eu\/wp-content\/uploads\/2024\/01\/header_spindle_motors2.jpg","datePublished":"2023-11-01T18:12:51+00:00","dateModified":"2025-06-17T16:26:22+00:00","breadcrumb":{"@id":"https:\/\/matris.eu\/de\/leistungen\/spindelmotorservice\/#breadcrumb"},"inLanguage":"de","potentialAction":[{"@type":"ReadAction","target":["https:\/\/matris.eu\/de\/leistungen\/spindelmotorservice\/"]}]},{"@type":"ImageObject","inLanguage":"de","@id":"https:\/\/matris.eu\/de\/leistungen\/spindelmotorservice\/#primaryimage","url":"https:\/\/matris.eu\/wp-content\/uploads\/2024\/01\/header_spindle_motors2.jpg","contentUrl":"https:\/\/matris.eu\/wp-content\/uploads\/2024\/01\/header_spindle_motors2.jpg","width":1700,"height":800,"caption":"Servis vretenskih motorjev"},{"@type":"BreadcrumbList","@id":"https:\/\/matris.eu\/de\/leistungen\/spindelmotorservice\/#breadcrumb","itemListElement":[{"@type":"ListItem","position":1,"name":"Home","item":"https:\/\/matris.eu\/de\/"},{"@type":"ListItem","position":2,"name":"Leistungen","item":"https:\/\/matris.eu\/de\/leistungen\/"},{"@type":"ListItem","position":3,"name":"Spindelmotorservice"}]},{"@type":"WebSite","@id":"https:\/\/matris.eu\/de\/#website","url":"https:\/\/matris.eu\/de\/","name":"Servisni center Matris","description":"Servis elektro, servo in vretenskih motorjev","publisher":{"@id":"https:\/\/matris.eu\/de\/#organization"},"alternateName":"Matris","potentialAction":[{"@type":"SearchAction","target":{"@type":"EntryPoint","urlTemplate":"https:\/\/matris.eu\/de\/?s={search_term_string}"},"query-input":{"@type":"PropertyValueSpecification","valueRequired":true,"valueName":"search_term_string"}}],"inLanguage":"de"},{"@type":"Organization","@id":"https:\/\/matris.eu\/de\/#organization","name":"Servisni center Matris","alternateName":"Matris","url":"https:\/\/matris.eu\/de\/","logo":{"@type":"ImageObject","inLanguage":"de","@id":"https:\/\/matris.eu\/de\/#\/schema\/logo\/image\/","url":"","contentUrl":"","caption":"Servisni center Matris"},"image":{"@id":"https:\/\/matris.eu\/de\/#\/schema\/logo\/image\/"},"sameAs":["https:\/\/www.facebook.com\/Matrisdoo","https:\/\/www.linkedin.com\/company\/matris_doo\/"]}]}},"_links":{"self":[{"href":"https:\/\/matris.eu\/de\/wp-json\/wp\/v2\/pages\/3056","targetHints":{"allow":["GET"]}}],"collection":[{"href":"https:\/\/matris.eu\/de\/wp-json\/wp\/v2\/pages"}],"about":[{"href":"https:\/\/matris.eu\/de\/wp-json\/wp\/v2\/types\/page"}],"author":[{"embeddable":true,"href":"https:\/\/matris.eu\/de\/wp-json\/wp\/v2\/users\/1"}],"replies":[{"embeddable":true,"href":"https:\/\/matris.eu\/de\/wp-json\/wp\/v2\/comments?post=3056"}],"version-history":[{"count":1,"href":"https:\/\/matris.eu\/de\/wp-json\/wp\/v2\/pages\/3056\/revisions"}],"predecessor-version":[{"id":3059,"href":"https:\/\/matris.eu\/de\/wp-json\/wp\/v2\/pages\/3056\/revisions\/3059"}],"up":[{"embeddable":true,"href":"https:\/\/matris.eu\/de\/wp-json\/wp\/v2\/pages\/2530"}],"wp:featuredmedia":[{"embeddable":true,"href":"https:\/\/matris.eu\/de\/wp-json\/wp\/v2\/media\/554"}],"wp:attachment":[{"href":"https:\/\/matris.eu\/de\/wp-json\/wp\/v2\/media?parent=3056"}],"curies":[{"name":"wp","href":"https:\/\/api.w.org\/{rel}","templated":true}]}}