{"id":3032,"date":"2023-11-02T12:36:57","date_gmt":"2023-11-02T11:36:57","guid":{"rendered":"https:\/\/matris.eu\/leistungen\/neuwickeln-von-elektromotoren\/"},"modified":"2025-06-24T09:27:58","modified_gmt":"2025-06-24T07:27:58","slug":"neuwickeln-von-elektromotoren","status":"publish","type":"page","link":"https:\/\/matris.eu\/de\/leistungen\/neuwickeln-von-elektromotoren\/","title":{"rendered":"Neuwickeln von Elektromotoren"},"content":{"rendered":"<div class=\"wpb-content-wrapper\"><p>[vc_row row_height_percent=&#8220;0&#8243; override_padding=&#8220;yes&#8220; h_padding=&#8220;2&#8243; top_padding=&#8220;0&#8243; bottom_padding=&#8220;3&#8243; overlay_alpha=&#8220;50&#8243; gutter_size=&#8220;4&#8243; column_width_percent=&#8220;100&#8243; shift_y=&#8220;0&#8243; z_index=&#8220;0&#8243; uncode_shortcode_id=&#8220;165300&#8243;][vc_column width=&#8220;1\/2&#8243;][vc_column_text uncode_shortcode_id=&#8220;664394&#8243;]Mit mehr als 25 Jahren Erfahrung im Bereich der Neuwicklung von Elektromotoren haben wir unser Wissen so weit verfeinert, dass wir den gr\u00f6\u00dften Serviceunternehmen in Europa Neuwickeldienste anbieten.<\/p>\n<p>Auch anspruchsvollste manuelle Umwicklungen \u00fcbernehmen wir.<\/p>\n<p><!--StartFragment --><\/p>\n<p class=\"pf0\"><span class=\"cf0\">Das Neuwickeln von Elektromotoren ist ein aussterbendes Handwerk. Matris ist eines der wenigen Unternehmen, das sein Wissen pflegt und weiterentwickelt. Deshalb sind wir als Spezialisten f\u00fcr Wicklungen aller Art bekannt. Wenn Sie Zweifel haben oder nicht wissen, ob Ihre Wicklung in das \u00fcberschaubare Set passt, rufen Sie uns bitte an oder senden Sie uns eine E-Mail mit einer detaillierten Beschreibung des Problems und des Motor-\/Wicklungstyps.   <\/span><\/p>\n<p><!--EndFragment -->[\/vc_column_text][\/vc_column][vc_column width=&#8220;1\/2&#8243;][vc_custom_heading heading_semantic=&#8220;h3&#8243; text_size=&#8220;h4&#8243; uncode_shortcode_id=&#8220;143063&#8243;]Das Neuwickeln von Elektromotoren umfasst:[\/vc_custom_heading][vc_row_inner][vc_column_inner width=&#8220;1\/2&#8243;][uncode_list icon=&#8220;fa fa-check&#8220; icon_color=&#8220;accent&#8220; uncode_shortcode_id=&#8220;135005&#8243; icon_color_type=&#8220;uncode-palette&#8220;]<\/p>\n<ul>\n<li>Ausstellung,<\/li>\n<li>Rotorimpr\u00e4gnierung,<\/li>\n<li>Wicklungspr\u00fcfung,<\/li>\n<li>Statorimpr\u00e4gnierung,<\/li>\n<li>Reinigen\/Sandstrahlen,<\/li>\n<li>Austausch von Dichtungen,<\/li>\n<\/ul>\n<p>[\/uncode_list][\/vc_column_inner][vc_column_inner width=&#8220;1\/2&#8243;][uncode_list icon=&#8220;fa fa-check&#8220; icon_color=&#8220;accent&#8220; uncode_shortcode_id=&#8220;825667&#8243; icon_color_type=&#8220;uncode-palette&#8220;]<\/p>\n<ul>\n<li>Austausch von Lagern,<\/li>\n<li>Messtoleranzen,<\/li>\n<li>Bremseinstellung,<\/li>\n<li>Probelauf,<\/li>\n<li>Servicebericht,<\/li>\n<li>OEM-Lackierung.<\/li>\n<\/ul>\n<p>[\/uncode_list][\/vc_column_inner][\/vc_row_inner][\/vc_column][\/vc_row][vc_row row_height_percent=&#8220;0&#8243; override_padding=&#8220;yes&#8220; h_padding=&#8220;2&#8243; top_padding=&#8220;4&#8243; bottom_padding=&#8220;4&#8243; back_color=&#8220;color-193339&#8243; overlay_alpha=&#8220;50&#8243; gutter_size=&#8220;3&#8243; column_width_percent=&#8220;100&#8243; shift_y=&#8220;0&#8243; z_index=&#8220;0&#8243; uncode_shortcode_id=&#8220;177693&#8243; back_color_type=&#8220;uncode-palette&#8220;][vc_column column_width_percent=&#8220;100&#8243; gutter_size=&#8220;3&#8243; style=&#8220;dark&#8220; overlay_alpha=&#8220;50&#8243; shift_x=&#8220;0&#8243; shift_y=&#8220;0&#8243; shift_y_down=&#8220;0&#8243; z_index=&#8220;0&#8243; medium_width=&#8220;0&#8243; mobile_width=&#8220;0&#8243; width=&#8220;1\/1&#8243; uncode_shortcode_id=&#8220;179036&#8243;][vc_row_inner][vc_column_inner column_width_percent=&#8220;100&#8243; gutter_size=&#8220;3&#8243; overlay_alpha=&#8220;50&#8243; shift_x=&#8220;0&#8243; shift_y=&#8220;0&#8243; shift_y_down=&#8220;0&#8243; z_index=&#8220;0&#8243; medium_width=&#8220;0&#8243; mobile_width=&#8220;0&#8243; width=&#8220;1\/2&#8243; uncode_shortcode_id=&#8220;110053&#8243;][vc_custom_heading separator=&#8220;under&#8220; separator_color=&#8220;yes&#8220; sub_lead=&#8220;yes&#8220; sub_reduced=&#8220;yes&#8220; uncode_shortcode_id=&#8220;195208&#8243; subheading=&#8220;Technologischer Prozess, mit dem wir die Eigenschaften Ihres Elektromotors steigern und verbessern&#8220;]EPOXY\u2013M-HES[\/vc_custom_heading][vc_column_text uncode_shortcode_id=&#8220;406486&#8243;]Viele Hersteller von Spindelelektromotoren vergie\u00dfen ihre Wicklungen mit Epoxidharzen und sch\u00fctzen sie dadurch vor dem Eindringen von Fremdmedien (\u00d6l, K\u00fchlmittel, Chemikalien), erh\u00f6hen den Wirkungsgrad und erm\u00f6glichen eine bessere W\u00e4rmeableitung&#8230;<\/p>\n<p>Unser Epoxy-M-HES-System macht die Wicklung besser f\u00fcr raue Betriebsbedingungen geeignet. Das System sch\u00fctzt die Wicklung vor dem Eindringen von Fremdmedien, mechanischen Besch\u00e4digungen und unsachgem\u00e4\u00dfer Wartung.[\/vc_column_text][\/vc_column_inner][vc_column_inner width=&#8220;1\/2&#8243;][vc_single_image media=&#8220;393&#8243; media_width_percent=&#8220;100&#8243; uncode_shortcode_id=&#8220;115597&#8243;][\/vc_column_inner][\/vc_row_inner][vc_row_inner][vc_column_inner column_width_percent=&#8220;100&#8243; gutter_size=&#8220;3&#8243; overlay_alpha=&#8220;50&#8243; shift_x=&#8220;0&#8243; shift_y=&#8220;0&#8243; shift_y_down=&#8220;0&#8243; z_index=&#8220;0&#8243; medium_width=&#8220;0&#8243; mobile_width=&#8220;0&#8243; width=&#8220;1\/1&#8243; uncode_shortcode_id=&#8220;875472&#8243; css=&#8220;.vc_custom_1703105995716{padding-top: 18px !important;padding-bottom: 18px !important;}&#8220;][vc_separator sep_color=&#8220;color-uydo&#8220; uncode_shortcode_id=&#8220;155984&#8243; sep_color_type=&#8220;uncode-palette&#8220;][\/vc_column_inner][\/vc_row_inner][vc_row_inner][vc_column_inner width=&#8220;1\/3&#8243;][vc_icon position=&#8220;left&#8220; space_reduced=&#8220;yes&#8220; icon=&#8220;fa fa-shield&#8220; size=&#8220;fa-2x&#8220; text_size=&#8220;h4&#8243; uncode_shortcode_id=&#8220;155542&#8243; title=&#8220;Schutz vor Kontamination&#8220;]Am h\u00e4ufigsten kommt es aufgrund des Eindringens von Wasser oder fl\u00fcssigen Medien zu Spannungseinbr\u00fcchen am Geh\u00e4use. Wird die Wicklung durch Vergie\u00dfen mit Epoxidharz gesch\u00fctzt, ist sie zus\u00e4tzlich vor \u00e4u\u00dferen Einfl\u00fcssen gesch\u00fctzt.[\/vc_icon][\/vc_column_inner][vc_column_inner width=&#8220;1\/3&#8243;][vc_icon position=&#8220;left&#8220; space_reduced=&#8220;yes&#8220; icon=&#8220;fa fa-certificate&#8220; size=&#8220;fa-2x&#8220; text_size=&#8220;h4&#8243; uncode_shortcode_id=&#8220;224335&#8243; title=&#8220;Verl\u00e4ngerte Lebensdauer der Isolierung&#8220;]Indem wir f\u00fcr eine schnellere Ableitung der Temperatur sorgen, verl\u00e4ngern wir die Lebensdauer der Isolierung und erh\u00f6hen die Effizienz des Elektromotors, da die W\u00e4rmeverluste bei Eisen und Kupfer geringer sind.[\/vc_icon][\/vc_column_inner][vc_column_inner width=&#8220;1\/3&#8243;][vc_icon position=&#8220;left&#8220; space_reduced=&#8220;yes&#8220; icon=&#8220;fa fa-ban&#8220; size=&#8220;fa-2x&#8220; text_size=&#8220;h4&#8243; uncode_shortcode_id=&#8220;132104&#8243; title=&#8220;Best\u00e4ndigkeit gegen mechanische Besch\u00e4digungen&#8220;]Wir haben schon oft Elektromotoren gewartet, deren Wicklung durch ein durchgebranntes Lager besch\u00e4digt war. Wenn die Wicklung mit unserer L\u00f6sung mechanisch gesch\u00fctzt wird, verringert sich das Schadensrisiko.[\/vc_icon][\/vc_column_inner][\/vc_row_inner][\/vc_column][\/vc_row]<\/p>\n<\/div>","protected":false},"excerpt":{"rendered":"<p>Matris d.o.o. ist ein f\u00fchrendes Unternehmen in der Region, das auf das Umwickeln von Servo-, Asynchron-, Gleichstrom-, Spindel-, Drehmoment- und Elektromotoren namhafter Hersteller spezialisiert ist.   <\/p>\n","protected":false},"author":1,"featured_media":1675,"parent":2530,"menu_order":2,"comment_status":"closed","ping_status":"closed","template":"","meta":{"footnotes":""},"class_list":["post-3032","page","type-page","status-publish","has-post-thumbnail","hentry"],"yoast_head":"<!-- This site is optimized with the Yoast SEO plugin v27.3 - https:\/\/yoast.com\/product\/yoast-seo-wordpress\/ -->\n<title>Neuwickeln von Elektromotoren | Matris<\/title>\n<meta name=\"robots\" content=\"index, follow, max-snippet:-1, max-image-preview:large, max-video-preview:-1\" \/>\n<link rel=\"canonical\" href=\"https:\/\/matris.eu\/de\/leistungen\/neuwickeln-von-elektromotoren\/\" \/>\n<meta property=\"og:locale\" content=\"de_DE\" \/>\n<meta property=\"og:type\" content=\"article\" \/>\n<meta property=\"og:title\" content=\"Neuwickeln von Elektromotoren | Matris\" \/>\n<meta property=\"og:description\" content=\"Matris d.o.o. ist ein f\u00fchrendes Unternehmen in der Region, das auf das Umwickeln von Servo-, Asynchron-, Gleichstrom-, Spindel-, Drehmoment- und Elektromotoren namhafter Hersteller spezialisiert ist.\" \/>\n<meta property=\"og:url\" content=\"https:\/\/matris.eu\/de\/leistungen\/neuwickeln-von-elektromotoren\/\" \/>\n<meta property=\"og:site_name\" content=\"Matris\" \/>\n<meta property=\"article:publisher\" content=\"https:\/\/www.facebook.com\/Matrisdoo\" \/>\n<meta property=\"article:modified_time\" content=\"2025-06-24T07:27:58+00:00\" \/>\n<meta property=\"og:image\" content=\"https:\/\/matris.eu\/wp-content\/uploads\/2024\/08\/hero_image_previjanje_elektromotorjev.jpg\" \/>\n\t<meta property=\"og:image:width\" content=\"2048\" \/>\n\t<meta property=\"og:image:height\" content=\"800\" \/>\n\t<meta property=\"og:image:type\" content=\"image\/jpeg\" \/>\n<meta name=\"twitter:card\" content=\"summary_large_image\" \/>\n<meta name=\"twitter:label1\" content=\"Gesch\u00e4tzte Lesezeit\" \/>\n\t<meta name=\"twitter:data1\" content=\"4\u00a0Minuten\" \/>\n<script type=\"application\/ld+json\" class=\"yoast-schema-graph\">{\"@context\":\"https:\\\/\\\/schema.org\",\"@graph\":[{\"@type\":\"WebPage\",\"@id\":\"https:\\\/\\\/matris.eu\\\/de\\\/leistungen\\\/neuwickeln-von-elektromotoren\\\/\",\"url\":\"https:\\\/\\\/matris.eu\\\/de\\\/leistungen\\\/neuwickeln-von-elektromotoren\\\/\",\"name\":\"Neuwickeln von Elektromotoren | Matris\",\"isPartOf\":{\"@id\":\"https:\\\/\\\/matris.eu\\\/de\\\/#website\"},\"primaryImageOfPage\":{\"@id\":\"https:\\\/\\\/matris.eu\\\/de\\\/leistungen\\\/neuwickeln-von-elektromotoren\\\/#primaryimage\"},\"image\":{\"@id\":\"https:\\\/\\\/matris.eu\\\/de\\\/leistungen\\\/neuwickeln-von-elektromotoren\\\/#primaryimage\"},\"thumbnailUrl\":\"https:\\\/\\\/matris.eu\\\/wp-content\\\/uploads\\\/2024\\\/08\\\/hero_image_previjanje_elektromotorjev.jpg\",\"datePublished\":\"2023-11-02T11:36:57+00:00\",\"dateModified\":\"2025-06-24T07:27:58+00:00\",\"breadcrumb\":{\"@id\":\"https:\\\/\\\/matris.eu\\\/de\\\/leistungen\\\/neuwickeln-von-elektromotoren\\\/#breadcrumb\"},\"inLanguage\":\"de\",\"potentialAction\":[{\"@type\":\"ReadAction\",\"target\":[\"https:\\\/\\\/matris.eu\\\/de\\\/leistungen\\\/neuwickeln-von-elektromotoren\\\/\"]}]},{\"@type\":\"ImageObject\",\"inLanguage\":\"de\",\"@id\":\"https:\\\/\\\/matris.eu\\\/de\\\/leistungen\\\/neuwickeln-von-elektromotoren\\\/#primaryimage\",\"url\":\"https:\\\/\\\/matris.eu\\\/wp-content\\\/uploads\\\/2024\\\/08\\\/hero_image_previjanje_elektromotorjev.jpg\",\"contentUrl\":\"https:\\\/\\\/matris.eu\\\/wp-content\\\/uploads\\\/2024\\\/08\\\/hero_image_previjanje_elektromotorjev.jpg\",\"width\":2048,\"height\":800,\"caption\":\"Previjanje elektromotorjev\"},{\"@type\":\"BreadcrumbList\",\"@id\":\"https:\\\/\\\/matris.eu\\\/de\\\/leistungen\\\/neuwickeln-von-elektromotoren\\\/#breadcrumb\",\"itemListElement\":[{\"@type\":\"ListItem\",\"position\":1,\"name\":\"Home\",\"item\":\"https:\\\/\\\/matris.eu\\\/de\\\/\"},{\"@type\":\"ListItem\",\"position\":2,\"name\":\"Leistungen\",\"item\":\"https:\\\/\\\/matris.eu\\\/de\\\/leistungen\\\/\"},{\"@type\":\"ListItem\",\"position\":3,\"name\":\"Neuwickeln von Elektromotoren\"}]},{\"@type\":\"WebSite\",\"@id\":\"https:\\\/\\\/matris.eu\\\/de\\\/#website\",\"url\":\"https:\\\/\\\/matris.eu\\\/de\\\/\",\"name\":\"Servisni center Matris\",\"description\":\"Servis elektro, servo in vretenskih motorjev\",\"publisher\":{\"@id\":\"https:\\\/\\\/matris.eu\\\/de\\\/#organization\"},\"alternateName\":\"Matris\",\"potentialAction\":[{\"@type\":\"SearchAction\",\"target\":{\"@type\":\"EntryPoint\",\"urlTemplate\":\"https:\\\/\\\/matris.eu\\\/de\\\/?s={search_term_string}\"},\"query-input\":{\"@type\":\"PropertyValueSpecification\",\"valueRequired\":true,\"valueName\":\"search_term_string\"}}],\"inLanguage\":\"de\"},{\"@type\":\"Organization\",\"@id\":\"https:\\\/\\\/matris.eu\\\/de\\\/#organization\",\"name\":\"Servisni center Matris\",\"alternateName\":\"Matris\",\"url\":\"https:\\\/\\\/matris.eu\\\/de\\\/\",\"logo\":{\"@type\":\"ImageObject\",\"inLanguage\":\"de\",\"@id\":\"https:\\\/\\\/matris.eu\\\/de\\\/#\\\/schema\\\/logo\\\/image\\\/\",\"url\":\"\",\"contentUrl\":\"\",\"caption\":\"Servisni center Matris\"},\"image\":{\"@id\":\"https:\\\/\\\/matris.eu\\\/de\\\/#\\\/schema\\\/logo\\\/image\\\/\"},\"sameAs\":[\"https:\\\/\\\/www.facebook.com\\\/Matrisdoo\",\"https:\\\/\\\/www.linkedin.com\\\/company\\\/matris_doo\\\/\"]}]}<\/script>\n<!-- \/ Yoast SEO plugin. -->","yoast_head_json":{"title":"Neuwickeln von Elektromotoren | Matris","robots":{"index":"index","follow":"follow","max-snippet":"max-snippet:-1","max-image-preview":"max-image-preview:large","max-video-preview":"max-video-preview:-1"},"canonical":"https:\/\/matris.eu\/de\/leistungen\/neuwickeln-von-elektromotoren\/","og_locale":"de_DE","og_type":"article","og_title":"Neuwickeln von Elektromotoren | Matris","og_description":"Matris d.o.o. ist ein f\u00fchrendes Unternehmen in der Region, das auf das Umwickeln von Servo-, Asynchron-, Gleichstrom-, Spindel-, Drehmoment- und Elektromotoren namhafter Hersteller spezialisiert ist.","og_url":"https:\/\/matris.eu\/de\/leistungen\/neuwickeln-von-elektromotoren\/","og_site_name":"Matris","article_publisher":"https:\/\/www.facebook.com\/Matrisdoo","article_modified_time":"2025-06-24T07:27:58+00:00","og_image":[{"width":2048,"height":800,"url":"https:\/\/matris.eu\/wp-content\/uploads\/2024\/08\/hero_image_previjanje_elektromotorjev.jpg","type":"image\/jpeg"}],"twitter_card":"summary_large_image","twitter_misc":{"Gesch\u00e4tzte Lesezeit":"4\u00a0Minuten"},"schema":{"@context":"https:\/\/schema.org","@graph":[{"@type":"WebPage","@id":"https:\/\/matris.eu\/de\/leistungen\/neuwickeln-von-elektromotoren\/","url":"https:\/\/matris.eu\/de\/leistungen\/neuwickeln-von-elektromotoren\/","name":"Neuwickeln von Elektromotoren | Matris","isPartOf":{"@id":"https:\/\/matris.eu\/de\/#website"},"primaryImageOfPage":{"@id":"https:\/\/matris.eu\/de\/leistungen\/neuwickeln-von-elektromotoren\/#primaryimage"},"image":{"@id":"https:\/\/matris.eu\/de\/leistungen\/neuwickeln-von-elektromotoren\/#primaryimage"},"thumbnailUrl":"https:\/\/matris.eu\/wp-content\/uploads\/2024\/08\/hero_image_previjanje_elektromotorjev.jpg","datePublished":"2023-11-02T11:36:57+00:00","dateModified":"2025-06-24T07:27:58+00:00","breadcrumb":{"@id":"https:\/\/matris.eu\/de\/leistungen\/neuwickeln-von-elektromotoren\/#breadcrumb"},"inLanguage":"de","potentialAction":[{"@type":"ReadAction","target":["https:\/\/matris.eu\/de\/leistungen\/neuwickeln-von-elektromotoren\/"]}]},{"@type":"ImageObject","inLanguage":"de","@id":"https:\/\/matris.eu\/de\/leistungen\/neuwickeln-von-elektromotoren\/#primaryimage","url":"https:\/\/matris.eu\/wp-content\/uploads\/2024\/08\/hero_image_previjanje_elektromotorjev.jpg","contentUrl":"https:\/\/matris.eu\/wp-content\/uploads\/2024\/08\/hero_image_previjanje_elektromotorjev.jpg","width":2048,"height":800,"caption":"Previjanje elektromotorjev"},{"@type":"BreadcrumbList","@id":"https:\/\/matris.eu\/de\/leistungen\/neuwickeln-von-elektromotoren\/#breadcrumb","itemListElement":[{"@type":"ListItem","position":1,"name":"Home","item":"https:\/\/matris.eu\/de\/"},{"@type":"ListItem","position":2,"name":"Leistungen","item":"https:\/\/matris.eu\/de\/leistungen\/"},{"@type":"ListItem","position":3,"name":"Neuwickeln von Elektromotoren"}]},{"@type":"WebSite","@id":"https:\/\/matris.eu\/de\/#website","url":"https:\/\/matris.eu\/de\/","name":"Servisni center Matris","description":"Servis elektro, servo in vretenskih motorjev","publisher":{"@id":"https:\/\/matris.eu\/de\/#organization"},"alternateName":"Matris","potentialAction":[{"@type":"SearchAction","target":{"@type":"EntryPoint","urlTemplate":"https:\/\/matris.eu\/de\/?s={search_term_string}"},"query-input":{"@type":"PropertyValueSpecification","valueRequired":true,"valueName":"search_term_string"}}],"inLanguage":"de"},{"@type":"Organization","@id":"https:\/\/matris.eu\/de\/#organization","name":"Servisni center Matris","alternateName":"Matris","url":"https:\/\/matris.eu\/de\/","logo":{"@type":"ImageObject","inLanguage":"de","@id":"https:\/\/matris.eu\/de\/#\/schema\/logo\/image\/","url":"","contentUrl":"","caption":"Servisni center Matris"},"image":{"@id":"https:\/\/matris.eu\/de\/#\/schema\/logo\/image\/"},"sameAs":["https:\/\/www.facebook.com\/Matrisdoo","https:\/\/www.linkedin.com\/company\/matris_doo\/"]}]}},"_links":{"self":[{"href":"https:\/\/matris.eu\/de\/wp-json\/wp\/v2\/pages\/3032","targetHints":{"allow":["GET"]}}],"collection":[{"href":"https:\/\/matris.eu\/de\/wp-json\/wp\/v2\/pages"}],"about":[{"href":"https:\/\/matris.eu\/de\/wp-json\/wp\/v2\/types\/page"}],"author":[{"embeddable":true,"href":"https:\/\/matris.eu\/de\/wp-json\/wp\/v2\/users\/1"}],"replies":[{"embeddable":true,"href":"https:\/\/matris.eu\/de\/wp-json\/wp\/v2\/comments?post=3032"}],"version-history":[{"count":10,"href":"https:\/\/matris.eu\/de\/wp-json\/wp\/v2\/pages\/3032\/revisions"}],"predecessor-version":[{"id":4047,"href":"https:\/\/matris.eu\/de\/wp-json\/wp\/v2\/pages\/3032\/revisions\/4047"}],"up":[{"embeddable":true,"href":"https:\/\/matris.eu\/de\/wp-json\/wp\/v2\/pages\/2530"}],"wp:featuredmedia":[{"embeddable":true,"href":"https:\/\/matris.eu\/de\/wp-json\/wp\/v2\/media\/1675"}],"wp:attachment":[{"href":"https:\/\/matris.eu\/de\/wp-json\/wp\/v2\/media?parent=3032"}],"curies":[{"name":"wp","href":"https:\/\/api.w.org\/{rel}","templated":true}]}}