{"id":2966,"date":"2023-12-20T16:20:39","date_gmt":"2023-12-20T15:20:39","guid":{"rendered":"https:\/\/matris.eu\/leistungen\/schleifen-des-spindelkopfkegels-einer-cnc-maschine\/"},"modified":"2025-06-17T18:26:07","modified_gmt":"2025-06-17T16:26:07","slug":"schleifen-des-spindelkopfkegels-einer-cnc-maschine","status":"publish","type":"page","link":"https:\/\/matris.eu\/de\/leistungen\/schleifen-des-spindelkopfkegels-einer-cnc-maschine\/","title":{"rendered":"Schleifen des Spindelkopfkegels einer CNC-Maschine"},"content":{"rendered":"<div class=\"wpb-content-wrapper\"><p>[vc_row row_height_percent=&#8220;0&#8243; override_padding=&#8220;yes&#8220; h_padding=&#8220;2&#8243; top_padding=&#8220;0&#8243; bottom_padding=&#8220;2&#8243; overlay_alpha=&#8220;50&#8243; gutter_size=&#8220;4&#8243; column_width_percent=&#8220;100&#8243; shift_y=&#8220;0&#8243; z_index=&#8220;0&#8243; uncode_shortcode_id=&#8220;792719&#8243;][vc_column width=&#8220;1\/2&#8243;][vc_column_text uncode_shortcode_id=&#8220;489155&#8243;]Bei unserem Ger\u00e4t wird der Schleifwinkel automatisch eingestellt, wodurch eine hohe Wiederholgenauigkeit gew\u00e4hrleistet ist. Das Ger\u00e4t basiert auf einem optischen Encoder mit einer Genauigkeit von \u00b11,5 \u201ebis \u00b1 3\u201c-&gt; mit einer Wiederholgenauigkeit von 0,001\u00b0. Die Steuerung erfolgt \u00fcber den HMI-Bildschirm (Human Machine Interface), die Bearbeitung \u00fcbernimmt die SPS (Speicherprogrammierbare Steuerung). Es ist m\u00f6glich, die Hubl\u00e4nge w\u00e4hrend des Schleifens anzupassen, verschiedene Vorschub- und Rotationsgeschwindigkeiten einzustellen und bei Bedarf Mikrokorrekturen am Schleifwinkel vorzunehmen.[\/vc_column_text][\/vc_column][vc_column width=&#8220;1\/2&#8243;][vc_column_text uncode_shortcode_id=&#8220;202650&#8243;]Der Ger\u00e4tebediener ist bereits nach relativ kurzer Einarbeitungszeit in der Lage, das Ger\u00e4t selbstst\u00e4ndig zu bedienen.<\/p>\n<p> Die Reparatur der Kegelgeometrie einer CNC-Maschine kann in extrem kurzer Zeit durchgef\u00fchrt werden, was f\u00fcr den Maschinenbesitzer enorme Einsparungen bedeutet.[\/vc_column_text][\/vc_column][\/vc_row]<\/p>\n<\/div>","protected":false},"excerpt":{"rendered":"<p>Bei unserem Ger\u00e4t erfolgt die Einstellung des Schleifwinkels automatisch, wodurch eine hohe Wiederholgenauigkeit gew\u00e4hrleistet ist.<\/p>\n","protected":false},"author":1,"featured_media":493,"parent":2530,"menu_order":7,"comment_status":"closed","ping_status":"closed","template":"","meta":{"footnotes":""},"class_list":["post-2966","page","type-page","status-publish","has-post-thumbnail","hentry"],"yoast_head":"<!-- This site is optimized with the Yoast SEO plugin v27.3 - https:\/\/yoast.com\/product\/yoast-seo-wordpress\/ -->\n<title>Schleifen des Spindelkopfkegels einer CNC-Maschine | Matris<\/title>\n<meta name=\"robots\" content=\"index, follow, max-snippet:-1, max-image-preview:large, max-video-preview:-1\" \/>\n<link rel=\"canonical\" href=\"https:\/\/matris.eu\/de\/leistungen\/schleifen-des-spindelkopfkegels-einer-cnc-maschine\/\" \/>\n<meta property=\"og:locale\" content=\"de_DE\" \/>\n<meta property=\"og:type\" content=\"article\" \/>\n<meta property=\"og:title\" content=\"Schleifen des Spindelkopfkegels einer CNC-Maschine | Matris\" \/>\n<meta property=\"og:description\" content=\"Bei unserem Ger\u00e4t erfolgt die Einstellung des Schleifwinkels automatisch, wodurch eine hohe Wiederholgenauigkeit gew\u00e4hrleistet ist.\" \/>\n<meta property=\"og:url\" content=\"https:\/\/matris.eu\/de\/leistungen\/schleifen-des-spindelkopfkegels-einer-cnc-maschine\/\" \/>\n<meta property=\"og:site_name\" content=\"Matris\" \/>\n<meta property=\"article:publisher\" content=\"https:\/\/www.facebook.com\/Matrisdoo\" \/>\n<meta property=\"article:modified_time\" content=\"2025-06-17T16:26:07+00:00\" \/>\n<meta property=\"og:image\" content=\"https:\/\/matris.eu\/wp-content\/uploads\/2023\/12\/header_grinding.jpg\" \/>\n\t<meta property=\"og:image:width\" content=\"2048\" \/>\n\t<meta property=\"og:image:height\" content=\"800\" \/>\n\t<meta property=\"og:image:type\" content=\"image\/jpeg\" \/>\n<meta name=\"twitter:card\" content=\"summary_large_image\" \/>\n<meta name=\"twitter:label1\" content=\"Gesch\u00e4tzte Lesezeit\" \/>\n\t<meta name=\"twitter:data1\" content=\"1\u00a0Minute\" \/>\n<script type=\"application\/ld+json\" class=\"yoast-schema-graph\">{\"@context\":\"https:\\\/\\\/schema.org\",\"@graph\":[{\"@type\":\"WebPage\",\"@id\":\"https:\\\/\\\/matris.eu\\\/de\\\/leistungen\\\/schleifen-des-spindelkopfkegels-einer-cnc-maschine\\\/\",\"url\":\"https:\\\/\\\/matris.eu\\\/de\\\/leistungen\\\/schleifen-des-spindelkopfkegels-einer-cnc-maschine\\\/\",\"name\":\"Schleifen des Spindelkopfkegels einer CNC-Maschine | Matris\",\"isPartOf\":{\"@id\":\"https:\\\/\\\/matris.eu\\\/de\\\/#website\"},\"primaryImageOfPage\":{\"@id\":\"https:\\\/\\\/matris.eu\\\/de\\\/leistungen\\\/schleifen-des-spindelkopfkegels-einer-cnc-maschine\\\/#primaryimage\"},\"image\":{\"@id\":\"https:\\\/\\\/matris.eu\\\/de\\\/leistungen\\\/schleifen-des-spindelkopfkegels-einer-cnc-maschine\\\/#primaryimage\"},\"thumbnailUrl\":\"https:\\\/\\\/matris.eu\\\/wp-content\\\/uploads\\\/2023\\\/12\\\/header_grinding.jpg\",\"datePublished\":\"2023-12-20T15:20:39+00:00\",\"dateModified\":\"2025-06-17T16:26:07+00:00\",\"breadcrumb\":{\"@id\":\"https:\\\/\\\/matris.eu\\\/de\\\/leistungen\\\/schleifen-des-spindelkopfkegels-einer-cnc-maschine\\\/#breadcrumb\"},\"inLanguage\":\"de\",\"potentialAction\":[{\"@type\":\"ReadAction\",\"target\":[\"https:\\\/\\\/matris.eu\\\/de\\\/leistungen\\\/schleifen-des-spindelkopfkegels-einer-cnc-maschine\\\/\"]}]},{\"@type\":\"ImageObject\",\"inLanguage\":\"de\",\"@id\":\"https:\\\/\\\/matris.eu\\\/de\\\/leistungen\\\/schleifen-des-spindelkopfkegels-einer-cnc-maschine\\\/#primaryimage\",\"url\":\"https:\\\/\\\/matris.eu\\\/wp-content\\\/uploads\\\/2023\\\/12\\\/header_grinding.jpg\",\"contentUrl\":\"https:\\\/\\\/matris.eu\\\/wp-content\\\/uploads\\\/2023\\\/12\\\/header_grinding.jpg\",\"width\":2048,\"height\":800},{\"@type\":\"BreadcrumbList\",\"@id\":\"https:\\\/\\\/matris.eu\\\/de\\\/leistungen\\\/schleifen-des-spindelkopfkegels-einer-cnc-maschine\\\/#breadcrumb\",\"itemListElement\":[{\"@type\":\"ListItem\",\"position\":1,\"name\":\"Home\",\"item\":\"https:\\\/\\\/matris.eu\\\/de\\\/\"},{\"@type\":\"ListItem\",\"position\":2,\"name\":\"Leistungen\",\"item\":\"https:\\\/\\\/matris.eu\\\/de\\\/leistungen\\\/\"},{\"@type\":\"ListItem\",\"position\":3,\"name\":\"Schleifen des Spindelkopfkegels einer CNC-Maschine\"}]},{\"@type\":\"WebSite\",\"@id\":\"https:\\\/\\\/matris.eu\\\/de\\\/#website\",\"url\":\"https:\\\/\\\/matris.eu\\\/de\\\/\",\"name\":\"Servisni center Matris\",\"description\":\"Servis elektro, servo in vretenskih motorjev\",\"publisher\":{\"@id\":\"https:\\\/\\\/matris.eu\\\/de\\\/#organization\"},\"alternateName\":\"Matris\",\"potentialAction\":[{\"@type\":\"SearchAction\",\"target\":{\"@type\":\"EntryPoint\",\"urlTemplate\":\"https:\\\/\\\/matris.eu\\\/de\\\/?s={search_term_string}\"},\"query-input\":{\"@type\":\"PropertyValueSpecification\",\"valueRequired\":true,\"valueName\":\"search_term_string\"}}],\"inLanguage\":\"de\"},{\"@type\":\"Organization\",\"@id\":\"https:\\\/\\\/matris.eu\\\/de\\\/#organization\",\"name\":\"Servisni center Matris\",\"alternateName\":\"Matris\",\"url\":\"https:\\\/\\\/matris.eu\\\/de\\\/\",\"logo\":{\"@type\":\"ImageObject\",\"inLanguage\":\"de\",\"@id\":\"https:\\\/\\\/matris.eu\\\/de\\\/#\\\/schema\\\/logo\\\/image\\\/\",\"url\":\"\",\"contentUrl\":\"\",\"caption\":\"Servisni center Matris\"},\"image\":{\"@id\":\"https:\\\/\\\/matris.eu\\\/de\\\/#\\\/schema\\\/logo\\\/image\\\/\"},\"sameAs\":[\"https:\\\/\\\/www.facebook.com\\\/Matrisdoo\",\"https:\\\/\\\/www.linkedin.com\\\/company\\\/matris_doo\\\/\"]}]}<\/script>\n<!-- \/ Yoast SEO plugin. -->","yoast_head_json":{"title":"Schleifen des Spindelkopfkegels einer CNC-Maschine | Matris","robots":{"index":"index","follow":"follow","max-snippet":"max-snippet:-1","max-image-preview":"max-image-preview:large","max-video-preview":"max-video-preview:-1"},"canonical":"https:\/\/matris.eu\/de\/leistungen\/schleifen-des-spindelkopfkegels-einer-cnc-maschine\/","og_locale":"de_DE","og_type":"article","og_title":"Schleifen des Spindelkopfkegels einer CNC-Maschine | Matris","og_description":"Bei unserem Ger\u00e4t erfolgt die Einstellung des Schleifwinkels automatisch, wodurch eine hohe Wiederholgenauigkeit gew\u00e4hrleistet ist.","og_url":"https:\/\/matris.eu\/de\/leistungen\/schleifen-des-spindelkopfkegels-einer-cnc-maschine\/","og_site_name":"Matris","article_publisher":"https:\/\/www.facebook.com\/Matrisdoo","article_modified_time":"2025-06-17T16:26:07+00:00","og_image":[{"width":2048,"height":800,"url":"https:\/\/matris.eu\/wp-content\/uploads\/2023\/12\/header_grinding.jpg","type":"image\/jpeg"}],"twitter_card":"summary_large_image","twitter_misc":{"Gesch\u00e4tzte Lesezeit":"1\u00a0Minute"},"schema":{"@context":"https:\/\/schema.org","@graph":[{"@type":"WebPage","@id":"https:\/\/matris.eu\/de\/leistungen\/schleifen-des-spindelkopfkegels-einer-cnc-maschine\/","url":"https:\/\/matris.eu\/de\/leistungen\/schleifen-des-spindelkopfkegels-einer-cnc-maschine\/","name":"Schleifen des Spindelkopfkegels einer CNC-Maschine | Matris","isPartOf":{"@id":"https:\/\/matris.eu\/de\/#website"},"primaryImageOfPage":{"@id":"https:\/\/matris.eu\/de\/leistungen\/schleifen-des-spindelkopfkegels-einer-cnc-maschine\/#primaryimage"},"image":{"@id":"https:\/\/matris.eu\/de\/leistungen\/schleifen-des-spindelkopfkegels-einer-cnc-maschine\/#primaryimage"},"thumbnailUrl":"https:\/\/matris.eu\/wp-content\/uploads\/2023\/12\/header_grinding.jpg","datePublished":"2023-12-20T15:20:39+00:00","dateModified":"2025-06-17T16:26:07+00:00","breadcrumb":{"@id":"https:\/\/matris.eu\/de\/leistungen\/schleifen-des-spindelkopfkegels-einer-cnc-maschine\/#breadcrumb"},"inLanguage":"de","potentialAction":[{"@type":"ReadAction","target":["https:\/\/matris.eu\/de\/leistungen\/schleifen-des-spindelkopfkegels-einer-cnc-maschine\/"]}]},{"@type":"ImageObject","inLanguage":"de","@id":"https:\/\/matris.eu\/de\/leistungen\/schleifen-des-spindelkopfkegels-einer-cnc-maschine\/#primaryimage","url":"https:\/\/matris.eu\/wp-content\/uploads\/2023\/12\/header_grinding.jpg","contentUrl":"https:\/\/matris.eu\/wp-content\/uploads\/2023\/12\/header_grinding.jpg","width":2048,"height":800},{"@type":"BreadcrumbList","@id":"https:\/\/matris.eu\/de\/leistungen\/schleifen-des-spindelkopfkegels-einer-cnc-maschine\/#breadcrumb","itemListElement":[{"@type":"ListItem","position":1,"name":"Home","item":"https:\/\/matris.eu\/de\/"},{"@type":"ListItem","position":2,"name":"Leistungen","item":"https:\/\/matris.eu\/de\/leistungen\/"},{"@type":"ListItem","position":3,"name":"Schleifen des Spindelkopfkegels einer CNC-Maschine"}]},{"@type":"WebSite","@id":"https:\/\/matris.eu\/de\/#website","url":"https:\/\/matris.eu\/de\/","name":"Servisni center Matris","description":"Servis elektro, servo in vretenskih motorjev","publisher":{"@id":"https:\/\/matris.eu\/de\/#organization"},"alternateName":"Matris","potentialAction":[{"@type":"SearchAction","target":{"@type":"EntryPoint","urlTemplate":"https:\/\/matris.eu\/de\/?s={search_term_string}"},"query-input":{"@type":"PropertyValueSpecification","valueRequired":true,"valueName":"search_term_string"}}],"inLanguage":"de"},{"@type":"Organization","@id":"https:\/\/matris.eu\/de\/#organization","name":"Servisni center Matris","alternateName":"Matris","url":"https:\/\/matris.eu\/de\/","logo":{"@type":"ImageObject","inLanguage":"de","@id":"https:\/\/matris.eu\/de\/#\/schema\/logo\/image\/","url":"","contentUrl":"","caption":"Servisni center Matris"},"image":{"@id":"https:\/\/matris.eu\/de\/#\/schema\/logo\/image\/"},"sameAs":["https:\/\/www.facebook.com\/Matrisdoo","https:\/\/www.linkedin.com\/company\/matris_doo\/"]}]}},"_links":{"self":[{"href":"https:\/\/matris.eu\/de\/wp-json\/wp\/v2\/pages\/2966","targetHints":{"allow":["GET"]}}],"collection":[{"href":"https:\/\/matris.eu\/de\/wp-json\/wp\/v2\/pages"}],"about":[{"href":"https:\/\/matris.eu\/de\/wp-json\/wp\/v2\/types\/page"}],"author":[{"embeddable":true,"href":"https:\/\/matris.eu\/de\/wp-json\/wp\/v2\/users\/1"}],"replies":[{"embeddable":true,"href":"https:\/\/matris.eu\/de\/wp-json\/wp\/v2\/comments?post=2966"}],"version-history":[{"count":1,"href":"https:\/\/matris.eu\/de\/wp-json\/wp\/v2\/pages\/2966\/revisions"}],"predecessor-version":[{"id":2974,"href":"https:\/\/matris.eu\/de\/wp-json\/wp\/v2\/pages\/2966\/revisions\/2974"}],"up":[{"embeddable":true,"href":"https:\/\/matris.eu\/de\/wp-json\/wp\/v2\/pages\/2530"}],"wp:featuredmedia":[{"embeddable":true,"href":"https:\/\/matris.eu\/de\/wp-json\/wp\/v2\/media\/493"}],"wp:attachment":[{"href":"https:\/\/matris.eu\/de\/wp-json\/wp\/v2\/media?parent=2966"}],"curies":[{"name":"wp","href":"https:\/\/api.w.org\/{rel}","templated":true}]}}