{"id":2952,"date":"2023-12-20T16:23:35","date_gmt":"2023-12-20T15:23:35","guid":{"rendered":"https:\/\/matris.eu\/elektrische-antriebsstraenge-fuer-kraftfahrzeuge\/"},"modified":"2025-06-17T18:26:08","modified_gmt":"2025-06-17T16:26:08","slug":"elektrische-antriebsstraenge-fuer-kraftfahrzeuge","status":"publish","type":"page","link":"https:\/\/matris.eu\/de\/elektrische-antriebsstraenge-fuer-kraftfahrzeuge\/","title":{"rendered":"Elektrische Antriebsstr\u00e4nge f\u00fcr Kraftfahrzeuge"},"content":{"rendered":"<div class=\"wpb-content-wrapper\"><p>[vc_row unlock_row_content=&#8220;yes&#8220; row_height_percent=&#8220;0&#8243; override_padding=&#8220;yes&#8220; h_padding=&#8220;0&#8243; top_padding=&#8220;0&#8243; bottom_padding=&#8220;0&#8243; back_color=&#8220;color-193339&#8243; overlay_alpha=&#8220;50&#8243; equal_height=&#8220;yes&#8220; gutter_size=&#8220;0&#8243; column_width_percent=&#8220;100&#8243; shift_y=&#8220;0&#8243; z_index=&#8220;0&#8243; el_class=&#8220;inverted-device-order&#8220; uncode_shortcode_id=&#8220;135724&#8243; back_color_type=&#8220;uncode-palette&#8220;][vc_column column_width_use_pixel=&#8220;yes&#8220; gutter_size=&#8220;3&#8243; override_padding=&#8220;yes&#8220; column_padding=&#8220;5&#8243; style=&#8220;light&#8220; overlay_alpha=&#8220;50&#8243; shift_x=&#8220;0&#8243; shift_y=&#8220;0&#8243; shift_y_down=&#8220;0&#8243; z_index=&#8220;0&#8243; medium_width=&#8220;0&#8243; mobile_width=&#8220;0&#8243; width=&#8220;1\/2&#8243; column_width_pixel=&#8220;700&#8243; uncode_shortcode_id=&#8220;195885&#8243;][vc_custom_heading text_color=&#8220;accent&#8220; heading_semantic=&#8220;h6&#8243; text_font=&#8220;font-377744&#8243; text_size=&#8220;h5&#8243; text_transform=&#8220;uppercase&#8220; text_space=&#8220;fontspace-576413&#8243; uncode_shortcode_id=&#8220;131274&#8243; text_color_type=&#8220;uncode-palette&#8220;]EVSC \u2013 Servicezentrum f\u00fcr Elektrofahrzeuge[\/vc_custom_heading][vc_custom_heading text_color=&#8220;color-jevc&#8220; heading_semantic=&#8220;h1&#8243; text_size=&#8220;fontsize-213927&#8243; uncode_shortcode_id=&#8220;186389&#8243; text_color_type=&#8220;uncode-palette&#8220;]Servicezentrum f\u00fcr elektrische Antriebseinheiten f\u00fcr Kraftfahrzeuge[\/vc_custom_heading][vc_column_text uncode_shortcode_id=&#8220;189109&#8243;]Matris ist kein Reparaturbetrieb f\u00fcr Elektrofahrzeuge, sondern spezialisiert auf die \u00dcberholung und Wartung von EDUs (Elektroantriebseinheiten). In den letzten Monaten haben wir unseren Service kontinuierlich verbessert. Wir k\u00f6nnen behaupten, dass die in unserem Servicecenter \u00fcberholten Antriebseinheiten langlebiger, besser gesch\u00fctzt und leistungsf\u00e4higer sind als die originalen, in Serie gefertigten Einheiten. Wir erweitern und erg\u00e4nzen unser Know-how st\u00e4ndig.   <\/p>\n<p>Obwohl wir nicht auf eine bestimmte Marke beschr\u00e4nkt sind, konzentrieren wir uns derzeit auf Tesla EDUs, bei denen wir einen erh\u00f6hten Servicebedarf feststellen.[\/vc_column_text][\/vc_column][vc_column column_width_percent=&#8220;100&#8243; gutter_size=&#8220;3&#8243; back_image=&#8220;2955&#8243; overlay_alpha=&#8220;50&#8243; shift_x=&#8220;0&#8243; shift_y=&#8220;0&#8243; shift_y_down=&#8220;0&#8243; z_index=&#8220;0&#8243; medium_width=&#8220;0&#8243; mobile_width=&#8220;0&#8243; width=&#8220;1\/2&#8243; mobile_height=&#8220;340&#8243; uncode_shortcode_id=&#8220;156720&#8243;][\/vc_column][\/vc_row][vc_row row_height_percent=&#8220;0&#8243; override_padding=&#8220;yes&#8220; h_padding=&#8220;2&#8243; top_padding=&#8220;4&#8243; bottom_padding=&#8220;2&#8243; overlay_alpha=&#8220;50&#8243; gutter_size=&#8220;3&#8243; column_width_percent=&#8220;100&#8243; shift_y=&#8220;0&#8243; z_index=&#8220;0&#8243; uncode_shortcode_id=&#8220;607125&#8243;][vc_column width=&#8220;1\/2&#8243;][vc_custom_heading heading_semantic=&#8220;h3&#8243; text_size=&#8220;h4&#8243; uncode_shortcode_id=&#8220;147303&#8243;]Die Realit\u00e4t des Elektrofahrzeugmarktes[\/vc_custom_heading][vc_column_text uncode_shortcode_id=&#8220;843875&#8243;]Obwohl es viele Artikel dar\u00fcber gibt, dass die Elektromobilit\u00e4t durch die Batterieherstellungstechnologie, die Reichweite und die Ladeinfrastruktur eingeschr\u00e4nkt wird, besteht das eigentliche Problem darin, dass Fahrzeugen, deren Werksgarantie langsam abl\u00e4uft, die notwendige Unterst\u00fctzung im Netzwerk nicht autorisierter Reparaturwerkst\u00e4tten fehlt.[\/vc_column_text][vc_custom_heading heading_semantic=&#8220;h3&#8243; text_size=&#8220;h4&#8243; uncode_shortcode_id=&#8220;183969&#8243;]Verbesserungen bei der LDU-Statorerneuerung[\/vc_custom_heading][uncode_list icon=&#8220;fa fa-check&#8220; icon_color=&#8220;accent&#8220; uncode_shortcode_id=&#8220;478688&#8243; icon_color_type=&#8220;uncode-palette&#8220;]<\/p>\n<ul>\n<li>Kapazit\u00e4tssteigerung um 3-5%<\/li>\n<li>Verbesserte W\u00e4rmeableitung durch Matrix-Epoxidharz<\/li>\n<li>Reduzierung von Stator\u00fcberhitzungsproblemen<\/li>\n<li>3% Vergr\u00f6\u00dferung der Fl\u00e4che der Phasenleiter<\/li>\n<li>Au\u00dfergew\u00f6hnliche Haltbarkeit, wodurch es praktisch unzerst\u00f6rbar ist<\/li>\n<\/ul>\n<p>[\/uncode_list][\/vc_column][vc_column column_width_percent=&#8220;100&#8243; gutter_size=&#8220;3&#8243; override_padding=&#8220;yes&#8220; column_padding=&#8220;3&#8243; back_color=&#8220;color-193339&#8243; overlay_alpha=&#8220;50&#8243; shift_x=&#8220;0&#8243; shift_y=&#8220;0&#8243; shift_y_down=&#8220;0&#8243; z_index=&#8220;0&#8243; medium_width=&#8220;0&#8243; mobile_width=&#8220;0&#8243; width=&#8220;1\/2&#8243; uncode_shortcode_id=&#8220;612813&#8243; back_color_type=&#8220;uncode-palette&#8220;][vc_single_image media=&#8220;515&#8243; media_width_use_pixel=&#8220;yes&#8220; uncode_shortcode_id=&#8220;366294&#8243; media_width_pixel=&#8220;200&#8243;][vc_column_text uncode_shortcode_id=&#8220;316772&#8243;]Wir sind <strong>hochspezialisiert auf die \u00dcberholung des elektrischen Antriebsteils<\/strong> von Elektrofahrzeugen. Wenn Sie unser Fachwissen und unsere Dienstleistungen nutzen m\u00f6chten, senden Sie uns einfach den elektrischen Antriebsteil (Stator und Rotor) an unsere Adresse. Nach Erhalt, Demontage und Pr\u00fcfung des festgestellten Zustands erstellen wir Ihnen ein Angebot f\u00fcr die \u00dcberholung. Sobald Sie es best\u00e4tigen, machen wir uns an die Arbeit. Sie erhalten immer eine 1-j\u00e4hrige Matris-Garantie auf die durchgef\u00fchrten Arbeiten. Gegen Aufpreis erhalten Sie auch eine 2-j\u00e4hrige Garantie.     <\/p>\n<p><em>Wir sind keine Autowerkstatt und f\u00fchren weder Fahrzeugwartungen noch die Demontage von Antriebsstr\u00e4ngen durch.<\/em>[\/vc_column_text][\/vc_column][\/vc_row]<\/p>\n<\/div>","protected":false},"excerpt":{"rendered":"<p>[vc_row unlock_row_content=&#8220;yes&#8220; row_height_percent=&#8220;0&#8243; override_padding=&#8220;yes&#8220; h_padding=&#8220;0&#8243; top_padding=&#8220;0&#8243; bottom_padding=&#8220;0&#8243; back_color=&#8220;color-193339&#8243; overlay_alpha=&#8220;50&#8243; equal_height=&#8220;yes&#8220; gutter_size=&#8220;0&#8243; column_width_percent=&#8220;100&#8243; shift_y=&#8220;0&#8243; z_index=&#8220;0&#8243; el_class=&#8220;inverted-device-order&#8220; uncode_shortcode_id=&#8220;135724&#8243; back_color_type=&#8220;uncode-palette&#8220;][vc_column column_width_use_pixel=&#8220;yes&#8220; gutter_size=&#8220;3&#8243; override_padding=&#8220;yes&#8220; [&hellip;]<\/p>\n","protected":false},"author":1,"featured_media":0,"parent":0,"menu_order":3,"comment_status":"closed","ping_status":"closed","template":"","meta":{"footnotes":""},"class_list":["post-2952","page","type-page","status-publish","hentry"],"yoast_head":"<!-- This site is optimized with the Yoast SEO plugin v27.3 - https:\/\/yoast.com\/product\/yoast-seo-wordpress\/ -->\n<title>Elektrische Antriebsstr\u00e4nge f\u00fcr Kraftfahrzeuge | Matris<\/title>\n<meta name=\"robots\" content=\"index, follow, max-snippet:-1, max-image-preview:large, max-video-preview:-1\" \/>\n<link rel=\"canonical\" href=\"https:\/\/matris.eu\/de\/elektrische-antriebsstraenge-fuer-kraftfahrzeuge\/\" \/>\n<meta property=\"og:locale\" content=\"de_DE\" \/>\n<meta property=\"og:type\" content=\"article\" \/>\n<meta property=\"og:title\" content=\"Elektrische Antriebsstr\u00e4nge f\u00fcr Kraftfahrzeuge | Matris\" \/>\n<meta property=\"og:description\" content=\"[vc_row unlock_row_content=&#8220;yes&#8220; row_height_percent=&#8220;0&#8243; override_padding=&#8220;yes&#8220; h_padding=&#8220;0&#8243; top_padding=&#8220;0&#8243; bottom_padding=&#8220;0&#8243; back_color=&#8220;color-193339&#8243; overlay_alpha=&#8220;50&#8243; equal_height=&#8220;yes&#8220; gutter_size=&#8220;0&#8243; column_width_percent=&#8220;100&#8243; shift_y=&#8220;0&#8243; z_index=&#8220;0&#8243; el_class=&#8220;inverted-device-order&#8220; uncode_shortcode_id=&#8220;135724&#8243; back_color_type=&#8220;uncode-palette&#8220;][vc_column column_width_use_pixel=&#8220;yes&#8220; gutter_size=&#8220;3&#8243; override_padding=&#8220;yes&#8220; [&hellip;]\" \/>\n<meta property=\"og:url\" content=\"https:\/\/matris.eu\/de\/elektrische-antriebsstraenge-fuer-kraftfahrzeuge\/\" \/>\n<meta property=\"og:site_name\" content=\"Matris\" \/>\n<meta property=\"article:publisher\" content=\"https:\/\/www.facebook.com\/Matrisdoo\" \/>\n<meta property=\"article:modified_time\" content=\"2025-06-17T16:26:08+00:00\" \/>\n<meta property=\"og:image\" content=\"https:\/\/matris.eu\/wp-content\/uploads\/2024\/02\/matris_seo_image.jpg\" \/>\n\t<meta property=\"og:image:width\" content=\"1200\" \/>\n\t<meta property=\"og:image:height\" content=\"1000\" \/>\n\t<meta property=\"og:image:type\" content=\"image\/jpeg\" \/>\n<meta name=\"twitter:card\" content=\"summary_large_image\" \/>\n<meta name=\"twitter:label1\" content=\"Gesch\u00e4tzte Lesezeit\" \/>\n\t<meta name=\"twitter:data1\" content=\"3\u00a0Minuten\" \/>\n<script type=\"application\/ld+json\" class=\"yoast-schema-graph\">{\"@context\":\"https:\\\/\\\/schema.org\",\"@graph\":[{\"@type\":\"WebPage\",\"@id\":\"https:\\\/\\\/matris.eu\\\/de\\\/elektrische-antriebsstraenge-fuer-kraftfahrzeuge\\\/\",\"url\":\"https:\\\/\\\/matris.eu\\\/de\\\/elektrische-antriebsstraenge-fuer-kraftfahrzeuge\\\/\",\"name\":\"Elektrische Antriebsstr\u00e4nge f\u00fcr Kraftfahrzeuge | Matris\",\"isPartOf\":{\"@id\":\"https:\\\/\\\/matris.eu\\\/de\\\/#website\"},\"datePublished\":\"2023-12-20T15:23:35+00:00\",\"dateModified\":\"2025-06-17T16:26:08+00:00\",\"breadcrumb\":{\"@id\":\"https:\\\/\\\/matris.eu\\\/de\\\/elektrische-antriebsstraenge-fuer-kraftfahrzeuge\\\/#breadcrumb\"},\"inLanguage\":\"de\",\"potentialAction\":[{\"@type\":\"ReadAction\",\"target\":[\"https:\\\/\\\/matris.eu\\\/de\\\/elektrische-antriebsstraenge-fuer-kraftfahrzeuge\\\/\"]}]},{\"@type\":\"BreadcrumbList\",\"@id\":\"https:\\\/\\\/matris.eu\\\/de\\\/elektrische-antriebsstraenge-fuer-kraftfahrzeuge\\\/#breadcrumb\",\"itemListElement\":[{\"@type\":\"ListItem\",\"position\":1,\"name\":\"Home\",\"item\":\"https:\\\/\\\/matris.eu\\\/de\\\/\"},{\"@type\":\"ListItem\",\"position\":2,\"name\":\"Elektrische Antriebsstr\u00e4nge f\u00fcr Kraftfahrzeuge\"}]},{\"@type\":\"WebSite\",\"@id\":\"https:\\\/\\\/matris.eu\\\/de\\\/#website\",\"url\":\"https:\\\/\\\/matris.eu\\\/de\\\/\",\"name\":\"Servisni center Matris\",\"description\":\"Servis elektro, servo in vretenskih motorjev\",\"publisher\":{\"@id\":\"https:\\\/\\\/matris.eu\\\/de\\\/#organization\"},\"alternateName\":\"Matris\",\"potentialAction\":[{\"@type\":\"SearchAction\",\"target\":{\"@type\":\"EntryPoint\",\"urlTemplate\":\"https:\\\/\\\/matris.eu\\\/de\\\/?s={search_term_string}\"},\"query-input\":{\"@type\":\"PropertyValueSpecification\",\"valueRequired\":true,\"valueName\":\"search_term_string\"}}],\"inLanguage\":\"de\"},{\"@type\":\"Organization\",\"@id\":\"https:\\\/\\\/matris.eu\\\/de\\\/#organization\",\"name\":\"Servisni center Matris\",\"alternateName\":\"Matris\",\"url\":\"https:\\\/\\\/matris.eu\\\/de\\\/\",\"logo\":{\"@type\":\"ImageObject\",\"inLanguage\":\"de\",\"@id\":\"https:\\\/\\\/matris.eu\\\/de\\\/#\\\/schema\\\/logo\\\/image\\\/\",\"url\":\"\",\"contentUrl\":\"\",\"caption\":\"Servisni center Matris\"},\"image\":{\"@id\":\"https:\\\/\\\/matris.eu\\\/de\\\/#\\\/schema\\\/logo\\\/image\\\/\"},\"sameAs\":[\"https:\\\/\\\/www.facebook.com\\\/Matrisdoo\",\"https:\\\/\\\/www.linkedin.com\\\/company\\\/matris_doo\\\/\"]}]}<\/script>\n<!-- \/ Yoast SEO plugin. -->","yoast_head_json":{"title":"Elektrische Antriebsstr\u00e4nge f\u00fcr Kraftfahrzeuge | Matris","robots":{"index":"index","follow":"follow","max-snippet":"max-snippet:-1","max-image-preview":"max-image-preview:large","max-video-preview":"max-video-preview:-1"},"canonical":"https:\/\/matris.eu\/de\/elektrische-antriebsstraenge-fuer-kraftfahrzeuge\/","og_locale":"de_DE","og_type":"article","og_title":"Elektrische Antriebsstr\u00e4nge f\u00fcr Kraftfahrzeuge | Matris","og_description":"[vc_row unlock_row_content=&#8220;yes&#8220; row_height_percent=&#8220;0&#8243; override_padding=&#8220;yes&#8220; h_padding=&#8220;0&#8243; top_padding=&#8220;0&#8243; bottom_padding=&#8220;0&#8243; back_color=&#8220;color-193339&#8243; overlay_alpha=&#8220;50&#8243; equal_height=&#8220;yes&#8220; gutter_size=&#8220;0&#8243; column_width_percent=&#8220;100&#8243; shift_y=&#8220;0&#8243; z_index=&#8220;0&#8243; el_class=&#8220;inverted-device-order&#8220; uncode_shortcode_id=&#8220;135724&#8243; back_color_type=&#8220;uncode-palette&#8220;][vc_column column_width_use_pixel=&#8220;yes&#8220; gutter_size=&#8220;3&#8243; override_padding=&#8220;yes&#8220; [&hellip;]","og_url":"https:\/\/matris.eu\/de\/elektrische-antriebsstraenge-fuer-kraftfahrzeuge\/","og_site_name":"Matris","article_publisher":"https:\/\/www.facebook.com\/Matrisdoo","article_modified_time":"2025-06-17T16:26:08+00:00","og_image":[{"width":1200,"height":1000,"url":"https:\/\/matris.eu\/wp-content\/uploads\/2024\/02\/matris_seo_image.jpg","type":"image\/jpeg"}],"twitter_card":"summary_large_image","twitter_misc":{"Gesch\u00e4tzte Lesezeit":"3\u00a0Minuten"},"schema":{"@context":"https:\/\/schema.org","@graph":[{"@type":"WebPage","@id":"https:\/\/matris.eu\/de\/elektrische-antriebsstraenge-fuer-kraftfahrzeuge\/","url":"https:\/\/matris.eu\/de\/elektrische-antriebsstraenge-fuer-kraftfahrzeuge\/","name":"Elektrische Antriebsstr\u00e4nge f\u00fcr Kraftfahrzeuge | Matris","isPartOf":{"@id":"https:\/\/matris.eu\/de\/#website"},"datePublished":"2023-12-20T15:23:35+00:00","dateModified":"2025-06-17T16:26:08+00:00","breadcrumb":{"@id":"https:\/\/matris.eu\/de\/elektrische-antriebsstraenge-fuer-kraftfahrzeuge\/#breadcrumb"},"inLanguage":"de","potentialAction":[{"@type":"ReadAction","target":["https:\/\/matris.eu\/de\/elektrische-antriebsstraenge-fuer-kraftfahrzeuge\/"]}]},{"@type":"BreadcrumbList","@id":"https:\/\/matris.eu\/de\/elektrische-antriebsstraenge-fuer-kraftfahrzeuge\/#breadcrumb","itemListElement":[{"@type":"ListItem","position":1,"name":"Home","item":"https:\/\/matris.eu\/de\/"},{"@type":"ListItem","position":2,"name":"Elektrische Antriebsstr\u00e4nge f\u00fcr Kraftfahrzeuge"}]},{"@type":"WebSite","@id":"https:\/\/matris.eu\/de\/#website","url":"https:\/\/matris.eu\/de\/","name":"Servisni center Matris","description":"Servis elektro, servo in vretenskih motorjev","publisher":{"@id":"https:\/\/matris.eu\/de\/#organization"},"alternateName":"Matris","potentialAction":[{"@type":"SearchAction","target":{"@type":"EntryPoint","urlTemplate":"https:\/\/matris.eu\/de\/?s={search_term_string}"},"query-input":{"@type":"PropertyValueSpecification","valueRequired":true,"valueName":"search_term_string"}}],"inLanguage":"de"},{"@type":"Organization","@id":"https:\/\/matris.eu\/de\/#organization","name":"Servisni center Matris","alternateName":"Matris","url":"https:\/\/matris.eu\/de\/","logo":{"@type":"ImageObject","inLanguage":"de","@id":"https:\/\/matris.eu\/de\/#\/schema\/logo\/image\/","url":"","contentUrl":"","caption":"Servisni center Matris"},"image":{"@id":"https:\/\/matris.eu\/de\/#\/schema\/logo\/image\/"},"sameAs":["https:\/\/www.facebook.com\/Matrisdoo","https:\/\/www.linkedin.com\/company\/matris_doo\/"]}]}},"_links":{"self":[{"href":"https:\/\/matris.eu\/de\/wp-json\/wp\/v2\/pages\/2952","targetHints":{"allow":["GET"]}}],"collection":[{"href":"https:\/\/matris.eu\/de\/wp-json\/wp\/v2\/pages"}],"about":[{"href":"https:\/\/matris.eu\/de\/wp-json\/wp\/v2\/types\/page"}],"author":[{"embeddable":true,"href":"https:\/\/matris.eu\/de\/wp-json\/wp\/v2\/users\/1"}],"replies":[{"embeddable":true,"href":"https:\/\/matris.eu\/de\/wp-json\/wp\/v2\/comments?post=2952"}],"version-history":[{"count":7,"href":"https:\/\/matris.eu\/de\/wp-json\/wp\/v2\/pages\/2952\/revisions"}],"predecessor-version":[{"id":3001,"href":"https:\/\/matris.eu\/de\/wp-json\/wp\/v2\/pages\/2952\/revisions\/3001"}],"wp:attachment":[{"href":"https:\/\/matris.eu\/de\/wp-json\/wp\/v2\/media?parent=2952"}],"curies":[{"name":"wp","href":"https:\/\/api.w.org\/{rel}","templated":true}]}}