{"id":2932,"date":"2023-12-20T16:21:14","date_gmt":"2023-12-20T15:21:14","guid":{"rendered":"https:\/\/matris.eu\/leistungen\/produktion-von-strom-und-signalkabeln\/"},"modified":"2025-06-17T18:26:07","modified_gmt":"2025-06-17T16:26:07","slug":"produktion-von-strom-und-signalkabeln","status":"publish","type":"page","link":"https:\/\/matris.eu\/de\/leistungen\/produktion-von-strom-und-signalkabeln\/","title":{"rendered":"Produktion von Strom- und Signalkabeln"},"content":{"rendered":"<div class=\"wpb-content-wrapper\"><p>[vc_row row_height_percent=&#8220;0&#8243; override_padding=&#8220;yes&#8220; h_padding=&#8220;2&#8243; top_padding=&#8220;0&#8243; bottom_padding=&#8220;2&#8243; overlay_alpha=&#8220;50&#8243; gutter_size=&#8220;4&#8243; column_width_percent=&#8220;100&#8243; shift_y=&#8220;0&#8243; z_index=&#8220;0&#8243; uncode_shortcode_id=&#8220;792719&#8243;][vc_column width=&#8220;1\/2&#8243;][vc_column_text uncode_shortcode_id=&#8220;206647&#8243;]<!--StartFragment --><\/p>\n<p class=\"pf0\"><span class=\"cf0\">Da es in den letzten Jahren immer wieder zu ungew\u00f6hnlich langen Lieferzeiten von Lieferanten und Herstellern kam, hat sich das Matris Service Center auch auf die Fertigung kundenspezifischer Strom- und Signalkabel spezialisiert. Die Lieferung erfolgt in diesem Fall innerhalb von ein bis zwei Wochen und ist lediglich von der Verf\u00fcgbarkeit einzelner Komponenten abh\u00e4ngig, die in der Regel wenige Tage betr\u00e4gt.   <\/span><!--EndFragment --><\/p>\n<p>[\/vc_column_text][\/vc_column][vc_column width=&#8220;1\/2&#8243;][\/vc_column][\/vc_row][vc_row][vc_column width=&#8220;1\/1&#8243;][vc_gallery el_id=&#8220;gallery-584569&#8243; medias=&#8220;1142,1144,1146,1148&#8243; gutter_size=&#8220;3&#8243; screen_lg=&#8220;1000&#8243; screen_md=&#8220;600&#8243; screen_sm=&#8220;480&#8243; single_width=&#8220;3&#8243; single_overlay_opacity=&#8220;50&#8243; single_padding=&#8220;2&#8243; uncode_shortcode_id=&#8220;201876&#8243;][\/vc_column][\/vc_row]<\/p>\n<\/div>","protected":false},"excerpt":{"rendered":"<p>Das Matris-Servicecenter ist au\u00dferdem auf die Herstellung kundenspezifischer Strom- und Signalkabel spezialisiert.<\/p>\n","protected":false},"author":1,"featured_media":504,"parent":2530,"menu_order":16,"comment_status":"closed","ping_status":"closed","template":"","meta":{"footnotes":""},"class_list":["post-2932","page","type-page","status-publish","has-post-thumbnail","hentry"],"yoast_head":"<!-- This site is optimized with the Yoast SEO plugin v27.5 - https:\/\/yoast.com\/product\/yoast-seo-wordpress\/ -->\n<title>Produktion von Strom- und Signalkabeln | Matris<\/title>\n<meta name=\"robots\" content=\"index, follow, max-snippet:-1, max-image-preview:large, max-video-preview:-1\" \/>\n<link rel=\"canonical\" href=\"https:\/\/matris.eu\/de\/leistungen\/produktion-von-strom-und-signalkabeln\/\" \/>\n<meta property=\"og:locale\" content=\"de_DE\" \/>\n<meta property=\"og:type\" content=\"article\" \/>\n<meta property=\"og:title\" content=\"Produktion von Strom- und Signalkabeln | Matris\" \/>\n<meta property=\"og:description\" content=\"Das Matris-Servicecenter ist au\u00dferdem auf die Herstellung kundenspezifischer Strom- und Signalkabel spezialisiert.\" \/>\n<meta property=\"og:url\" content=\"https:\/\/matris.eu\/de\/leistungen\/produktion-von-strom-und-signalkabeln\/\" \/>\n<meta property=\"og:site_name\" content=\"Matris\" \/>\n<meta property=\"article:publisher\" content=\"https:\/\/www.facebook.com\/Matrisdoo\" \/>\n<meta property=\"article:modified_time\" content=\"2025-06-17T16:26:07+00:00\" \/>\n<meta property=\"og:image\" content=\"https:\/\/matris.eu\/wp-content\/uploads\/2023\/12\/header_cables.jpg\" \/>\n\t<meta property=\"og:image:width\" content=\"1700\" \/>\n\t<meta property=\"og:image:height\" content=\"800\" \/>\n\t<meta property=\"og:image:type\" content=\"image\/jpeg\" \/>\n<meta name=\"twitter:card\" content=\"summary_large_image\" \/>\n<meta name=\"twitter:label1\" content=\"Gesch\u00e4tzte Lesezeit\" \/>\n\t<meta name=\"twitter:data1\" content=\"1\u00a0Minute\" \/>\n<script type=\"application\/ld+json\" class=\"yoast-schema-graph\">{\"@context\":\"https:\\\/\\\/schema.org\",\"@graph\":[{\"@type\":\"WebPage\",\"@id\":\"https:\\\/\\\/matris.eu\\\/de\\\/leistungen\\\/produktion-von-strom-und-signalkabeln\\\/\",\"url\":\"https:\\\/\\\/matris.eu\\\/de\\\/leistungen\\\/produktion-von-strom-und-signalkabeln\\\/\",\"name\":\"Produktion von Strom- und Signalkabeln | Matris\",\"isPartOf\":{\"@id\":\"https:\\\/\\\/matris.eu\\\/de\\\/#website\"},\"primaryImageOfPage\":{\"@id\":\"https:\\\/\\\/matris.eu\\\/de\\\/leistungen\\\/produktion-von-strom-und-signalkabeln\\\/#primaryimage\"},\"image\":{\"@id\":\"https:\\\/\\\/matris.eu\\\/de\\\/leistungen\\\/produktion-von-strom-und-signalkabeln\\\/#primaryimage\"},\"thumbnailUrl\":\"https:\\\/\\\/matris.eu\\\/wp-content\\\/uploads\\\/2023\\\/12\\\/header_cables.jpg\",\"datePublished\":\"2023-12-20T15:21:14+00:00\",\"dateModified\":\"2025-06-17T16:26:07+00:00\",\"breadcrumb\":{\"@id\":\"https:\\\/\\\/matris.eu\\\/de\\\/leistungen\\\/produktion-von-strom-und-signalkabeln\\\/#breadcrumb\"},\"inLanguage\":\"de\",\"potentialAction\":[{\"@type\":\"ReadAction\",\"target\":[\"https:\\\/\\\/matris.eu\\\/de\\\/leistungen\\\/produktion-von-strom-und-signalkabeln\\\/\"]}]},{\"@type\":\"ImageObject\",\"inLanguage\":\"de\",\"@id\":\"https:\\\/\\\/matris.eu\\\/de\\\/leistungen\\\/produktion-von-strom-und-signalkabeln\\\/#primaryimage\",\"url\":\"https:\\\/\\\/matris.eu\\\/wp-content\\\/uploads\\\/2023\\\/12\\\/header_cables.jpg\",\"contentUrl\":\"https:\\\/\\\/matris.eu\\\/wp-content\\\/uploads\\\/2023\\\/12\\\/header_cables.jpg\",\"width\":1700,\"height\":800},{\"@type\":\"BreadcrumbList\",\"@id\":\"https:\\\/\\\/matris.eu\\\/de\\\/leistungen\\\/produktion-von-strom-und-signalkabeln\\\/#breadcrumb\",\"itemListElement\":[{\"@type\":\"ListItem\",\"position\":1,\"name\":\"Home\",\"item\":\"https:\\\/\\\/matris.eu\\\/de\\\/\"},{\"@type\":\"ListItem\",\"position\":2,\"name\":\"Leistungen\",\"item\":\"https:\\\/\\\/matris.eu\\\/de\\\/leistungen\\\/\"},{\"@type\":\"ListItem\",\"position\":3,\"name\":\"Produktion von Strom- und Signalkabeln\"}]},{\"@type\":\"WebSite\",\"@id\":\"https:\\\/\\\/matris.eu\\\/de\\\/#website\",\"url\":\"https:\\\/\\\/matris.eu\\\/de\\\/\",\"name\":\"Servisni center Matris\",\"description\":\"Servis elektro, servo in vretenskih motorjev\",\"publisher\":{\"@id\":\"https:\\\/\\\/matris.eu\\\/de\\\/#organization\"},\"alternateName\":\"Matris\",\"potentialAction\":[{\"@type\":\"SearchAction\",\"target\":{\"@type\":\"EntryPoint\",\"urlTemplate\":\"https:\\\/\\\/matris.eu\\\/de\\\/?s={search_term_string}\"},\"query-input\":{\"@type\":\"PropertyValueSpecification\",\"valueRequired\":true,\"valueName\":\"search_term_string\"}}],\"inLanguage\":\"de\"},{\"@type\":\"Organization\",\"@id\":\"https:\\\/\\\/matris.eu\\\/de\\\/#organization\",\"name\":\"Servisni center Matris\",\"alternateName\":\"Matris\",\"url\":\"https:\\\/\\\/matris.eu\\\/de\\\/\",\"logo\":{\"@type\":\"ImageObject\",\"inLanguage\":\"de\",\"@id\":\"https:\\\/\\\/matris.eu\\\/de\\\/#\\\/schema\\\/logo\\\/image\\\/\",\"url\":\"\",\"contentUrl\":\"\",\"caption\":\"Servisni center Matris\"},\"image\":{\"@id\":\"https:\\\/\\\/matris.eu\\\/de\\\/#\\\/schema\\\/logo\\\/image\\\/\"},\"sameAs\":[\"https:\\\/\\\/www.facebook.com\\\/Matrisdoo\",\"https:\\\/\\\/www.linkedin.com\\\/company\\\/matris_doo\\\/\"]}]}<\/script>\n<!-- \/ Yoast SEO plugin. -->","yoast_head_json":{"title":"Produktion von Strom- und Signalkabeln | Matris","robots":{"index":"index","follow":"follow","max-snippet":"max-snippet:-1","max-image-preview":"max-image-preview:large","max-video-preview":"max-video-preview:-1"},"canonical":"https:\/\/matris.eu\/de\/leistungen\/produktion-von-strom-und-signalkabeln\/","og_locale":"de_DE","og_type":"article","og_title":"Produktion von Strom- und Signalkabeln | Matris","og_description":"Das Matris-Servicecenter ist au\u00dferdem auf die Herstellung kundenspezifischer Strom- und Signalkabel spezialisiert.","og_url":"https:\/\/matris.eu\/de\/leistungen\/produktion-von-strom-und-signalkabeln\/","og_site_name":"Matris","article_publisher":"https:\/\/www.facebook.com\/Matrisdoo","article_modified_time":"2025-06-17T16:26:07+00:00","og_image":[{"width":1700,"height":800,"url":"https:\/\/matris.eu\/wp-content\/uploads\/2023\/12\/header_cables.jpg","type":"image\/jpeg"}],"twitter_card":"summary_large_image","twitter_misc":{"Gesch\u00e4tzte Lesezeit":"1\u00a0Minute"},"schema":{"@context":"https:\/\/schema.org","@graph":[{"@type":"WebPage","@id":"https:\/\/matris.eu\/de\/leistungen\/produktion-von-strom-und-signalkabeln\/","url":"https:\/\/matris.eu\/de\/leistungen\/produktion-von-strom-und-signalkabeln\/","name":"Produktion von Strom- und Signalkabeln | Matris","isPartOf":{"@id":"https:\/\/matris.eu\/de\/#website"},"primaryImageOfPage":{"@id":"https:\/\/matris.eu\/de\/leistungen\/produktion-von-strom-und-signalkabeln\/#primaryimage"},"image":{"@id":"https:\/\/matris.eu\/de\/leistungen\/produktion-von-strom-und-signalkabeln\/#primaryimage"},"thumbnailUrl":"https:\/\/matris.eu\/wp-content\/uploads\/2023\/12\/header_cables.jpg","datePublished":"2023-12-20T15:21:14+00:00","dateModified":"2025-06-17T16:26:07+00:00","breadcrumb":{"@id":"https:\/\/matris.eu\/de\/leistungen\/produktion-von-strom-und-signalkabeln\/#breadcrumb"},"inLanguage":"de","potentialAction":[{"@type":"ReadAction","target":["https:\/\/matris.eu\/de\/leistungen\/produktion-von-strom-und-signalkabeln\/"]}]},{"@type":"ImageObject","inLanguage":"de","@id":"https:\/\/matris.eu\/de\/leistungen\/produktion-von-strom-und-signalkabeln\/#primaryimage","url":"https:\/\/matris.eu\/wp-content\/uploads\/2023\/12\/header_cables.jpg","contentUrl":"https:\/\/matris.eu\/wp-content\/uploads\/2023\/12\/header_cables.jpg","width":1700,"height":800},{"@type":"BreadcrumbList","@id":"https:\/\/matris.eu\/de\/leistungen\/produktion-von-strom-und-signalkabeln\/#breadcrumb","itemListElement":[{"@type":"ListItem","position":1,"name":"Home","item":"https:\/\/matris.eu\/de\/"},{"@type":"ListItem","position":2,"name":"Leistungen","item":"https:\/\/matris.eu\/de\/leistungen\/"},{"@type":"ListItem","position":3,"name":"Produktion von Strom- und Signalkabeln"}]},{"@type":"WebSite","@id":"https:\/\/matris.eu\/de\/#website","url":"https:\/\/matris.eu\/de\/","name":"Servisni center Matris","description":"Servis elektro, servo in vretenskih motorjev","publisher":{"@id":"https:\/\/matris.eu\/de\/#organization"},"alternateName":"Matris","potentialAction":[{"@type":"SearchAction","target":{"@type":"EntryPoint","urlTemplate":"https:\/\/matris.eu\/de\/?s={search_term_string}"},"query-input":{"@type":"PropertyValueSpecification","valueRequired":true,"valueName":"search_term_string"}}],"inLanguage":"de"},{"@type":"Organization","@id":"https:\/\/matris.eu\/de\/#organization","name":"Servisni center Matris","alternateName":"Matris","url":"https:\/\/matris.eu\/de\/","logo":{"@type":"ImageObject","inLanguage":"de","@id":"https:\/\/matris.eu\/de\/#\/schema\/logo\/image\/","url":"","contentUrl":"","caption":"Servisni center Matris"},"image":{"@id":"https:\/\/matris.eu\/de\/#\/schema\/logo\/image\/"},"sameAs":["https:\/\/www.facebook.com\/Matrisdoo","https:\/\/www.linkedin.com\/company\/matris_doo\/"]}]}},"_links":{"self":[{"href":"https:\/\/matris.eu\/de\/wp-json\/wp\/v2\/pages\/2932","targetHints":{"allow":["GET"]}}],"collection":[{"href":"https:\/\/matris.eu\/de\/wp-json\/wp\/v2\/pages"}],"about":[{"href":"https:\/\/matris.eu\/de\/wp-json\/wp\/v2\/types\/page"}],"author":[{"embeddable":true,"href":"https:\/\/matris.eu\/de\/wp-json\/wp\/v2\/users\/1"}],"replies":[{"embeddable":true,"href":"https:\/\/matris.eu\/de\/wp-json\/wp\/v2\/comments?post=2932"}],"version-history":[{"count":10,"href":"https:\/\/matris.eu\/de\/wp-json\/wp\/v2\/pages\/2932\/revisions"}],"predecessor-version":[{"id":2988,"href":"https:\/\/matris.eu\/de\/wp-json\/wp\/v2\/pages\/2932\/revisions\/2988"}],"up":[{"embeddable":true,"href":"https:\/\/matris.eu\/de\/wp-json\/wp\/v2\/pages\/2530"}],"wp:featuredmedia":[{"embeddable":true,"href":"https:\/\/matris.eu\/de\/wp-json\/wp\/v2\/media\/504"}],"wp:attachment":[{"href":"https:\/\/matris.eu\/de\/wp-json\/wp\/v2\/media?parent=2932"}],"curies":[{"name":"wp","href":"https:\/\/api.w.org\/{rel}","templated":true}]}}