{"id":2838,"date":"2024-07-26T11:12:34","date_gmt":"2024-07-26T09:12:34","guid":{"rendered":"https:\/\/matris.eu\/leistungen\/maschinenbauteile-service\/"},"modified":"2025-06-17T18:26:01","modified_gmt":"2025-06-17T16:26:01","slug":"maschinenbauteile-service","status":"publish","type":"page","link":"https:\/\/matris.eu\/de\/leistungen\/maschinenbauteile-service\/","title":{"rendered":"Maschinenbauteile-Service"},"content":{"rendered":"<div class=\"wpb-content-wrapper\"><p>[vc_row row_height_percent=&#8220;0&#8243; override_padding=&#8220;yes&#8220; h_padding=&#8220;2&#8243; top_padding=&#8220;0&#8243; bottom_padding=&#8220;2&#8243; overlay_alpha=&#8220;50&#8243; gutter_size=&#8220;4&#8243; column_width_percent=&#8220;100&#8243; shift_y=&#8220;0&#8243; z_index=&#8220;0&#8243; uncode_shortcode_id=&#8220;792719&#8243;][vc_column width=&#8220;1\/2&#8243;][vc_custom_heading uncode_shortcode_id=&#8220;305998&#8243;]Reduzierst\u00fccke[\/vc_custom_heading][vc_column_text uncode_shortcode_id=&#8220;928874&#8243;]Getriebe sind mechanische Komponenten, die relativ einfach herzustellen sind, aber eine wichtige Kraft\u00fcbertragungsfunktion erf\u00fcllen. Dies ist auch der Hauptgrund f\u00fcr ihren langfristigen Verschlei\u00df. Bei Matris verf\u00fcgen wir \u00fcber alle notwendigen Maschinen und Kenntnisse zur Bearbeitung und \u00dcberholung von Getrieben verschiedener Gr\u00f6\u00dfenklassen: entsprechend gro\u00dfe Kr\u00e4ne, Werkzeuge, CNC-Bearbeitungszentren, Schleifmaschinen und Laserschwei\u00dfger\u00e4te. Wir k\u00f6nnen jedes einzelne Bauteil \u00fcberholen oder neu herstellen.[\/vc_column_text][\/vc_column][vc_column width=&#8220;1\/2&#8243;][vc_custom_heading uncode_shortcode_id=&#8220;171809&#8243;]Vakuum- und andere Pumpen[\/vc_custom_heading][vc_column_text uncode_shortcode_id=&#8220;555051&#8243;]Wir sind keine direkten Vertreter oder Dienstleister f\u00fcr Vakuumpumpen und andere Pumpen, aber mit unserem Wissen aus extrem anspruchsvollen Praxisf\u00e4llen sind wir oft die beste Wahl bei der L\u00f6sung auftretender Probleme. Wir verlassen uns nicht auf die technischen Spezifikationen der Hersteller. Wichtiger ist uns die langfristige Gew\u00e4hrleistung des Ger\u00e4tebetriebs, auch durch die Auswahl besserer und langlebigerer Komponenten als von den Herstellern grunds\u00e4tzlich vorgegeben. Alles nat\u00fcrlich bedarfsgerecht.[\/vc_column_text][\/vc_column][\/vc_row][vc_row][vc_column width=&#8220;1\/1&#8243;][vc_separator sep_color=&#8220;color-uydo&#8220; uncode_shortcode_id=&#8220;979609&#8243; sep_color_type=&#8220;uncode-palette&#8220;][\/vc_column][\/vc_row][vc_row][vc_column column_width_percent=&#8220;100&#8243; gutter_size=&#8220;3&#8243; overlay_alpha=&#8220;50&#8243; shift_x=&#8220;0&#8243; shift_y=&#8220;0&#8243; shift_y_down=&#8220;0&#8243; z_index=&#8220;0&#8243; medium_width=&#8220;0&#8243; mobile_width=&#8220;0&#8243; width=&#8220;1\/2&#8243; uncode_shortcode_id=&#8220;105859&#8243;][vc_row_inner][vc_column_inner column_width_percent=&#8220;100&#8243; gutter_size=&#8220;3&#8243; overlay_alpha=&#8220;50&#8243; shift_x=&#8220;0&#8243; shift_y=&#8220;0&#8243; shift_y_down=&#8220;0&#8243; z_index=&#8220;0&#8243; medium_width=&#8220;0&#8243; mobile_width=&#8220;0&#8243; width=&#8220;1\/1&#8243; uncode_shortcode_id=&#8220;140327&#8243;][vc_custom_heading uncode_shortcode_id=&#8220;510373&#8243;]Ventilatoren[\/vc_custom_heading][vc_column_text uncode_shortcode_id=&#8220;865305&#8243;]Bei Ventilatoren verh\u00e4lt es sich \u00e4hnlich wie bei Pumpen. Wir \u00fcberholen nicht nur Motoren, sondern auch Getriebe und schlie\u00dflich den Wind-\/L\u00fcftungsteil. Wir wuchten Wellen aus und \u00fcberholen Laufr\u00e4der.[\/vc_column_text][\/vc_column_inner][\/vc_row_inner][vc_row_inner][vc_column_inner column_width_percent=&#8220;100&#8243; gutter_size=&#8220;3&#8243; overlay_alpha=&#8220;50&#8243; shift_x=&#8220;0&#8243; shift_y=&#8220;0&#8243; shift_y_down=&#8220;0&#8243; z_index=&#8220;0&#8243; medium_width=&#8220;0&#8243; mobile_width=&#8220;0&#8243; width=&#8220;1\/1&#8243; uncode_shortcode_id=&#8220;205921&#8243;][vc_custom_heading uncode_shortcode_id=&#8220;135019&#8243;]Balken[\/vc_custom_heading][vc_column_text uncode_shortcode_id=&#8220;910312&#8243;]Wellen kommen in vielen Maschinenbauteilen (Motoren, L\u00fcftern, Pumpen usw.) vor und wir k\u00f6nnen von uns behaupten, dass wir Spezialisten im Auswuchten, \u00dcberholung und Neuanfertigung sind.[\/vc_column_text][\/vc_column_inner][\/vc_row_inner][\/vc_column][vc_column width=&#8220;1\/2&#8243;][vc_custom_heading uncode_shortcode_id=&#8220;111372&#8243;]Bremsen[\/vc_custom_heading][vc_column_text uncode_shortcode_id=&#8220;161236&#8243;]Die elektrische Motorbremse wird trotz ihrer Bedeutung oft \u00fcbersehen. Angesichts ihrer Funktion und Funktionsweise kann sie bei einem Ausfall erhebliche Sch\u00e4den verursachen. Viele denken gar nicht dar\u00fcber nach, ob die Bremse \u00fcberholt werden kann oder ob sich dies finanziell lohnt.[\/vc_column_text][vc_row_inner][vc_column_inner column_width_percent=&#8220;100&#8243; gutter_size=&#8220;3&#8243; style=&#8220;dark&#8220; back_color=&#8220;accent&#8220; overlay_alpha=&#8220;50&#8243; shift_x=&#8220;0&#8243; shift_y=&#8220;0&#8243; shift_y_down=&#8220;0&#8243; z_index=&#8220;0&#8243; medium_width=&#8220;0&#8243; mobile_width=&#8220;0&#8243; width=&#8220;1\/1&#8243; uncode_shortcode_id=&#8220;425364&#8243; back_color_type=&#8220;uncode-palette&#8220;][vc_column_text uncode_shortcode_id=&#8220;102501&#8243;]Der Vorteil einer Bremsenaufbereitung im Matris Servicecenter liegt in der Verbesserung durch den Einsatz hochwertigerer wiederaufbereiteter Materialien als \u00fcblich bzw. vom Hersteller gefordert.[\/vc_column_text][\/vc_column_inner][\/vc_row_inner][\/vc_column][\/vc_row]<\/p>\n<\/div>","protected":false},"excerpt":{"rendered":"<p>Reparatur und \u00dcberholung von Getrieben, Vakuumpumpen, konventionellen Pumpen, L\u00fcftern, Wellen, Bremsen etc.<\/p>\n","protected":false},"author":3,"featured_media":1534,"parent":2530,"menu_order":3,"comment_status":"closed","ping_status":"closed","template":"","meta":{"footnotes":""},"class_list":["post-2838","page","type-page","status-publish","has-post-thumbnail","hentry"],"yoast_head":"<!-- This site is optimized with the Yoast SEO plugin v27.4 - https:\/\/yoast.com\/product\/yoast-seo-wordpress\/ -->\n<title>Maschinenbauteile-Service | Matris<\/title>\n<meta name=\"robots\" content=\"index, follow, max-snippet:-1, max-image-preview:large, max-video-preview:-1\" \/>\n<link rel=\"canonical\" href=\"https:\/\/matris.eu\/de\/leistungen\/maschinenbauteile-service\/\" \/>\n<meta property=\"og:locale\" content=\"de_DE\" \/>\n<meta property=\"og:type\" content=\"article\" \/>\n<meta property=\"og:title\" content=\"Maschinenbauteile-Service | Matris\" \/>\n<meta property=\"og:description\" content=\"Reparatur und \u00dcberholung von Getrieben, Vakuumpumpen, konventionellen Pumpen, L\u00fcftern, Wellen, Bremsen etc.\" \/>\n<meta property=\"og:url\" content=\"https:\/\/matris.eu\/de\/leistungen\/maschinenbauteile-service\/\" \/>\n<meta property=\"og:site_name\" content=\"Matris\" \/>\n<meta property=\"article:publisher\" content=\"https:\/\/www.facebook.com\/Matrisdoo\" \/>\n<meta property=\"article:modified_time\" content=\"2025-06-17T16:26:01+00:00\" \/>\n<meta property=\"og:image\" content=\"https:\/\/matris.eu\/wp-content\/uploads\/2024\/07\/hero_image_servis_strojnih_komponent.jpg\" \/>\n\t<meta property=\"og:image:width\" content=\"2048\" \/>\n\t<meta property=\"og:image:height\" content=\"800\" \/>\n\t<meta property=\"og:image:type\" content=\"image\/jpeg\" \/>\n<meta name=\"twitter:card\" content=\"summary_large_image\" \/>\n<meta name=\"twitter:label1\" content=\"Gesch\u00e4tzte Lesezeit\" \/>\n\t<meta name=\"twitter:data1\" content=\"3\u00a0Minuten\" \/>\n<script type=\"application\/ld+json\" class=\"yoast-schema-graph\">{\"@context\":\"https:\\\/\\\/schema.org\",\"@graph\":[{\"@type\":\"WebPage\",\"@id\":\"https:\\\/\\\/matris.eu\\\/de\\\/leistungen\\\/maschinenbauteile-service\\\/\",\"url\":\"https:\\\/\\\/matris.eu\\\/de\\\/leistungen\\\/maschinenbauteile-service\\\/\",\"name\":\"Maschinenbauteile-Service | Matris\",\"isPartOf\":{\"@id\":\"https:\\\/\\\/matris.eu\\\/de\\\/#website\"},\"primaryImageOfPage\":{\"@id\":\"https:\\\/\\\/matris.eu\\\/de\\\/leistungen\\\/maschinenbauteile-service\\\/#primaryimage\"},\"image\":{\"@id\":\"https:\\\/\\\/matris.eu\\\/de\\\/leistungen\\\/maschinenbauteile-service\\\/#primaryimage\"},\"thumbnailUrl\":\"https:\\\/\\\/matris.eu\\\/wp-content\\\/uploads\\\/2024\\\/07\\\/hero_image_servis_strojnih_komponent.jpg\",\"datePublished\":\"2024-07-26T09:12:34+00:00\",\"dateModified\":\"2025-06-17T16:26:01+00:00\",\"breadcrumb\":{\"@id\":\"https:\\\/\\\/matris.eu\\\/de\\\/leistungen\\\/maschinenbauteile-service\\\/#breadcrumb\"},\"inLanguage\":\"de\",\"potentialAction\":[{\"@type\":\"ReadAction\",\"target\":[\"https:\\\/\\\/matris.eu\\\/de\\\/leistungen\\\/maschinenbauteile-service\\\/\"]}]},{\"@type\":\"ImageObject\",\"inLanguage\":\"de\",\"@id\":\"https:\\\/\\\/matris.eu\\\/de\\\/leistungen\\\/maschinenbauteile-service\\\/#primaryimage\",\"url\":\"https:\\\/\\\/matris.eu\\\/wp-content\\\/uploads\\\/2024\\\/07\\\/hero_image_servis_strojnih_komponent.jpg\",\"contentUrl\":\"https:\\\/\\\/matris.eu\\\/wp-content\\\/uploads\\\/2024\\\/07\\\/hero_image_servis_strojnih_komponent.jpg\",\"width\":2048,\"height\":800,\"caption\":\"Servis strojnih komponent\"},{\"@type\":\"BreadcrumbList\",\"@id\":\"https:\\\/\\\/matris.eu\\\/de\\\/leistungen\\\/maschinenbauteile-service\\\/#breadcrumb\",\"itemListElement\":[{\"@type\":\"ListItem\",\"position\":1,\"name\":\"Home\",\"item\":\"https:\\\/\\\/matris.eu\\\/de\\\/\"},{\"@type\":\"ListItem\",\"position\":2,\"name\":\"Leistungen\",\"item\":\"https:\\\/\\\/matris.eu\\\/de\\\/leistungen\\\/\"},{\"@type\":\"ListItem\",\"position\":3,\"name\":\"Maschinenbauteile-Service\"}]},{\"@type\":\"WebSite\",\"@id\":\"https:\\\/\\\/matris.eu\\\/de\\\/#website\",\"url\":\"https:\\\/\\\/matris.eu\\\/de\\\/\",\"name\":\"Servisni center Matris\",\"description\":\"Servis elektro, servo in vretenskih motorjev\",\"publisher\":{\"@id\":\"https:\\\/\\\/matris.eu\\\/de\\\/#organization\"},\"alternateName\":\"Matris\",\"potentialAction\":[{\"@type\":\"SearchAction\",\"target\":{\"@type\":\"EntryPoint\",\"urlTemplate\":\"https:\\\/\\\/matris.eu\\\/de\\\/?s={search_term_string}\"},\"query-input\":{\"@type\":\"PropertyValueSpecification\",\"valueRequired\":true,\"valueName\":\"search_term_string\"}}],\"inLanguage\":\"de\"},{\"@type\":\"Organization\",\"@id\":\"https:\\\/\\\/matris.eu\\\/de\\\/#organization\",\"name\":\"Servisni center Matris\",\"alternateName\":\"Matris\",\"url\":\"https:\\\/\\\/matris.eu\\\/de\\\/\",\"logo\":{\"@type\":\"ImageObject\",\"inLanguage\":\"de\",\"@id\":\"https:\\\/\\\/matris.eu\\\/de\\\/#\\\/schema\\\/logo\\\/image\\\/\",\"url\":\"\",\"contentUrl\":\"\",\"caption\":\"Servisni center Matris\"},\"image\":{\"@id\":\"https:\\\/\\\/matris.eu\\\/de\\\/#\\\/schema\\\/logo\\\/image\\\/\"},\"sameAs\":[\"https:\\\/\\\/www.facebook.com\\\/Matrisdoo\",\"https:\\\/\\\/www.linkedin.com\\\/company\\\/matris_doo\\\/\"]}]}<\/script>\n<!-- \/ Yoast SEO plugin. -->","yoast_head_json":{"title":"Maschinenbauteile-Service | Matris","robots":{"index":"index","follow":"follow","max-snippet":"max-snippet:-1","max-image-preview":"max-image-preview:large","max-video-preview":"max-video-preview:-1"},"canonical":"https:\/\/matris.eu\/de\/leistungen\/maschinenbauteile-service\/","og_locale":"de_DE","og_type":"article","og_title":"Maschinenbauteile-Service | Matris","og_description":"Reparatur und \u00dcberholung von Getrieben, Vakuumpumpen, konventionellen Pumpen, L\u00fcftern, Wellen, Bremsen etc.","og_url":"https:\/\/matris.eu\/de\/leistungen\/maschinenbauteile-service\/","og_site_name":"Matris","article_publisher":"https:\/\/www.facebook.com\/Matrisdoo","article_modified_time":"2025-06-17T16:26:01+00:00","og_image":[{"width":2048,"height":800,"url":"https:\/\/matris.eu\/wp-content\/uploads\/2024\/07\/hero_image_servis_strojnih_komponent.jpg","type":"image\/jpeg"}],"twitter_card":"summary_large_image","twitter_misc":{"Gesch\u00e4tzte Lesezeit":"3\u00a0Minuten"},"schema":{"@context":"https:\/\/schema.org","@graph":[{"@type":"WebPage","@id":"https:\/\/matris.eu\/de\/leistungen\/maschinenbauteile-service\/","url":"https:\/\/matris.eu\/de\/leistungen\/maschinenbauteile-service\/","name":"Maschinenbauteile-Service | Matris","isPartOf":{"@id":"https:\/\/matris.eu\/de\/#website"},"primaryImageOfPage":{"@id":"https:\/\/matris.eu\/de\/leistungen\/maschinenbauteile-service\/#primaryimage"},"image":{"@id":"https:\/\/matris.eu\/de\/leistungen\/maschinenbauteile-service\/#primaryimage"},"thumbnailUrl":"https:\/\/matris.eu\/wp-content\/uploads\/2024\/07\/hero_image_servis_strojnih_komponent.jpg","datePublished":"2024-07-26T09:12:34+00:00","dateModified":"2025-06-17T16:26:01+00:00","breadcrumb":{"@id":"https:\/\/matris.eu\/de\/leistungen\/maschinenbauteile-service\/#breadcrumb"},"inLanguage":"de","potentialAction":[{"@type":"ReadAction","target":["https:\/\/matris.eu\/de\/leistungen\/maschinenbauteile-service\/"]}]},{"@type":"ImageObject","inLanguage":"de","@id":"https:\/\/matris.eu\/de\/leistungen\/maschinenbauteile-service\/#primaryimage","url":"https:\/\/matris.eu\/wp-content\/uploads\/2024\/07\/hero_image_servis_strojnih_komponent.jpg","contentUrl":"https:\/\/matris.eu\/wp-content\/uploads\/2024\/07\/hero_image_servis_strojnih_komponent.jpg","width":2048,"height":800,"caption":"Servis strojnih komponent"},{"@type":"BreadcrumbList","@id":"https:\/\/matris.eu\/de\/leistungen\/maschinenbauteile-service\/#breadcrumb","itemListElement":[{"@type":"ListItem","position":1,"name":"Home","item":"https:\/\/matris.eu\/de\/"},{"@type":"ListItem","position":2,"name":"Leistungen","item":"https:\/\/matris.eu\/de\/leistungen\/"},{"@type":"ListItem","position":3,"name":"Maschinenbauteile-Service"}]},{"@type":"WebSite","@id":"https:\/\/matris.eu\/de\/#website","url":"https:\/\/matris.eu\/de\/","name":"Servisni center Matris","description":"Servis elektro, servo in vretenskih motorjev","publisher":{"@id":"https:\/\/matris.eu\/de\/#organization"},"alternateName":"Matris","potentialAction":[{"@type":"SearchAction","target":{"@type":"EntryPoint","urlTemplate":"https:\/\/matris.eu\/de\/?s={search_term_string}"},"query-input":{"@type":"PropertyValueSpecification","valueRequired":true,"valueName":"search_term_string"}}],"inLanguage":"de"},{"@type":"Organization","@id":"https:\/\/matris.eu\/de\/#organization","name":"Servisni center Matris","alternateName":"Matris","url":"https:\/\/matris.eu\/de\/","logo":{"@type":"ImageObject","inLanguage":"de","@id":"https:\/\/matris.eu\/de\/#\/schema\/logo\/image\/","url":"","contentUrl":"","caption":"Servisni center Matris"},"image":{"@id":"https:\/\/matris.eu\/de\/#\/schema\/logo\/image\/"},"sameAs":["https:\/\/www.facebook.com\/Matrisdoo","https:\/\/www.linkedin.com\/company\/matris_doo\/"]}]}},"_links":{"self":[{"href":"https:\/\/matris.eu\/de\/wp-json\/wp\/v2\/pages\/2838","targetHints":{"allow":["GET"]}}],"collection":[{"href":"https:\/\/matris.eu\/de\/wp-json\/wp\/v2\/pages"}],"about":[{"href":"https:\/\/matris.eu\/de\/wp-json\/wp\/v2\/types\/page"}],"author":[{"embeddable":true,"href":"https:\/\/matris.eu\/de\/wp-json\/wp\/v2\/users\/3"}],"replies":[{"embeddable":true,"href":"https:\/\/matris.eu\/de\/wp-json\/wp\/v2\/comments?post=2838"}],"version-history":[{"count":10,"href":"https:\/\/matris.eu\/de\/wp-json\/wp\/v2\/pages\/2838\/revisions"}],"predecessor-version":[{"id":2907,"href":"https:\/\/matris.eu\/de\/wp-json\/wp\/v2\/pages\/2838\/revisions\/2907"}],"up":[{"embeddable":true,"href":"https:\/\/matris.eu\/de\/wp-json\/wp\/v2\/pages\/2530"}],"wp:featuredmedia":[{"embeddable":true,"href":"https:\/\/matris.eu\/de\/wp-json\/wp\/v2\/media\/1534"}],"wp:attachment":[{"href":"https:\/\/matris.eu\/de\/wp-json\/wp\/v2\/media?parent=2838"}],"curies":[{"name":"wp","href":"https:\/\/api.w.org\/{rel}","templated":true}]}}