{"id":2811,"date":"2024-07-26T15:21:45","date_gmt":"2024-07-26T13:21:45","guid":{"rendered":"https:\/\/matris.eu\/leistungen\/produktion-von-komponenten-fuer-elektromotoren\/"},"modified":"2025-06-17T18:25:55","modified_gmt":"2025-06-17T16:25:55","slug":"produktion-von-komponenten-fuer-elektromotoren","status":"publish","type":"page","link":"https:\/\/matris.eu\/de\/leistungen\/produktion-von-komponenten-fuer-elektromotoren\/","title":{"rendered":"Produktion von Komponenten f\u00fcr Elektromotoren"},"content":{"rendered":"<div class=\"wpb-content-wrapper\"><p>[vc_row row_height_percent=&#8220;0&#8243; override_padding=&#8220;yes&#8220; h_padding=&#8220;2&#8243; top_padding=&#8220;0&#8243; bottom_padding=&#8220;2&#8243; overlay_alpha=&#8220;50&#8243; gutter_size=&#8220;4&#8243; column_width_percent=&#8220;100&#8243; shift_y=&#8220;0&#8243; z_index=&#8220;0&#8243; uncode_shortcode_id=&#8220;919467&#8243;][vc_column width=&#8220;1\/1&#8243;][vc_column_text uncode_shortcode_id=&#8220;169485&#8243;]Das technologische Wissen von Matris ist vielseitig anwendbar. Was wir f\u00fcr uns selbst und f\u00fcr die Projektumsetzung produzieren, k\u00f6nnen wir auch f\u00fcr jeden produzieren, der nicht \u00fcber die Zeit, das Wissen oder die ausreichende Ausr\u00fcstung verf\u00fcgt.[\/vc_column_text][\/vc_column][\/vc_row][vc_row][vc_column width=&#8220;1\/1&#8243;][vc_separator sep_color=&#8220;color-uydo&#8220; uncode_shortcode_id=&#8220;979609&#8243; sep_color_type=&#8220;uncode-palette&#8220;][\/vc_column][\/vc_row][vc_row row_height_percent=&#8220;0&#8243; override_padding=&#8220;yes&#8220; h_padding=&#8220;2&#8243; top_padding=&#8220;2&#8243; bottom_padding=&#8220;2&#8243; overlay_alpha=&#8220;50&#8243; gutter_size=&#8220;4&#8243; column_width_percent=&#8220;100&#8243; shift_y=&#8220;0&#8243; z_index=&#8220;0&#8243; uncode_shortcode_id=&#8220;497180&#8243;][vc_column width=&#8220;1\/3&#8243;][vc_single_image media=&#8220;1555&#8243; media_width_percent=&#8220;100&#8243; uncode_shortcode_id=&#8220;301742&#8243;][vc_custom_heading uncode_shortcode_id=&#8220;107815&#8243;]Statoren[\/vc_custom_heading][vc_column_text uncode_shortcode_id=&#8220;778519&#8243;]Wir fertigen kundenspezifische Statoren. Manchmal kommt es beim Neuwickeln des Stators zu einem elektrischen Defekt am Geh\u00e4use, sodass Geh\u00e4use und Stator nicht mehr f\u00fcr die Wiederverwendung geeignet sind. In diesem Fall fertigen wir eine exakte Kopie des Originals.[\/vc_column_text][\/vc_column][vc_column width=&#8220;1\/3&#8243;][vc_single_image media=&#8220;1560&#8243; media_width_percent=&#8220;100&#8243; uncode_shortcode_id=&#8220;148767&#8243;][vc_custom_heading uncode_shortcode_id=&#8220;205439&#8243;]Rotoren[\/vc_custom_heading][vc_column_text uncode_shortcode_id=&#8220;156656&#8243;]\u00c4hnliches kann mit dem Rotor passieren. Bei \u00fcberm\u00e4\u00dfiger Besch\u00e4digung durch \u00dcberhitzung, Magnetverschiebung oder ein besch\u00e4digtes und punktiertes Band kann der Schaden am Rotor selbst zu gro\u00df sein und eine Reparatur lohnt sich nicht mehr. Wir k\u00f6nnen jedoch jederzeit einen neuen Rotor herstellen.[\/vc_column_text][\/vc_column][vc_column width=&#8220;1\/3&#8243;][vc_single_image media=&#8220;1563&#8243; media_width_percent=&#8220;100&#8243; uncode_shortcode_id=&#8220;309047&#8243;][vc_custom_heading uncode_shortcode_id=&#8220;146024&#8243;]Magnete[\/vc_custom_heading][vc_column_text uncode_shortcode_id=&#8220;215862&#8243;]Magnete sind ein wesentlicher Bestandteil einer Motor\u00fcberholung. Besch\u00e4digte Magnete m\u00fcssen nach einer Motor\u00fcberholung grunds\u00e4tzlich ausgetauscht oder neu magnetisiert werden. Wir zeichnen die neuen Magnete auf Ma\u00df, ermitteln die erforderliche Polarisierung, fertigen sie und magnetisieren sie neu.[\/vc_column_text][\/vc_column][\/vc_row][vc_row row_height_percent=&#8220;0&#8243; override_padding=&#8220;yes&#8220; h_padding=&#8220;2&#8243; top_padding=&#8220;2&#8243; bottom_padding=&#8220;2&#8243; overlay_alpha=&#8220;50&#8243; gutter_size=&#8220;4&#8243; column_width_percent=&#8220;100&#8243; shift_y=&#8220;0&#8243; z_index=&#8220;0&#8243; uncode_shortcode_id=&#8220;497180&#8243;][vc_column width=&#8220;1\/3&#8243;][vc_single_image media=&#8220;1566&#8243; media_width_percent=&#8220;100&#8243; uncode_shortcode_id=&#8220;705296&#8243;][vc_custom_heading uncode_shortcode_id=&#8220;809753&#8243;]Lamellen und Spulen[\/vc_custom_heading][vc_column_text uncode_shortcode_id=&#8220;346050&#8243;]Wichtige Bestandteile von Elektromotoren sind auch Lamellen und Spulenbaugruppen. Wir zeichnen diese Teile, lasern sie und \u00fcberlassen Ihnen die Montage.[\/vc_column_text][\/vc_column][vc_column width=&#8220;1\/3&#8243;][vc_single_image media=&#8220;1571&#8243; media_width_percent=&#8220;100&#8243; uncode_shortcode_id=&#8220;207038&#8243;][vc_custom_heading uncode_shortcode_id=&#8220;187701&#8243;]Lagergeh\u00e4use[\/vc_custom_heading][vc_column_text uncode_shortcode_id=&#8220;187599&#8243;]Wir reparieren auch Lagergeh\u00e4use. Wir zeichnen und bearbeiten die Geh\u00e4use auf unseren CNC-Maschinen.[\/vc_column_text][\/vc_column][vc_column width=&#8220;1\/3&#8243;][vc_single_image media=&#8220;1577&#8243; media_width_percent=&#8220;100&#8243; uncode_shortcode_id=&#8220;156395&#8243;][vc_custom_heading uncode_shortcode_id=&#8220;109293&#8243;]Strom- und Signalkabel[\/vc_custom_heading][vc_column_text uncode_shortcode_id=&#8220;183001&#8243;]Da die Lieferzeiten von Kabelherstellern und -lieferanten in den letzten Jahren oft ungew\u00f6hnlich lang waren, haben wir uns im Matris Service-Center auch auf die Fertigung kundenspezifischer Strom- und Signalkabel spezialisiert. Die Lieferzeit betr\u00e4gt in diesem Fall ein bis zwei Wochen und ist lediglich von der Verf\u00fcgbarkeit einzelner Komponenten abh\u00e4ngig.[\/vc_column_text][\/vc_column][\/vc_row]<\/p>\n<\/div>","protected":false},"excerpt":{"rendered":"<p>Herstellung von Statoren, Rotoren, Lamellen, Spulen, Motorgeh\u00e4usen, Wellen, Magneten, Buchsen, Lagergeh\u00e4usen, Strom- und Signalkabeln<\/p>\n","protected":false},"author":3,"featured_media":1551,"parent":2530,"menu_order":4,"comment_status":"closed","ping_status":"closed","template":"","meta":{"footnotes":""},"class_list":["post-2811","page","type-page","status-publish","has-post-thumbnail","hentry"],"yoast_head":"<!-- This site is optimized with the Yoast SEO plugin v27.4 - https:\/\/yoast.com\/product\/yoast-seo-wordpress\/ -->\n<title>Produktion von Komponenten f\u00fcr Elektromotoren | Matris<\/title>\n<meta name=\"robots\" content=\"index, follow, max-snippet:-1, max-image-preview:large, max-video-preview:-1\" \/>\n<link rel=\"canonical\" href=\"https:\/\/matris.eu\/de\/leistungen\/produktion-von-komponenten-fuer-elektromotoren\/\" \/>\n<meta property=\"og:locale\" content=\"de_DE\" \/>\n<meta property=\"og:type\" content=\"article\" \/>\n<meta property=\"og:title\" content=\"Produktion von Komponenten f\u00fcr Elektromotoren | Matris\" \/>\n<meta property=\"og:description\" content=\"Herstellung von Statoren, Rotoren, Lamellen, Spulen, Motorgeh\u00e4usen, Wellen, Magneten, Buchsen, Lagergeh\u00e4usen, Strom- und Signalkabeln\" \/>\n<meta property=\"og:url\" content=\"https:\/\/matris.eu\/de\/leistungen\/produktion-von-komponenten-fuer-elektromotoren\/\" \/>\n<meta property=\"og:site_name\" content=\"Matris\" \/>\n<meta property=\"article:publisher\" content=\"https:\/\/www.facebook.com\/Matrisdoo\" \/>\n<meta property=\"article:modified_time\" content=\"2025-06-17T16:25:55+00:00\" \/>\n<meta property=\"og:image\" content=\"https:\/\/matris.eu\/wp-content\/uploads\/2024\/07\/hero_image_izdelava_komponent.jpg\" \/>\n\t<meta property=\"og:image:width\" content=\"2048\" \/>\n\t<meta property=\"og:image:height\" content=\"800\" \/>\n\t<meta property=\"og:image:type\" content=\"image\/jpeg\" \/>\n<meta name=\"twitter:card\" content=\"summary_large_image\" \/>\n<meta name=\"twitter:label1\" content=\"Gesch\u00e4tzte Lesezeit\" \/>\n\t<meta name=\"twitter:data1\" content=\"3\u00a0Minuten\" \/>\n<script type=\"application\/ld+json\" class=\"yoast-schema-graph\">{\"@context\":\"https:\\\/\\\/schema.org\",\"@graph\":[{\"@type\":\"WebPage\",\"@id\":\"https:\\\/\\\/matris.eu\\\/de\\\/leistungen\\\/produktion-von-komponenten-fuer-elektromotoren\\\/\",\"url\":\"https:\\\/\\\/matris.eu\\\/de\\\/leistungen\\\/produktion-von-komponenten-fuer-elektromotoren\\\/\",\"name\":\"Produktion von Komponenten f\u00fcr Elektromotoren | Matris\",\"isPartOf\":{\"@id\":\"https:\\\/\\\/matris.eu\\\/de\\\/#website\"},\"primaryImageOfPage\":{\"@id\":\"https:\\\/\\\/matris.eu\\\/de\\\/leistungen\\\/produktion-von-komponenten-fuer-elektromotoren\\\/#primaryimage\"},\"image\":{\"@id\":\"https:\\\/\\\/matris.eu\\\/de\\\/leistungen\\\/produktion-von-komponenten-fuer-elektromotoren\\\/#primaryimage\"},\"thumbnailUrl\":\"https:\\\/\\\/matris.eu\\\/wp-content\\\/uploads\\\/2024\\\/07\\\/hero_image_izdelava_komponent.jpg\",\"datePublished\":\"2024-07-26T13:21:45+00:00\",\"dateModified\":\"2025-06-17T16:25:55+00:00\",\"breadcrumb\":{\"@id\":\"https:\\\/\\\/matris.eu\\\/de\\\/leistungen\\\/produktion-von-komponenten-fuer-elektromotoren\\\/#breadcrumb\"},\"inLanguage\":\"de\",\"potentialAction\":[{\"@type\":\"ReadAction\",\"target\":[\"https:\\\/\\\/matris.eu\\\/de\\\/leistungen\\\/produktion-von-komponenten-fuer-elektromotoren\\\/\"]}]},{\"@type\":\"ImageObject\",\"inLanguage\":\"de\",\"@id\":\"https:\\\/\\\/matris.eu\\\/de\\\/leistungen\\\/produktion-von-komponenten-fuer-elektromotoren\\\/#primaryimage\",\"url\":\"https:\\\/\\\/matris.eu\\\/wp-content\\\/uploads\\\/2024\\\/07\\\/hero_image_izdelava_komponent.jpg\",\"contentUrl\":\"https:\\\/\\\/matris.eu\\\/wp-content\\\/uploads\\\/2024\\\/07\\\/hero_image_izdelava_komponent.jpg\",\"width\":2048,\"height\":800,\"caption\":\"Izdelava komponent za elektromotorje\"},{\"@type\":\"BreadcrumbList\",\"@id\":\"https:\\\/\\\/matris.eu\\\/de\\\/leistungen\\\/produktion-von-komponenten-fuer-elektromotoren\\\/#breadcrumb\",\"itemListElement\":[{\"@type\":\"ListItem\",\"position\":1,\"name\":\"Home\",\"item\":\"https:\\\/\\\/matris.eu\\\/de\\\/\"},{\"@type\":\"ListItem\",\"position\":2,\"name\":\"Leistungen\",\"item\":\"https:\\\/\\\/matris.eu\\\/de\\\/leistungen\\\/\"},{\"@type\":\"ListItem\",\"position\":3,\"name\":\"Produktion von Komponenten f\u00fcr Elektromotoren\"}]},{\"@type\":\"WebSite\",\"@id\":\"https:\\\/\\\/matris.eu\\\/de\\\/#website\",\"url\":\"https:\\\/\\\/matris.eu\\\/de\\\/\",\"name\":\"Servisni center Matris\",\"description\":\"Servis elektro, servo in vretenskih motorjev\",\"publisher\":{\"@id\":\"https:\\\/\\\/matris.eu\\\/de\\\/#organization\"},\"alternateName\":\"Matris\",\"potentialAction\":[{\"@type\":\"SearchAction\",\"target\":{\"@type\":\"EntryPoint\",\"urlTemplate\":\"https:\\\/\\\/matris.eu\\\/de\\\/?s={search_term_string}\"},\"query-input\":{\"@type\":\"PropertyValueSpecification\",\"valueRequired\":true,\"valueName\":\"search_term_string\"}}],\"inLanguage\":\"de\"},{\"@type\":\"Organization\",\"@id\":\"https:\\\/\\\/matris.eu\\\/de\\\/#organization\",\"name\":\"Servisni center Matris\",\"alternateName\":\"Matris\",\"url\":\"https:\\\/\\\/matris.eu\\\/de\\\/\",\"logo\":{\"@type\":\"ImageObject\",\"inLanguage\":\"de\",\"@id\":\"https:\\\/\\\/matris.eu\\\/de\\\/#\\\/schema\\\/logo\\\/image\\\/\",\"url\":\"\",\"contentUrl\":\"\",\"caption\":\"Servisni center Matris\"},\"image\":{\"@id\":\"https:\\\/\\\/matris.eu\\\/de\\\/#\\\/schema\\\/logo\\\/image\\\/\"},\"sameAs\":[\"https:\\\/\\\/www.facebook.com\\\/Matrisdoo\",\"https:\\\/\\\/www.linkedin.com\\\/company\\\/matris_doo\\\/\"]}]}<\/script>\n<!-- \/ Yoast SEO plugin. -->","yoast_head_json":{"title":"Produktion von Komponenten f\u00fcr Elektromotoren | Matris","robots":{"index":"index","follow":"follow","max-snippet":"max-snippet:-1","max-image-preview":"max-image-preview:large","max-video-preview":"max-video-preview:-1"},"canonical":"https:\/\/matris.eu\/de\/leistungen\/produktion-von-komponenten-fuer-elektromotoren\/","og_locale":"de_DE","og_type":"article","og_title":"Produktion von Komponenten f\u00fcr Elektromotoren | Matris","og_description":"Herstellung von Statoren, Rotoren, Lamellen, Spulen, Motorgeh\u00e4usen, Wellen, Magneten, Buchsen, Lagergeh\u00e4usen, Strom- und Signalkabeln","og_url":"https:\/\/matris.eu\/de\/leistungen\/produktion-von-komponenten-fuer-elektromotoren\/","og_site_name":"Matris","article_publisher":"https:\/\/www.facebook.com\/Matrisdoo","article_modified_time":"2025-06-17T16:25:55+00:00","og_image":[{"width":2048,"height":800,"url":"https:\/\/matris.eu\/wp-content\/uploads\/2024\/07\/hero_image_izdelava_komponent.jpg","type":"image\/jpeg"}],"twitter_card":"summary_large_image","twitter_misc":{"Gesch\u00e4tzte Lesezeit":"3\u00a0Minuten"},"schema":{"@context":"https:\/\/schema.org","@graph":[{"@type":"WebPage","@id":"https:\/\/matris.eu\/de\/leistungen\/produktion-von-komponenten-fuer-elektromotoren\/","url":"https:\/\/matris.eu\/de\/leistungen\/produktion-von-komponenten-fuer-elektromotoren\/","name":"Produktion von Komponenten f\u00fcr Elektromotoren | Matris","isPartOf":{"@id":"https:\/\/matris.eu\/de\/#website"},"primaryImageOfPage":{"@id":"https:\/\/matris.eu\/de\/leistungen\/produktion-von-komponenten-fuer-elektromotoren\/#primaryimage"},"image":{"@id":"https:\/\/matris.eu\/de\/leistungen\/produktion-von-komponenten-fuer-elektromotoren\/#primaryimage"},"thumbnailUrl":"https:\/\/matris.eu\/wp-content\/uploads\/2024\/07\/hero_image_izdelava_komponent.jpg","datePublished":"2024-07-26T13:21:45+00:00","dateModified":"2025-06-17T16:25:55+00:00","breadcrumb":{"@id":"https:\/\/matris.eu\/de\/leistungen\/produktion-von-komponenten-fuer-elektromotoren\/#breadcrumb"},"inLanguage":"de","potentialAction":[{"@type":"ReadAction","target":["https:\/\/matris.eu\/de\/leistungen\/produktion-von-komponenten-fuer-elektromotoren\/"]}]},{"@type":"ImageObject","inLanguage":"de","@id":"https:\/\/matris.eu\/de\/leistungen\/produktion-von-komponenten-fuer-elektromotoren\/#primaryimage","url":"https:\/\/matris.eu\/wp-content\/uploads\/2024\/07\/hero_image_izdelava_komponent.jpg","contentUrl":"https:\/\/matris.eu\/wp-content\/uploads\/2024\/07\/hero_image_izdelava_komponent.jpg","width":2048,"height":800,"caption":"Izdelava komponent za elektromotorje"},{"@type":"BreadcrumbList","@id":"https:\/\/matris.eu\/de\/leistungen\/produktion-von-komponenten-fuer-elektromotoren\/#breadcrumb","itemListElement":[{"@type":"ListItem","position":1,"name":"Home","item":"https:\/\/matris.eu\/de\/"},{"@type":"ListItem","position":2,"name":"Leistungen","item":"https:\/\/matris.eu\/de\/leistungen\/"},{"@type":"ListItem","position":3,"name":"Produktion von Komponenten f\u00fcr Elektromotoren"}]},{"@type":"WebSite","@id":"https:\/\/matris.eu\/de\/#website","url":"https:\/\/matris.eu\/de\/","name":"Servisni center Matris","description":"Servis elektro, servo in vretenskih motorjev","publisher":{"@id":"https:\/\/matris.eu\/de\/#organization"},"alternateName":"Matris","potentialAction":[{"@type":"SearchAction","target":{"@type":"EntryPoint","urlTemplate":"https:\/\/matris.eu\/de\/?s={search_term_string}"},"query-input":{"@type":"PropertyValueSpecification","valueRequired":true,"valueName":"search_term_string"}}],"inLanguage":"de"},{"@type":"Organization","@id":"https:\/\/matris.eu\/de\/#organization","name":"Servisni center Matris","alternateName":"Matris","url":"https:\/\/matris.eu\/de\/","logo":{"@type":"ImageObject","inLanguage":"de","@id":"https:\/\/matris.eu\/de\/#\/schema\/logo\/image\/","url":"","contentUrl":"","caption":"Servisni center Matris"},"image":{"@id":"https:\/\/matris.eu\/de\/#\/schema\/logo\/image\/"},"sameAs":["https:\/\/www.facebook.com\/Matrisdoo","https:\/\/www.linkedin.com\/company\/matris_doo\/"]}]}},"_links":{"self":[{"href":"https:\/\/matris.eu\/de\/wp-json\/wp\/v2\/pages\/2811","targetHints":{"allow":["GET"]}}],"collection":[{"href":"https:\/\/matris.eu\/de\/wp-json\/wp\/v2\/pages"}],"about":[{"href":"https:\/\/matris.eu\/de\/wp-json\/wp\/v2\/types\/page"}],"author":[{"embeddable":true,"href":"https:\/\/matris.eu\/de\/wp-json\/wp\/v2\/users\/3"}],"replies":[{"embeddable":true,"href":"https:\/\/matris.eu\/de\/wp-json\/wp\/v2\/comments?post=2811"}],"version-history":[{"count":1,"href":"https:\/\/matris.eu\/de\/wp-json\/wp\/v2\/pages\/2811\/revisions"}],"predecessor-version":[{"id":2822,"href":"https:\/\/matris.eu\/de\/wp-json\/wp\/v2\/pages\/2811\/revisions\/2822"}],"up":[{"embeddable":true,"href":"https:\/\/matris.eu\/de\/wp-json\/wp\/v2\/pages\/2530"}],"wp:featuredmedia":[{"embeddable":true,"href":"https:\/\/matris.eu\/de\/wp-json\/wp\/v2\/media\/1551"}],"wp:attachment":[{"href":"https:\/\/matris.eu\/de\/wp-json\/wp\/v2\/media?parent=2811"}],"curies":[{"name":"wp","href":"https:\/\/api.w.org\/{rel}","templated":true}]}}