{"id":2788,"date":"2024-07-31T16:03:10","date_gmt":"2024-07-31T14:03:10","guid":{"rendered":"https:\/\/matris.eu\/leistungen\/service-fuer-den-antriebsstrang-von-kraftfahrzeugen\/"},"modified":"2026-05-11T13:47:41","modified_gmt":"2026-05-11T11:47:41","slug":"service-fuer-den-antriebsstrang-von-kraftfahrzeugen","status":"publish","type":"page","link":"https:\/\/matris.eu\/de\/leistungen\/service-fuer-den-antriebsstrang-von-kraftfahrzeugen\/","title":{"rendered":"Neuwicklung gro\u00dfer Tesla-Antriebseinheiten (LDU)"},"content":{"rendered":"<div class=\"wpb-content-wrapper\"><p>[vc_row row_height_percent=&#8220;0&#8243; override_padding=&#8220;yes&#8220; h_padding=&#8220;2&#8243; top_padding=&#8220;0&#8243; bottom_padding=&#8220;2&#8243; overlay_alpha=&#8220;50&#8243; gutter_size=&#8220;4&#8243; column_width_percent=&#8220;100&#8243; shift_y=&#8220;0&#8243; z_index=&#8220;0&#8243; uncode_shortcode_id=&#8220;919467&#8243;][vc_column width=&#8220;1\/1&#8243;][vc_column_text uncode_shortcode_id=&#8220;186528&#8243;]Matris ist kein Servicebetrieb f\u00fcr Elektrofahrzeuge, wir sind jedoch Spezialisten f\u00fcr das Neuwickeln und den Service von EDU (Electric Drive Unit). Seit 2023 haben wir diese Serviceleistung entwickelt und auf ein \u00fcberdurchschnittliches Niveau ausgebaut. Wir wagen zu behaupten, dass die in unserem Servicezentrum \u00fcberholten Antriebseinheiten langlebiger und besser gesch\u00fctzt sind. Unsere Wissensbibliothek erweitern und erg\u00e4nzen wir laufend.   <\/p>\n<p>Obwohl wir uns nicht auf eine bestimmte Marke beschr\u00e4nken, konzentrieren wir uns derzeit auf Tesla LDU f\u00fcr Tesla Model S (2012\u20132020), Tesla Model X (2016\u20132021) und Mercedes-Benz B250e (auch bekannt als B-Klasse Electric Drive).[\/vc_column_text][\/vc_column][\/vc_row][vc_row][vc_column width=&#8220;1\/1&#8243;][vc_separator sep_color=&#8220;color-uydo&#8220; uncode_shortcode_id=&#8220;979609&#8243; sep_color_type=&#8220;uncode-palette&#8220;][vc_column_text uncode_shortcode_id=&#8220;296027&#8243;]<a href=\"https:\/\/matris.eu\/wp-content\/uploads\/2026\/05\/2025-09-08_06h38_09.png\"><img decoding=\"async\" class=\"alignnone wp-image-4877 \" src=\"https:\/\/matris.eu\/wp-content\/uploads\/2026\/05\/2025-09-08_06h38_09-300x295.png\" alt=\"\" width=\"298\" height=\"293\" srcset=\"https:\/\/matris.eu\/wp-content\/uploads\/2026\/05\/2025-09-08_06h38_09-300x295.png 300w, https:\/\/matris.eu\/wp-content\/uploads\/2026\/05\/2025-09-08_06h38_09-768x756.png 768w, https:\/\/matris.eu\/wp-content\/uploads\/2026\/05\/2025-09-08_06h38_09-350x345.png 350w, https:\/\/matris.eu\/wp-content\/uploads\/2026\/05\/2025-09-08_06h38_09.png 860w\" sizes=\"(max-width: 298px) 100vw, 298px\" \/><\/a>  <a href=\"https:\/\/matris.eu\/wp-content\/uploads\/2026\/05\/1772521575774.jpg\"><img decoding=\"async\" class=\"alignnone wp-image-4878 \" src=\"https:\/\/matris.eu\/wp-content\/uploads\/2026\/05\/1772521575774-300x226.jpg\" alt=\"\" width=\"389\" height=\"293\" srcset=\"https:\/\/matris.eu\/wp-content\/uploads\/2026\/05\/1772521575774-300x226.jpg 300w, https:\/\/matris.eu\/wp-content\/uploads\/2026\/05\/1772521575774-1024x771.jpg 1024w, https:\/\/matris.eu\/wp-content\/uploads\/2026\/05\/1772521575774-768x578.jpg 768w, https:\/\/matris.eu\/wp-content\/uploads\/2026\/05\/1772521575774-1536x1157.jpg 1536w, https:\/\/matris.eu\/wp-content\/uploads\/2026\/05\/1772521575774-350x264.jpg 350w, https:\/\/matris.eu\/wp-content\/uploads\/2026\/05\/1772521575774.jpg 1624w\" sizes=\"(max-width: 389px) 100vw, 389px\" \/><\/a> <a href=\"https:\/\/matris.eu\/wp-content\/uploads\/2026\/05\/IMG-20260227-WA0000.jpg\"><img decoding=\"async\" class=\"alignnone wp-image-4876 \" src=\"https:\/\/matris.eu\/wp-content\/uploads\/2026\/05\/IMG-20260227-WA0000-300x225.jpg\" alt=\"\" width=\"391\" height=\"293\" srcset=\"https:\/\/matris.eu\/wp-content\/uploads\/2026\/05\/IMG-20260227-WA0000-300x225.jpg 300w, https:\/\/matris.eu\/wp-content\/uploads\/2026\/05\/IMG-20260227-WA0000-1024x768.jpg 1024w, https:\/\/matris.eu\/wp-content\/uploads\/2026\/05\/IMG-20260227-WA0000-768x576.jpg 768w, https:\/\/matris.eu\/wp-content\/uploads\/2026\/05\/IMG-20260227-WA0000-1536x1152.jpg 1536w, https:\/\/matris.eu\/wp-content\/uploads\/2026\/05\/IMG-20260227-WA0000-350x263.jpg 350w, https:\/\/matris.eu\/wp-content\/uploads\/2026\/05\/IMG-20260227-WA0000.jpg 2048w\" sizes=\"(max-width: 391px) 100vw, 391px\" \/><\/a>[\/vc_column_text][\/vc_column][\/vc_row][vc_row row_height_percent=&#8220;0&#8243; override_padding=&#8220;yes&#8220; h_padding=&#8220;2&#8243; top_padding=&#8220;2&#8243; bottom_padding=&#8220;2&#8243; overlay_alpha=&#8220;50&#8243; gutter_size=&#8220;3&#8243; column_width_percent=&#8220;100&#8243; shift_y=&#8220;0&#8243; z_index=&#8220;0&#8243; uncode_shortcode_id=&#8220;123757&#8243;][vc_column width=&#8220;1\/2&#8243;][vc_custom_heading heading_semantic=&#8220;h3&#8243; text_size=&#8220;h4&#8243; uncode_shortcode_id=&#8220;147303&#8243;]Die Realit\u00e4t des Elektrofahrzeugmarktes[\/vc_custom_heading][vc_column_text uncode_shortcode_id=&#8220;843875&#8243;]Obwohl viele Artikel dar\u00fcber geschrieben wurden, wie die E-Mobilit\u00e4t durch Batterietechnologie, Reichweite und Ladeinfrastruktur begrenzt ist, besteht das gr\u00f6\u00dfte Problem tats\u00e4chlich darin, dass Fahrzeuge, die langsam aus der Werksgarantie laufen, keine ausreichende Unterst\u00fctzung im Netzwerk unabh\u00e4ngiger Werkst\u00e4tten erhalten.[\/vc_column_text][vc_custom_heading heading_semantic=&#8220;h3&#8243; text_size=&#8220;h4&#8243; uncode_shortcode_id=&#8220;113455&#8243;]Verbesserungen bei der \u00dcberholung des Tesla LDU-Stators[\/vc_custom_heading][uncode_list icon=&#8220;fa fa-check&#8220; icon_color=&#8220;accent&#8220; uncode_shortcode_id=&#8220;111378&#8243; icon_color_type=&#8220;uncode-palette&#8220;]<\/p>\n<ul>\n<li>Leistungssteigerung um 3\u20135 %<\/li>\n<li>Verbesserte W\u00e4rmeableitung durch die Verwendung von Matris Epoxidharz<\/li>\n<li>Reduzierung von Stator\u00fcberhitzungsproblemen<\/li>\n<li>3 % Vergr\u00f6\u00dferung der Phasenleiterfl\u00e4che<\/li>\n<li>Au\u00dfergew\u00f6hnliche G\u03a9-Best\u00e4ndigkeit (gegen\u00fcber OEM min. 4 M\u03a9), wodurch er praktisch unzerst\u00f6rbar ist<\/li>\n<\/ul>\n<p>[\/uncode_list][\/vc_column][vc_column column_width_percent=&#8220;100&#8243; gutter_size=&#8220;3&#8243; override_padding=&#8220;yes&#8220; column_padding=&#8220;3&#8243; back_color=&#8220;color-193339&#8243; overlay_alpha=&#8220;50&#8243; shift_x=&#8220;0&#8243; shift_y=&#8220;0&#8243; shift_y_down=&#8220;0&#8243; z_index=&#8220;0&#8243; medium_width=&#8220;0&#8243; mobile_width=&#8220;0&#8243; width=&#8220;1\/2&#8243; uncode_shortcode_id=&#8220;612813&#8243; back_color_type=&#8220;uncode-palette&#8220;][vc_single_image media=&#8220;2956&#8243; media_width_use_pixel=&#8220;yes&#8220; uncode_shortcode_id=&#8220;366294&#8243; media_width_pixel=&#8220;200&#8243;][vc_column_text uncode_shortcode_id=&#8220;316772&#8243;]Wir sind <strong>hochspezialisiert auf die \u00dcberholung des elektrischen Teils<\/strong> von Antriebseinheiten f\u00fcr Elektrofahrzeuge. Wenn Sie unser Fachwissen und unsere Dienstleistungen in Anspruch nehmen m\u00f6chten, senden Sie uns bitte den elektrischen Antriebsteil der Einheit (Stator und Rotor) an unsere Adresse. Nach Erhalt, Demontage und \u00dcberpr\u00fcfung des festgestellten Zustands senden wir Ihnen ein Angebot f\u00fcr die \u00dcberholung. Sobald Sie dieses best\u00e4tigen, beginnen wir mit der Arbeit. Auf die ausgef\u00fchrte Arbeit erhalten Sie immer eine Matris-Garantie von 1 Jahr. Gegen Aufpreis auch 2 Jahre.     <\/p>\n<p><em>Wir sind keine Kfz-Werkstatt und warten keine Fahrzeuge; wir demontieren auch keine Antriebsstr\u00e4nge.<\/em>[\/vc_column_text][\/vc_column][\/vc_row][vc_row][vc_column column_width_percent=&#8220;100&#8243; gutter_size=&#8220;3&#8243; overlay_alpha=&#8220;50&#8243; shift_x=&#8220;0&#8243; shift_y=&#8220;0&#8243; shift_y_down=&#8220;0&#8243; z_index=&#8220;0&#8243; medium_width=&#8220;0&#8243; mobile_width=&#8220;0&#8243; width=&#8220;1\/1&#8243; uncode_shortcode_id=&#8220;113737&#8243;][vc_column_text uncode_shortcode_id=&#8220;993858&#8243;]<\/p>\n<h4 class=\"text-text-100 mt-2 -mb-1 text-base font-bold\">Was wird ersetzt<\/h4>\n<p class=\"font-claude-response-body break-words whitespace-normal leading-[1.7]\"><strong>Wicklungsmaterial<\/strong> Jede Wicklung wird mit komplett neuem Kupferdraht ausgef\u00fchrt. Alle Phasenverbinder werden ebenfalls durch neue ersetzt \u2014 aus Kupfer, vernickelt und nach OEM-Spezifikation dimensioniert. Wir ersetzen auch die Temperatursensoren (NTC 100 k\u03a9 Thermistoren) durch neue, die mit gr\u00fcnen und blauen Kabeln f\u00fcr den Steckverbinder ausgestattet sind.  <\/p>\n<p><strong><a href=\"https:\/\/matris.eu\/wp-content\/uploads\/2026\/05\/20250910_071245-scaled.jpg\"><img decoding=\"async\" class=\"alignnone wp-image-4875 \" src=\"https:\/\/matris.eu\/wp-content\/uploads\/2026\/05\/20250910_071245-768x1024.jpg\" alt=\"\" width=\"426\" height=\"568\" srcset=\"https:\/\/matris.eu\/wp-content\/uploads\/2026\/05\/20250910_071245-768x1024.jpg 768w, https:\/\/matris.eu\/wp-content\/uploads\/2026\/05\/20250910_071245-225x300.jpg 225w, https:\/\/matris.eu\/wp-content\/uploads\/2026\/05\/20250910_071245-1152x1536.jpg 1152w, https:\/\/matris.eu\/wp-content\/uploads\/2026\/05\/20250910_071245-1536x2048.jpg 1536w, https:\/\/matris.eu\/wp-content\/uploads\/2026\/05\/20250910_071245-350x467.jpg 350w, https:\/\/matris.eu\/wp-content\/uploads\/2026\/05\/20250910_071245-scaled.jpg 1920w\" sizes=\"(max-width: 426px) 100vw, 426px\" \/><\/a> <a href=\"https:\/\/matris.eu\/wp-content\/uploads\/2026\/05\/IMG-20260508-WA0009.jpg\"><img decoding=\"async\" class=\"alignnone wp-image-4874 \" src=\"https:\/\/matris.eu\/wp-content\/uploads\/2026\/05\/IMG-20260508-WA0009-e1778496432530-768x1024.jpg\" alt=\"\" width=\"426\" height=\"568\" srcset=\"https:\/\/matris.eu\/wp-content\/uploads\/2026\/05\/IMG-20260508-WA0009-e1778496432530-768x1024.jpg 768w, https:\/\/matris.eu\/wp-content\/uploads\/2026\/05\/IMG-20260508-WA0009-e1778496432530-225x300.jpg 225w, https:\/\/matris.eu\/wp-content\/uploads\/2026\/05\/IMG-20260508-WA0009-e1778496432530-1152x1536.jpg 1152w, https:\/\/matris.eu\/wp-content\/uploads\/2026\/05\/IMG-20260508-WA0009-e1778496432530-350x467.jpg 350w, https:\/\/matris.eu\/wp-content\/uploads\/2026\/05\/IMG-20260508-WA0009-e1778496432530.jpg 1536w\" sizes=\"(max-width: 426px) 100vw, 426px\" \/><\/a><\/strong><\/p>\n<p><strong>Schutz und Pr\u00fcfung<\/strong> Eine neue Epoxidharzmischung deckt den gesamten Stator vollst\u00e4ndig ab \u2014 im Gegensatz zur Tesla-Werksversion, die nur die Wickelk\u00f6pfe abdeckt. Vor dem Versand wird jeder Stator mit dem Schleich MTC-2 Pr\u00fcfger\u00e4t getestet, wobei wir eine Isolationsfestigkeit im G\u03a9-Bereich garantieren. <\/p>\n<p><a href=\"https:\/\/matris.eu\/wp-content\/uploads\/2026\/05\/2025-10-27_13h15_37-1.jpg\"><img decoding=\"async\" class=\"alignnone wp-image-4880 size-full\" src=\"https:\/\/matris.eu\/wp-content\/uploads\/2026\/05\/2025-10-27_13h15_37-1.jpg\" alt=\"\" width=\"1467\" height=\"999\" srcset=\"https:\/\/matris.eu\/wp-content\/uploads\/2026\/05\/2025-10-27_13h15_37-1.jpg 1467w, https:\/\/matris.eu\/wp-content\/uploads\/2026\/05\/2025-10-27_13h15_37-1-300x204.jpg 300w, https:\/\/matris.eu\/wp-content\/uploads\/2026\/05\/2025-10-27_13h15_37-1-1024x697.jpg 1024w, https:\/\/matris.eu\/wp-content\/uploads\/2026\/05\/2025-10-27_13h15_37-1-768x523.jpg 768w, https:\/\/matris.eu\/wp-content\/uploads\/2026\/05\/2025-10-27_13h15_37-1-350x238.jpg 350w\" sizes=\"(max-width: 1467px) 100vw, 1467px\" \/><\/a>[\/vc_column_text][\/vc_column][\/vc_row][vc_row][vc_column width=&#8220;1\/1&#8243;][vc_column_text uncode_shortcode_id=&#8220;696691&#8243;]<\/p>\n<p class=\"font-claude-response-body break-words whitespace-normal leading-[1.7]\"><strong>Vertrauen Sie den Experten<\/strong> Jeder Stator, der unser Servicezentrum verl\u00e4sst, ist besser gesch\u00fctzt, langlebiger und leistungsf\u00e4higer als die Werkseinheit. Auf die ausgef\u00fchrten Arbeiten gew\u00e4hren wir eine 2-j\u00e4hrige Garantie. <\/p>\n<p class=\"font-claude-response-body break-words whitespace-normal leading-[1.7]\"><em>Wir sind keine Kfz-Werkstatt und zerlegen keine Antriebseinheiten \u2014 wir wickeln regelm\u00e4\u00dfig Statoren neu und sind auf Anfrage auch in der Lage, Rotoren zu reparieren.<\/em><\/p>\n<hr class=\"border-border-200 border-t-0.5 my-3 mx-1.5\">\n<p class=\"font-claude-response-body break-words whitespace-normal leading-[1.7]\"><strong>Kontaktieren Sie uns<\/strong><\/p>\n<p class=\"font-claude-response-body break-words whitespace-normal leading-[1.7]\">E <a class=\"underline underline underline-offset-2 decoration-1 decoration-current\/40 hover:decoration-current focus:decoration-current\" href=\"mailto:info@matris.eu\">info@matris.eu<\/a> T <a class=\"underline underline underline-offset-2 decoration-1 decoration-current\/40 hover:decoration-current focus:decoration-current\" href=\"tel:+38642926900\">+386 4 29 26 900<\/a><\/p>\n<p>MATRIS d.o.o. Jelen\u010deva ulica 1, 4000 Kranj, Slowenien[\/vc_column_text][\/vc_column][\/vc_row]<\/p>\n<\/div>","protected":false},"excerpt":{"rendered":"<p>Wir sind hochspezialisiert auf die \u00dcberholung des elektrischen Teils von Antriebseinheiten f\u00fcr Elektrofahrzeuge.<\/p>\n","protected":false},"author":3,"featured_media":4407,"parent":2530,"menu_order":5,"comment_status":"closed","ping_status":"closed","template":"","meta":{"footnotes":""},"class_list":["post-2788","page","type-page","status-publish","has-post-thumbnail","hentry"],"yoast_head":"<!-- This site is optimized with the Yoast SEO plugin v27.6 - https:\/\/yoast.com\/product\/yoast-seo-wordpress\/ -->\n<title>Neuwicklung gro\u00dfer Tesla-Antriebseinheiten (LDU) | Matris<\/title>\n<meta name=\"description\" content=\"Spezialisierte Neuwicklung von Antriebseinheiten f\u00fcr Tesla Model S, Model X und Mercedes B250e. \u00dcberdurchschnittlicher Schutz \u2013 langlebiger als OEM.\" \/>\n<meta name=\"robots\" content=\"index, follow, max-snippet:-1, max-image-preview:large, max-video-preview:-1\" \/>\n<link rel=\"canonical\" href=\"https:\/\/matris.eu\/de\/leistungen\/service-fuer-den-antriebsstrang-von-kraftfahrzeugen\/\" \/>\n<meta property=\"og:locale\" content=\"de_DE\" \/>\n<meta property=\"og:type\" content=\"article\" \/>\n<meta property=\"og:title\" content=\"Neuwicklung gro\u00dfer Tesla-Antriebseinheiten (LDU) | Matris\" \/>\n<meta property=\"og:description\" content=\"Spezialisierte Neuwicklung von Antriebseinheiten f\u00fcr Tesla Model S, Model X und Mercedes B250e. \u00dcberdurchschnittlicher Schutz \u2013 langlebiger als OEM.\" \/>\n<meta property=\"og:url\" content=\"https:\/\/matris.eu\/de\/leistungen\/service-fuer-den-antriebsstrang-von-kraftfahrzeugen\/\" \/>\n<meta property=\"og:site_name\" content=\"Matris\" \/>\n<meta property=\"article:publisher\" content=\"https:\/\/www.facebook.com\/Matrisdoo\" \/>\n<meta property=\"article:modified_time\" content=\"2026-05-11T11:47:41+00:00\" \/>\n<meta property=\"og:image\" content=\"https:\/\/matris.eu\/wp-content\/uploads\/2026\/03\/2026-03-04_14h25_33-concentrate-1024x776.png\" \/>\n\t<meta property=\"og:image:width\" content=\"1024\" \/>\n\t<meta property=\"og:image:height\" content=\"776\" \/>\n\t<meta property=\"og:image:type\" content=\"image\/png\" \/>\n<meta name=\"twitter:card\" content=\"summary_large_image\" \/>\n<meta name=\"twitter:label1\" content=\"Gesch\u00e4tzte Lesezeit\" \/>\n\t<meta name=\"twitter:data1\" content=\"4\u00a0Minuten\" \/>\n<script type=\"application\/ld+json\" class=\"yoast-schema-graph\">{\"@context\":\"https:\\\/\\\/schema.org\",\"@graph\":[{\"@type\":\"WebPage\",\"@id\":\"https:\\\/\\\/matris.eu\\\/de\\\/leistungen\\\/service-fuer-den-antriebsstrang-von-kraftfahrzeugen\\\/\",\"url\":\"https:\\\/\\\/matris.eu\\\/de\\\/leistungen\\\/service-fuer-den-antriebsstrang-von-kraftfahrzeugen\\\/\",\"name\":\"Neuwicklung gro\u00dfer Tesla-Antriebseinheiten (LDU) | Matris\",\"isPartOf\":{\"@id\":\"https:\\\/\\\/matris.eu\\\/de\\\/#website\"},\"primaryImageOfPage\":{\"@id\":\"https:\\\/\\\/matris.eu\\\/de\\\/leistungen\\\/service-fuer-den-antriebsstrang-von-kraftfahrzeugen\\\/#primaryimage\"},\"image\":{\"@id\":\"https:\\\/\\\/matris.eu\\\/de\\\/leistungen\\\/service-fuer-den-antriebsstrang-von-kraftfahrzeugen\\\/#primaryimage\"},\"thumbnailUrl\":\"https:\\\/\\\/matris.eu\\\/wp-content\\\/uploads\\\/2026\\\/03\\\/2026-03-04_14h25_33-concentrate.png\",\"datePublished\":\"2024-07-31T14:03:10+00:00\",\"dateModified\":\"2026-05-11T11:47:41+00:00\",\"description\":\"Spezialisierte Neuwicklung von Antriebseinheiten f\u00fcr Tesla Model S, Model X und Mercedes B250e. \u00dcberdurchschnittlicher Schutz \u2013 langlebiger als OEM.\",\"breadcrumb\":{\"@id\":\"https:\\\/\\\/matris.eu\\\/de\\\/leistungen\\\/service-fuer-den-antriebsstrang-von-kraftfahrzeugen\\\/#breadcrumb\"},\"inLanguage\":\"de\",\"potentialAction\":[{\"@type\":\"ReadAction\",\"target\":[\"https:\\\/\\\/matris.eu\\\/de\\\/leistungen\\\/service-fuer-den-antriebsstrang-von-kraftfahrzeugen\\\/\"]}]},{\"@type\":\"ImageObject\",\"inLanguage\":\"de\",\"@id\":\"https:\\\/\\\/matris.eu\\\/de\\\/leistungen\\\/service-fuer-den-antriebsstrang-von-kraftfahrzeugen\\\/#primaryimage\",\"url\":\"https:\\\/\\\/matris.eu\\\/wp-content\\\/uploads\\\/2026\\\/03\\\/2026-03-04_14h25_33-concentrate.png\",\"contentUrl\":\"https:\\\/\\\/matris.eu\\\/wp-content\\\/uploads\\\/2026\\\/03\\\/2026-03-04_14h25_33-concentrate.png\",\"width\":1279,\"height\":969},{\"@type\":\"BreadcrumbList\",\"@id\":\"https:\\\/\\\/matris.eu\\\/de\\\/leistungen\\\/service-fuer-den-antriebsstrang-von-kraftfahrzeugen\\\/#breadcrumb\",\"itemListElement\":[{\"@type\":\"ListItem\",\"position\":1,\"name\":\"Home\",\"item\":\"https:\\\/\\\/matris.eu\\\/de\\\/\"},{\"@type\":\"ListItem\",\"position\":2,\"name\":\"Leistungen\",\"item\":\"https:\\\/\\\/matris.eu\\\/de\\\/leistungen\\\/\"},{\"@type\":\"ListItem\",\"position\":3,\"name\":\"Neuwicklung gro\u00dfer Tesla-Antriebseinheiten (LDU)\"}]},{\"@type\":\"WebSite\",\"@id\":\"https:\\\/\\\/matris.eu\\\/de\\\/#website\",\"url\":\"https:\\\/\\\/matris.eu\\\/de\\\/\",\"name\":\"Servisni center Matris\",\"description\":\"Servis elektro, servo in vretenskih motorjev\",\"publisher\":{\"@id\":\"https:\\\/\\\/matris.eu\\\/de\\\/#organization\"},\"alternateName\":\"Matris\",\"potentialAction\":[{\"@type\":\"SearchAction\",\"target\":{\"@type\":\"EntryPoint\",\"urlTemplate\":\"https:\\\/\\\/matris.eu\\\/de\\\/?s={search_term_string}\"},\"query-input\":{\"@type\":\"PropertyValueSpecification\",\"valueRequired\":true,\"valueName\":\"search_term_string\"}}],\"inLanguage\":\"de\"},{\"@type\":\"Organization\",\"@id\":\"https:\\\/\\\/matris.eu\\\/de\\\/#organization\",\"name\":\"Servisni center Matris\",\"alternateName\":\"Matris\",\"url\":\"https:\\\/\\\/matris.eu\\\/de\\\/\",\"logo\":{\"@type\":\"ImageObject\",\"inLanguage\":\"de\",\"@id\":\"https:\\\/\\\/matris.eu\\\/de\\\/#\\\/schema\\\/logo\\\/image\\\/\",\"url\":\"\",\"contentUrl\":\"\",\"caption\":\"Servisni center Matris\"},\"image\":{\"@id\":\"https:\\\/\\\/matris.eu\\\/de\\\/#\\\/schema\\\/logo\\\/image\\\/\"},\"sameAs\":[\"https:\\\/\\\/www.facebook.com\\\/Matrisdoo\",\"https:\\\/\\\/www.linkedin.com\\\/company\\\/matris_doo\\\/\"]}]}<\/script>\n<!-- \/ Yoast SEO plugin. -->","yoast_head_json":{"title":"Neuwicklung gro\u00dfer Tesla-Antriebseinheiten (LDU) | Matris","description":"Spezialisierte Neuwicklung von Antriebseinheiten f\u00fcr Tesla Model S, Model X und Mercedes B250e. \u00dcberdurchschnittlicher Schutz \u2013 langlebiger als OEM.","robots":{"index":"index","follow":"follow","max-snippet":"max-snippet:-1","max-image-preview":"max-image-preview:large","max-video-preview":"max-video-preview:-1"},"canonical":"https:\/\/matris.eu\/de\/leistungen\/service-fuer-den-antriebsstrang-von-kraftfahrzeugen\/","og_locale":"de_DE","og_type":"article","og_title":"Neuwicklung gro\u00dfer Tesla-Antriebseinheiten (LDU) | Matris","og_description":"Spezialisierte Neuwicklung von Antriebseinheiten f\u00fcr Tesla Model S, Model X und Mercedes B250e. \u00dcberdurchschnittlicher Schutz \u2013 langlebiger als OEM.","og_url":"https:\/\/matris.eu\/de\/leistungen\/service-fuer-den-antriebsstrang-von-kraftfahrzeugen\/","og_site_name":"Matris","article_publisher":"https:\/\/www.facebook.com\/Matrisdoo","article_modified_time":"2026-05-11T11:47:41+00:00","og_image":[{"width":1024,"height":776,"url":"https:\/\/matris.eu\/wp-content\/uploads\/2026\/03\/2026-03-04_14h25_33-concentrate-1024x776.png","type":"image\/png"}],"twitter_card":"summary_large_image","twitter_misc":{"Gesch\u00e4tzte Lesezeit":"4\u00a0Minuten"},"schema":{"@context":"https:\/\/schema.org","@graph":[{"@type":"WebPage","@id":"https:\/\/matris.eu\/de\/leistungen\/service-fuer-den-antriebsstrang-von-kraftfahrzeugen\/","url":"https:\/\/matris.eu\/de\/leistungen\/service-fuer-den-antriebsstrang-von-kraftfahrzeugen\/","name":"Neuwicklung gro\u00dfer Tesla-Antriebseinheiten (LDU) | Matris","isPartOf":{"@id":"https:\/\/matris.eu\/de\/#website"},"primaryImageOfPage":{"@id":"https:\/\/matris.eu\/de\/leistungen\/service-fuer-den-antriebsstrang-von-kraftfahrzeugen\/#primaryimage"},"image":{"@id":"https:\/\/matris.eu\/de\/leistungen\/service-fuer-den-antriebsstrang-von-kraftfahrzeugen\/#primaryimage"},"thumbnailUrl":"https:\/\/matris.eu\/wp-content\/uploads\/2026\/03\/2026-03-04_14h25_33-concentrate.png","datePublished":"2024-07-31T14:03:10+00:00","dateModified":"2026-05-11T11:47:41+00:00","description":"Spezialisierte Neuwicklung von Antriebseinheiten f\u00fcr Tesla Model S, Model X und Mercedes B250e. \u00dcberdurchschnittlicher Schutz \u2013 langlebiger als OEM.","breadcrumb":{"@id":"https:\/\/matris.eu\/de\/leistungen\/service-fuer-den-antriebsstrang-von-kraftfahrzeugen\/#breadcrumb"},"inLanguage":"de","potentialAction":[{"@type":"ReadAction","target":["https:\/\/matris.eu\/de\/leistungen\/service-fuer-den-antriebsstrang-von-kraftfahrzeugen\/"]}]},{"@type":"ImageObject","inLanguage":"de","@id":"https:\/\/matris.eu\/de\/leistungen\/service-fuer-den-antriebsstrang-von-kraftfahrzeugen\/#primaryimage","url":"https:\/\/matris.eu\/wp-content\/uploads\/2026\/03\/2026-03-04_14h25_33-concentrate.png","contentUrl":"https:\/\/matris.eu\/wp-content\/uploads\/2026\/03\/2026-03-04_14h25_33-concentrate.png","width":1279,"height":969},{"@type":"BreadcrumbList","@id":"https:\/\/matris.eu\/de\/leistungen\/service-fuer-den-antriebsstrang-von-kraftfahrzeugen\/#breadcrumb","itemListElement":[{"@type":"ListItem","position":1,"name":"Home","item":"https:\/\/matris.eu\/de\/"},{"@type":"ListItem","position":2,"name":"Leistungen","item":"https:\/\/matris.eu\/de\/leistungen\/"},{"@type":"ListItem","position":3,"name":"Neuwicklung gro\u00dfer Tesla-Antriebseinheiten (LDU)"}]},{"@type":"WebSite","@id":"https:\/\/matris.eu\/de\/#website","url":"https:\/\/matris.eu\/de\/","name":"Servisni center Matris","description":"Servis elektro, servo in vretenskih motorjev","publisher":{"@id":"https:\/\/matris.eu\/de\/#organization"},"alternateName":"Matris","potentialAction":[{"@type":"SearchAction","target":{"@type":"EntryPoint","urlTemplate":"https:\/\/matris.eu\/de\/?s={search_term_string}"},"query-input":{"@type":"PropertyValueSpecification","valueRequired":true,"valueName":"search_term_string"}}],"inLanguage":"de"},{"@type":"Organization","@id":"https:\/\/matris.eu\/de\/#organization","name":"Servisni center Matris","alternateName":"Matris","url":"https:\/\/matris.eu\/de\/","logo":{"@type":"ImageObject","inLanguage":"de","@id":"https:\/\/matris.eu\/de\/#\/schema\/logo\/image\/","url":"","contentUrl":"","caption":"Servisni center Matris"},"image":{"@id":"https:\/\/matris.eu\/de\/#\/schema\/logo\/image\/"},"sameAs":["https:\/\/www.facebook.com\/Matrisdoo","https:\/\/www.linkedin.com\/company\/matris_doo\/"]}]}},"_links":{"self":[{"href":"https:\/\/matris.eu\/de\/wp-json\/wp\/v2\/pages\/2788","targetHints":{"allow":["GET"]}}],"collection":[{"href":"https:\/\/matris.eu\/de\/wp-json\/wp\/v2\/pages"}],"about":[{"href":"https:\/\/matris.eu\/de\/wp-json\/wp\/v2\/types\/page"}],"author":[{"embeddable":true,"href":"https:\/\/matris.eu\/de\/wp-json\/wp\/v2\/users\/3"}],"replies":[{"embeddable":true,"href":"https:\/\/matris.eu\/de\/wp-json\/wp\/v2\/comments?post=2788"}],"version-history":[{"count":14,"href":"https:\/\/matris.eu\/de\/wp-json\/wp\/v2\/pages\/2788\/revisions"}],"predecessor-version":[{"id":4945,"href":"https:\/\/matris.eu\/de\/wp-json\/wp\/v2\/pages\/2788\/revisions\/4945"}],"up":[{"embeddable":true,"href":"https:\/\/matris.eu\/de\/wp-json\/wp\/v2\/pages\/2530"}],"wp:featuredmedia":[{"embeddable":true,"href":"https:\/\/matris.eu\/de\/wp-json\/wp\/v2\/media\/4407"}],"wp:attachment":[{"href":"https:\/\/matris.eu\/de\/wp-json\/wp\/v2\/media?parent=2788"}],"curies":[{"name":"wp","href":"https:\/\/api.w.org\/{rel}","templated":true}]}}